{"id":7324,"date":"2026-01-12T19:04:20","date_gmt":"2026-01-12T18:04:20","guid":{"rendered":"http:\/\/colombia.agrolac.com\/ag-lifesolutions-co\/"},"modified":"2026-03-19T08:28:19","modified_gmt":"2026-03-19T07:28:19","slug":"ag-lifesolutions","status":"publish","type":"page","link":"https:\/\/colombia.agrolac.com\/en\/ag-lifesolutions\/","title":{"rendered":"AG LifeSolutions"},"content":{"rendered":"\t\t<div data-elementor-type=\"wp-page\" data-elementor-id=\"7324\" class=\"elementor elementor-7324 elementor-6522\" data-elementor-post-type=\"page\">\n\t\t\t\t<div class=\"elementor-element elementor-element-dcd2fe6 e-flex e-con-boxed e-con e-parent\" data-id=\"dcd2fe6\" data-element_type=\"container\" data-e-type=\"container\">\n\t\t\t\t\t<div class=\"e-con-inner\">\n\t\t\t\t<div class=\"elementor-element elementor-element-2408c4d elementor-widget elementor-widget-image\" data-id=\"2408c4d\" data-element_type=\"widget\" data-e-type=\"widget\" data-widget_type=\"image.default\">\n\t\t\t\t<div class=\"elementor-widget-container\">\n\t\t\t\t\t\t\t\t\t\t\t\t\t\t\t<img decoding=\"async\" width=\"265\" height=\"38\" src=\"https:\/\/colombia.agrolac.com\/wp-content\/uploads\/2025\/12\/lifesolutions.png\" class=\"attachment-large size-large wp-image-5062\" alt=\"\" \/>\t\t\t\t\t\t\t\t\t\t\t\t\t\t\t<\/div>\n\t\t\t\t<\/div>\n\t\t\t\t\t<\/div>\n\t\t\t\t<\/div>\n\t\t<div class=\"elementor-element elementor-element-45af55a e-flex e-con-boxed e-con e-parent\" data-id=\"45af55a\" data-element_type=\"container\" data-e-type=\"container\">\n\t\t\t\t\t<div class=\"e-con-inner\">\n\t\t<div class=\"elementor-element elementor-element-84b3a42 e-con-full e-flex e-con e-child\" data-id=\"84b3a42\" data-element_type=\"container\" data-e-type=\"container\">\n\t\t\t\t<div class=\"elementor-element elementor-element-1e2094f elementor-widget elementor-widget-heading\" data-id=\"1e2094f\" data-element_type=\"widget\" data-e-type=\"widget\" data-widget_type=\"heading.default\">\n\t\t\t\t<div class=\"elementor-widget-container\">\n\t\t\t\t\t<h2 class=\"elementor-heading-title elementor-size-default\">Biological innovation for safer, cleaner, and more sustainable agriculture\n<\/h2>\t\t\t\t<\/div>\n\t\t\t\t<\/div>\n\t\t\t\t<div class=\"elementor-element elementor-element-18fd428 elementor-widget elementor-widget-text-editor\" data-id=\"18fd428\" data-element_type=\"widget\" data-e-type=\"widget\" data-widget_type=\"text-editor.default\">\n\t\t\t\t<div class=\"elementor-widget-container\">\n\t\t\t\t\t\t\t\t\t<p class=\"p1\">At <strong>Agrolac Andina<\/strong>, we believe in environmentally responsible agriculture that is technically sound and future-ready. That&#8217;s why we bring to the Colombian market the knowledge and solutions developed within <strong>AG LifeSolutions<\/strong>, an applied research initiative driven by <em>International Chemistry Associates<\/em> (<a href=\"https:\/\/www.icachemgroup.com\/\"><strong>ICA Group<\/strong><\/a>) companies in Europe. <\/p><p class=\"p1\">The <strong>AG LifeSolutions<\/strong> project works with <strong>RD<\/strong> centers in plant health across Europe and Asia and, in some cases, receives support from the <b>Center for Industrial Technological Development of Spain (<\/b><span class=\"s1\"><b>CDTI)<\/b><\/span> in Spain. Thanks to a regulatory approach from the outset, each research line is designed to become a registrable product ready for commercial use, complying with applicable regulations in each country. <\/p>\t\t\t\t\t\t\t\t<\/div>\n\t\t\t\t<\/div>\n\t\t<div class=\"elementor-element elementor-element-45f1835 e-con-full e-flex e-con e-child\" data-id=\"45f1835\" data-element_type=\"container\" data-e-type=\"container\">\n\t\t\t\t<div class=\"elementor-element elementor-element-3fd400a elementor-widget__width-inherit elementor-widget elementor-widget-gallery\" data-id=\"3fd400a\" data-element_type=\"widget\" data-e-type=\"widget\" data-settings=\"{&quot;gap&quot;:{&quot;unit&quot;:&quot;px&quot;,&quot;size&quot;:30,&quot;sizes&quot;:[]},&quot;gallery_layout&quot;:&quot;justified&quot;,&quot;ideal_row_height&quot;:{&quot;unit&quot;:&quot;px&quot;,&quot;size&quot;:300,&quot;sizes&quot;:[]},&quot;lazyload&quot;:&quot;yes&quot;,&quot;ideal_row_height_tablet&quot;:{&quot;unit&quot;:&quot;px&quot;,&quot;size&quot;:150,&quot;sizes&quot;:[]},&quot;ideal_row_height_mobile&quot;:{&quot;unit&quot;:&quot;px&quot;,&quot;size&quot;:150,&quot;sizes&quot;:[]},&quot;gap_tablet&quot;:{&quot;unit&quot;:&quot;px&quot;,&quot;size&quot;:10,&quot;sizes&quot;:[]},&quot;gap_mobile&quot;:{&quot;unit&quot;:&quot;px&quot;,&quot;size&quot;:10,&quot;sizes&quot;:[]},&quot;overlay_background&quot;:&quot;yes&quot;,&quot;content_hover_animation&quot;:&quot;fade-in&quot;}\" data-widget_type=\"gallery.default\">\n\t\t\t\t<div class=\"elementor-widget-container\">\n\t\t\t\t\t\t\t<div class=\"elementor-gallery__container\">\n\t\t\t\t\t\t\t<div class=\"e-gallery-item elementor-gallery-item elementor-animated-content\">\n\t\t\t\t\t<div class=\"e-gallery-image elementor-gallery-item__image\" data-thumbnail=\"https:\/\/colombia.agrolac.com\/wp-content\/uploads\/2025\/12\/pimientoT-2-204x300.jpg\" data-width=\"204\" data-height=\"300\" aria-label=\"\" role=\"img\" ><\/div>\n\t\t\t\t\t\t\t\t\t\t\t<div class=\"elementor-gallery-item__overlay\"><\/div>\n\t\t\t\t\t\t\t\t\t\t\t\t\t\t<\/div>\n\t\t\t\t\t\t\t<div class=\"e-gallery-item elementor-gallery-item elementor-animated-content\">\n\t\t\t\t\t<div class=\"e-gallery-image elementor-gallery-item__image\" data-thumbnail=\"https:\/\/colombia.agrolac.com\/wp-content\/uploads\/2025\/12\/peraT-1-204x300.jpg\" data-width=\"204\" data-height=\"300\" aria-label=\"\" role=\"img\" ><\/div>\n\t\t\t\t\t\t\t\t\t\t\t<div class=\"elementor-gallery-item__overlay\"><\/div>\n\t\t\t\t\t\t\t\t\t\t\t\t\t\t<\/div>\n\t\t\t\t\t\t\t<div class=\"e-gallery-item elementor-gallery-item elementor-animated-content\">\n\t\t\t\t\t<div class=\"e-gallery-image elementor-gallery-item__image\" data-thumbnail=\"https:\/\/colombia.agrolac.com\/wp-content\/uploads\/2025\/12\/almendraT-3-204x300.jpg\" data-width=\"204\" data-height=\"300\" aria-label=\"\" role=\"img\" ><\/div>\n\t\t\t\t\t\t\t\t\t\t\t<div class=\"elementor-gallery-item__overlay\"><\/div>\n\t\t\t\t\t\t\t\t\t\t\t\t\t\t<\/div>\n\t\t\t\t\t\t\t<div class=\"e-gallery-item elementor-gallery-item elementor-animated-content\">\n\t\t\t\t\t<div class=\"e-gallery-image elementor-gallery-item__image\" data-thumbnail=\"https:\/\/colombia.agrolac.com\/wp-content\/uploads\/2025\/12\/manzanaT-1-204x300.jpg\" data-width=\"204\" data-height=\"300\" aria-label=\"\" role=\"img\" ><\/div>\n\t\t\t\t\t\t\t\t\t\t\t<div class=\"elementor-gallery-item__overlay\"><\/div>\n\t\t\t\t\t\t\t\t\t\t\t\t\t\t<\/div>\n\t\t\t\t\t\t\t<div class=\"e-gallery-item elementor-gallery-item elementor-animated-content\">\n\t\t\t\t\t<div class=\"e-gallery-image elementor-gallery-item__image\" data-thumbnail=\"https:\/\/colombia.agrolac.com\/wp-content\/uploads\/2025\/12\/tomateT-1-204x300.jpg\" data-width=\"204\" data-height=\"300\" aria-label=\"\" role=\"img\" ><\/div>\n\t\t\t\t\t\t\t\t\t\t\t<div class=\"elementor-gallery-item__overlay\"><\/div>\n\t\t\t\t\t\t\t\t\t\t\t\t\t\t<\/div>\n\t\t\t\t\t<\/div>\n\t\t\t\t\t<\/div>\n\t\t\t\t<\/div>\n\t\t\t\t<\/div>\n\t\t\t\t<\/div>\n\t\t\t\t\t<\/div>\n\t\t\t\t<\/div>\n\t\t<div class=\"elementor-element elementor-element-ebd4938 e-flex e-con-boxed e-con e-parent\" data-id=\"ebd4938\" data-element_type=\"container\" data-e-type=\"container\">\n\t\t\t\t\t<div class=\"e-con-inner\">\n\t\t<div class=\"elementor-element elementor-element-d74198f e-con-full e-flex e-con e-child\" data-id=\"d74198f\" data-element_type=\"container\" data-e-type=\"container\">\n\t\t<div class=\"elementor-element elementor-element-86de17d e-con-full e-flex e-con e-child\" data-id=\"86de17d\" data-element_type=\"container\" data-e-type=\"container\">\n\t\t\t\t<div class=\"elementor-element elementor-element-dc82c0d elementor-widget__width-initial elementor-widget elementor-widget-text-editor\" data-id=\"dc82c0d\" data-element_type=\"widget\" data-e-type=\"widget\" data-widget_type=\"text-editor.default\">\n\t\t\t\t<div class=\"elementor-widget-container\">\n\t\t\t\t\t\t\t\t\t<h4><b>Main research lines:<\/b><\/h4><ul><li><p class=\"p1\"><span class=\"s1\"><b>AGRC-0114<\/b><\/span> \u00b7 Biological growth regulators.<\/p><\/li><li><p class=\"p1\"><span class=\"s1\"><b>AGFU-0214<\/b><\/span> \u00b7 Biological fungicides formulated from specific strains of <i>Streptomyces<\/i>.<\/p><\/li><li><p class=\"p1\"><span class=\"s1\"><b>AGFN-0116<\/b><\/span> \u00b7 Multi-effect solutions (fungicide + nematicide + growth promoter) based on <i>Trichoderma<\/i>.<\/p><\/li><li><p class=\"p1\"><span class=\"s1\"><b>AGBA-0617<\/b><\/span> \u00b7 Natural-origin bactericides for sensitive crops.<\/p><\/li><li><p class=\"p1\"><span class=\"s1\"><b>AGBE-0717<\/b><\/span> \u00b7 Biostimulants formulated with mycorrhizal consortia and other beneficial microorganisms.<\/p><\/li><\/ul>\t\t\t\t\t\t\t\t<\/div>\n\t\t\t\t<\/div>\n\t\t\t\t<\/div>\n\t\t\t\t<\/div>\n\t\t<div class=\"elementor-element elementor-element-0597f52 e-con-full e-flex e-con e-child\" data-id=\"0597f52\" data-element_type=\"container\" data-e-type=\"container\">\n\t\t<div class=\"elementor-element elementor-element-78fb924 e-con-full e-flex e-con e-child\" data-id=\"78fb924\" data-element_type=\"container\" data-e-type=\"container\">\n\t\t\t\t<div class=\"elementor-element elementor-element-f2bb6aa elementor-widget elementor-widget-text-editor\" data-id=\"f2bb6aa\" data-element_type=\"widget\" data-e-type=\"widget\" data-widget_type=\"text-editor.default\">\n\t\t\t\t<div class=\"elementor-widget-container\">\n\t\t\t\t\t\t\t\t\t<h4>From<b> scientific knowledge to field solutions<\/b><\/h4><p class=\"p3\">Through <strong>AG LifeSolutions<\/strong>, scientific knowledge is transformed into real solutions, connecting the work of universities and technology centers with grower needs. Several of these lines have already resulted in registered products or are in advanced development stages, designed to integrate into management programs in both conventional and sustainable agriculture. <\/p><p class=\"p3\">These solutions are designed to be incorporated into <strong>responsible production strategies<\/strong>, with clear technical criteria and stringent regulatory standards.<\/p><h4><b>Commitment to responsible innovation<\/b><\/h4><p class=\"p3\">Over the past 12 years, group companies have continuously invested in <strong>research, development, and scientific collaboration<\/strong>. As a result, <strong>AG LifeSolutions<\/strong> has generated a portfolio of proprietary biological products\u2014including plant growth regulators, biostimulants, and natural-origin specialty fertilizers\u2014developed with universities and technology centers in Europe and Asia. <\/p><p class=\"p3\">New projects are currently underway that will strengthen this portfolio in the coming years and support our vision: effective, sustainable, and future-ready agriculture.<\/p>\t\t\t\t\t\t\t\t<\/div>\n\t\t\t\t<\/div>\n\t\t\t\t<\/div>\n\t\t\t\t<\/div>\n\t\t\t\t\t<\/div>\n\t\t\t\t<\/div>\n\t\t\t\t<\/div>\n\t\t","protected":false},"excerpt":{"rendered":"<p>Biological innovation for safer, cleaner, and more sustainable agriculture At Agrolac Andina, we believe in environmentally responsible agriculture that is technically sound and future-ready. That&#8217;s why we bring to the Colombian market the knowledge and solutions developed within AG LifeSolutions, an applied research initiative driven by International Chemistry Associates (ICA Group) companies in Europe. The [&hellip;]<\/p>\n","protected":false},"author":2,"featured_media":5044,"parent":0,"menu_order":0,"comment_status":"closed","ping_status":"closed","template":"","meta":{"_acf_changed":false,"footnotes":""},"class_list":["post-7324","page","type-page","status-publish","has-post-thumbnail","hentry"],"acf":[],"yoast_head":"<!-- This site is optimized with the Yoast SEO plugin v27.2 - https:\/\/yoast.com\/product\/yoast-seo-wordpress\/ -->\n<title>AG LifeSolutions - Agrolac<\/title>\n<meta name=\"description\" content=\"Discover AG LifeSolutions, the biological R project driven by International Chemistry Associates (ICA Group): applied research with centers in Europe and Asia to develop safer, cleaner, and more sustainable solutions, brought to the Colombian market by Agrolac Andina.\" \/>\n<meta name=\"robots\" content=\"index, follow, max-snippet:-1, max-image-preview:large, max-video-preview:-1\" \/>\n<link rel=\"canonical\" href=\"https:\/\/colombia.agrolac.com\/en\/ag-lifesolutions\/\" \/>\n<meta property=\"og:locale\" content=\"en_US\" \/>\n<meta property=\"og:type\" content=\"article\" \/>\n<meta property=\"og:title\" content=\"AG LifeSolutions - Agrolac\" \/>\n<meta property=\"og:description\" content=\"Discover AG LifeSolutions, the biological R project driven by International Chemistry Associates (ICA Group): applied research with centers in Europe and Asia to develop safer, cleaner, and more sustainable solutions, brought to the Colombian market by Agrolac Andina.\" \/>\n<meta property=\"og:url\" content=\"https:\/\/colombia.agrolac.com\/en\/ag-lifesolutions\/\" \/>\n<meta property=\"og:site_name\" content=\"Agrolac\" \/>\n<meta property=\"article:modified_time\" content=\"2026-03-19T07:28:19+00:00\" \/>\n<meta property=\"og:image\" content=\"https:\/\/colombia.agrolac.com\/wp-content\/uploads\/2025\/12\/aglife.jpg\" \/>\n\t<meta property=\"og:image:width\" content=\"600\" \/>\n\t<meta property=\"og:image:height\" content=\"428\" \/>\n\t<meta property=\"og:image:type\" content=\"image\/jpeg\" \/>\n<meta name=\"twitter:card\" content=\"summary_large_image\" \/>\n<meta name=\"twitter:label1\" content=\"Est. reading time\" \/>\n\t<meta name=\"twitter:data1\" content=\"2 minutes\" \/>\n<script type=\"application\/ld+json\" class=\"yoast-schema-graph\">{\"@context\":\"https:\/\/schema.org\",\"@graph\":[{\"@type\":\"WebPage\",\"@id\":\"https:\/\/colombia.agrolac.com\/en\/ag-lifesolutions\/\",\"url\":\"https:\/\/colombia.agrolac.com\/en\/ag-lifesolutions\/\",\"name\":\"AG LifeSolutions - Agrolac\",\"isPartOf\":{\"@id\":\"https:\/\/colombia.agrolac.com\/en\/#website\"},\"primaryImageOfPage\":{\"@id\":\"https:\/\/colombia.agrolac.com\/en\/ag-lifesolutions\/#primaryimage\"},\"image\":{\"@id\":\"https:\/\/colombia.agrolac.com\/en\/ag-lifesolutions\/#primaryimage\"},\"thumbnailUrl\":\"https:\/\/colombia.agrolac.com\/wp-content\/uploads\/2025\/12\/aglife.jpg\",\"datePublished\":\"2026-01-12T18:04:20+00:00\",\"dateModified\":\"2026-03-19T07:28:19+00:00\",\"description\":\"Discover AG LifeSolutions, the biological R project driven by International Chemistry Associates (ICA Group): applied research with centers in Europe and Asia to develop safer, cleaner, and more sustainable solutions, brought to the Colombian market by Agrolac Andina.\",\"breadcrumb\":{\"@id\":\"https:\/\/colombia.agrolac.com\/en\/ag-lifesolutions\/#breadcrumb\"},\"inLanguage\":\"en-US\",\"potentialAction\":[{\"@type\":\"ReadAction\",\"target\":[\"https:\/\/colombia.agrolac.com\/en\/ag-lifesolutions\/\"]}]},{\"@type\":\"ImageObject\",\"inLanguage\":\"en-US\",\"@id\":\"https:\/\/colombia.agrolac.com\/en\/ag-lifesolutions\/#primaryimage\",\"url\":\"https:\/\/colombia.agrolac.com\/wp-content\/uploads\/2025\/12\/aglife.jpg\",\"contentUrl\":\"https:\/\/colombia.agrolac.com\/wp-content\/uploads\/2025\/12\/aglife.jpg\",\"width\":600,\"height\":428},{\"@type\":\"BreadcrumbList\",\"@id\":\"https:\/\/colombia.agrolac.com\/en\/ag-lifesolutions\/#breadcrumb\",\"itemListElement\":[{\"@type\":\"ListItem\",\"position\":1,\"name\":\"Inicio\",\"item\":\"https:\/\/colombia.agrolac.com\/en\/home\/\"},{\"@type\":\"ListItem\",\"position\":2,\"name\":\"AG LifeSolutions\"}]},{\"@type\":\"WebSite\",\"@id\":\"https:\/\/colombia.agrolac.com\/en\/#website\",\"url\":\"https:\/\/colombia.agrolac.com\/en\/\",\"name\":\"VICORQUIMIA\",\"description\":\"Agrolac \u00e9s una empresa de Barcelona, fundada el 1982, especialitzada en distribuci\u00f3 de productes agroqu\u00edmics per a l&#039;agricultura europea.\",\"publisher\":{\"@id\":\"https:\/\/colombia.agrolac.com\/en\/#organization\"},\"potentialAction\":[{\"@type\":\"SearchAction\",\"target\":{\"@type\":\"EntryPoint\",\"urlTemplate\":\"https:\/\/colombia.agrolac.com\/en\/?s={search_term_string}\"},\"query-input\":{\"@type\":\"PropertyValueSpecification\",\"valueRequired\":true,\"valueName\":\"search_term_string\"}}],\"inLanguage\":\"en-US\"},{\"@type\":\"Organization\",\"@id\":\"https:\/\/colombia.agrolac.com\/en\/#organization\",\"name\":\"VICORQUIMIA\",\"url\":\"https:\/\/colombia.agrolac.com\/en\/\",\"logo\":{\"@type\":\"ImageObject\",\"inLanguage\":\"en-US\",\"@id\":\"https:\/\/colombia.agrolac.com\/en\/#\/schema\/logo\/image\/\",\"url\":\"https:\/\/colombia.agrolac.com\/wp-content\/uploads\/2025\/10\/agrolac-logo.svg\",\"contentUrl\":\"https:\/\/colombia.agrolac.com\/wp-content\/uploads\/2025\/10\/agrolac-logo.svg\",\"caption\":\"VICORQUIMIA\"},\"image\":{\"@id\":\"https:\/\/colombia.agrolac.com\/en\/#\/schema\/logo\/image\/\"},\"sameAs\":[\"https:\/\/www.linkedin.com\/company\/vicorquimia\/\"]}]}<\/script>\n<!-- \/ Yoast SEO plugin. -->","yoast_head_json":{"title":"AG LifeSolutions - Agrolac","description":"Discover AG LifeSolutions, the biological R project driven by International Chemistry Associates (ICA Group): applied research with centers in Europe and Asia to develop safer, cleaner, and more sustainable solutions, brought to the Colombian market by Agrolac Andina.","robots":{"index":"index","follow":"follow","max-snippet":"max-snippet:-1","max-image-preview":"max-image-preview:large","max-video-preview":"max-video-preview:-1"},"canonical":"https:\/\/colombia.agrolac.com\/en\/ag-lifesolutions\/","og_locale":"en_US","og_type":"article","og_title":"AG LifeSolutions - Agrolac","og_description":"Discover AG LifeSolutions, the biological R project driven by International Chemistry Associates (ICA Group): applied research with centers in Europe and Asia to develop safer, cleaner, and more sustainable solutions, brought to the Colombian market by Agrolac Andina.","og_url":"https:\/\/colombia.agrolac.com\/en\/ag-lifesolutions\/","og_site_name":"Agrolac","article_modified_time":"2026-03-19T07:28:19+00:00","og_image":[{"width":600,"height":428,"url":"https:\/\/colombia.agrolac.com\/wp-content\/uploads\/2025\/12\/aglife.jpg","type":"image\/jpeg"}],"twitter_card":"summary_large_image","twitter_misc":{"Est. reading time":"2 minutes"},"schema":{"@context":"https:\/\/schema.org","@graph":[{"@type":"WebPage","@id":"https:\/\/colombia.agrolac.com\/en\/ag-lifesolutions\/","url":"https:\/\/colombia.agrolac.com\/en\/ag-lifesolutions\/","name":"AG LifeSolutions - Agrolac","isPartOf":{"@id":"https:\/\/colombia.agrolac.com\/en\/#website"},"primaryImageOfPage":{"@id":"https:\/\/colombia.agrolac.com\/en\/ag-lifesolutions\/#primaryimage"},"image":{"@id":"https:\/\/colombia.agrolac.com\/en\/ag-lifesolutions\/#primaryimage"},"thumbnailUrl":"https:\/\/colombia.agrolac.com\/wp-content\/uploads\/2025\/12\/aglife.jpg","datePublished":"2026-01-12T18:04:20+00:00","dateModified":"2026-03-19T07:28:19+00:00","description":"Discover AG LifeSolutions, the biological R project driven by International Chemistry Associates (ICA Group): applied research with centers in Europe and Asia to develop safer, cleaner, and more sustainable solutions, brought to the Colombian market by Agrolac Andina.","breadcrumb":{"@id":"https:\/\/colombia.agrolac.com\/en\/ag-lifesolutions\/#breadcrumb"},"inLanguage":"en-US","potentialAction":[{"@type":"ReadAction","target":["https:\/\/colombia.agrolac.com\/en\/ag-lifesolutions\/"]}]},{"@type":"ImageObject","inLanguage":"en-US","@id":"https:\/\/colombia.agrolac.com\/en\/ag-lifesolutions\/#primaryimage","url":"https:\/\/colombia.agrolac.com\/wp-content\/uploads\/2025\/12\/aglife.jpg","contentUrl":"https:\/\/colombia.agrolac.com\/wp-content\/uploads\/2025\/12\/aglife.jpg","width":600,"height":428},{"@type":"BreadcrumbList","@id":"https:\/\/colombia.agrolac.com\/en\/ag-lifesolutions\/#breadcrumb","itemListElement":[{"@type":"ListItem","position":1,"name":"Inicio","item":"https:\/\/colombia.agrolac.com\/en\/home\/"},{"@type":"ListItem","position":2,"name":"AG LifeSolutions"}]},{"@type":"WebSite","@id":"https:\/\/colombia.agrolac.com\/en\/#website","url":"https:\/\/colombia.agrolac.com\/en\/","name":"VICORQUIMIA","description":"Agrolac \u00e9s una empresa de Barcelona, fundada el 1982, especialitzada en distribuci\u00f3 de productes agroqu\u00edmics per a l&#039;agricultura europea.","publisher":{"@id":"https:\/\/colombia.agrolac.com\/en\/#organization"},"potentialAction":[{"@type":"SearchAction","target":{"@type":"EntryPoint","urlTemplate":"https:\/\/colombia.agrolac.com\/en\/?s={search_term_string}"},"query-input":{"@type":"PropertyValueSpecification","valueRequired":true,"valueName":"search_term_string"}}],"inLanguage":"en-US"},{"@type":"Organization","@id":"https:\/\/colombia.agrolac.com\/en\/#organization","name":"VICORQUIMIA","url":"https:\/\/colombia.agrolac.com\/en\/","logo":{"@type":"ImageObject","inLanguage":"en-US","@id":"https:\/\/colombia.agrolac.com\/en\/#\/schema\/logo\/image\/","url":"https:\/\/colombia.agrolac.com\/wp-content\/uploads\/2025\/10\/agrolac-logo.svg","contentUrl":"https:\/\/colombia.agrolac.com\/wp-content\/uploads\/2025\/10\/agrolac-logo.svg","caption":"VICORQUIMIA"},"image":{"@id":"https:\/\/colombia.agrolac.com\/en\/#\/schema\/logo\/image\/"},"sameAs":["https:\/\/www.linkedin.com\/company\/vicorquimia\/"]}]}},"_links":{"self":[{"href":"https:\/\/colombia.agrolac.com\/en\/wp-json\/wp\/v2\/pages\/7324","targetHints":{"allow":["GET"]}}],"collection":[{"href":"https:\/\/colombia.agrolac.com\/en\/wp-json\/wp\/v2\/pages"}],"about":[{"href":"https:\/\/colombia.agrolac.com\/en\/wp-json\/wp\/v2\/types\/page"}],"author":[{"embeddable":true,"href":"https:\/\/colombia.agrolac.com\/en\/wp-json\/wp\/v2\/users\/2"}],"replies":[{"embeddable":true,"href":"https:\/\/colombia.agrolac.com\/en\/wp-json\/wp\/v2\/comments?post=7324"}],"version-history":[{"count":3,"href":"https:\/\/colombia.agrolac.com\/en\/wp-json\/wp\/v2\/pages\/7324\/revisions"}],"predecessor-version":[{"id":8536,"href":"https:\/\/colombia.agrolac.com\/en\/wp-json\/wp\/v2\/pages\/7324\/revisions\/8536"}],"wp:featuredmedia":[{"embeddable":true,"href":"https:\/\/colombia.agrolac.com\/en\/wp-json\/wp\/v2\/media\/5044"}],"wp:attachment":[{"href":"https:\/\/colombia.agrolac.com\/en\/wp-json\/wp\/v2\/media?parent=7324"}],"curies":[{"name":"wp","href":"https:\/\/api.w.org\/{rel}","templated":true}]}}