{"id":7489,"date":"2026-01-12T15:24:00","date_gmt":"2026-01-12T14:24:00","guid":{"rendered":"http:\/\/colombia.agrolac.com\/quality-environment-and-innovation-co\/"},"modified":"2026-03-19T08:27:14","modified_gmt":"2026-03-19T07:27:14","slug":"quality-environment-and-innovation","status":"publish","type":"page","link":"https:\/\/colombia.agrolac.com\/en\/quality-environment-and-innovation\/","title":{"rendered":"Quality, Environment, and Innovation"},"content":{"rendered":"\t\t<div data-elementor-type=\"wp-page\" data-elementor-id=\"7489\" class=\"elementor elementor-7489 elementor-6463\" data-elementor-post-type=\"page\">\n\t\t\t\t<div class=\"elementor-element elementor-element-a4173d7 e-flex e-con-boxed e-con e-parent\" data-id=\"a4173d7\" data-element_type=\"container\" data-e-type=\"container\">\n\t\t\t\t\t<div class=\"e-con-inner\">\n\t\t<div class=\"elementor-element elementor-element-5f08896 e-con-full e-flex e-con e-child\" data-id=\"5f08896\" data-element_type=\"container\" data-e-type=\"container\">\n\t\t\t\t<div class=\"elementor-element elementor-element-8de3639 elementor-widget elementor-widget-image\" data-id=\"8de3639\" data-element_type=\"widget\" data-e-type=\"widget\" data-widget_type=\"image.default\">\n\t\t\t\t<div class=\"elementor-widget-container\">\n\t\t\t\t\t\t\t\t\t\t\t\t\t\t\t<img fetchpriority=\"high\" decoding=\"async\" width=\"800\" height=\"534\" src=\"https:\/\/colombia.agrolac.com\/wp-content\/uploads\/2025\/07\/Lab-Girona-005-1024x683.jpg\" class=\"attachment-large size-large wp-image-1481\" alt=\"\" srcset=\"https:\/\/colombia.agrolac.com\/wp-content\/uploads\/2025\/07\/Lab-Girona-005-1024x683.jpg 1024w, https:\/\/colombia.agrolac.com\/wp-content\/uploads\/2025\/07\/Lab-Girona-005-300x200.jpg 300w, https:\/\/colombia.agrolac.com\/wp-content\/uploads\/2025\/07\/Lab-Girona-005-768x512.jpg 768w, https:\/\/colombia.agrolac.com\/wp-content\/uploads\/2025\/07\/Lab-Girona-005-1536x1025.jpg 1536w, https:\/\/colombia.agrolac.com\/wp-content\/uploads\/2025\/07\/Lab-Girona-005-2048x1366.jpg 2048w\" sizes=\"(max-width: 800px) 100vw, 800px\" \/>\t\t\t\t\t\t\t\t\t\t\t\t\t\t\t<\/div>\n\t\t\t\t<\/div>\n\t\t\t\t<\/div>\n\t\t<div class=\"elementor-element elementor-element-cb1e526 e-con-full e-flex e-con e-child\" data-id=\"cb1e526\" data-element_type=\"container\" data-e-type=\"container\">\n\t\t\t\t<div class=\"elementor-element elementor-element-eba0cbe elementor-widget__width-initial elementor-widget-tablet__width-initial elementor-widget-mobile__width-initial elementor-widget elementor-widget-text-editor\" data-id=\"eba0cbe\" data-element_type=\"widget\" data-e-type=\"widget\" data-widget_type=\"text-editor.default\">\n\t\t\t\t<div class=\"elementor-widget-container\">\n\t\t\t\t\t\t\t\t\t<p class=\"p1\">At <strong>Agrolac Andina<\/strong>, we are committed to excellence, safety, and transparency. <strong>We work with technical rigor and continuous improvement to meet the highest industry best practices.<\/strong><\/p><p class=\"p1\">With the goal of maximizing customer satisfaction, we operate with a robust management system that ensures quality, safety, and traceability in our processes. In Colombia, we apply a work methodology aligned with ISO 9001 standards (quality management) and incorporate ISO 14001 (environmental management) and ISO 50001 (energy management) criteria as part of how we operate and our commitment to sustainability. <\/p>\t\t\t\t\t\t\t\t<\/div>\n\t\t\t\t<\/div>\n\t\t\t\t<\/div>\n\t\t\t\t\t<\/div>\n\t\t\t\t<\/div>\n\t\t<div class=\"elementor-element elementor-element-d189ab7 e-flex e-con-boxed e-con e-parent\" data-id=\"d189ab7\" data-element_type=\"container\" data-e-type=\"container\">\n\t\t\t\t\t<div class=\"e-con-inner\">\n\t\t\t\t<div class=\"elementor-element elementor-element-6ef3e51 elementor-widget elementor-widget-text-editor\" data-id=\"6ef3e51\" data-element_type=\"widget\" data-e-type=\"widget\" data-widget_type=\"text-editor.default\">\n\t\t\t\t<div class=\"elementor-widget-container\">\n\t\t\t\t\t\t\t\t\t<p class=\"p1\">We are registered with the <em>Colombian Agricultural Institute<\/em> (<strong>ICA<\/strong>) and comply with current regulations applicable to the marketing and distribution of agricultural inputs. This includes proper handling of technical documentation (datasheets and safety data sheets), good storage and handling practices, and internal controls aimed at ensuring a reliable and responsible supply. <\/p><p class=\"p1\">In environmental management, we promote the responsible disposal of containers and packaging by participating in a post-consumer program authorized in Colombia, focused on the collection and proper management of agricultural input containers. This strengthens traceability and compliance throughout the entire chain. <\/p><p class=\"p1\">In addition, we are backed by <strong><em>International Chemistry Associates<\/em><\/strong> (<a href=\"https:\/\/www.icachemgroup.com\/\"><strong>ICA Group<\/strong><\/a>), an international holding company that brings together companies with a proven track record in the agricultural sector. The group\u2019s experience and technical capabilities allow us to transfer methodologies, criteria, and best practices that raise the standard of our operations in Colombia. <\/p>\t\t\t\t\t\t\t\t<\/div>\n\t\t\t\t<\/div>\n\t\t\t\t\t<\/div>\n\t\t\t\t<\/div>\n\t\t<div class=\"elementor-element elementor-element-4d42e7b e-con-full e-flex e-con e-parent\" data-id=\"4d42e7b\" data-element_type=\"container\" data-e-type=\"container\">\n\t\t\t\t<div class=\"elementor-element elementor-element-f05860b elementor-align-center elementor-widget elementor-widget-button\" data-id=\"f05860b\" data-element_type=\"widget\" data-e-type=\"widget\" data-widget_type=\"button.default\">\n\t\t\t\t<div class=\"elementor-widget-container\">\n\t\t\t\t\t\t\t\t\t<div class=\"elementor-button-wrapper\">\n\t\t\t\t\t<a class=\"elementor-button elementor-button-link elementor-size-sm\" href=\"http:\/\/colombia.agrolac.com\/wp-content\/uploads\/2025\/07\/Politica-calidad-MA-y-EE-rev.4_web.pdf\" target=\"_blank\">\n\t\t\t\t\t\t<span class=\"elementor-button-content-wrapper\">\n\t\t\t\t\t\t<span class=\"elementor-button-icon\">\n\t\t\t\t<i aria-hidden=\"true\" class=\"fas fa-file-pdf\"><\/i>\t\t\t<\/span>\n\t\t\t\t\t\t\t\t\t<span class=\"elementor-button-text\">QUALITY, ENVIRONMENT, AND ENERGY EFFICIENCY POLICY<\/span>\n\t\t\t\t\t<\/span>\n\t\t\t\t\t<\/a>\n\t\t\t\t<\/div>\n\t\t\t\t\t\t\t\t<\/div>\n\t\t\t\t<\/div>\n\t\t\t\t<\/div>\n\t\t\t\t<\/div>\n\t\t","protected":false},"excerpt":{"rendered":"<p>At Agrolac Andina, we are committed to excellence, safety, and transparency. We work with technical rigor and continuous improvement to meet the highest industry best practices. With the goal of maximizing customer satisfaction, we operate with a robust management system that ensures quality, safety, and traceability in our processes. In Colombia, we apply a work [&hellip;]<\/p>\n","protected":false},"author":2,"featured_media":0,"parent":0,"menu_order":0,"comment_status":"closed","ping_status":"closed","template":"","meta":{"_acf_changed":false,"footnotes":""},"class_list":["post-7489","page","type-page","status-publish","hentry"],"acf":[],"yoast_head":"<!-- This site is optimized with the Yoast SEO plugin v27.2 - https:\/\/yoast.com\/product\/yoast-seo-wordpress\/ -->\n<title>Quality, Environment, and Innovation - Agrolac<\/title>\n<meta name=\"description\" content=\"Agrolac Andina in Colombia: quality, safety, and traceability with a methodology aligned with ISO 9001, 14001, and 50001. Registered with the ICA, responsible packaging management, and backed by International.\" \/>\n<meta name=\"robots\" content=\"index, follow, max-snippet:-1, max-image-preview:large, max-video-preview:-1\" \/>\n<link rel=\"canonical\" href=\"https:\/\/colombia.agrolac.com\/en\/quality-environment-and-innovation\/\" \/>\n<meta property=\"og:locale\" content=\"en_US\" \/>\n<meta property=\"og:type\" content=\"article\" \/>\n<meta property=\"og:title\" content=\"Quality, Environment, and Innovation - Agrolac\" \/>\n<meta property=\"og:description\" content=\"Agrolac Andina in Colombia: quality, safety, and traceability with a methodology aligned with ISO 9001, 14001, and 50001. Registered with the ICA, responsible packaging management, and backed by International.\" \/>\n<meta property=\"og:url\" content=\"https:\/\/colombia.agrolac.com\/en\/quality-environment-and-innovation\/\" \/>\n<meta property=\"og:site_name\" content=\"Agrolac\" \/>\n<meta property=\"article:modified_time\" content=\"2026-03-19T07:27:14+00:00\" \/>\n<meta property=\"og:image\" content=\"https:\/\/colombia.agrolac.com\/wp-content\/uploads\/2025\/07\/Lab-Girona-005.jpg\" \/>\n\t<meta property=\"og:image:width\" content=\"2500\" \/>\n\t<meta property=\"og:image:height\" content=\"1668\" \/>\n\t<meta property=\"og:image:type\" content=\"image\/jpeg\" \/>\n<meta name=\"twitter:card\" content=\"summary_large_image\" \/>\n<meta name=\"twitter:label1\" content=\"Est. reading time\" \/>\n\t<meta name=\"twitter:data1\" content=\"1 minute\" \/>\n<script type=\"application\/ld+json\" class=\"yoast-schema-graph\">{\"@context\":\"https:\/\/schema.org\",\"@graph\":[{\"@type\":\"WebPage\",\"@id\":\"https:\/\/colombia.agrolac.com\/en\/quality-environment-and-innovation\/\",\"url\":\"https:\/\/colombia.agrolac.com\/en\/quality-environment-and-innovation\/\",\"name\":\"Quality, Environment, and Innovation - Agrolac\",\"isPartOf\":{\"@id\":\"https:\/\/colombia.agrolac.com\/en\/#website\"},\"primaryImageOfPage\":{\"@id\":\"https:\/\/colombia.agrolac.com\/en\/quality-environment-and-innovation\/#primaryimage\"},\"image\":{\"@id\":\"https:\/\/colombia.agrolac.com\/en\/quality-environment-and-innovation\/#primaryimage\"},\"thumbnailUrl\":\"https:\/\/colombia.agrolac.com\/wp-content\/uploads\/2025\/07\/Lab-Girona-005-1024x683.jpg\",\"datePublished\":\"2026-01-12T14:24:00+00:00\",\"dateModified\":\"2026-03-19T07:27:14+00:00\",\"description\":\"Agrolac Andina in Colombia: quality, safety, and traceability with a methodology aligned with ISO 9001, 14001, and 50001. Registered with the ICA, responsible packaging management, and backed by International.\",\"breadcrumb\":{\"@id\":\"https:\/\/colombia.agrolac.com\/en\/quality-environment-and-innovation\/#breadcrumb\"},\"inLanguage\":\"en-US\",\"potentialAction\":[{\"@type\":\"ReadAction\",\"target\":[\"https:\/\/colombia.agrolac.com\/en\/quality-environment-and-innovation\/\"]}]},{\"@type\":\"ImageObject\",\"inLanguage\":\"en-US\",\"@id\":\"https:\/\/colombia.agrolac.com\/en\/quality-environment-and-innovation\/#primaryimage\",\"url\":\"https:\/\/colombia.agrolac.com\/wp-content\/uploads\/2025\/07\/Lab-Girona-005-1024x683.jpg\",\"contentUrl\":\"https:\/\/colombia.agrolac.com\/wp-content\/uploads\/2025\/07\/Lab-Girona-005-1024x683.jpg\"},{\"@type\":\"BreadcrumbList\",\"@id\":\"https:\/\/colombia.agrolac.com\/en\/quality-environment-and-innovation\/#breadcrumb\",\"itemListElement\":[{\"@type\":\"ListItem\",\"position\":1,\"name\":\"Inicio\",\"item\":\"https:\/\/colombia.agrolac.com\/en\/home\/\"},{\"@type\":\"ListItem\",\"position\":2,\"name\":\"Quality, Environment, and Innovation\"}]},{\"@type\":\"WebSite\",\"@id\":\"https:\/\/colombia.agrolac.com\/en\/#website\",\"url\":\"https:\/\/colombia.agrolac.com\/en\/\",\"name\":\"VICORQUIMIA\",\"description\":\"Agrolac \u00e9s una empresa de Barcelona, fundada el 1982, especialitzada en distribuci\u00f3 de productes agroqu\u00edmics per a l&#039;agricultura europea.\",\"publisher\":{\"@id\":\"https:\/\/colombia.agrolac.com\/en\/#organization\"},\"potentialAction\":[{\"@type\":\"SearchAction\",\"target\":{\"@type\":\"EntryPoint\",\"urlTemplate\":\"https:\/\/colombia.agrolac.com\/en\/?s={search_term_string}\"},\"query-input\":{\"@type\":\"PropertyValueSpecification\",\"valueRequired\":true,\"valueName\":\"search_term_string\"}}],\"inLanguage\":\"en-US\"},{\"@type\":\"Organization\",\"@id\":\"https:\/\/colombia.agrolac.com\/en\/#organization\",\"name\":\"VICORQUIMIA\",\"url\":\"https:\/\/colombia.agrolac.com\/en\/\",\"logo\":{\"@type\":\"ImageObject\",\"inLanguage\":\"en-US\",\"@id\":\"https:\/\/colombia.agrolac.com\/en\/#\/schema\/logo\/image\/\",\"url\":\"https:\/\/colombia.agrolac.com\/wp-content\/uploads\/2025\/10\/agrolac-logo.svg\",\"contentUrl\":\"https:\/\/colombia.agrolac.com\/wp-content\/uploads\/2025\/10\/agrolac-logo.svg\",\"caption\":\"VICORQUIMIA\"},\"image\":{\"@id\":\"https:\/\/colombia.agrolac.com\/en\/#\/schema\/logo\/image\/\"},\"sameAs\":[\"https:\/\/www.linkedin.com\/company\/vicorquimia\/\"]}]}<\/script>\n<!-- \/ Yoast SEO plugin. -->","yoast_head_json":{"title":"Quality, Environment, and Innovation - Agrolac","description":"Agrolac Andina in Colombia: quality, safety, and traceability with a methodology aligned with ISO 9001, 14001, and 50001. Registered with the ICA, responsible packaging management, and backed by International.","robots":{"index":"index","follow":"follow","max-snippet":"max-snippet:-1","max-image-preview":"max-image-preview:large","max-video-preview":"max-video-preview:-1"},"canonical":"https:\/\/colombia.agrolac.com\/en\/quality-environment-and-innovation\/","og_locale":"en_US","og_type":"article","og_title":"Quality, Environment, and Innovation - Agrolac","og_description":"Agrolac Andina in Colombia: quality, safety, and traceability with a methodology aligned with ISO 9001, 14001, and 50001. Registered with the ICA, responsible packaging management, and backed by International.","og_url":"https:\/\/colombia.agrolac.com\/en\/quality-environment-and-innovation\/","og_site_name":"Agrolac","article_modified_time":"2026-03-19T07:27:14+00:00","og_image":[{"width":2500,"height":1668,"url":"https:\/\/colombia.agrolac.com\/wp-content\/uploads\/2025\/07\/Lab-Girona-005.jpg","type":"image\/jpeg"}],"twitter_card":"summary_large_image","twitter_misc":{"Est. reading time":"1 minute"},"schema":{"@context":"https:\/\/schema.org","@graph":[{"@type":"WebPage","@id":"https:\/\/colombia.agrolac.com\/en\/quality-environment-and-innovation\/","url":"https:\/\/colombia.agrolac.com\/en\/quality-environment-and-innovation\/","name":"Quality, Environment, and Innovation - Agrolac","isPartOf":{"@id":"https:\/\/colombia.agrolac.com\/en\/#website"},"primaryImageOfPage":{"@id":"https:\/\/colombia.agrolac.com\/en\/quality-environment-and-innovation\/#primaryimage"},"image":{"@id":"https:\/\/colombia.agrolac.com\/en\/quality-environment-and-innovation\/#primaryimage"},"thumbnailUrl":"https:\/\/colombia.agrolac.com\/wp-content\/uploads\/2025\/07\/Lab-Girona-005-1024x683.jpg","datePublished":"2026-01-12T14:24:00+00:00","dateModified":"2026-03-19T07:27:14+00:00","description":"Agrolac Andina in Colombia: quality, safety, and traceability with a methodology aligned with ISO 9001, 14001, and 50001. Registered with the ICA, responsible packaging management, and backed by International.","breadcrumb":{"@id":"https:\/\/colombia.agrolac.com\/en\/quality-environment-and-innovation\/#breadcrumb"},"inLanguage":"en-US","potentialAction":[{"@type":"ReadAction","target":["https:\/\/colombia.agrolac.com\/en\/quality-environment-and-innovation\/"]}]},{"@type":"ImageObject","inLanguage":"en-US","@id":"https:\/\/colombia.agrolac.com\/en\/quality-environment-and-innovation\/#primaryimage","url":"https:\/\/colombia.agrolac.com\/wp-content\/uploads\/2025\/07\/Lab-Girona-005-1024x683.jpg","contentUrl":"https:\/\/colombia.agrolac.com\/wp-content\/uploads\/2025\/07\/Lab-Girona-005-1024x683.jpg"},{"@type":"BreadcrumbList","@id":"https:\/\/colombia.agrolac.com\/en\/quality-environment-and-innovation\/#breadcrumb","itemListElement":[{"@type":"ListItem","position":1,"name":"Inicio","item":"https:\/\/colombia.agrolac.com\/en\/home\/"},{"@type":"ListItem","position":2,"name":"Quality, Environment, and Innovation"}]},{"@type":"WebSite","@id":"https:\/\/colombia.agrolac.com\/en\/#website","url":"https:\/\/colombia.agrolac.com\/en\/","name":"VICORQUIMIA","description":"Agrolac \u00e9s una empresa de Barcelona, fundada el 1982, especialitzada en distribuci\u00f3 de productes agroqu\u00edmics per a l&#039;agricultura europea.","publisher":{"@id":"https:\/\/colombia.agrolac.com\/en\/#organization"},"potentialAction":[{"@type":"SearchAction","target":{"@type":"EntryPoint","urlTemplate":"https:\/\/colombia.agrolac.com\/en\/?s={search_term_string}"},"query-input":{"@type":"PropertyValueSpecification","valueRequired":true,"valueName":"search_term_string"}}],"inLanguage":"en-US"},{"@type":"Organization","@id":"https:\/\/colombia.agrolac.com\/en\/#organization","name":"VICORQUIMIA","url":"https:\/\/colombia.agrolac.com\/en\/","logo":{"@type":"ImageObject","inLanguage":"en-US","@id":"https:\/\/colombia.agrolac.com\/en\/#\/schema\/logo\/image\/","url":"https:\/\/colombia.agrolac.com\/wp-content\/uploads\/2025\/10\/agrolac-logo.svg","contentUrl":"https:\/\/colombia.agrolac.com\/wp-content\/uploads\/2025\/10\/agrolac-logo.svg","caption":"VICORQUIMIA"},"image":{"@id":"https:\/\/colombia.agrolac.com\/en\/#\/schema\/logo\/image\/"},"sameAs":["https:\/\/www.linkedin.com\/company\/vicorquimia\/"]}]}},"_links":{"self":[{"href":"https:\/\/colombia.agrolac.com\/en\/wp-json\/wp\/v2\/pages\/7489","targetHints":{"allow":["GET"]}}],"collection":[{"href":"https:\/\/colombia.agrolac.com\/en\/wp-json\/wp\/v2\/pages"}],"about":[{"href":"https:\/\/colombia.agrolac.com\/en\/wp-json\/wp\/v2\/types\/page"}],"author":[{"embeddable":true,"href":"https:\/\/colombia.agrolac.com\/en\/wp-json\/wp\/v2\/users\/2"}],"replies":[{"embeddable":true,"href":"https:\/\/colombia.agrolac.com\/en\/wp-json\/wp\/v2\/comments?post=7489"}],"version-history":[{"count":4,"href":"https:\/\/colombia.agrolac.com\/en\/wp-json\/wp\/v2\/pages\/7489\/revisions"}],"predecessor-version":[{"id":8530,"href":"https:\/\/colombia.agrolac.com\/en\/wp-json\/wp\/v2\/pages\/7489\/revisions\/8530"}],"wp:attachment":[{"href":"https:\/\/colombia.agrolac.com\/en\/wp-json\/wp\/v2\/media?parent=7489"}],"curies":[{"name":"wp","href":"https:\/\/api.w.org\/{rel}","templated":true}]}}