{"id":7330,"date":"2025-10-19T22:36:31","date_gmt":"2025-10-19T20:36:31","guid":{"rendered":"http:\/\/colombia.agrolac.com\/producto\/ag-nano-urea-plus\/"},"modified":"2026-03-02T19:20:08","modified_gmt":"2026-03-02T18:20:08","slug":"ag-nano-urea-plus","status":"publish","type":"product","link":"https:\/\/colombia.agrolac.com\/en\/producto\/ag-nano-urea-plus\/","title":{"rendered":"AG Nano Urea Plus"},"content":{"rendered":"<p><strong>AG NANO UREA PLUS<\/strong> is a liquid foliar fertilizer with <strong>nitrogen in nanostructured form<\/strong>, developed to improve the efficiency of nitrogen supply to the crop.<\/p>\n<p>Its nano-scale formulation<b>(20-50 nm<\/b>) facilitates leaf absorption and redistribution in the plant. Nitrogen can be stored and released <b>according to<\/b> crop <b>demand<\/b> (slow release). <\/p>\n<p>The program <strong>partially replaces soil nitrogen fertilization<\/strong>, offering <strong>greater efficiency<\/strong>, <strong>input savings<\/strong>, <strong>agronomic sustainability<\/strong> and <strong>biodiversity conservation<\/strong>.<\/p>\n<h3>How does it work?<\/h3>\n<ul>\n<li>Penetrates through <b>stomata<\/b> due to its ultra-small size<b>(20-50 nm<\/b>).<\/li>\n<li>It is distributed systemically and can be stored in <b>vacuoles<\/b> and released on demand.<\/li>\n<li>Helps reduce <b>volatilization, leaching and<\/b> soil <b>fixation<\/b> losses.<\/li>\n<\/ul>\n<h3>Agronomic benefits<\/h3>\n<ul>\n<li>It can <b>replace 50%<\/b> of traditional urea.<\/li>\n<li><b>High nitrogen use efficiency<\/b>: up to <b>90%<\/b>.<\/li>\n<li><b>Low application volume<\/b>: <strong>1<\/strong><b>.25 L\/ha<\/b> in <b>2 applications<\/b>.<\/li>\n<li>In trials, <b>yield increases<\/b> of <b>8% to 33%<\/b> have been reported depending on the crop and comparative.<\/li>\n<li>More precise nutrition approach with less impact from N losses.<\/li>\n<\/ul>\n<h3>Application<\/h3>\n<p>AG NANO UREA PLUS\u00ae is applied by <strong>foliar<\/strong> application.<\/p>\n<ul>\n<li><strong>Dosage:<\/strong> 1.25 l\/ha (by foliar application).<\/li>\n<li><strong>Dilution:<\/strong> 2 to 4 ml\/l of water.<\/li>\n<li><strong>Number of applications:<\/strong> 2-4 applications per crop cycle.<\/li>\n<li><strong>Time of application:<\/strong> sprouting, vegetative growth, pre-flowering and fruit development stages.<\/li>\n<li><strong>Recommended application:<\/strong> 50% granulated urea to the soil + two foliar applications of 1.25 l\/ha of Nano Urea in vegetative and pre-flowering stages.<\/li>\n<li><strong>Compatibility:<\/strong> compatible with other foliar applications (consult pH mixture).<\/li>\n<\/ul>\n<h3>Crops<\/h3>\n<p>Indicated for use in  (corn, <strong>wheat<\/strong>, barley, rice),  <strong>vegetables<\/strong> (tomato, bell pepper, cucumber, zucchini), <strong>legumes<\/strong> (chickpeas, lentils, beans), <strong>industrial<\/strong> crops (rapeseed, cotton, sunflower), <strong>fruit and olive trees<\/strong>, and <strong>greenhouse and hydroponics<\/strong>.<\/p>\n<h3>Remarks<\/h3>\n<p>Do not treat with temperatures above 30 \u00baC. Do not mix with tin-based products and mineral oils. <\/p>\n","protected":false},"excerpt":{"rendered":"<p>Nitrogen fertilizer with nano technology for great\u2026<\/p>\n","protected":false},"featured_media":6436,"comment_status":"closed","ping_status":"closed","template":"","meta":{"_acf_changed":false},"certificacion":[],"cultivo":[461,530,531,1167,459,1087,460,462,1165,1164,1093,529,528,1166,1088],"product_brand":[],"product_cat":[396],"product_tag":[],"class_list":{"0":"post-7330","1":"product","2":"type-product","3":"status-publish","4":"has-post-thumbnail","6":"cultivo-cereals","7":"cultivo-citrus","8":"cultivo-dried-fruit","9":"cultivo-forages-and-meadows","10":"cultivo-fruit-trees","11":"cultivo-fruiting-horticultural","12":"cultivo-horticultural","13":"cultivo-industrial-crops","14":"cultivo-legumes","15":"cultivo-oilseeds","16":"cultivo-olive-tree","17":"cultivo-pome-fruit-trees","18":"cultivo-stone-fruit-trees","19":"cultivo-tropical-subtropical","20":"cultivo-vid","21":"product_cat-fertilizers","23":"first","24":"instock","25":"shipping-taxable","26":"purchasable","27":"product-type-simple"},"acf":[],"yoast_head":"<!-- This site is optimized with the Yoast SEO plugin v27.2 - https:\/\/yoast.com\/product\/yoast-seo-wordpress\/ -->\n<title>AG Nano Urea Plus - Agrolac<\/title>\n<meta name=\"description\" content=\"AG Nano Urea Plus is a nanostructured nitrogen liquid foliar fertilizer to improve N efficiency and supplement soil fertilization.\" \/>\n<meta name=\"robots\" content=\"index, follow, max-snippet:-1, max-image-preview:large, max-video-preview:-1\" \/>\n<link rel=\"canonical\" href=\"https:\/\/colombia.agrolac.com\/en\/producto\/ag-nano-urea-plus\/\" \/>\n<meta property=\"og:locale\" content=\"en_US\" \/>\n<meta property=\"og:type\" content=\"article\" \/>\n<meta property=\"og:title\" content=\"AG Nano Urea Plus - Agrolac\" \/>\n<meta property=\"og:description\" content=\"AG Nano Urea Plus is a nanostructured nitrogen liquid foliar fertilizer to improve N efficiency and supplement soil fertilization.\" \/>\n<meta property=\"og:url\" content=\"https:\/\/colombia.agrolac.com\/en\/producto\/ag-nano-urea-plus\/\" \/>\n<meta property=\"og:site_name\" content=\"Agrolac\" \/>\n<meta property=\"article:modified_time\" content=\"2026-03-02T18:20:08+00:00\" \/>\n<meta property=\"og:image\" content=\"https:\/\/colombia.agrolac.com\/wp-content\/uploads\/2025\/10\/campo-maiz.webp\" \/>\n\t<meta property=\"og:image:width\" content=\"1920\" \/>\n\t<meta property=\"og:image:height\" content=\"1281\" \/>\n\t<meta property=\"og:image:type\" content=\"image\/webp\" \/>\n<meta name=\"twitter:card\" content=\"summary_large_image\" \/>\n<meta name=\"twitter:label1\" content=\"Est. reading time\" \/>\n\t<meta name=\"twitter:data1\" content=\"1 minute\" \/>\n<script type=\"application\/ld+json\" class=\"yoast-schema-graph\">{\"@context\":\"https:\/\/schema.org\",\"@graph\":[{\"@type\":\"WebPage\",\"@id\":\"https:\/\/colombia.agrolac.com\/en\/producto\/ag-nano-urea-plus\/\",\"url\":\"https:\/\/colombia.agrolac.com\/en\/producto\/ag-nano-urea-plus\/\",\"name\":\"AG Nano Urea Plus - Agrolac\",\"isPartOf\":{\"@id\":\"https:\/\/colombia.agrolac.com\/en\/#website\"},\"primaryImageOfPage\":{\"@id\":\"https:\/\/colombia.agrolac.com\/en\/producto\/ag-nano-urea-plus\/#primaryimage\"},\"image\":{\"@id\":\"https:\/\/colombia.agrolac.com\/en\/producto\/ag-nano-urea-plus\/#primaryimage\"},\"thumbnailUrl\":\"https:\/\/colombia.agrolac.com\/wp-content\/uploads\/2025\/10\/campo-maiz.webp\",\"datePublished\":\"2025-10-19T20:36:31+00:00\",\"dateModified\":\"2026-03-02T18:20:08+00:00\",\"description\":\"AG Nano Urea Plus is a nanostructured nitrogen liquid foliar fertilizer to improve N efficiency and supplement soil fertilization.\",\"breadcrumb\":{\"@id\":\"https:\/\/colombia.agrolac.com\/en\/producto\/ag-nano-urea-plus\/#breadcrumb\"},\"inLanguage\":\"en-US\",\"potentialAction\":[{\"@type\":\"ReadAction\",\"target\":[\"https:\/\/colombia.agrolac.com\/en\/producto\/ag-nano-urea-plus\/\"]}]},{\"@type\":\"ImageObject\",\"inLanguage\":\"en-US\",\"@id\":\"https:\/\/colombia.agrolac.com\/en\/producto\/ag-nano-urea-plus\/#primaryimage\",\"url\":\"https:\/\/colombia.agrolac.com\/wp-content\/uploads\/2025\/10\/campo-maiz.webp\",\"contentUrl\":\"https:\/\/colombia.agrolac.com\/wp-content\/uploads\/2025\/10\/campo-maiz.webp\",\"width\":1920,\"height\":1281},{\"@type\":\"BreadcrumbList\",\"@id\":\"https:\/\/colombia.agrolac.com\/en\/producto\/ag-nano-urea-plus\/#breadcrumb\",\"itemListElement\":[{\"@type\":\"ListItem\",\"position\":1,\"name\":\"Inicio\",\"item\":\"https:\/\/colombia.agrolac.com\/en\/home\/\"},{\"@type\":\"ListItem\",\"position\":2,\"name\":\"Products\",\"item\":\"https:\/\/colombia.agrolac.com\/en\/products\/\"},{\"@type\":\"ListItem\",\"position\":3,\"name\":\"Fertilizers\",\"item\":\"https:\/\/colombia.agrolac.com\/en\/categoria-producto\/fertilizers\/\"},{\"@type\":\"ListItem\",\"position\":4,\"name\":\"AG Nano Urea Plus\"}]},{\"@type\":\"WebSite\",\"@id\":\"https:\/\/colombia.agrolac.com\/en\/#website\",\"url\":\"https:\/\/colombia.agrolac.com\/en\/\",\"name\":\"VICORQUIMIA\",\"description\":\"Agrolac \u00e9s una empresa de Barcelona, fundada el 1982, especialitzada en distribuci\u00f3 de productes agroqu\u00edmics per a l&#039;agricultura europea.\",\"publisher\":{\"@id\":\"https:\/\/colombia.agrolac.com\/en\/#organization\"},\"potentialAction\":[{\"@type\":\"SearchAction\",\"target\":{\"@type\":\"EntryPoint\",\"urlTemplate\":\"https:\/\/colombia.agrolac.com\/en\/?s={search_term_string}\"},\"query-input\":{\"@type\":\"PropertyValueSpecification\",\"valueRequired\":true,\"valueName\":\"search_term_string\"}}],\"inLanguage\":\"en-US\"},{\"@type\":\"Organization\",\"@id\":\"https:\/\/colombia.agrolac.com\/en\/#organization\",\"name\":\"VICORQUIMIA\",\"url\":\"https:\/\/colombia.agrolac.com\/en\/\",\"logo\":{\"@type\":\"ImageObject\",\"inLanguage\":\"en-US\",\"@id\":\"https:\/\/colombia.agrolac.com\/en\/#\/schema\/logo\/image\/\",\"url\":\"https:\/\/colombia.agrolac.com\/wp-content\/uploads\/2025\/10\/agrolac-logo.svg\",\"contentUrl\":\"https:\/\/colombia.agrolac.com\/wp-content\/uploads\/2025\/10\/agrolac-logo.svg\",\"caption\":\"VICORQUIMIA\"},\"image\":{\"@id\":\"https:\/\/colombia.agrolac.com\/en\/#\/schema\/logo\/image\/\"},\"sameAs\":[\"https:\/\/www.linkedin.com\/company\/vicorquimia\/\"]}]}<\/script>\n<!-- \/ Yoast SEO plugin. -->","yoast_head_json":{"title":"AG Nano Urea Plus - Agrolac","description":"AG Nano Urea Plus is a nanostructured nitrogen liquid foliar fertilizer to improve N efficiency and supplement soil fertilization.","robots":{"index":"index","follow":"follow","max-snippet":"max-snippet:-1","max-image-preview":"max-image-preview:large","max-video-preview":"max-video-preview:-1"},"canonical":"https:\/\/colombia.agrolac.com\/en\/producto\/ag-nano-urea-plus\/","og_locale":"en_US","og_type":"article","og_title":"AG Nano Urea Plus - Agrolac","og_description":"AG Nano Urea Plus is a nanostructured nitrogen liquid foliar fertilizer to improve N efficiency and supplement soil fertilization.","og_url":"https:\/\/colombia.agrolac.com\/en\/producto\/ag-nano-urea-plus\/","og_site_name":"Agrolac","article_modified_time":"2026-03-02T18:20:08+00:00","og_image":[{"width":1920,"height":1281,"url":"https:\/\/colombia.agrolac.com\/wp-content\/uploads\/2025\/10\/campo-maiz.webp","type":"image\/webp"}],"twitter_card":"summary_large_image","twitter_misc":{"Est. reading time":"1 minute"},"schema":{"@context":"https:\/\/schema.org","@graph":[{"@type":"WebPage","@id":"https:\/\/colombia.agrolac.com\/en\/producto\/ag-nano-urea-plus\/","url":"https:\/\/colombia.agrolac.com\/en\/producto\/ag-nano-urea-plus\/","name":"AG Nano Urea Plus - Agrolac","isPartOf":{"@id":"https:\/\/colombia.agrolac.com\/en\/#website"},"primaryImageOfPage":{"@id":"https:\/\/colombia.agrolac.com\/en\/producto\/ag-nano-urea-plus\/#primaryimage"},"image":{"@id":"https:\/\/colombia.agrolac.com\/en\/producto\/ag-nano-urea-plus\/#primaryimage"},"thumbnailUrl":"https:\/\/colombia.agrolac.com\/wp-content\/uploads\/2025\/10\/campo-maiz.webp","datePublished":"2025-10-19T20:36:31+00:00","dateModified":"2026-03-02T18:20:08+00:00","description":"AG Nano Urea Plus is a nanostructured nitrogen liquid foliar fertilizer to improve N efficiency and supplement soil fertilization.","breadcrumb":{"@id":"https:\/\/colombia.agrolac.com\/en\/producto\/ag-nano-urea-plus\/#breadcrumb"},"inLanguage":"en-US","potentialAction":[{"@type":"ReadAction","target":["https:\/\/colombia.agrolac.com\/en\/producto\/ag-nano-urea-plus\/"]}]},{"@type":"ImageObject","inLanguage":"en-US","@id":"https:\/\/colombia.agrolac.com\/en\/producto\/ag-nano-urea-plus\/#primaryimage","url":"https:\/\/colombia.agrolac.com\/wp-content\/uploads\/2025\/10\/campo-maiz.webp","contentUrl":"https:\/\/colombia.agrolac.com\/wp-content\/uploads\/2025\/10\/campo-maiz.webp","width":1920,"height":1281},{"@type":"BreadcrumbList","@id":"https:\/\/colombia.agrolac.com\/en\/producto\/ag-nano-urea-plus\/#breadcrumb","itemListElement":[{"@type":"ListItem","position":1,"name":"Inicio","item":"https:\/\/colombia.agrolac.com\/en\/home\/"},{"@type":"ListItem","position":2,"name":"Products","item":"https:\/\/colombia.agrolac.com\/en\/products\/"},{"@type":"ListItem","position":3,"name":"Fertilizers","item":"https:\/\/colombia.agrolac.com\/en\/categoria-producto\/fertilizers\/"},{"@type":"ListItem","position":4,"name":"AG Nano Urea Plus"}]},{"@type":"WebSite","@id":"https:\/\/colombia.agrolac.com\/en\/#website","url":"https:\/\/colombia.agrolac.com\/en\/","name":"VICORQUIMIA","description":"Agrolac \u00e9s una empresa de Barcelona, fundada el 1982, especialitzada en distribuci\u00f3 de productes agroqu\u00edmics per a l&#039;agricultura europea.","publisher":{"@id":"https:\/\/colombia.agrolac.com\/en\/#organization"},"potentialAction":[{"@type":"SearchAction","target":{"@type":"EntryPoint","urlTemplate":"https:\/\/colombia.agrolac.com\/en\/?s={search_term_string}"},"query-input":{"@type":"PropertyValueSpecification","valueRequired":true,"valueName":"search_term_string"}}],"inLanguage":"en-US"},{"@type":"Organization","@id":"https:\/\/colombia.agrolac.com\/en\/#organization","name":"VICORQUIMIA","url":"https:\/\/colombia.agrolac.com\/en\/","logo":{"@type":"ImageObject","inLanguage":"en-US","@id":"https:\/\/colombia.agrolac.com\/en\/#\/schema\/logo\/image\/","url":"https:\/\/colombia.agrolac.com\/wp-content\/uploads\/2025\/10\/agrolac-logo.svg","contentUrl":"https:\/\/colombia.agrolac.com\/wp-content\/uploads\/2025\/10\/agrolac-logo.svg","caption":"VICORQUIMIA"},"image":{"@id":"https:\/\/colombia.agrolac.com\/en\/#\/schema\/logo\/image\/"},"sameAs":["https:\/\/www.linkedin.com\/company\/vicorquimia\/"]}]}},"_links":{"self":[{"href":"https:\/\/colombia.agrolac.com\/en\/wp-json\/wp\/v2\/product\/7330","targetHints":{"allow":["GET"]}}],"collection":[{"href":"https:\/\/colombia.agrolac.com\/en\/wp-json\/wp\/v2\/product"}],"about":[{"href":"https:\/\/colombia.agrolac.com\/en\/wp-json\/wp\/v2\/types\/product"}],"replies":[{"embeddable":true,"href":"https:\/\/colombia.agrolac.com\/en\/wp-json\/wp\/v2\/comments?post=7330"}],"wp:featuredmedia":[{"embeddable":true,"href":"https:\/\/colombia.agrolac.com\/en\/wp-json\/wp\/v2\/media\/6436"}],"wp:attachment":[{"href":"https:\/\/colombia.agrolac.com\/en\/wp-json\/wp\/v2\/media?parent=7330"}],"wp:term":[{"taxonomy":"certificacion","embeddable":true,"href":"https:\/\/colombia.agrolac.com\/en\/wp-json\/wp\/v2\/certificacion?post=7330"},{"taxonomy":"cultivo","embeddable":true,"href":"https:\/\/colombia.agrolac.com\/en\/wp-json\/wp\/v2\/cultivo?post=7330"},{"taxonomy":"product_brand","embeddable":true,"href":"https:\/\/colombia.agrolac.com\/en\/wp-json\/wp\/v2\/product_brand?post=7330"},{"taxonomy":"product_cat","embeddable":true,"href":"https:\/\/colombia.agrolac.com\/en\/wp-json\/wp\/v2\/product_cat?post=7330"},{"taxonomy":"product_tag","embeddable":true,"href":"https:\/\/colombia.agrolac.com\/en\/wp-json\/wp\/v2\/product_tag?post=7330"}],"curies":[{"name":"wp","href":"https:\/\/api.w.org\/{rel}","templated":true}]}}