{"id":7587,"date":"2026-01-08T22:39:57","date_gmt":"2026-01-08T21:39:57","guid":{"rendered":"http:\/\/colombia.agrolac.com\/producto\/agrolarix\/"},"modified":"2026-03-02T19:22:27","modified_gmt":"2026-03-02T18:22:27","slug":"agrolarix","status":"publish","type":"product","link":"https:\/\/colombia.agrolac.com\/en\/producto\/agrolarix\/","title":{"rendered":"Agrolarix\u00ae Agrolarix"},"content":{"rendered":"<p><strong>AGROLARIX\u00ae<\/strong> is a <b>development regulating biostimulant<\/b> of plant origin, formulated as a <b>nanoencapsulated soluble liquid (SL)<\/b>. Its active material comes from <b>Siberian larch (Larix gmelinii) extract<\/b> and provides <b>dihydroquercetin (DHQ)<\/b>. It is integrated in management programs to <b>support tolerance to abiotic stress<\/b>, promote <b>nutrient use efficiency<\/b> and accompany crop processes related to <b>flowering, fruit set, fattening and ripening<\/b>, depending on the objective and crop. It allows a flexible use both in <b>foliar<\/b> application and <b>irrigation<\/b>, adjusting doses and calendar to agronomic conditions.   <\/p>\n<p>Due to its nature and formulation,<strong> AGROLARIX\u00ae<\/strong> is positioned as an <b>antioxidant<\/b> support within the management strategy, contributing to the physiological balance of the plant when the crop faces demanding environmental conditions.<\/p>\n<p>Its use is associated with the optimization of key physiological processes, such as <b>increased chlorophyll content<\/b> and <b>photosynthetic activity<\/b>, better crop response in terms of <b>water status<\/b> and <b>carbohydrate metabolism and mobilization<\/b> towards productive organs, depending on the phenological moment and the program applied.<\/p>\n<p>In addition, it can be integrated into guidelines aimed at sustaining yield and commercial fruit quality, helping to stabilize crop response in stages of high demand and facilitating a more homogeneous evolution of fruit development within nutritional and physiological management.<\/p>\n<p>In soil or irrigation applications, <strong>AGROLARIX\u00ae<\/strong> is incorporated as a complementary tool of the program, maintaining the recommendation to adapt its use to the crop and the agronomic objective, and respecting the application conditions and compatibilities indicated.<\/p>\n<h3>Why choose Agrolarix?<\/h3>\n<ul>\n<li><b>Supports abiotic stress tolerance<\/b> and nutrient use efficiency.<\/li>\n<li><b>Improves water status<\/b> in leaves and roots, contributing to a better crop response to stress.<\/li>\n<li><b>Increases chlorophyll content and photosynthetic activity<\/b> during flowering.<\/li>\n<li><b>Promotes efficient mobilization of carbohydrates<\/b> to productive organs (management\/distribution of photoassimilates).<\/li>\n<li><b>It modulates the hormonal profile<\/b> (ABA, jasmonate, salicylic and indolacetic) and supports the plant&#8217;s metabolism and defense level.<\/li>\n<li><b>Agronomic results in trials<\/b>: <b>yield<\/b> improvement, <b>earliness<\/b>, <b>caliber\/coloration<\/b> and <b>profitability<\/b> according to crop and dosage.<\/li>\n<\/ul>\n<h3>Application<\/h3>\n<p><strong>AGROLARIX\u00ae<\/strong> has a <strong>wide range of applications<\/strong>, including fruit crops, olive, horticultural, grapevine and table grapes, industrial crops, tropical and semi-tropical crops, garden and sports turf, ornamental plants, seeds and seedlings, according to the desired objectives.<\/p>\n<h4>Recommendations for use<\/h4>\n<p><strong>AGROLARIX\u00ae<\/strong> is applied by adapting the dosage and timing of application to the desired objectives and the type of crop, both in foliar and soil applications. The product can be mixed with other active ingredients and nutrients. <\/p>\n<h3>Remarks<\/h3>\n<p>Do not treat with temperatures higher than 30 \u00baC. Do not mix with tin-based products or mineral oils. <\/p>\n","protected":false},"excerpt":{"rendered":"<p>Product designed to support balanced crop developm\u2026<\/p>\n","protected":false},"featured_media":6418,"comment_status":"closed","ping_status":"closed","template":"","meta":{"_acf_changed":false},"certificacion":[424,432],"cultivo":[461,530,531,459,460,462,529,528],"product_brand":[],"product_cat":[416],"product_tag":[],"class_list":{"0":"post-7587","1":"product","2":"type-product","3":"status-publish","4":"has-post-thumbnail","6":"certificacion-biological","7":"certificacion-zero-residue","8":"cultivo-cereals","9":"cultivo-citrus","10":"cultivo-dried-fruit","11":"cultivo-fruit-trees","12":"cultivo-horticultural","13":"cultivo-industrial-crops","14":"cultivo-pome-fruit-trees","15":"cultivo-stone-fruit-trees","16":"product_cat-growth-regulator","18":"first","19":"instock","20":"shipping-taxable","21":"product-type-simple"},"acf":[],"yoast_head":"<!-- This site is optimized with the Yoast SEO plugin v27.2 - https:\/\/yoast.com\/product\/yoast-seo-wordpress\/ -->\n<title>Agrolarix\u00ae Agrolarix - Agrolac<\/title>\n<meta name=\"description\" content=\"Agrolarix\u00ae Agrolarix is a plant-derived nanoencapsulated biostimulant (DHQ) to support abiotic stress tolerance and phases such as flowering, fruit set and ripening.\" \/>\n<meta name=\"robots\" content=\"index, follow, max-snippet:-1, max-image-preview:large, max-video-preview:-1\" \/>\n<link rel=\"canonical\" href=\"https:\/\/colombia.agrolac.com\/en\/producto\/agrolarix\/\" \/>\n<meta property=\"og:locale\" content=\"en_US\" \/>\n<meta property=\"og:type\" content=\"article\" \/>\n<meta property=\"og:title\" content=\"Agrolarix\u00ae Agrolarix - Agrolac\" \/>\n<meta property=\"og:description\" content=\"Agrolarix\u00ae Agrolarix is a plant-derived nanoencapsulated biostimulant (DHQ) to support abiotic stress tolerance and phases such as flowering, fruit set and ripening.\" \/>\n<meta property=\"og:url\" content=\"https:\/\/colombia.agrolac.com\/en\/producto\/agrolarix\/\" \/>\n<meta property=\"og:site_name\" content=\"Agrolac\" \/>\n<meta property=\"article:modified_time\" content=\"2026-03-02T18:22:27+00:00\" \/>\n<meta property=\"og:image\" content=\"https:\/\/colombia.agrolac.com\/wp-content\/uploads\/2026\/01\/limonero-detalle.webp\" \/>\n\t<meta property=\"og:image:width\" content=\"1920\" \/>\n\t<meta property=\"og:image:height\" content=\"1080\" \/>\n\t<meta property=\"og:image:type\" content=\"image\/webp\" \/>\n<meta name=\"twitter:card\" content=\"summary_large_image\" \/>\n<meta name=\"twitter:label1\" content=\"Est. reading time\" \/>\n\t<meta name=\"twitter:data1\" content=\"2 minutes\" \/>\n<script type=\"application\/ld+json\" class=\"yoast-schema-graph\">{\"@context\":\"https:\/\/schema.org\",\"@graph\":[{\"@type\":\"WebPage\",\"@id\":\"https:\/\/colombia.agrolac.com\/en\/producto\/agrolarix\/\",\"url\":\"https:\/\/colombia.agrolac.com\/en\/producto\/agrolarix\/\",\"name\":\"Agrolarix\u00ae Agrolarix - Agrolac\",\"isPartOf\":{\"@id\":\"https:\/\/colombia.agrolac.com\/en\/#website\"},\"primaryImageOfPage\":{\"@id\":\"https:\/\/colombia.agrolac.com\/en\/producto\/agrolarix\/#primaryimage\"},\"image\":{\"@id\":\"https:\/\/colombia.agrolac.com\/en\/producto\/agrolarix\/#primaryimage\"},\"thumbnailUrl\":\"https:\/\/colombia.agrolac.com\/wp-content\/uploads\/2026\/01\/limonero-detalle.webp\",\"datePublished\":\"2026-01-08T21:39:57+00:00\",\"dateModified\":\"2026-03-02T18:22:27+00:00\",\"description\":\"Agrolarix\u00ae Agrolarix is a plant-derived nanoencapsulated biostimulant (DHQ) to support abiotic stress tolerance and phases such as flowering, fruit set and ripening.\",\"breadcrumb\":{\"@id\":\"https:\/\/colombia.agrolac.com\/en\/producto\/agrolarix\/#breadcrumb\"},\"inLanguage\":\"en-US\",\"potentialAction\":[{\"@type\":\"ReadAction\",\"target\":[\"https:\/\/colombia.agrolac.com\/en\/producto\/agrolarix\/\"]}]},{\"@type\":\"ImageObject\",\"inLanguage\":\"en-US\",\"@id\":\"https:\/\/colombia.agrolac.com\/en\/producto\/agrolarix\/#primaryimage\",\"url\":\"https:\/\/colombia.agrolac.com\/wp-content\/uploads\/2026\/01\/limonero-detalle.webp\",\"contentUrl\":\"https:\/\/colombia.agrolac.com\/wp-content\/uploads\/2026\/01\/limonero-detalle.webp\",\"width\":1920,\"height\":1080},{\"@type\":\"BreadcrumbList\",\"@id\":\"https:\/\/colombia.agrolac.com\/en\/producto\/agrolarix\/#breadcrumb\",\"itemListElement\":[{\"@type\":\"ListItem\",\"position\":1,\"name\":\"Inicio\",\"item\":\"https:\/\/colombia.agrolac.com\/en\/home\/\"},{\"@type\":\"ListItem\",\"position\":2,\"name\":\"Products\",\"item\":\"https:\/\/colombia.agrolac.com\/en\/products\/\"},{\"@type\":\"ListItem\",\"position\":3,\"name\":\"Growth regulator\",\"item\":\"https:\/\/colombia.agrolac.com\/en\/categoria-producto\/growth-regulator\/\"},{\"@type\":\"ListItem\",\"position\":4,\"name\":\"Agrolarix\u00ae Agrolarix\"}]},{\"@type\":\"WebSite\",\"@id\":\"https:\/\/colombia.agrolac.com\/en\/#website\",\"url\":\"https:\/\/colombia.agrolac.com\/en\/\",\"name\":\"VICORQUIMIA\",\"description\":\"Agrolac \u00e9s una empresa de Barcelona, fundada el 1982, especialitzada en distribuci\u00f3 de productes agroqu\u00edmics per a l&#039;agricultura europea.\",\"publisher\":{\"@id\":\"https:\/\/colombia.agrolac.com\/en\/#organization\"},\"potentialAction\":[{\"@type\":\"SearchAction\",\"target\":{\"@type\":\"EntryPoint\",\"urlTemplate\":\"https:\/\/colombia.agrolac.com\/en\/?s={search_term_string}\"},\"query-input\":{\"@type\":\"PropertyValueSpecification\",\"valueRequired\":true,\"valueName\":\"search_term_string\"}}],\"inLanguage\":\"en-US\"},{\"@type\":\"Organization\",\"@id\":\"https:\/\/colombia.agrolac.com\/en\/#organization\",\"name\":\"VICORQUIMIA\",\"url\":\"https:\/\/colombia.agrolac.com\/en\/\",\"logo\":{\"@type\":\"ImageObject\",\"inLanguage\":\"en-US\",\"@id\":\"https:\/\/colombia.agrolac.com\/en\/#\/schema\/logo\/image\/\",\"url\":\"https:\/\/colombia.agrolac.com\/wp-content\/uploads\/2025\/10\/agrolac-logo.svg\",\"contentUrl\":\"https:\/\/colombia.agrolac.com\/wp-content\/uploads\/2025\/10\/agrolac-logo.svg\",\"caption\":\"VICORQUIMIA\"},\"image\":{\"@id\":\"https:\/\/colombia.agrolac.com\/en\/#\/schema\/logo\/image\/\"},\"sameAs\":[\"https:\/\/www.linkedin.com\/company\/vicorquimia\/\"]}]}<\/script>\n<!-- \/ Yoast SEO plugin. -->","yoast_head_json":{"title":"Agrolarix\u00ae Agrolarix - Agrolac","description":"Agrolarix\u00ae Agrolarix is a plant-derived nanoencapsulated biostimulant (DHQ) to support abiotic stress tolerance and phases such as flowering, fruit set and ripening.","robots":{"index":"index","follow":"follow","max-snippet":"max-snippet:-1","max-image-preview":"max-image-preview:large","max-video-preview":"max-video-preview:-1"},"canonical":"https:\/\/colombia.agrolac.com\/en\/producto\/agrolarix\/","og_locale":"en_US","og_type":"article","og_title":"Agrolarix\u00ae Agrolarix - Agrolac","og_description":"Agrolarix\u00ae Agrolarix is a plant-derived nanoencapsulated biostimulant (DHQ) to support abiotic stress tolerance and phases such as flowering, fruit set and ripening.","og_url":"https:\/\/colombia.agrolac.com\/en\/producto\/agrolarix\/","og_site_name":"Agrolac","article_modified_time":"2026-03-02T18:22:27+00:00","og_image":[{"width":1920,"height":1080,"url":"https:\/\/colombia.agrolac.com\/wp-content\/uploads\/2026\/01\/limonero-detalle.webp","type":"image\/webp"}],"twitter_card":"summary_large_image","twitter_misc":{"Est. reading time":"2 minutes"},"schema":{"@context":"https:\/\/schema.org","@graph":[{"@type":"WebPage","@id":"https:\/\/colombia.agrolac.com\/en\/producto\/agrolarix\/","url":"https:\/\/colombia.agrolac.com\/en\/producto\/agrolarix\/","name":"Agrolarix\u00ae Agrolarix - Agrolac","isPartOf":{"@id":"https:\/\/colombia.agrolac.com\/en\/#website"},"primaryImageOfPage":{"@id":"https:\/\/colombia.agrolac.com\/en\/producto\/agrolarix\/#primaryimage"},"image":{"@id":"https:\/\/colombia.agrolac.com\/en\/producto\/agrolarix\/#primaryimage"},"thumbnailUrl":"https:\/\/colombia.agrolac.com\/wp-content\/uploads\/2026\/01\/limonero-detalle.webp","datePublished":"2026-01-08T21:39:57+00:00","dateModified":"2026-03-02T18:22:27+00:00","description":"Agrolarix\u00ae Agrolarix is a plant-derived nanoencapsulated biostimulant (DHQ) to support abiotic stress tolerance and phases such as flowering, fruit set and ripening.","breadcrumb":{"@id":"https:\/\/colombia.agrolac.com\/en\/producto\/agrolarix\/#breadcrumb"},"inLanguage":"en-US","potentialAction":[{"@type":"ReadAction","target":["https:\/\/colombia.agrolac.com\/en\/producto\/agrolarix\/"]}]},{"@type":"ImageObject","inLanguage":"en-US","@id":"https:\/\/colombia.agrolac.com\/en\/producto\/agrolarix\/#primaryimage","url":"https:\/\/colombia.agrolac.com\/wp-content\/uploads\/2026\/01\/limonero-detalle.webp","contentUrl":"https:\/\/colombia.agrolac.com\/wp-content\/uploads\/2026\/01\/limonero-detalle.webp","width":1920,"height":1080},{"@type":"BreadcrumbList","@id":"https:\/\/colombia.agrolac.com\/en\/producto\/agrolarix\/#breadcrumb","itemListElement":[{"@type":"ListItem","position":1,"name":"Inicio","item":"https:\/\/colombia.agrolac.com\/en\/home\/"},{"@type":"ListItem","position":2,"name":"Products","item":"https:\/\/colombia.agrolac.com\/en\/products\/"},{"@type":"ListItem","position":3,"name":"Growth regulator","item":"https:\/\/colombia.agrolac.com\/en\/categoria-producto\/growth-regulator\/"},{"@type":"ListItem","position":4,"name":"Agrolarix\u00ae Agrolarix"}]},{"@type":"WebSite","@id":"https:\/\/colombia.agrolac.com\/en\/#website","url":"https:\/\/colombia.agrolac.com\/en\/","name":"VICORQUIMIA","description":"Agrolac \u00e9s una empresa de Barcelona, fundada el 1982, especialitzada en distribuci\u00f3 de productes agroqu\u00edmics per a l&#039;agricultura europea.","publisher":{"@id":"https:\/\/colombia.agrolac.com\/en\/#organization"},"potentialAction":[{"@type":"SearchAction","target":{"@type":"EntryPoint","urlTemplate":"https:\/\/colombia.agrolac.com\/en\/?s={search_term_string}"},"query-input":{"@type":"PropertyValueSpecification","valueRequired":true,"valueName":"search_term_string"}}],"inLanguage":"en-US"},{"@type":"Organization","@id":"https:\/\/colombia.agrolac.com\/en\/#organization","name":"VICORQUIMIA","url":"https:\/\/colombia.agrolac.com\/en\/","logo":{"@type":"ImageObject","inLanguage":"en-US","@id":"https:\/\/colombia.agrolac.com\/en\/#\/schema\/logo\/image\/","url":"https:\/\/colombia.agrolac.com\/wp-content\/uploads\/2025\/10\/agrolac-logo.svg","contentUrl":"https:\/\/colombia.agrolac.com\/wp-content\/uploads\/2025\/10\/agrolac-logo.svg","caption":"VICORQUIMIA"},"image":{"@id":"https:\/\/colombia.agrolac.com\/en\/#\/schema\/logo\/image\/"},"sameAs":["https:\/\/www.linkedin.com\/company\/vicorquimia\/"]}]}},"_links":{"self":[{"href":"https:\/\/colombia.agrolac.com\/en\/wp-json\/wp\/v2\/product\/7587","targetHints":{"allow":["GET"]}}],"collection":[{"href":"https:\/\/colombia.agrolac.com\/en\/wp-json\/wp\/v2\/product"}],"about":[{"href":"https:\/\/colombia.agrolac.com\/en\/wp-json\/wp\/v2\/types\/product"}],"replies":[{"embeddable":true,"href":"https:\/\/colombia.agrolac.com\/en\/wp-json\/wp\/v2\/comments?post=7587"}],"wp:featuredmedia":[{"embeddable":true,"href":"https:\/\/colombia.agrolac.com\/en\/wp-json\/wp\/v2\/media\/6418"}],"wp:attachment":[{"href":"https:\/\/colombia.agrolac.com\/en\/wp-json\/wp\/v2\/media?parent=7587"}],"wp:term":[{"taxonomy":"certificacion","embeddable":true,"href":"https:\/\/colombia.agrolac.com\/en\/wp-json\/wp\/v2\/certificacion?post=7587"},{"taxonomy":"cultivo","embeddable":true,"href":"https:\/\/colombia.agrolac.com\/en\/wp-json\/wp\/v2\/cultivo?post=7587"},{"taxonomy":"product_brand","embeddable":true,"href":"https:\/\/colombia.agrolac.com\/en\/wp-json\/wp\/v2\/product_brand?post=7587"},{"taxonomy":"product_cat","embeddable":true,"href":"https:\/\/colombia.agrolac.com\/en\/wp-json\/wp\/v2\/product_cat?post=7587"},{"taxonomy":"product_tag","embeddable":true,"href":"https:\/\/colombia.agrolac.com\/en\/wp-json\/wp\/v2\/product_tag?post=7587"}],"curies":[{"name":"wp","href":"https:\/\/api.w.org\/{rel}","templated":true}]}}