{"id":7599,"date":"2026-01-08T22:33:05","date_gmt":"2026-01-08T21:33:05","guid":{"rendered":"http:\/\/colombia.agrolac.com\/producto\/triquer\/"},"modified":"2026-03-02T19:22:42","modified_gmt":"2026-03-02T18:22:42","slug":"triquer","status":"publish","type":"product","link":"https:\/\/colombia.agrolac.com\/en\/producto\/triquer\/","title":{"rendered":"Triquer\u00ae"},"content":{"rendered":"<h2>Triquer\u00ae<\/h2>\n<p class=\"p1\"><strong>TRIQUER\u00ae<\/strong>is a <span class=\"s1\"><b>biofertilizer<\/b><\/span> based on the registered strain of <span class=\"s1\"><b>Trichoderma atroviride strain AGLM4<\/b><\/span>formulated as <span class=\"s1\"><b>dispersible granules (WG)<\/b><\/span>. <i>Trichoderma<\/i> are associated with the rhizosphere and can contribute to the <span class=\"s1\"><b>root development<\/b><\/span> and to the <span class=\"s1\"><b>nutrient utilization<\/b><\/span> within the management program, supporting a more balanced growth of the crop. It is integrated in the technical strategy by adjusting doses, timing and number of applications according to crop and agronomic conditions. It can also be used as a support in situations of <span class=\"s1\"><b>environmental stress<\/b><\/span>as part of crop management.   <\/p>\n<p class=\"p1\"><strong>TRIQUER\u00ae<\/strong>is oriented to work in soil\/rhizosphere, where <i>Trichoderma<\/i> can promote a more efficient root environment and contribute to a better nutrient uptake (e.g., <span class=\"s1\"><b>phosphorus<\/b><\/span>) within the fertilization plan. It is especially suitable in start-up phases and at times when root support and vigor are of interest, adjusting the program to the crop, the irrigation system and the environmental stress pressure. <\/p>\n<h3><span style=\"font-family: -apple-system, BlinkMacSystemFont, 'Segoe UI', Roboto, 'Helvetica Neue', Arial, 'Noto Sans', sans-serif, 'Apple Color Emoji', 'Segoe UI Emoji', 'Segoe UI Symbol', 'Noto Color Emoji';\">Agronomic benefits<\/span><\/h3>\n<ul>\n<li><strong>Improved root development<\/strong>.<\/li>\n<li><strong>Support for plant resistance<\/strong>.<\/li>\n<li><strong>Better use of nutrients<\/strong>.<\/li>\n<li><strong>Contributes to a more balanced growth<\/strong> of the crop.<\/li>\n<li><strong>Support for tolerance<\/strong> to environmental stress.<\/li>\n<\/ul>\n<h3><\/h3>\n<h3>Application<\/h3>\n<p><strong>TRIQUER\u00ae<\/strong>is used by adapting the dosage and timing of application to crop needs and agronomic conditions. In the application information per crop, doses and number of applications according to crop are indicated. <\/p>\n<h4 style=\"padding-left: 40px;\">Recommended time of application<\/h4>\n<p style=\"padding-left: 40px;\">According to the application information per crop, <strong>3-4 applications<\/strong> are made <strong>per cycle<\/strong>, from the <strong>appearance of flower buds<\/strong> to the <strong>opening of the last flowers<\/strong>.<\/p>\n<h3>Remarks<\/h3>\n<p><span style=\"font-family: -apple-system, BlinkMacSystemFont, 'Segoe UI', Roboto, 'Helvetica Neue', Arial, 'Noto Sans', sans-serif, 'Apple Color Emoji', 'Segoe UI Emoji', 'Segoe UI Symbol', 'Noto Color Emoji';\">Do not treat with temperatures higher than 30 \u00baC. Do not mix with tin-based products or mineral oils. <\/span><\/p>\n","protected":false},"excerpt":{"rendered":"<p>Product designed to support vegetative growth and \u2026<\/p>\n","protected":false},"featured_media":5635,"comment_status":"closed","ping_status":"closed","template":"","meta":{"_acf_changed":false},"certificacion":[424,432],"cultivo":[461,530,531,459,460,462,529,528],"product_brand":[],"product_cat":[396],"product_tag":[],"class_list":{"0":"post-7599","1":"product","2":"type-product","3":"status-publish","4":"has-post-thumbnail","6":"certificacion-biological","7":"certificacion-zero-residue","8":"cultivo-cereals","9":"cultivo-citrus","10":"cultivo-dried-fruit","11":"cultivo-fruit-trees","12":"cultivo-horticultural","13":"cultivo-industrial-crops","14":"cultivo-pome-fruit-trees","15":"cultivo-stone-fruit-trees","16":"product_cat-fertilizers","18":"first","19":"instock","20":"shipping-taxable","21":"product-type-simple"},"acf":[],"yoast_head":"<!-- This site is optimized with the Yoast SEO plugin v27.2 - https:\/\/yoast.com\/product\/yoast-seo-wordpress\/ -->\n<title>Triquer\u00ae - Agrolac<\/title>\n<meta name=\"description\" content=\"Triquer\u00ae% is a WG biofertilizer with Trichoderma atroviride AGLM4 to support root development, nutrient uptake and crop vigor.\" \/>\n<meta name=\"robots\" content=\"index, follow, max-snippet:-1, max-image-preview:large, max-video-preview:-1\" \/>\n<link rel=\"canonical\" href=\"https:\/\/colombia.agrolac.com\/en\/producto\/triquer\/\" \/>\n<meta property=\"og:locale\" content=\"en_US\" \/>\n<meta property=\"og:type\" content=\"article\" \/>\n<meta property=\"og:title\" content=\"Triquer\u00ae - Agrolac\" \/>\n<meta property=\"og:description\" content=\"Triquer\u00ae% is a WG biofertilizer with Trichoderma atroviride AGLM4 to support root development, nutrient uptake and crop vigor.\" \/>\n<meta property=\"og:url\" content=\"https:\/\/colombia.agrolac.com\/en\/producto\/triquer\/\" \/>\n<meta property=\"og:site_name\" content=\"Agrolac\" \/>\n<meta property=\"article:modified_time\" content=\"2026-03-02T18:22:42+00:00\" \/>\n<meta property=\"og:image\" content=\"https:\/\/colombia.agrolac.com\/wp-content\/uploads\/2025\/10\/Agrolarix-tratamiento-campo.webp\" \/>\n\t<meta property=\"og:image:width\" content=\"1500\" \/>\n\t<meta property=\"og:image:height\" content=\"1123\" \/>\n\t<meta property=\"og:image:type\" content=\"image\/webp\" \/>\n<meta name=\"twitter:card\" content=\"summary_large_image\" \/>\n<meta name=\"twitter:label1\" content=\"Est. reading time\" \/>\n\t<meta name=\"twitter:data1\" content=\"1 minute\" \/>\n<script type=\"application\/ld+json\" class=\"yoast-schema-graph\">{\"@context\":\"https:\/\/schema.org\",\"@graph\":[{\"@type\":\"WebPage\",\"@id\":\"https:\/\/colombia.agrolac.com\/en\/producto\/triquer\/\",\"url\":\"https:\/\/colombia.agrolac.com\/en\/producto\/triquer\/\",\"name\":\"Triquer\u00ae - Agrolac\",\"isPartOf\":{\"@id\":\"https:\/\/colombia.agrolac.com\/en\/#website\"},\"primaryImageOfPage\":{\"@id\":\"https:\/\/colombia.agrolac.com\/en\/producto\/triquer\/#primaryimage\"},\"image\":{\"@id\":\"https:\/\/colombia.agrolac.com\/en\/producto\/triquer\/#primaryimage\"},\"thumbnailUrl\":\"https:\/\/colombia.agrolac.com\/wp-content\/uploads\/2025\/10\/Agrolarix-tratamiento-campo.webp\",\"datePublished\":\"2026-01-08T21:33:05+00:00\",\"dateModified\":\"2026-03-02T18:22:42+00:00\",\"description\":\"Triquer\u00ae% is a WG biofertilizer with Trichoderma atroviride AGLM4 to support root development, nutrient uptake and crop vigor.\",\"breadcrumb\":{\"@id\":\"https:\/\/colombia.agrolac.com\/en\/producto\/triquer\/#breadcrumb\"},\"inLanguage\":\"en-US\",\"potentialAction\":[{\"@type\":\"ReadAction\",\"target\":[\"https:\/\/colombia.agrolac.com\/en\/producto\/triquer\/\"]}]},{\"@type\":\"ImageObject\",\"inLanguage\":\"en-US\",\"@id\":\"https:\/\/colombia.agrolac.com\/en\/producto\/triquer\/#primaryimage\",\"url\":\"https:\/\/colombia.agrolac.com\/wp-content\/uploads\/2025\/10\/Agrolarix-tratamiento-campo.webp\",\"contentUrl\":\"https:\/\/colombia.agrolac.com\/wp-content\/uploads\/2025\/10\/Agrolarix-tratamiento-campo.webp\",\"width\":1500,\"height\":1123},{\"@type\":\"BreadcrumbList\",\"@id\":\"https:\/\/colombia.agrolac.com\/en\/producto\/triquer\/#breadcrumb\",\"itemListElement\":[{\"@type\":\"ListItem\",\"position\":1,\"name\":\"Inicio\",\"item\":\"https:\/\/colombia.agrolac.com\/en\/home\/\"},{\"@type\":\"ListItem\",\"position\":2,\"name\":\"Products\",\"item\":\"https:\/\/colombia.agrolac.com\/en\/products\/\"},{\"@type\":\"ListItem\",\"position\":3,\"name\":\"Fertilizers\",\"item\":\"https:\/\/colombia.agrolac.com\/en\/categoria-producto\/fertilizers\/\"},{\"@type\":\"ListItem\",\"position\":4,\"name\":\"Triquer\u00ae\"}]},{\"@type\":\"WebSite\",\"@id\":\"https:\/\/colombia.agrolac.com\/en\/#website\",\"url\":\"https:\/\/colombia.agrolac.com\/en\/\",\"name\":\"VICORQUIMIA\",\"description\":\"Agrolac \u00e9s una empresa de Barcelona, fundada el 1982, especialitzada en distribuci\u00f3 de productes agroqu\u00edmics per a l&#039;agricultura europea.\",\"publisher\":{\"@id\":\"https:\/\/colombia.agrolac.com\/en\/#organization\"},\"potentialAction\":[{\"@type\":\"SearchAction\",\"target\":{\"@type\":\"EntryPoint\",\"urlTemplate\":\"https:\/\/colombia.agrolac.com\/en\/?s={search_term_string}\"},\"query-input\":{\"@type\":\"PropertyValueSpecification\",\"valueRequired\":true,\"valueName\":\"search_term_string\"}}],\"inLanguage\":\"en-US\"},{\"@type\":\"Organization\",\"@id\":\"https:\/\/colombia.agrolac.com\/en\/#organization\",\"name\":\"VICORQUIMIA\",\"url\":\"https:\/\/colombia.agrolac.com\/en\/\",\"logo\":{\"@type\":\"ImageObject\",\"inLanguage\":\"en-US\",\"@id\":\"https:\/\/colombia.agrolac.com\/en\/#\/schema\/logo\/image\/\",\"url\":\"https:\/\/colombia.agrolac.com\/wp-content\/uploads\/2025\/10\/agrolac-logo.svg\",\"contentUrl\":\"https:\/\/colombia.agrolac.com\/wp-content\/uploads\/2025\/10\/agrolac-logo.svg\",\"caption\":\"VICORQUIMIA\"},\"image\":{\"@id\":\"https:\/\/colombia.agrolac.com\/en\/#\/schema\/logo\/image\/\"},\"sameAs\":[\"https:\/\/www.linkedin.com\/company\/vicorquimia\/\"]}]}<\/script>\n<!-- \/ Yoast SEO plugin. -->","yoast_head_json":{"title":"Triquer\u00ae - Agrolac","description":"Triquer\u00ae% is a WG biofertilizer with Trichoderma atroviride AGLM4 to support root development, nutrient uptake and crop vigor.","robots":{"index":"index","follow":"follow","max-snippet":"max-snippet:-1","max-image-preview":"max-image-preview:large","max-video-preview":"max-video-preview:-1"},"canonical":"https:\/\/colombia.agrolac.com\/en\/producto\/triquer\/","og_locale":"en_US","og_type":"article","og_title":"Triquer\u00ae - Agrolac","og_description":"Triquer\u00ae% is a WG biofertilizer with Trichoderma atroviride AGLM4 to support root development, nutrient uptake and crop vigor.","og_url":"https:\/\/colombia.agrolac.com\/en\/producto\/triquer\/","og_site_name":"Agrolac","article_modified_time":"2026-03-02T18:22:42+00:00","og_image":[{"width":1500,"height":1123,"url":"https:\/\/colombia.agrolac.com\/wp-content\/uploads\/2025\/10\/Agrolarix-tratamiento-campo.webp","type":"image\/webp"}],"twitter_card":"summary_large_image","twitter_misc":{"Est. reading time":"1 minute"},"schema":{"@context":"https:\/\/schema.org","@graph":[{"@type":"WebPage","@id":"https:\/\/colombia.agrolac.com\/en\/producto\/triquer\/","url":"https:\/\/colombia.agrolac.com\/en\/producto\/triquer\/","name":"Triquer\u00ae - Agrolac","isPartOf":{"@id":"https:\/\/colombia.agrolac.com\/en\/#website"},"primaryImageOfPage":{"@id":"https:\/\/colombia.agrolac.com\/en\/producto\/triquer\/#primaryimage"},"image":{"@id":"https:\/\/colombia.agrolac.com\/en\/producto\/triquer\/#primaryimage"},"thumbnailUrl":"https:\/\/colombia.agrolac.com\/wp-content\/uploads\/2025\/10\/Agrolarix-tratamiento-campo.webp","datePublished":"2026-01-08T21:33:05+00:00","dateModified":"2026-03-02T18:22:42+00:00","description":"Triquer\u00ae% is a WG biofertilizer with Trichoderma atroviride AGLM4 to support root development, nutrient uptake and crop vigor.","breadcrumb":{"@id":"https:\/\/colombia.agrolac.com\/en\/producto\/triquer\/#breadcrumb"},"inLanguage":"en-US","potentialAction":[{"@type":"ReadAction","target":["https:\/\/colombia.agrolac.com\/en\/producto\/triquer\/"]}]},{"@type":"ImageObject","inLanguage":"en-US","@id":"https:\/\/colombia.agrolac.com\/en\/producto\/triquer\/#primaryimage","url":"https:\/\/colombia.agrolac.com\/wp-content\/uploads\/2025\/10\/Agrolarix-tratamiento-campo.webp","contentUrl":"https:\/\/colombia.agrolac.com\/wp-content\/uploads\/2025\/10\/Agrolarix-tratamiento-campo.webp","width":1500,"height":1123},{"@type":"BreadcrumbList","@id":"https:\/\/colombia.agrolac.com\/en\/producto\/triquer\/#breadcrumb","itemListElement":[{"@type":"ListItem","position":1,"name":"Inicio","item":"https:\/\/colombia.agrolac.com\/en\/home\/"},{"@type":"ListItem","position":2,"name":"Products","item":"https:\/\/colombia.agrolac.com\/en\/products\/"},{"@type":"ListItem","position":3,"name":"Fertilizers","item":"https:\/\/colombia.agrolac.com\/en\/categoria-producto\/fertilizers\/"},{"@type":"ListItem","position":4,"name":"Triquer\u00ae"}]},{"@type":"WebSite","@id":"https:\/\/colombia.agrolac.com\/en\/#website","url":"https:\/\/colombia.agrolac.com\/en\/","name":"VICORQUIMIA","description":"Agrolac \u00e9s una empresa de Barcelona, fundada el 1982, especialitzada en distribuci\u00f3 de productes agroqu\u00edmics per a l&#039;agricultura europea.","publisher":{"@id":"https:\/\/colombia.agrolac.com\/en\/#organization"},"potentialAction":[{"@type":"SearchAction","target":{"@type":"EntryPoint","urlTemplate":"https:\/\/colombia.agrolac.com\/en\/?s={search_term_string}"},"query-input":{"@type":"PropertyValueSpecification","valueRequired":true,"valueName":"search_term_string"}}],"inLanguage":"en-US"},{"@type":"Organization","@id":"https:\/\/colombia.agrolac.com\/en\/#organization","name":"VICORQUIMIA","url":"https:\/\/colombia.agrolac.com\/en\/","logo":{"@type":"ImageObject","inLanguage":"en-US","@id":"https:\/\/colombia.agrolac.com\/en\/#\/schema\/logo\/image\/","url":"https:\/\/colombia.agrolac.com\/wp-content\/uploads\/2025\/10\/agrolac-logo.svg","contentUrl":"https:\/\/colombia.agrolac.com\/wp-content\/uploads\/2025\/10\/agrolac-logo.svg","caption":"VICORQUIMIA"},"image":{"@id":"https:\/\/colombia.agrolac.com\/en\/#\/schema\/logo\/image\/"},"sameAs":["https:\/\/www.linkedin.com\/company\/vicorquimia\/"]}]}},"_links":{"self":[{"href":"https:\/\/colombia.agrolac.com\/en\/wp-json\/wp\/v2\/product\/7599","targetHints":{"allow":["GET"]}}],"collection":[{"href":"https:\/\/colombia.agrolac.com\/en\/wp-json\/wp\/v2\/product"}],"about":[{"href":"https:\/\/colombia.agrolac.com\/en\/wp-json\/wp\/v2\/types\/product"}],"replies":[{"embeddable":true,"href":"https:\/\/colombia.agrolac.com\/en\/wp-json\/wp\/v2\/comments?post=7599"}],"wp:featuredmedia":[{"embeddable":true,"href":"https:\/\/colombia.agrolac.com\/en\/wp-json\/wp\/v2\/media\/5635"}],"wp:attachment":[{"href":"https:\/\/colombia.agrolac.com\/en\/wp-json\/wp\/v2\/media?parent=7599"}],"wp:term":[{"taxonomy":"certificacion","embeddable":true,"href":"https:\/\/colombia.agrolac.com\/en\/wp-json\/wp\/v2\/certificacion?post=7599"},{"taxonomy":"cultivo","embeddable":true,"href":"https:\/\/colombia.agrolac.com\/en\/wp-json\/wp\/v2\/cultivo?post=7599"},{"taxonomy":"product_brand","embeddable":true,"href":"https:\/\/colombia.agrolac.com\/en\/wp-json\/wp\/v2\/product_brand?post=7599"},{"taxonomy":"product_cat","embeddable":true,"href":"https:\/\/colombia.agrolac.com\/en\/wp-json\/wp\/v2\/product_cat?post=7599"},{"taxonomy":"product_tag","embeddable":true,"href":"https:\/\/colombia.agrolac.com\/en\/wp-json\/wp\/v2\/product_tag?post=7599"}],"curies":[{"name":"wp","href":"https:\/\/api.w.org\/{rel}","templated":true}]}}