{"id":7620,"date":"2026-01-08T22:27:55","date_gmt":"2026-01-08T21:27:55","guid":{"rendered":"http:\/\/colombia.agrolac.com\/producto\/provic-root\/"},"modified":"2026-03-02T19:22:42","modified_gmt":"2026-03-02T18:22:42","slug":"provic-root","status":"publish","type":"product","link":"https:\/\/colombia.agrolac.com\/en\/producto\/provic-root\/","title":{"rendered":"Provic\u00ae Root"},"content":{"rendered":"<h2><strong>Provic\u00ae<\/strong> Root<\/h2>\n<p><strong>PROVIC\u00ae ROOT<\/strong> is a product based on <strong>inoculants of mycorrhizal fungi<\/strong> and <strong>rhizosphere bacteria<\/strong>, formulated as a <strong>soluble liquid (SL)<\/strong>, with high biostimulation capacity in plants. Its application is oriented to <span class=\"s1\"><b>support the growth and development of the crop<\/b><\/span>especially in stages where the root system makes the difference. The microorganisms present can establish a <span class=\"s1\"><b>mutualistic relationship<\/b><\/span> with the plant, contributing to improve nutrient utilization and to accompany the crop in situations of abiotic stress. <span class=\"s1\"><b>abiotic stress<\/b><\/span> (e.g. salinity, lack of water, heat or phytotoxicity). <\/p>\n<p><strong>PROVIC\u00ae ROOT <\/strong>activates metabolic processes that help revitalize the plant and promote its development, influencing vegetative and root growth and crop productivity by increasing <strong>nutrient and nitrogen uptake<\/strong>.<\/p>\n<p>Due to its composition, <strong>PROVIC\u00ae ROOT <\/strong> can be used at different stages of crop development, including <strong>germination, sprouting, foliation, pre-flowering, fruit set, fattening and ripening<\/strong> in leaf and fruit plants.<\/p>\n<h3>Agronomic benefits<\/h3>\n<ul>\n<li><strong>Root and vegetative growth biostimulation<\/strong>.<\/li>\n<li><strong>Improved nutrient and nitrogen absorption<\/strong>.<\/li>\n<li><strong>Crop support<\/strong> against salt, water and other abiotic stresses.<\/li>\n<li><strong>Mutualistic relationship<\/strong> with beneficial microorganisms.<\/li>\n<li><strong>Use at different stages of<\/strong> crop <strong>development<\/strong>.<\/li>\n<\/ul>\n<p>&nbsp;<\/p>\n<h3>Application<\/h3>\n<p><strong>PROVIC\u00ae ROOT <\/strong> can be applied mainly by <strong>fertigation<\/strong>, adapting the dosage and timing of application to crop needs and agronomic conditions.<\/p>\n<h3>Remarks<\/h3>\n<p><span style=\"font-family: -apple-system, BlinkMacSystemFont, 'Segoe UI', Roboto, 'Helvetica Neue', Arial, 'Noto Sans', sans-serif, 'Apple Color Emoji', 'Segoe UI Emoji', 'Segoe UI Symbol', 'Noto Color Emoji';\">Do not treat with temperatures higher than 30 \u00baC. Do not mix with tin-based products or mineral oils. <\/span><\/p>\n","protected":false},"excerpt":{"rendered":"<p>Product designed to stimulate the development of t\u2026<\/p>\n","protected":false},"featured_media":5623,"comment_status":"closed","ping_status":"closed","template":"","meta":{"_acf_changed":false},"certificacion":[424,432],"cultivo":[1091,530,459,1087,460,529,1092,528,1166],"product_brand":[],"product_cat":[396],"product_tag":[],"class_list":{"0":"post-7620","1":"product","2":"type-product","3":"status-publish","4":"has-post-thumbnail","6":"certificacion-biological","7":"certificacion-zero-residue","8":"cultivo-brassicas","9":"cultivo-citrus","10":"cultivo-fruit-trees","11":"cultivo-fruiting-horticultural","12":"cultivo-horticultural","13":"cultivo-pome-fruit-trees","14":"cultivo-root-and-bulb","15":"cultivo-stone-fruit-trees","16":"cultivo-tropical-subtropical","17":"product_cat-fertilizers","19":"first","20":"instock","21":"shipping-taxable","22":"product-type-simple"},"acf":[],"yoast_head":"<!-- This site is optimized with the Yoast SEO plugin v27.2 - https:\/\/yoast.com\/product\/yoast-seo-wordpress\/ -->\n<title>Provic\u00ae Root - Agrolac<\/title>\n<meta name=\"description\" content=\"Provic\u00ae Root is a liquid biostimulant with mycorrhizae and rhizosphere bacteria for fertigation: it supports root development and nutrient uptake.\" \/>\n<meta name=\"robots\" content=\"index, follow, max-snippet:-1, max-image-preview:large, max-video-preview:-1\" \/>\n<link rel=\"canonical\" href=\"https:\/\/colombia.agrolac.com\/en\/producto\/provic-root\/\" \/>\n<meta property=\"og:locale\" content=\"en_US\" \/>\n<meta property=\"og:type\" content=\"article\" \/>\n<meta property=\"og:title\" content=\"Provic\u00ae Root - Agrolac\" \/>\n<meta property=\"og:description\" content=\"Provic\u00ae Root is a liquid biostimulant with mycorrhizae and rhizosphere bacteria for fertigation: it supports root development and nutrient uptake.\" \/>\n<meta property=\"og:url\" content=\"https:\/\/colombia.agrolac.com\/en\/producto\/provic-root\/\" \/>\n<meta property=\"og:site_name\" content=\"Agrolac\" \/>\n<meta property=\"article:modified_time\" content=\"2026-03-02T18:22:42+00:00\" \/>\n<meta property=\"og:image\" content=\"https:\/\/colombia.agrolac.com\/wp-content\/uploads\/2025\/10\/provic-root-raices.webp\" \/>\n\t<meta property=\"og:image:width\" content=\"1500\" \/>\n\t<meta property=\"og:image:height\" content=\"760\" \/>\n\t<meta property=\"og:image:type\" content=\"image\/webp\" \/>\n<meta name=\"twitter:card\" content=\"summary_large_image\" \/>\n<meta name=\"twitter:label1\" content=\"Est. reading time\" \/>\n\t<meta name=\"twitter:data1\" content=\"1 minute\" \/>\n<script type=\"application\/ld+json\" class=\"yoast-schema-graph\">{\"@context\":\"https:\/\/schema.org\",\"@graph\":[{\"@type\":\"WebPage\",\"@id\":\"https:\/\/colombia.agrolac.com\/en\/producto\/provic-root\/\",\"url\":\"https:\/\/colombia.agrolac.com\/en\/producto\/provic-root\/\",\"name\":\"Provic\u00ae Root - Agrolac\",\"isPartOf\":{\"@id\":\"https:\/\/colombia.agrolac.com\/en\/#website\"},\"primaryImageOfPage\":{\"@id\":\"https:\/\/colombia.agrolac.com\/en\/producto\/provic-root\/#primaryimage\"},\"image\":{\"@id\":\"https:\/\/colombia.agrolac.com\/en\/producto\/provic-root\/#primaryimage\"},\"thumbnailUrl\":\"https:\/\/colombia.agrolac.com\/wp-content\/uploads\/2025\/10\/provic-root-raices.webp\",\"datePublished\":\"2026-01-08T21:27:55+00:00\",\"dateModified\":\"2026-03-02T18:22:42+00:00\",\"description\":\"Provic\u00ae Root is a liquid biostimulant with mycorrhizae and rhizosphere bacteria for fertigation: it supports root development and nutrient uptake.\",\"breadcrumb\":{\"@id\":\"https:\/\/colombia.agrolac.com\/en\/producto\/provic-root\/#breadcrumb\"},\"inLanguage\":\"en-US\",\"potentialAction\":[{\"@type\":\"ReadAction\",\"target\":[\"https:\/\/colombia.agrolac.com\/en\/producto\/provic-root\/\"]}]},{\"@type\":\"ImageObject\",\"inLanguage\":\"en-US\",\"@id\":\"https:\/\/colombia.agrolac.com\/en\/producto\/provic-root\/#primaryimage\",\"url\":\"https:\/\/colombia.agrolac.com\/wp-content\/uploads\/2025\/10\/provic-root-raices.webp\",\"contentUrl\":\"https:\/\/colombia.agrolac.com\/wp-content\/uploads\/2025\/10\/provic-root-raices.webp\",\"width\":1500,\"height\":760},{\"@type\":\"BreadcrumbList\",\"@id\":\"https:\/\/colombia.agrolac.com\/en\/producto\/provic-root\/#breadcrumb\",\"itemListElement\":[{\"@type\":\"ListItem\",\"position\":1,\"name\":\"Inicio\",\"item\":\"https:\/\/colombia.agrolac.com\/en\/home\/\"},{\"@type\":\"ListItem\",\"position\":2,\"name\":\"Products\",\"item\":\"https:\/\/colombia.agrolac.com\/en\/products\/\"},{\"@type\":\"ListItem\",\"position\":3,\"name\":\"Fertilizers\",\"item\":\"https:\/\/colombia.agrolac.com\/en\/categoria-producto\/fertilizers\/\"},{\"@type\":\"ListItem\",\"position\":4,\"name\":\"Provic\u00ae Root\"}]},{\"@type\":\"WebSite\",\"@id\":\"https:\/\/colombia.agrolac.com\/en\/#website\",\"url\":\"https:\/\/colombia.agrolac.com\/en\/\",\"name\":\"VICORQUIMIA\",\"description\":\"Agrolac \u00e9s una empresa de Barcelona, fundada el 1982, especialitzada en distribuci\u00f3 de productes agroqu\u00edmics per a l&#039;agricultura europea.\",\"publisher\":{\"@id\":\"https:\/\/colombia.agrolac.com\/en\/#organization\"},\"potentialAction\":[{\"@type\":\"SearchAction\",\"target\":{\"@type\":\"EntryPoint\",\"urlTemplate\":\"https:\/\/colombia.agrolac.com\/en\/?s={search_term_string}\"},\"query-input\":{\"@type\":\"PropertyValueSpecification\",\"valueRequired\":true,\"valueName\":\"search_term_string\"}}],\"inLanguage\":\"en-US\"},{\"@type\":\"Organization\",\"@id\":\"https:\/\/colombia.agrolac.com\/en\/#organization\",\"name\":\"VICORQUIMIA\",\"url\":\"https:\/\/colombia.agrolac.com\/en\/\",\"logo\":{\"@type\":\"ImageObject\",\"inLanguage\":\"en-US\",\"@id\":\"https:\/\/colombia.agrolac.com\/en\/#\/schema\/logo\/image\/\",\"url\":\"https:\/\/colombia.agrolac.com\/wp-content\/uploads\/2025\/10\/agrolac-logo.svg\",\"contentUrl\":\"https:\/\/colombia.agrolac.com\/wp-content\/uploads\/2025\/10\/agrolac-logo.svg\",\"caption\":\"VICORQUIMIA\"},\"image\":{\"@id\":\"https:\/\/colombia.agrolac.com\/en\/#\/schema\/logo\/image\/\"},\"sameAs\":[\"https:\/\/www.linkedin.com\/company\/vicorquimia\/\"]}]}<\/script>\n<!-- \/ Yoast SEO plugin. -->","yoast_head_json":{"title":"Provic\u00ae Root - Agrolac","description":"Provic\u00ae Root is a liquid biostimulant with mycorrhizae and rhizosphere bacteria for fertigation: it supports root development and nutrient uptake.","robots":{"index":"index","follow":"follow","max-snippet":"max-snippet:-1","max-image-preview":"max-image-preview:large","max-video-preview":"max-video-preview:-1"},"canonical":"https:\/\/colombia.agrolac.com\/en\/producto\/provic-root\/","og_locale":"en_US","og_type":"article","og_title":"Provic\u00ae Root - Agrolac","og_description":"Provic\u00ae Root is a liquid biostimulant with mycorrhizae and rhizosphere bacteria for fertigation: it supports root development and nutrient uptake.","og_url":"https:\/\/colombia.agrolac.com\/en\/producto\/provic-root\/","og_site_name":"Agrolac","article_modified_time":"2026-03-02T18:22:42+00:00","og_image":[{"width":1500,"height":760,"url":"https:\/\/colombia.agrolac.com\/wp-content\/uploads\/2025\/10\/provic-root-raices.webp","type":"image\/webp"}],"twitter_card":"summary_large_image","twitter_misc":{"Est. reading time":"1 minute"},"schema":{"@context":"https:\/\/schema.org","@graph":[{"@type":"WebPage","@id":"https:\/\/colombia.agrolac.com\/en\/producto\/provic-root\/","url":"https:\/\/colombia.agrolac.com\/en\/producto\/provic-root\/","name":"Provic\u00ae Root - Agrolac","isPartOf":{"@id":"https:\/\/colombia.agrolac.com\/en\/#website"},"primaryImageOfPage":{"@id":"https:\/\/colombia.agrolac.com\/en\/producto\/provic-root\/#primaryimage"},"image":{"@id":"https:\/\/colombia.agrolac.com\/en\/producto\/provic-root\/#primaryimage"},"thumbnailUrl":"https:\/\/colombia.agrolac.com\/wp-content\/uploads\/2025\/10\/provic-root-raices.webp","datePublished":"2026-01-08T21:27:55+00:00","dateModified":"2026-03-02T18:22:42+00:00","description":"Provic\u00ae Root is a liquid biostimulant with mycorrhizae and rhizosphere bacteria for fertigation: it supports root development and nutrient uptake.","breadcrumb":{"@id":"https:\/\/colombia.agrolac.com\/en\/producto\/provic-root\/#breadcrumb"},"inLanguage":"en-US","potentialAction":[{"@type":"ReadAction","target":["https:\/\/colombia.agrolac.com\/en\/producto\/provic-root\/"]}]},{"@type":"ImageObject","inLanguage":"en-US","@id":"https:\/\/colombia.agrolac.com\/en\/producto\/provic-root\/#primaryimage","url":"https:\/\/colombia.agrolac.com\/wp-content\/uploads\/2025\/10\/provic-root-raices.webp","contentUrl":"https:\/\/colombia.agrolac.com\/wp-content\/uploads\/2025\/10\/provic-root-raices.webp","width":1500,"height":760},{"@type":"BreadcrumbList","@id":"https:\/\/colombia.agrolac.com\/en\/producto\/provic-root\/#breadcrumb","itemListElement":[{"@type":"ListItem","position":1,"name":"Inicio","item":"https:\/\/colombia.agrolac.com\/en\/home\/"},{"@type":"ListItem","position":2,"name":"Products","item":"https:\/\/colombia.agrolac.com\/en\/products\/"},{"@type":"ListItem","position":3,"name":"Fertilizers","item":"https:\/\/colombia.agrolac.com\/en\/categoria-producto\/fertilizers\/"},{"@type":"ListItem","position":4,"name":"Provic\u00ae Root"}]},{"@type":"WebSite","@id":"https:\/\/colombia.agrolac.com\/en\/#website","url":"https:\/\/colombia.agrolac.com\/en\/","name":"VICORQUIMIA","description":"Agrolac \u00e9s una empresa de Barcelona, fundada el 1982, especialitzada en distribuci\u00f3 de productes agroqu\u00edmics per a l&#039;agricultura europea.","publisher":{"@id":"https:\/\/colombia.agrolac.com\/en\/#organization"},"potentialAction":[{"@type":"SearchAction","target":{"@type":"EntryPoint","urlTemplate":"https:\/\/colombia.agrolac.com\/en\/?s={search_term_string}"},"query-input":{"@type":"PropertyValueSpecification","valueRequired":true,"valueName":"search_term_string"}}],"inLanguage":"en-US"},{"@type":"Organization","@id":"https:\/\/colombia.agrolac.com\/en\/#organization","name":"VICORQUIMIA","url":"https:\/\/colombia.agrolac.com\/en\/","logo":{"@type":"ImageObject","inLanguage":"en-US","@id":"https:\/\/colombia.agrolac.com\/en\/#\/schema\/logo\/image\/","url":"https:\/\/colombia.agrolac.com\/wp-content\/uploads\/2025\/10\/agrolac-logo.svg","contentUrl":"https:\/\/colombia.agrolac.com\/wp-content\/uploads\/2025\/10\/agrolac-logo.svg","caption":"VICORQUIMIA"},"image":{"@id":"https:\/\/colombia.agrolac.com\/en\/#\/schema\/logo\/image\/"},"sameAs":["https:\/\/www.linkedin.com\/company\/vicorquimia\/"]}]}},"_links":{"self":[{"href":"https:\/\/colombia.agrolac.com\/en\/wp-json\/wp\/v2\/product\/7620","targetHints":{"allow":["GET"]}}],"collection":[{"href":"https:\/\/colombia.agrolac.com\/en\/wp-json\/wp\/v2\/product"}],"about":[{"href":"https:\/\/colombia.agrolac.com\/en\/wp-json\/wp\/v2\/types\/product"}],"replies":[{"embeddable":true,"href":"https:\/\/colombia.agrolac.com\/en\/wp-json\/wp\/v2\/comments?post=7620"}],"wp:featuredmedia":[{"embeddable":true,"href":"https:\/\/colombia.agrolac.com\/en\/wp-json\/wp\/v2\/media\/5623"}],"wp:attachment":[{"href":"https:\/\/colombia.agrolac.com\/en\/wp-json\/wp\/v2\/media?parent=7620"}],"wp:term":[{"taxonomy":"certificacion","embeddable":true,"href":"https:\/\/colombia.agrolac.com\/en\/wp-json\/wp\/v2\/certificacion?post=7620"},{"taxonomy":"cultivo","embeddable":true,"href":"https:\/\/colombia.agrolac.com\/en\/wp-json\/wp\/v2\/cultivo?post=7620"},{"taxonomy":"product_brand","embeddable":true,"href":"https:\/\/colombia.agrolac.com\/en\/wp-json\/wp\/v2\/product_brand?post=7620"},{"taxonomy":"product_cat","embeddable":true,"href":"https:\/\/colombia.agrolac.com\/en\/wp-json\/wp\/v2\/product_cat?post=7620"},{"taxonomy":"product_tag","embeddable":true,"href":"https:\/\/colombia.agrolac.com\/en\/wp-json\/wp\/v2\/product_tag?post=7620"}],"curies":[{"name":"wp","href":"https:\/\/api.w.org\/{rel}","templated":true}]}}