{"id":7621,"date":"2026-01-08T22:25:03","date_gmt":"2026-01-08T21:25:03","guid":{"rendered":"http:\/\/colombia.agrolac.com\/producto\/agrolac-pga\/"},"modified":"2026-03-02T19:21:47","modified_gmt":"2026-03-02T18:21:47","slug":"agrolac-pga","status":"publish","type":"product","link":"https:\/\/colombia.agrolac.com\/en\/producto\/agrolac-pga\/","title":{"rendered":"Agrolac\u00ae PGA"},"content":{"rendered":"<h2>Agrolac\u00ae PGA<\/h2>\n<p><strong>Agrolac\u00ae PGA<\/strong> effectively contributes to revitalizing plant performance in the face of <strong>water shortage<\/strong> and various <strong>abiotic stress<\/strong> situations, such as drought, salinity, frost, atmospheric pollution, phytotoxicity, hail or wind.<\/p>\n<p>Its action is associated with its content in <strong>\u03b3-polyglutamic acid<\/strong> and <strong>free amino acids<\/strong>, which participate in physiological processes of the plant.<\/p>\n<p>These amino acids include <strong>glutamic acid<\/strong>, <strong>glycine<\/strong>, <strong>alanine<\/strong>, <strong>methionine<\/strong>, <strong>arginine<\/strong>, <strong>proline<\/strong> and <strong>tyrosine<\/strong>, related to functions such as chlorophyll synthesis, formation of new shoots, chelating action and support for the physiological balance of the plant in the different phenological stages.<\/p>\n<p>When applied to the soil, <strong>Agrolac\u00ae PGA<\/strong> provides hydrophilic capacity, improves nutrient absorption and solubility, helps to balance <strong>soil pH<\/strong>, favors the <strong>chelating effect<\/strong> of metal ions and enhances the absorption of traditional fertilizers.<\/p>\n<h3>Agronomic benefits<\/h3>\n<ul>\n<li><strong>Support against water stress and other abiotic stresses<\/strong>.<\/li>\n<li><strong>Contributes to the physiological balance<\/strong> of the plant in adverse conditions.<\/li>\n<li><strong>Promotes chlorophyll synthesis<\/strong> and the formation of new shoots.<\/li>\n<li><strong>Chelating action<\/strong> and improvement of nutrient utilization.<\/li>\n<li><strong>Improves nutrient absorption and solubility<\/strong> and aids soil pH balance.<\/li>\n<\/ul>\n<p>&nbsp;<\/p>\n<h3>Application<\/h3>\n<p>Fertilizer for <strong>foliar<\/strong> application <strong>and fertigation<\/strong>. It should be used adapting the dose and the moment of application to the crop and the agronomic situation. <\/p>\n<p>As a general rule, its use is recommended at times of maximum need of the crop, with intervals of <strong>14-21 days<\/strong>, depending on the crop and time of the cycle.<\/p>\n<h3>Remarks<\/h3>\n<p>Do not treat with temperatures higher than 30 \u00baC. Do not mix with tin-based products or mineral oils. <\/p>\n","protected":false},"excerpt":{"rendered":"<p>Product designed to regulate plant development and\u2026<\/p>\n","protected":false},"featured_media":6346,"comment_status":"closed","ping_status":"closed","template":"","meta":{"_acf_changed":false},"certificacion":[432],"cultivo":[1091,461,530,531,1167,459,1087,460,462,1165,1164,1438,529,528,1166,1088],"product_brand":[],"product_cat":[396],"product_tag":[],"class_list":{"0":"post-7621","1":"product","2":"type-product","3":"status-publish","4":"has-post-thumbnail","6":"certificacion-zero-residue","7":"cultivo-brassicas","8":"cultivo-cereals","9":"cultivo-citrus","10":"cultivo-dried-fruit","11":"cultivo-forages-and-meadows","12":"cultivo-fruit-trees","13":"cultivo-fruiting-horticultural","14":"cultivo-horticultural","15":"cultivo-industrial-crops","16":"cultivo-legumes","17":"cultivo-oilseeds","18":"cultivo-ornamentals-and-nurseries","19":"cultivo-pome-fruit-trees","20":"cultivo-stone-fruit-trees","21":"cultivo-tropical-subtropical","22":"cultivo-vid","23":"product_cat-fertilizers","25":"first","26":"instock","27":"shipping-taxable","28":"product-type-simple"},"acf":[],"yoast_head":"<!-- This site is optimized with the Yoast SEO plugin v27.2 - https:\/\/yoast.com\/product\/yoast-seo-wordpress\/ -->\n<title>Agrolac\u00ae PGA - Agrolac<\/title>\n<meta name=\"description\" content=\"Agrolac\u00ae PGA is a foliar and fertigation fertilizer with \u03b3-polyglutamic acid and amino acids to support the plant in water and abiotic stress.\" \/>\n<meta name=\"robots\" content=\"index, follow, max-snippet:-1, max-image-preview:large, max-video-preview:-1\" \/>\n<link rel=\"canonical\" href=\"https:\/\/colombia.agrolac.com\/en\/producto\/agrolac-pga\/\" \/>\n<meta property=\"og:locale\" content=\"en_US\" \/>\n<meta property=\"og:type\" content=\"article\" \/>\n<meta property=\"og:title\" content=\"Agrolac\u00ae PGA - Agrolac\" \/>\n<meta property=\"og:description\" content=\"Agrolac\u00ae PGA is a foliar and fertigation fertilizer with \u03b3-polyglutamic acid and amino acids to support the plant in water and abiotic stress.\" \/>\n<meta property=\"og:url\" content=\"https:\/\/colombia.agrolac.com\/en\/producto\/agrolac-pga\/\" \/>\n<meta property=\"og:site_name\" content=\"Agrolac\" \/>\n<meta property=\"article:modified_time\" content=\"2026-03-02T18:21:47+00:00\" \/>\n<meta property=\"og:image\" content=\"https:\/\/colombia.agrolac.com\/wp-content\/uploads\/2026\/01\/tomatera-invernadero-01.webp\" \/>\n\t<meta property=\"og:image:width\" content=\"1920\" \/>\n\t<meta property=\"og:image:height\" content=\"1114\" \/>\n\t<meta property=\"og:image:type\" content=\"image\/webp\" \/>\n<meta name=\"twitter:card\" content=\"summary_large_image\" \/>\n<meta name=\"twitter:label1\" content=\"Est. reading time\" \/>\n\t<meta name=\"twitter:data1\" content=\"1 minute\" \/>\n<script type=\"application\/ld+json\" class=\"yoast-schema-graph\">{\"@context\":\"https:\/\/schema.org\",\"@graph\":[{\"@type\":\"WebPage\",\"@id\":\"https:\/\/colombia.agrolac.com\/en\/producto\/agrolac-pga\/\",\"url\":\"https:\/\/colombia.agrolac.com\/en\/producto\/agrolac-pga\/\",\"name\":\"Agrolac\u00ae PGA - Agrolac\",\"isPartOf\":{\"@id\":\"https:\/\/colombia.agrolac.com\/en\/#website\"},\"primaryImageOfPage\":{\"@id\":\"https:\/\/colombia.agrolac.com\/en\/producto\/agrolac-pga\/#primaryimage\"},\"image\":{\"@id\":\"https:\/\/colombia.agrolac.com\/en\/producto\/agrolac-pga\/#primaryimage\"},\"thumbnailUrl\":\"https:\/\/colombia.agrolac.com\/wp-content\/uploads\/2026\/01\/tomatera-invernadero-01.webp\",\"datePublished\":\"2026-01-08T21:25:03+00:00\",\"dateModified\":\"2026-03-02T18:21:47+00:00\",\"description\":\"Agrolac\u00ae PGA is a foliar and fertigation fertilizer with \u03b3-polyglutamic acid and amino acids to support the plant in water and abiotic stress.\",\"breadcrumb\":{\"@id\":\"https:\/\/colombia.agrolac.com\/en\/producto\/agrolac-pga\/#breadcrumb\"},\"inLanguage\":\"en-US\",\"potentialAction\":[{\"@type\":\"ReadAction\",\"target\":[\"https:\/\/colombia.agrolac.com\/en\/producto\/agrolac-pga\/\"]}]},{\"@type\":\"ImageObject\",\"inLanguage\":\"en-US\",\"@id\":\"https:\/\/colombia.agrolac.com\/en\/producto\/agrolac-pga\/#primaryimage\",\"url\":\"https:\/\/colombia.agrolac.com\/wp-content\/uploads\/2026\/01\/tomatera-invernadero-01.webp\",\"contentUrl\":\"https:\/\/colombia.agrolac.com\/wp-content\/uploads\/2026\/01\/tomatera-invernadero-01.webp\",\"width\":1920,\"height\":1114},{\"@type\":\"BreadcrumbList\",\"@id\":\"https:\/\/colombia.agrolac.com\/en\/producto\/agrolac-pga\/#breadcrumb\",\"itemListElement\":[{\"@type\":\"ListItem\",\"position\":1,\"name\":\"Inicio\",\"item\":\"https:\/\/colombia.agrolac.com\/en\/home\/\"},{\"@type\":\"ListItem\",\"position\":2,\"name\":\"Products\",\"item\":\"https:\/\/colombia.agrolac.com\/en\/products\/\"},{\"@type\":\"ListItem\",\"position\":3,\"name\":\"Fertilizers\",\"item\":\"https:\/\/colombia.agrolac.com\/en\/categoria-producto\/fertilizers\/\"},{\"@type\":\"ListItem\",\"position\":4,\"name\":\"Agrolac\u00ae PGA\"}]},{\"@type\":\"WebSite\",\"@id\":\"https:\/\/colombia.agrolac.com\/en\/#website\",\"url\":\"https:\/\/colombia.agrolac.com\/en\/\",\"name\":\"VICORQUIMIA\",\"description\":\"Agrolac \u00e9s una empresa de Barcelona, fundada el 1982, especialitzada en distribuci\u00f3 de productes agroqu\u00edmics per a l&#039;agricultura europea.\",\"publisher\":{\"@id\":\"https:\/\/colombia.agrolac.com\/en\/#organization\"},\"potentialAction\":[{\"@type\":\"SearchAction\",\"target\":{\"@type\":\"EntryPoint\",\"urlTemplate\":\"https:\/\/colombia.agrolac.com\/en\/?s={search_term_string}\"},\"query-input\":{\"@type\":\"PropertyValueSpecification\",\"valueRequired\":true,\"valueName\":\"search_term_string\"}}],\"inLanguage\":\"en-US\"},{\"@type\":\"Organization\",\"@id\":\"https:\/\/colombia.agrolac.com\/en\/#organization\",\"name\":\"VICORQUIMIA\",\"url\":\"https:\/\/colombia.agrolac.com\/en\/\",\"logo\":{\"@type\":\"ImageObject\",\"inLanguage\":\"en-US\",\"@id\":\"https:\/\/colombia.agrolac.com\/en\/#\/schema\/logo\/image\/\",\"url\":\"https:\/\/colombia.agrolac.com\/wp-content\/uploads\/2025\/10\/agrolac-logo.svg\",\"contentUrl\":\"https:\/\/colombia.agrolac.com\/wp-content\/uploads\/2025\/10\/agrolac-logo.svg\",\"caption\":\"VICORQUIMIA\"},\"image\":{\"@id\":\"https:\/\/colombia.agrolac.com\/en\/#\/schema\/logo\/image\/\"},\"sameAs\":[\"https:\/\/www.linkedin.com\/company\/vicorquimia\/\"]}]}<\/script>\n<!-- \/ Yoast SEO plugin. -->","yoast_head_json":{"title":"Agrolac\u00ae PGA - Agrolac","description":"Agrolac\u00ae PGA is a foliar and fertigation fertilizer with \u03b3-polyglutamic acid and amino acids to support the plant in water and abiotic stress.","robots":{"index":"index","follow":"follow","max-snippet":"max-snippet:-1","max-image-preview":"max-image-preview:large","max-video-preview":"max-video-preview:-1"},"canonical":"https:\/\/colombia.agrolac.com\/en\/producto\/agrolac-pga\/","og_locale":"en_US","og_type":"article","og_title":"Agrolac\u00ae PGA - Agrolac","og_description":"Agrolac\u00ae PGA is a foliar and fertigation fertilizer with \u03b3-polyglutamic acid and amino acids to support the plant in water and abiotic stress.","og_url":"https:\/\/colombia.agrolac.com\/en\/producto\/agrolac-pga\/","og_site_name":"Agrolac","article_modified_time":"2026-03-02T18:21:47+00:00","og_image":[{"width":1920,"height":1114,"url":"https:\/\/colombia.agrolac.com\/wp-content\/uploads\/2026\/01\/tomatera-invernadero-01.webp","type":"image\/webp"}],"twitter_card":"summary_large_image","twitter_misc":{"Est. reading time":"1 minute"},"schema":{"@context":"https:\/\/schema.org","@graph":[{"@type":"WebPage","@id":"https:\/\/colombia.agrolac.com\/en\/producto\/agrolac-pga\/","url":"https:\/\/colombia.agrolac.com\/en\/producto\/agrolac-pga\/","name":"Agrolac\u00ae PGA - Agrolac","isPartOf":{"@id":"https:\/\/colombia.agrolac.com\/en\/#website"},"primaryImageOfPage":{"@id":"https:\/\/colombia.agrolac.com\/en\/producto\/agrolac-pga\/#primaryimage"},"image":{"@id":"https:\/\/colombia.agrolac.com\/en\/producto\/agrolac-pga\/#primaryimage"},"thumbnailUrl":"https:\/\/colombia.agrolac.com\/wp-content\/uploads\/2026\/01\/tomatera-invernadero-01.webp","datePublished":"2026-01-08T21:25:03+00:00","dateModified":"2026-03-02T18:21:47+00:00","description":"Agrolac\u00ae PGA is a foliar and fertigation fertilizer with \u03b3-polyglutamic acid and amino acids to support the plant in water and abiotic stress.","breadcrumb":{"@id":"https:\/\/colombia.agrolac.com\/en\/producto\/agrolac-pga\/#breadcrumb"},"inLanguage":"en-US","potentialAction":[{"@type":"ReadAction","target":["https:\/\/colombia.agrolac.com\/en\/producto\/agrolac-pga\/"]}]},{"@type":"ImageObject","inLanguage":"en-US","@id":"https:\/\/colombia.agrolac.com\/en\/producto\/agrolac-pga\/#primaryimage","url":"https:\/\/colombia.agrolac.com\/wp-content\/uploads\/2026\/01\/tomatera-invernadero-01.webp","contentUrl":"https:\/\/colombia.agrolac.com\/wp-content\/uploads\/2026\/01\/tomatera-invernadero-01.webp","width":1920,"height":1114},{"@type":"BreadcrumbList","@id":"https:\/\/colombia.agrolac.com\/en\/producto\/agrolac-pga\/#breadcrumb","itemListElement":[{"@type":"ListItem","position":1,"name":"Inicio","item":"https:\/\/colombia.agrolac.com\/en\/home\/"},{"@type":"ListItem","position":2,"name":"Products","item":"https:\/\/colombia.agrolac.com\/en\/products\/"},{"@type":"ListItem","position":3,"name":"Fertilizers","item":"https:\/\/colombia.agrolac.com\/en\/categoria-producto\/fertilizers\/"},{"@type":"ListItem","position":4,"name":"Agrolac\u00ae PGA"}]},{"@type":"WebSite","@id":"https:\/\/colombia.agrolac.com\/en\/#website","url":"https:\/\/colombia.agrolac.com\/en\/","name":"VICORQUIMIA","description":"Agrolac \u00e9s una empresa de Barcelona, fundada el 1982, especialitzada en distribuci\u00f3 de productes agroqu\u00edmics per a l&#039;agricultura europea.","publisher":{"@id":"https:\/\/colombia.agrolac.com\/en\/#organization"},"potentialAction":[{"@type":"SearchAction","target":{"@type":"EntryPoint","urlTemplate":"https:\/\/colombia.agrolac.com\/en\/?s={search_term_string}"},"query-input":{"@type":"PropertyValueSpecification","valueRequired":true,"valueName":"search_term_string"}}],"inLanguage":"en-US"},{"@type":"Organization","@id":"https:\/\/colombia.agrolac.com\/en\/#organization","name":"VICORQUIMIA","url":"https:\/\/colombia.agrolac.com\/en\/","logo":{"@type":"ImageObject","inLanguage":"en-US","@id":"https:\/\/colombia.agrolac.com\/en\/#\/schema\/logo\/image\/","url":"https:\/\/colombia.agrolac.com\/wp-content\/uploads\/2025\/10\/agrolac-logo.svg","contentUrl":"https:\/\/colombia.agrolac.com\/wp-content\/uploads\/2025\/10\/agrolac-logo.svg","caption":"VICORQUIMIA"},"image":{"@id":"https:\/\/colombia.agrolac.com\/en\/#\/schema\/logo\/image\/"},"sameAs":["https:\/\/www.linkedin.com\/company\/vicorquimia\/"]}]}},"_links":{"self":[{"href":"https:\/\/colombia.agrolac.com\/en\/wp-json\/wp\/v2\/product\/7621","targetHints":{"allow":["GET"]}}],"collection":[{"href":"https:\/\/colombia.agrolac.com\/en\/wp-json\/wp\/v2\/product"}],"about":[{"href":"https:\/\/colombia.agrolac.com\/en\/wp-json\/wp\/v2\/types\/product"}],"replies":[{"embeddable":true,"href":"https:\/\/colombia.agrolac.com\/en\/wp-json\/wp\/v2\/comments?post=7621"}],"wp:featuredmedia":[{"embeddable":true,"href":"https:\/\/colombia.agrolac.com\/en\/wp-json\/wp\/v2\/media\/6346"}],"wp:attachment":[{"href":"https:\/\/colombia.agrolac.com\/en\/wp-json\/wp\/v2\/media?parent=7621"}],"wp:term":[{"taxonomy":"certificacion","embeddable":true,"href":"https:\/\/colombia.agrolac.com\/en\/wp-json\/wp\/v2\/certificacion?post=7621"},{"taxonomy":"cultivo","embeddable":true,"href":"https:\/\/colombia.agrolac.com\/en\/wp-json\/wp\/v2\/cultivo?post=7621"},{"taxonomy":"product_brand","embeddable":true,"href":"https:\/\/colombia.agrolac.com\/en\/wp-json\/wp\/v2\/product_brand?post=7621"},{"taxonomy":"product_cat","embeddable":true,"href":"https:\/\/colombia.agrolac.com\/en\/wp-json\/wp\/v2\/product_cat?post=7621"},{"taxonomy":"product_tag","embeddable":true,"href":"https:\/\/colombia.agrolac.com\/en\/wp-json\/wp\/v2\/product_tag?post=7621"}],"curies":[{"name":"wp","href":"https:\/\/api.w.org\/{rel}","templated":true}]}}