{"id":7660,"date":"2026-01-08T22:15:36","date_gmt":"2026-01-08T21:15:36","guid":{"rendered":"http:\/\/colombia.agrolac.com\/producto\/agrolac-fattening\/"},"modified":"2026-03-02T19:21:18","modified_gmt":"2026-03-02T18:21:18","slug":"agrolac-fattening","status":"publish","type":"product","link":"https:\/\/colombia.agrolac.com\/en\/producto\/agrolac-fattening\/","title":{"rendered":"Agrolac\u00ae Fattening"},"content":{"rendered":"<h2>AGROLAC\u00ae FATTENING<\/h2>\n<p><strong>AGROLAC\u00ae ENGORDE<\/strong>, due to its <strong>potassium (K)<\/strong>, <strong>manganese (Mn)<\/strong>, <strong>iron (Fe)<\/strong> and <strong>zinc (Zn)<\/strong> content, together with <strong>\u03b3-polyglutamic acid<\/strong>, favors the <strong>formation of endogenous auxins and chlorophyll<\/strong>, supporting the physiological processes associated with fruit development.<\/p>\n<p>Its formulation contributes to the promotion of <strong>nitrogen<\/strong>, <strong>nucleic acids<\/strong>, <strong>vitamin C<\/strong> and <strong>carbohydrates<\/strong>, compounds that favor the <strong>movement of sap through the phloem<\/strong> to the fruit set.<\/p>\n<p>Applied at this stage of the crop, <strong>AGROLAC\u00ae ENGORDE<\/strong> acts as a <strong>bionutrient<\/strong> that helps to reduce the phenomenon of <strong>competition for photoassimilates<\/strong> between fruits and between these and the vegetative parts of the plant.<\/p>\n<p>This action contributes to <strong>fruit ripening<\/strong> and to obtaining a <strong>more uniform final size.<\/strong><\/p>\n<h3>Agronomic benefits<\/h3>\n<ul>\n<li><strong>Support for fruit fattening and ripening<\/strong>.<\/li>\n<li><strong>It favors the movement of sap<\/strong> towards the fruit set.<\/li>\n<li><strong>Helps reduce competition for photoassimilates<\/strong>.<\/li>\n<li><strong>Contributes to a more uniform final caliber<\/strong>.<\/li>\n<\/ul>\n<p>&nbsp;<\/p>\n<h3>Application<\/h3>\n<p><strong>AGROLAC\u00ae ENGORDE<\/strong> is used during the fruit fattening phase, adapting the dosage and timing of application to the needs of the crop and agronomic conditions.<\/p>\n<h3>Remarks<\/h3>\n<p>Do not treat with temperatures higher than 30 \u00baC. Do not mix with tin-based products or mineral oils. <\/p>\n","protected":false},"excerpt":{"rendered":"<p>Product designed to support the fattening and deve\u2026<\/p>\n","protected":false},"featured_media":6291,"comment_status":"closed","ping_status":"closed","template":"","meta":{"_acf_changed":false},"certificacion":[432],"cultivo":[461,530,531,459,1087,460,462,1165,1164,1093,529,528,1166,1088],"product_brand":[],"product_cat":[396],"product_tag":[],"class_list":{"0":"post-7660","1":"product","2":"type-product","3":"status-publish","4":"has-post-thumbnail","6":"certificacion-zero-residue","7":"cultivo-cereals","8":"cultivo-citrus","9":"cultivo-dried-fruit","10":"cultivo-fruit-trees","11":"cultivo-fruiting-horticultural","12":"cultivo-horticultural","13":"cultivo-industrial-crops","14":"cultivo-legumes","15":"cultivo-oilseeds","16":"cultivo-olive-tree","17":"cultivo-pome-fruit-trees","18":"cultivo-stone-fruit-trees","19":"cultivo-tropical-subtropical","20":"cultivo-vid","21":"product_cat-fertilizers","23":"first","24":"instock","25":"shipping-taxable","26":"product-type-simple"},"acf":[],"yoast_head":"<!-- This site is optimized with the Yoast SEO plugin v27.2 - https:\/\/yoast.com\/product\/yoast-seo-wordpress\/ -->\n<title>Agrolac\u00ae Fattening - Agrolac<\/title>\n<meta name=\"description\" content=\"Agrolac\u00ae Fattening% is a bio-nutrient with K, Mn, Fe and Zn and \u03b3-polyglutamic acid to support fattening and ripening and to seek a more uniform caliber.\" \/>\n<meta name=\"robots\" content=\"index, follow, max-snippet:-1, max-image-preview:large, max-video-preview:-1\" \/>\n<link rel=\"canonical\" href=\"https:\/\/colombia.agrolac.com\/en\/producto\/agrolac-fattening\/\" \/>\n<meta property=\"og:locale\" content=\"en_US\" \/>\n<meta property=\"og:type\" content=\"article\" \/>\n<meta property=\"og:title\" content=\"Agrolac\u00ae Fattening - Agrolac\" \/>\n<meta property=\"og:description\" content=\"Agrolac\u00ae Fattening% is a bio-nutrient with K, Mn, Fe and Zn and \u03b3-polyglutamic acid to support fattening and ripening and to seek a more uniform caliber.\" \/>\n<meta property=\"og:url\" content=\"https:\/\/colombia.agrolac.com\/en\/producto\/agrolac-fattening\/\" \/>\n<meta property=\"og:site_name\" content=\"Agrolac\" \/>\n<meta property=\"article:modified_time\" content=\"2026-03-02T18:21:18+00:00\" \/>\n<meta property=\"og:image\" content=\"https:\/\/colombia.agrolac.com\/wp-content\/uploads\/2026\/01\/tomates-creciendo.webp\" \/>\n\t<meta property=\"og:image:width\" content=\"1920\" \/>\n\t<meta property=\"og:image:height\" content=\"1280\" \/>\n\t<meta property=\"og:image:type\" content=\"image\/webp\" \/>\n<meta name=\"twitter:card\" content=\"summary_large_image\" \/>\n<meta name=\"twitter:label1\" content=\"Est. reading time\" \/>\n\t<meta name=\"twitter:data1\" content=\"1 minute\" \/>\n<script type=\"application\/ld+json\" class=\"yoast-schema-graph\">{\"@context\":\"https:\/\/schema.org\",\"@graph\":[{\"@type\":\"WebPage\",\"@id\":\"https:\/\/colombia.agrolac.com\/en\/producto\/agrolac-fattening\/\",\"url\":\"https:\/\/colombia.agrolac.com\/en\/producto\/agrolac-fattening\/\",\"name\":\"Agrolac\u00ae Fattening - Agrolac\",\"isPartOf\":{\"@id\":\"https:\/\/colombia.agrolac.com\/en\/#website\"},\"primaryImageOfPage\":{\"@id\":\"https:\/\/colombia.agrolac.com\/en\/producto\/agrolac-fattening\/#primaryimage\"},\"image\":{\"@id\":\"https:\/\/colombia.agrolac.com\/en\/producto\/agrolac-fattening\/#primaryimage\"},\"thumbnailUrl\":\"https:\/\/colombia.agrolac.com\/wp-content\/uploads\/2026\/01\/tomates-creciendo.webp\",\"datePublished\":\"2026-01-08T21:15:36+00:00\",\"dateModified\":\"2026-03-02T18:21:18+00:00\",\"description\":\"Agrolac\u00ae Fattening% is a bio-nutrient with K, Mn, Fe and Zn and \u03b3-polyglutamic acid to support fattening and ripening and to seek a more uniform caliber.\",\"breadcrumb\":{\"@id\":\"https:\/\/colombia.agrolac.com\/en\/producto\/agrolac-fattening\/#breadcrumb\"},\"inLanguage\":\"en-US\",\"potentialAction\":[{\"@type\":\"ReadAction\",\"target\":[\"https:\/\/colombia.agrolac.com\/en\/producto\/agrolac-fattening\/\"]}]},{\"@type\":\"ImageObject\",\"inLanguage\":\"en-US\",\"@id\":\"https:\/\/colombia.agrolac.com\/en\/producto\/agrolac-fattening\/#primaryimage\",\"url\":\"https:\/\/colombia.agrolac.com\/wp-content\/uploads\/2026\/01\/tomates-creciendo.webp\",\"contentUrl\":\"https:\/\/colombia.agrolac.com\/wp-content\/uploads\/2026\/01\/tomates-creciendo.webp\",\"width\":1920,\"height\":1280},{\"@type\":\"BreadcrumbList\",\"@id\":\"https:\/\/colombia.agrolac.com\/en\/producto\/agrolac-fattening\/#breadcrumb\",\"itemListElement\":[{\"@type\":\"ListItem\",\"position\":1,\"name\":\"Inicio\",\"item\":\"https:\/\/colombia.agrolac.com\/en\/home\/\"},{\"@type\":\"ListItem\",\"position\":2,\"name\":\"Products\",\"item\":\"https:\/\/colombia.agrolac.com\/en\/products\/\"},{\"@type\":\"ListItem\",\"position\":3,\"name\":\"Fertilizers\",\"item\":\"https:\/\/colombia.agrolac.com\/en\/categoria-producto\/fertilizers\/\"},{\"@type\":\"ListItem\",\"position\":4,\"name\":\"Agrolac\u00ae Fattening\"}]},{\"@type\":\"WebSite\",\"@id\":\"https:\/\/colombia.agrolac.com\/en\/#website\",\"url\":\"https:\/\/colombia.agrolac.com\/en\/\",\"name\":\"VICORQUIMIA\",\"description\":\"Agrolac \u00e9s una empresa de Barcelona, fundada el 1982, especialitzada en distribuci\u00f3 de productes agroqu\u00edmics per a l&#039;agricultura europea.\",\"publisher\":{\"@id\":\"https:\/\/colombia.agrolac.com\/en\/#organization\"},\"potentialAction\":[{\"@type\":\"SearchAction\",\"target\":{\"@type\":\"EntryPoint\",\"urlTemplate\":\"https:\/\/colombia.agrolac.com\/en\/?s={search_term_string}\"},\"query-input\":{\"@type\":\"PropertyValueSpecification\",\"valueRequired\":true,\"valueName\":\"search_term_string\"}}],\"inLanguage\":\"en-US\"},{\"@type\":\"Organization\",\"@id\":\"https:\/\/colombia.agrolac.com\/en\/#organization\",\"name\":\"VICORQUIMIA\",\"url\":\"https:\/\/colombia.agrolac.com\/en\/\",\"logo\":{\"@type\":\"ImageObject\",\"inLanguage\":\"en-US\",\"@id\":\"https:\/\/colombia.agrolac.com\/en\/#\/schema\/logo\/image\/\",\"url\":\"https:\/\/colombia.agrolac.com\/wp-content\/uploads\/2025\/10\/agrolac-logo.svg\",\"contentUrl\":\"https:\/\/colombia.agrolac.com\/wp-content\/uploads\/2025\/10\/agrolac-logo.svg\",\"caption\":\"VICORQUIMIA\"},\"image\":{\"@id\":\"https:\/\/colombia.agrolac.com\/en\/#\/schema\/logo\/image\/\"},\"sameAs\":[\"https:\/\/www.linkedin.com\/company\/vicorquimia\/\"]}]}<\/script>\n<!-- \/ Yoast SEO plugin. -->","yoast_head_json":{"title":"Agrolac\u00ae Fattening - Agrolac","description":"Agrolac\u00ae Fattening% is a bio-nutrient with K, Mn, Fe and Zn and \u03b3-polyglutamic acid to support fattening and ripening and to seek a more uniform caliber.","robots":{"index":"index","follow":"follow","max-snippet":"max-snippet:-1","max-image-preview":"max-image-preview:large","max-video-preview":"max-video-preview:-1"},"canonical":"https:\/\/colombia.agrolac.com\/en\/producto\/agrolac-fattening\/","og_locale":"en_US","og_type":"article","og_title":"Agrolac\u00ae Fattening - Agrolac","og_description":"Agrolac\u00ae Fattening% is a bio-nutrient with K, Mn, Fe and Zn and \u03b3-polyglutamic acid to support fattening and ripening and to seek a more uniform caliber.","og_url":"https:\/\/colombia.agrolac.com\/en\/producto\/agrolac-fattening\/","og_site_name":"Agrolac","article_modified_time":"2026-03-02T18:21:18+00:00","og_image":[{"width":1920,"height":1280,"url":"https:\/\/colombia.agrolac.com\/wp-content\/uploads\/2026\/01\/tomates-creciendo.webp","type":"image\/webp"}],"twitter_card":"summary_large_image","twitter_misc":{"Est. reading time":"1 minute"},"schema":{"@context":"https:\/\/schema.org","@graph":[{"@type":"WebPage","@id":"https:\/\/colombia.agrolac.com\/en\/producto\/agrolac-fattening\/","url":"https:\/\/colombia.agrolac.com\/en\/producto\/agrolac-fattening\/","name":"Agrolac\u00ae Fattening - Agrolac","isPartOf":{"@id":"https:\/\/colombia.agrolac.com\/en\/#website"},"primaryImageOfPage":{"@id":"https:\/\/colombia.agrolac.com\/en\/producto\/agrolac-fattening\/#primaryimage"},"image":{"@id":"https:\/\/colombia.agrolac.com\/en\/producto\/agrolac-fattening\/#primaryimage"},"thumbnailUrl":"https:\/\/colombia.agrolac.com\/wp-content\/uploads\/2026\/01\/tomates-creciendo.webp","datePublished":"2026-01-08T21:15:36+00:00","dateModified":"2026-03-02T18:21:18+00:00","description":"Agrolac\u00ae Fattening% is a bio-nutrient with K, Mn, Fe and Zn and \u03b3-polyglutamic acid to support fattening and ripening and to seek a more uniform caliber.","breadcrumb":{"@id":"https:\/\/colombia.agrolac.com\/en\/producto\/agrolac-fattening\/#breadcrumb"},"inLanguage":"en-US","potentialAction":[{"@type":"ReadAction","target":["https:\/\/colombia.agrolac.com\/en\/producto\/agrolac-fattening\/"]}]},{"@type":"ImageObject","inLanguage":"en-US","@id":"https:\/\/colombia.agrolac.com\/en\/producto\/agrolac-fattening\/#primaryimage","url":"https:\/\/colombia.agrolac.com\/wp-content\/uploads\/2026\/01\/tomates-creciendo.webp","contentUrl":"https:\/\/colombia.agrolac.com\/wp-content\/uploads\/2026\/01\/tomates-creciendo.webp","width":1920,"height":1280},{"@type":"BreadcrumbList","@id":"https:\/\/colombia.agrolac.com\/en\/producto\/agrolac-fattening\/#breadcrumb","itemListElement":[{"@type":"ListItem","position":1,"name":"Inicio","item":"https:\/\/colombia.agrolac.com\/en\/home\/"},{"@type":"ListItem","position":2,"name":"Products","item":"https:\/\/colombia.agrolac.com\/en\/products\/"},{"@type":"ListItem","position":3,"name":"Fertilizers","item":"https:\/\/colombia.agrolac.com\/en\/categoria-producto\/fertilizers\/"},{"@type":"ListItem","position":4,"name":"Agrolac\u00ae Fattening"}]},{"@type":"WebSite","@id":"https:\/\/colombia.agrolac.com\/en\/#website","url":"https:\/\/colombia.agrolac.com\/en\/","name":"VICORQUIMIA","description":"Agrolac \u00e9s una empresa de Barcelona, fundada el 1982, especialitzada en distribuci\u00f3 de productes agroqu\u00edmics per a l&#039;agricultura europea.","publisher":{"@id":"https:\/\/colombia.agrolac.com\/en\/#organization"},"potentialAction":[{"@type":"SearchAction","target":{"@type":"EntryPoint","urlTemplate":"https:\/\/colombia.agrolac.com\/en\/?s={search_term_string}"},"query-input":{"@type":"PropertyValueSpecification","valueRequired":true,"valueName":"search_term_string"}}],"inLanguage":"en-US"},{"@type":"Organization","@id":"https:\/\/colombia.agrolac.com\/en\/#organization","name":"VICORQUIMIA","url":"https:\/\/colombia.agrolac.com\/en\/","logo":{"@type":"ImageObject","inLanguage":"en-US","@id":"https:\/\/colombia.agrolac.com\/en\/#\/schema\/logo\/image\/","url":"https:\/\/colombia.agrolac.com\/wp-content\/uploads\/2025\/10\/agrolac-logo.svg","contentUrl":"https:\/\/colombia.agrolac.com\/wp-content\/uploads\/2025\/10\/agrolac-logo.svg","caption":"VICORQUIMIA"},"image":{"@id":"https:\/\/colombia.agrolac.com\/en\/#\/schema\/logo\/image\/"},"sameAs":["https:\/\/www.linkedin.com\/company\/vicorquimia\/"]}]}},"_links":{"self":[{"href":"https:\/\/colombia.agrolac.com\/en\/wp-json\/wp\/v2\/product\/7660","targetHints":{"allow":["GET"]}}],"collection":[{"href":"https:\/\/colombia.agrolac.com\/en\/wp-json\/wp\/v2\/product"}],"about":[{"href":"https:\/\/colombia.agrolac.com\/en\/wp-json\/wp\/v2\/types\/product"}],"replies":[{"embeddable":true,"href":"https:\/\/colombia.agrolac.com\/en\/wp-json\/wp\/v2\/comments?post=7660"}],"wp:featuredmedia":[{"embeddable":true,"href":"https:\/\/colombia.agrolac.com\/en\/wp-json\/wp\/v2\/media\/6291"}],"wp:attachment":[{"href":"https:\/\/colombia.agrolac.com\/en\/wp-json\/wp\/v2\/media?parent=7660"}],"wp:term":[{"taxonomy":"certificacion","embeddable":true,"href":"https:\/\/colombia.agrolac.com\/en\/wp-json\/wp\/v2\/certificacion?post=7660"},{"taxonomy":"cultivo","embeddable":true,"href":"https:\/\/colombia.agrolac.com\/en\/wp-json\/wp\/v2\/cultivo?post=7660"},{"taxonomy":"product_brand","embeddable":true,"href":"https:\/\/colombia.agrolac.com\/en\/wp-json\/wp\/v2\/product_brand?post=7660"},{"taxonomy":"product_cat","embeddable":true,"href":"https:\/\/colombia.agrolac.com\/en\/wp-json\/wp\/v2\/product_cat?post=7660"},{"taxonomy":"product_tag","embeddable":true,"href":"https:\/\/colombia.agrolac.com\/en\/wp-json\/wp\/v2\/product_tag?post=7660"}],"curies":[{"name":"wp","href":"https:\/\/api.w.org\/{rel}","templated":true}]}}