{"id":7675,"date":"2026-01-08T22:07:17","date_gmt":"2026-01-08T21:07:17","guid":{"rendered":"http:\/\/colombia.agrolac.com\/producto\/agrolac-flowering\/"},"modified":"2026-03-02T19:22:56","modified_gmt":"2026-03-02T18:22:56","slug":"agrolac-flowering","status":"publish","type":"product","link":"https:\/\/colombia.agrolac.com\/en\/producto\/agrolac-flowering\/","title":{"rendered":"Agrolac\u00ae Flowering"},"content":{"rendered":"<h2>AGROLAC\u00ae FLOWERING<\/h2>\n<p><strong>AGROLAC\u00ae<\/strong> <strong>FLOWERING<\/strong> is a fertilizer formulated for use in a key phase of the crop cycle: <strong>flowering<\/strong>. At this time, a balanced nutrition is decisive to accompany the development of the crop and its productive continuity. <\/p>\n<p>Its formulation is oriented to favor physiological and metabolic processes of the plant during this phase, contributing to a better response of the crop at times of high demand. It combines <span class=\"s1\"><b>phosphorus and potassium<\/b><\/span> with <span class=\"s1\"><b>Mg, Fe, Mn and Zn<\/b><\/span>and incorporates <span class=\"s1\"><b>\u03b3-polyglutamic acid<\/b><\/span> y <span class=\"s1\"><b>amino acids obtained by fermentation<\/b><\/span>. This formulation can be integrated in foliar nutrition programs adjusting doses and timing to each crop and agronomic situation.  <\/p>\n<p><strong>AGROLAC\u00ae<\/strong> <strong>FLOWERING<\/strong> contributes in a very effective way to improve and accelerate metabolic processes of the plant, favoring the utilization of nutrients and the movement of sap through the phloem towards the fruit set. Due to its <strong>polyglutamic acid<\/strong> content, it helps to optimize the availability and utilization of nutrients in a particularly sensitive phase of the crop, supporting a more regular evolution from flowering to fruit set.<\/p>\n<h3>Agronomic benefits<\/h3>\n<ul>\n<li><strong>Specific nutritional support during flowering<\/strong>.<\/li>\n<li><strong>It favors metabolic processes<\/strong> of the plant at a time of high demand.<\/li>\n<li><strong>Improves nutrient utilization<\/strong>.<\/li>\n<li><strong>It favors the movement of sap through the phloem<\/strong> to the fruit set.<\/li>\n<li><strong>It helps to maintain a more regular evolution<\/strong> between flowering and fruit set.<\/li>\n<\/ul>\n<p>&nbsp;<\/p>\n<h3>Application<\/h3>\n<p>Fertilizer for <strong>foliar<\/strong> application. Use adapting the dosage and timing of application to crop needs and agronomic conditions. <\/p>\n<h3>Remarks<\/h3>\n<p>Do not treat with temperatures higher than 30 \u00baC. Do not mix with tin-based products or mineral oils. <\/p>\n","protected":false},"excerpt":{"rendered":"<p>Product designed to support crop flowering and pro\u2026<\/p>\n","protected":false},"featured_media":5653,"comment_status":"closed","ping_status":"closed","template":"","meta":{"_acf_changed":false},"certificacion":[432],"cultivo":[1091,461,530,531,459,1087,460,462,1165,1164,1093,529,1092,528,1166,1088],"product_brand":[],"product_cat":[396],"product_tag":[],"class_list":{"0":"post-7675","1":"product","2":"type-product","3":"status-publish","4":"has-post-thumbnail","6":"certificacion-zero-residue","7":"cultivo-brassicas","8":"cultivo-cereals","9":"cultivo-citrus","10":"cultivo-dried-fruit","11":"cultivo-fruit-trees","12":"cultivo-fruiting-horticultural","13":"cultivo-horticultural","14":"cultivo-industrial-crops","15":"cultivo-legumes","16":"cultivo-oilseeds","17":"cultivo-olive-tree","18":"cultivo-pome-fruit-trees","19":"cultivo-root-and-bulb","20":"cultivo-stone-fruit-trees","21":"cultivo-tropical-subtropical","22":"cultivo-vid","23":"product_cat-fertilizers","25":"first","26":"instock","27":"shipping-taxable","28":"product-type-simple"},"acf":[],"yoast_head":"<!-- This site is optimized with the Yoast SEO plugin v27.2 - https:\/\/yoast.com\/product\/yoast-seo-wordpress\/ -->\n<title>Agrolac\u00ae Flowering - Agrolac<\/title>\n<meta name=\"description\" content=\"AGROLAC FLORATION is a foliar fertilizer with \u03b3-polyglutamic acid and amino acids to accompany flowering and the beginning of fruit set. Ask for a guideline.\" \/>\n<meta name=\"robots\" content=\"index, follow, max-snippet:-1, max-image-preview:large, max-video-preview:-1\" \/>\n<link rel=\"canonical\" href=\"https:\/\/colombia.agrolac.com\/en\/producto\/agrolac-flowering\/\" \/>\n<meta property=\"og:locale\" content=\"en_US\" \/>\n<meta property=\"og:type\" content=\"article\" \/>\n<meta property=\"og:title\" content=\"Agrolac\u00ae Flowering - Agrolac\" \/>\n<meta property=\"og:description\" content=\"AGROLAC FLORATION is a foliar fertilizer with \u03b3-polyglutamic acid and amino acids to accompany flowering and the beginning of fruit set. Ask for a guideline.\" \/>\n<meta property=\"og:url\" content=\"https:\/\/colombia.agrolac.com\/en\/producto\/agrolac-flowering\/\" \/>\n<meta property=\"og:site_name\" content=\"Agrolac\" \/>\n<meta property=\"article:modified_time\" content=\"2026-03-02T18:22:56+00:00\" \/>\n<meta property=\"og:image\" content=\"https:\/\/colombia.agrolac.com\/wp-content\/uploads\/2025\/10\/agrolac-floracion-almendros.webp\" \/>\n\t<meta property=\"og:image:width\" content=\"1500\" \/>\n\t<meta property=\"og:image:height\" content=\"1000\" \/>\n\t<meta property=\"og:image:type\" content=\"image\/webp\" \/>\n<meta name=\"twitter:card\" content=\"summary_large_image\" \/>\n<meta name=\"twitter:label1\" content=\"Est. reading time\" \/>\n\t<meta name=\"twitter:data1\" content=\"1 minute\" \/>\n<script type=\"application\/ld+json\" class=\"yoast-schema-graph\">{\"@context\":\"https:\/\/schema.org\",\"@graph\":[{\"@type\":\"WebPage\",\"@id\":\"https:\/\/colombia.agrolac.com\/en\/producto\/agrolac-flowering\/\",\"url\":\"https:\/\/colombia.agrolac.com\/en\/producto\/agrolac-flowering\/\",\"name\":\"Agrolac\u00ae Flowering - Agrolac\",\"isPartOf\":{\"@id\":\"https:\/\/colombia.agrolac.com\/en\/#website\"},\"primaryImageOfPage\":{\"@id\":\"https:\/\/colombia.agrolac.com\/en\/producto\/agrolac-flowering\/#primaryimage\"},\"image\":{\"@id\":\"https:\/\/colombia.agrolac.com\/en\/producto\/agrolac-flowering\/#primaryimage\"},\"thumbnailUrl\":\"https:\/\/colombia.agrolac.com\/wp-content\/uploads\/2025\/10\/agrolac-floracion-almendros.webp\",\"datePublished\":\"2026-01-08T21:07:17+00:00\",\"dateModified\":\"2026-03-02T18:22:56+00:00\",\"description\":\"AGROLAC FLORATION is a foliar fertilizer with \u03b3-polyglutamic acid and amino acids to accompany flowering and the beginning of fruit set. Ask for a guideline.\",\"breadcrumb\":{\"@id\":\"https:\/\/colombia.agrolac.com\/en\/producto\/agrolac-flowering\/#breadcrumb\"},\"inLanguage\":\"en-US\",\"potentialAction\":[{\"@type\":\"ReadAction\",\"target\":[\"https:\/\/colombia.agrolac.com\/en\/producto\/agrolac-flowering\/\"]}]},{\"@type\":\"ImageObject\",\"inLanguage\":\"en-US\",\"@id\":\"https:\/\/colombia.agrolac.com\/en\/producto\/agrolac-flowering\/#primaryimage\",\"url\":\"https:\/\/colombia.agrolac.com\/wp-content\/uploads\/2025\/10\/agrolac-floracion-almendros.webp\",\"contentUrl\":\"https:\/\/colombia.agrolac.com\/wp-content\/uploads\/2025\/10\/agrolac-floracion-almendros.webp\",\"width\":1500,\"height\":1000},{\"@type\":\"BreadcrumbList\",\"@id\":\"https:\/\/colombia.agrolac.com\/en\/producto\/agrolac-flowering\/#breadcrumb\",\"itemListElement\":[{\"@type\":\"ListItem\",\"position\":1,\"name\":\"Inicio\",\"item\":\"https:\/\/colombia.agrolac.com\/en\/home\/\"},{\"@type\":\"ListItem\",\"position\":2,\"name\":\"Products\",\"item\":\"https:\/\/colombia.agrolac.com\/en\/products\/\"},{\"@type\":\"ListItem\",\"position\":3,\"name\":\"Fertilizers\",\"item\":\"https:\/\/colombia.agrolac.com\/en\/categoria-producto\/fertilizers\/\"},{\"@type\":\"ListItem\",\"position\":4,\"name\":\"Agrolac\u00ae Flowering\"}]},{\"@type\":\"WebSite\",\"@id\":\"https:\/\/colombia.agrolac.com\/en\/#website\",\"url\":\"https:\/\/colombia.agrolac.com\/en\/\",\"name\":\"VICORQUIMIA\",\"description\":\"Agrolac \u00e9s una empresa de Barcelona, fundada el 1982, especialitzada en distribuci\u00f3 de productes agroqu\u00edmics per a l&#039;agricultura europea.\",\"publisher\":{\"@id\":\"https:\/\/colombia.agrolac.com\/en\/#organization\"},\"potentialAction\":[{\"@type\":\"SearchAction\",\"target\":{\"@type\":\"EntryPoint\",\"urlTemplate\":\"https:\/\/colombia.agrolac.com\/en\/?s={search_term_string}\"},\"query-input\":{\"@type\":\"PropertyValueSpecification\",\"valueRequired\":true,\"valueName\":\"search_term_string\"}}],\"inLanguage\":\"en-US\"},{\"@type\":\"Organization\",\"@id\":\"https:\/\/colombia.agrolac.com\/en\/#organization\",\"name\":\"VICORQUIMIA\",\"url\":\"https:\/\/colombia.agrolac.com\/en\/\",\"logo\":{\"@type\":\"ImageObject\",\"inLanguage\":\"en-US\",\"@id\":\"https:\/\/colombia.agrolac.com\/en\/#\/schema\/logo\/image\/\",\"url\":\"https:\/\/colombia.agrolac.com\/wp-content\/uploads\/2025\/10\/agrolac-logo.svg\",\"contentUrl\":\"https:\/\/colombia.agrolac.com\/wp-content\/uploads\/2025\/10\/agrolac-logo.svg\",\"caption\":\"VICORQUIMIA\"},\"image\":{\"@id\":\"https:\/\/colombia.agrolac.com\/en\/#\/schema\/logo\/image\/\"},\"sameAs\":[\"https:\/\/www.linkedin.com\/company\/vicorquimia\/\"]}]}<\/script>\n<!-- \/ Yoast SEO plugin. -->","yoast_head_json":{"title":"Agrolac\u00ae Flowering - Agrolac","description":"AGROLAC FLORATION is a foliar fertilizer with \u03b3-polyglutamic acid and amino acids to accompany flowering and the beginning of fruit set. Ask for a guideline.","robots":{"index":"index","follow":"follow","max-snippet":"max-snippet:-1","max-image-preview":"max-image-preview:large","max-video-preview":"max-video-preview:-1"},"canonical":"https:\/\/colombia.agrolac.com\/en\/producto\/agrolac-flowering\/","og_locale":"en_US","og_type":"article","og_title":"Agrolac\u00ae Flowering - Agrolac","og_description":"AGROLAC FLORATION is a foliar fertilizer with \u03b3-polyglutamic acid and amino acids to accompany flowering and the beginning of fruit set. Ask for a guideline.","og_url":"https:\/\/colombia.agrolac.com\/en\/producto\/agrolac-flowering\/","og_site_name":"Agrolac","article_modified_time":"2026-03-02T18:22:56+00:00","og_image":[{"width":1500,"height":1000,"url":"https:\/\/colombia.agrolac.com\/wp-content\/uploads\/2025\/10\/agrolac-floracion-almendros.webp","type":"image\/webp"}],"twitter_card":"summary_large_image","twitter_misc":{"Est. reading time":"1 minute"},"schema":{"@context":"https:\/\/schema.org","@graph":[{"@type":"WebPage","@id":"https:\/\/colombia.agrolac.com\/en\/producto\/agrolac-flowering\/","url":"https:\/\/colombia.agrolac.com\/en\/producto\/agrolac-flowering\/","name":"Agrolac\u00ae Flowering - Agrolac","isPartOf":{"@id":"https:\/\/colombia.agrolac.com\/en\/#website"},"primaryImageOfPage":{"@id":"https:\/\/colombia.agrolac.com\/en\/producto\/agrolac-flowering\/#primaryimage"},"image":{"@id":"https:\/\/colombia.agrolac.com\/en\/producto\/agrolac-flowering\/#primaryimage"},"thumbnailUrl":"https:\/\/colombia.agrolac.com\/wp-content\/uploads\/2025\/10\/agrolac-floracion-almendros.webp","datePublished":"2026-01-08T21:07:17+00:00","dateModified":"2026-03-02T18:22:56+00:00","description":"AGROLAC FLORATION is a foliar fertilizer with \u03b3-polyglutamic acid and amino acids to accompany flowering and the beginning of fruit set. Ask for a guideline.","breadcrumb":{"@id":"https:\/\/colombia.agrolac.com\/en\/producto\/agrolac-flowering\/#breadcrumb"},"inLanguage":"en-US","potentialAction":[{"@type":"ReadAction","target":["https:\/\/colombia.agrolac.com\/en\/producto\/agrolac-flowering\/"]}]},{"@type":"ImageObject","inLanguage":"en-US","@id":"https:\/\/colombia.agrolac.com\/en\/producto\/agrolac-flowering\/#primaryimage","url":"https:\/\/colombia.agrolac.com\/wp-content\/uploads\/2025\/10\/agrolac-floracion-almendros.webp","contentUrl":"https:\/\/colombia.agrolac.com\/wp-content\/uploads\/2025\/10\/agrolac-floracion-almendros.webp","width":1500,"height":1000},{"@type":"BreadcrumbList","@id":"https:\/\/colombia.agrolac.com\/en\/producto\/agrolac-flowering\/#breadcrumb","itemListElement":[{"@type":"ListItem","position":1,"name":"Inicio","item":"https:\/\/colombia.agrolac.com\/en\/home\/"},{"@type":"ListItem","position":2,"name":"Products","item":"https:\/\/colombia.agrolac.com\/en\/products\/"},{"@type":"ListItem","position":3,"name":"Fertilizers","item":"https:\/\/colombia.agrolac.com\/en\/categoria-producto\/fertilizers\/"},{"@type":"ListItem","position":4,"name":"Agrolac\u00ae Flowering"}]},{"@type":"WebSite","@id":"https:\/\/colombia.agrolac.com\/en\/#website","url":"https:\/\/colombia.agrolac.com\/en\/","name":"VICORQUIMIA","description":"Agrolac \u00e9s una empresa de Barcelona, fundada el 1982, especialitzada en distribuci\u00f3 de productes agroqu\u00edmics per a l&#039;agricultura europea.","publisher":{"@id":"https:\/\/colombia.agrolac.com\/en\/#organization"},"potentialAction":[{"@type":"SearchAction","target":{"@type":"EntryPoint","urlTemplate":"https:\/\/colombia.agrolac.com\/en\/?s={search_term_string}"},"query-input":{"@type":"PropertyValueSpecification","valueRequired":true,"valueName":"search_term_string"}}],"inLanguage":"en-US"},{"@type":"Organization","@id":"https:\/\/colombia.agrolac.com\/en\/#organization","name":"VICORQUIMIA","url":"https:\/\/colombia.agrolac.com\/en\/","logo":{"@type":"ImageObject","inLanguage":"en-US","@id":"https:\/\/colombia.agrolac.com\/en\/#\/schema\/logo\/image\/","url":"https:\/\/colombia.agrolac.com\/wp-content\/uploads\/2025\/10\/agrolac-logo.svg","contentUrl":"https:\/\/colombia.agrolac.com\/wp-content\/uploads\/2025\/10\/agrolac-logo.svg","caption":"VICORQUIMIA"},"image":{"@id":"https:\/\/colombia.agrolac.com\/en\/#\/schema\/logo\/image\/"},"sameAs":["https:\/\/www.linkedin.com\/company\/vicorquimia\/"]}]}},"_links":{"self":[{"href":"https:\/\/colombia.agrolac.com\/en\/wp-json\/wp\/v2\/product\/7675","targetHints":{"allow":["GET"]}}],"collection":[{"href":"https:\/\/colombia.agrolac.com\/en\/wp-json\/wp\/v2\/product"}],"about":[{"href":"https:\/\/colombia.agrolac.com\/en\/wp-json\/wp\/v2\/types\/product"}],"replies":[{"embeddable":true,"href":"https:\/\/colombia.agrolac.com\/en\/wp-json\/wp\/v2\/comments?post=7675"}],"wp:featuredmedia":[{"embeddable":true,"href":"https:\/\/colombia.agrolac.com\/en\/wp-json\/wp\/v2\/media\/5653"}],"wp:attachment":[{"href":"https:\/\/colombia.agrolac.com\/en\/wp-json\/wp\/v2\/media?parent=7675"}],"wp:term":[{"taxonomy":"certificacion","embeddable":true,"href":"https:\/\/colombia.agrolac.com\/en\/wp-json\/wp\/v2\/certificacion?post=7675"},{"taxonomy":"cultivo","embeddable":true,"href":"https:\/\/colombia.agrolac.com\/en\/wp-json\/wp\/v2\/cultivo?post=7675"},{"taxonomy":"product_brand","embeddable":true,"href":"https:\/\/colombia.agrolac.com\/en\/wp-json\/wp\/v2\/product_brand?post=7675"},{"taxonomy":"product_cat","embeddable":true,"href":"https:\/\/colombia.agrolac.com\/en\/wp-json\/wp\/v2\/product_cat?post=7675"},{"taxonomy":"product_tag","embeddable":true,"href":"https:\/\/colombia.agrolac.com\/en\/wp-json\/wp\/v2\/product_tag?post=7675"}],"curies":[{"name":"wp","href":"https:\/\/api.w.org\/{rel}","templated":true}]}}