{"id":7682,"date":"2026-01-08T09:44:42","date_gmt":"2026-01-08T08:44:42","guid":{"rendered":"http:\/\/colombia.agrolac.com\/producto\/trap-burst\/"},"modified":"2026-03-02T19:20:40","modified_gmt":"2026-03-02T18:20:40","slug":"trap-burst","status":"publish","type":"product","link":"https:\/\/colombia.agrolac.com\/en\/producto\/trap-burst\/","title":{"rendered":"Trap Burst"},"content":{"rendered":"<h2>Trap Burst<\/h2>\n<p><strong>RAPHAGA TRAP<\/strong> is an <strong>insecticidal trap<\/strong> formulated with <strong>deltamethrin, <\/strong>a synthetic pyrethroid of high activity<strong>, NON-SYSTEMIC <\/strong>that acts at very low doses <strong>(0.015g\/trap). <\/strong>The trap is presented as a <strong>ready to use bait<\/strong>, indicated for the control of <strong>fruit flies (<em>Ceratitis capitata<\/em>)<\/strong>.<\/p>\n<p>It is presented in the <strong>form of a ready-to-use trap<\/strong>, which facilitates its placement in the field in authorized crops. Its active material acts by <strong>contact and ingestion<\/strong>. <\/p>\n<p>R\u00c1FAGA TRAP is indicated for use in <strong>citrus<\/strong> (main crop to be highlighted) and also in other authorized crops such as stone fruit trees, pome fruit trees, kiwi and tropical fruits, according to conditions of use.<\/p>\n<h3>Product features<\/h3>\n<ul>\n<li><strong>Active ingredient:<\/strong> deltamethrin.<\/li>\n<li><strong>Formulation:<\/strong> bait (ready to use) (RB).<\/li>\n<li>Bait trap ready to be placed in the field.<\/li>\n<li>Insecticidal action by contact and ingestion.<\/li>\n<li>Indicated for the control of <em>Ceratitis capitata<\/em>.<\/li>\n<\/ul>\n<h3>General use<\/h3>\n<ul>\n<li>Placement of traps in the crop as indicated for each authorized use.<\/li>\n<li>Indicative dosage in crop table: <strong>50-80 traps\/ha<\/strong> (according to pest pressure).<\/li>\n<li><strong>1 treatment per season<\/strong> (according to crop information provided).<\/li>\n<li><strong>Safety period:<\/strong> not applicable (according to the table provided).<\/li>\n<\/ul>\n<h3>Observations and safety<\/h3>\n<ul>\n<li><strong>EUH210:<\/strong> Safety data sheet available on request.<\/li>\n<li><strong>H410:<\/strong> Very toxic to aquatic life with long lasting effects.<\/li>\n<li><strong>P262:<\/strong> Avoid contact with eyes, skin or clothing.<\/li>\n<li><strong>P273:<\/strong> Avoid release to the environment.<\/li>\n<li><strong>P391:<\/strong> Collect spillage.<\/li>\n<li><strong>P501:<\/strong> Dispose of contents and\/or container in accordance with hazardous waste regulations.<\/li>\n<\/ul>\n","protected":false},"excerpt":{"rendered":"<p>Trapping system for monitoring and control of inse\u2026<\/p>\n","protected":false},"featured_media":6217,"comment_status":"closed","ping_status":"closed","template":"","meta":{"_acf_changed":false},"certificacion":[],"cultivo":[530,459,529,528,1166],"product_brand":[],"product_cat":[411],"product_tag":[],"class_list":{"0":"post-7682","1":"product","2":"type-product","3":"status-publish","4":"has-post-thumbnail","6":"cultivo-citrus","7":"cultivo-fruit-trees","8":"cultivo-pome-fruit-trees","9":"cultivo-stone-fruit-trees","10":"cultivo-tropical-subtropical","11":"product_cat-insecticides","13":"first","14":"instock","15":"shipping-taxable","16":"product-type-simple"},"acf":[],"yoast_head":"<!-- This site is optimized with the Yoast SEO plugin v27.2 - https:\/\/yoast.com\/product\/yoast-seo-wordpress\/ -->\n<title>Trap Burst - Agrolac<\/title>\n<meta name=\"description\" content=\"Trap Burst% is a ready-to-use deltamethrin bait trap for the control of fruit flies (Ceratitis capitata). Recommended for citrus and other authorized crops.\" \/>\n<meta name=\"robots\" content=\"index, follow, max-snippet:-1, max-image-preview:large, max-video-preview:-1\" \/>\n<link rel=\"canonical\" href=\"https:\/\/colombia.agrolac.com\/en\/producto\/trap-burst\/\" \/>\n<meta property=\"og:locale\" content=\"en_US\" \/>\n<meta property=\"og:type\" content=\"article\" \/>\n<meta property=\"og:title\" content=\"Trap Burst - Agrolac\" \/>\n<meta property=\"og:description\" content=\"Trap Burst% is a ready-to-use deltamethrin bait trap for the control of fruit flies (Ceratitis capitata). Recommended for citrus and other authorized crops.\" \/>\n<meta property=\"og:url\" content=\"https:\/\/colombia.agrolac.com\/en\/producto\/trap-burst\/\" \/>\n<meta property=\"og:site_name\" content=\"Agrolac\" \/>\n<meta property=\"article:modified_time\" content=\"2026-03-02T18:20:40+00:00\" \/>\n<meta property=\"og:image\" content=\"https:\/\/colombia.agrolac.com\/wp-content\/uploads\/2026\/01\/clementinas-campo.webp\" \/>\n\t<meta property=\"og:image:width\" content=\"1920\" \/>\n\t<meta property=\"og:image:height\" content=\"1080\" \/>\n\t<meta property=\"og:image:type\" content=\"image\/webp\" \/>\n<meta name=\"twitter:card\" content=\"summary_large_image\" \/>\n<meta name=\"twitter:label1\" content=\"Est. reading time\" \/>\n\t<meta name=\"twitter:data1\" content=\"1 minute\" \/>\n<script type=\"application\/ld+json\" class=\"yoast-schema-graph\">{\"@context\":\"https:\/\/schema.org\",\"@graph\":[{\"@type\":\"WebPage\",\"@id\":\"https:\/\/colombia.agrolac.com\/en\/producto\/trap-burst\/\",\"url\":\"https:\/\/colombia.agrolac.com\/en\/producto\/trap-burst\/\",\"name\":\"Trap Burst - Agrolac\",\"isPartOf\":{\"@id\":\"https:\/\/colombia.agrolac.com\/en\/#website\"},\"primaryImageOfPage\":{\"@id\":\"https:\/\/colombia.agrolac.com\/en\/producto\/trap-burst\/#primaryimage\"},\"image\":{\"@id\":\"https:\/\/colombia.agrolac.com\/en\/producto\/trap-burst\/#primaryimage\"},\"thumbnailUrl\":\"https:\/\/colombia.agrolac.com\/wp-content\/uploads\/2026\/01\/clementinas-campo.webp\",\"datePublished\":\"2026-01-08T08:44:42+00:00\",\"dateModified\":\"2026-03-02T18:20:40+00:00\",\"description\":\"Trap Burst% is a ready-to-use deltamethrin bait trap for the control of fruit flies (Ceratitis capitata). Recommended for citrus and other authorized crops.\",\"breadcrumb\":{\"@id\":\"https:\/\/colombia.agrolac.com\/en\/producto\/trap-burst\/#breadcrumb\"},\"inLanguage\":\"en-US\",\"potentialAction\":[{\"@type\":\"ReadAction\",\"target\":[\"https:\/\/colombia.agrolac.com\/en\/producto\/trap-burst\/\"]}]},{\"@type\":\"ImageObject\",\"inLanguage\":\"en-US\",\"@id\":\"https:\/\/colombia.agrolac.com\/en\/producto\/trap-burst\/#primaryimage\",\"url\":\"https:\/\/colombia.agrolac.com\/wp-content\/uploads\/2026\/01\/clementinas-campo.webp\",\"contentUrl\":\"https:\/\/colombia.agrolac.com\/wp-content\/uploads\/2026\/01\/clementinas-campo.webp\",\"width\":1920,\"height\":1080},{\"@type\":\"BreadcrumbList\",\"@id\":\"https:\/\/colombia.agrolac.com\/en\/producto\/trap-burst\/#breadcrumb\",\"itemListElement\":[{\"@type\":\"ListItem\",\"position\":1,\"name\":\"Inicio\",\"item\":\"https:\/\/colombia.agrolac.com\/en\/home\/\"},{\"@type\":\"ListItem\",\"position\":2,\"name\":\"Products\",\"item\":\"https:\/\/colombia.agrolac.com\/en\/products\/\"},{\"@type\":\"ListItem\",\"position\":3,\"name\":\"Insecticides\",\"item\":\"https:\/\/colombia.agrolac.com\/en\/categoria-producto\/insecticides\/\"},{\"@type\":\"ListItem\",\"position\":4,\"name\":\"Trap Burst\"}]},{\"@type\":\"WebSite\",\"@id\":\"https:\/\/colombia.agrolac.com\/en\/#website\",\"url\":\"https:\/\/colombia.agrolac.com\/en\/\",\"name\":\"VICORQUIMIA\",\"description\":\"Agrolac \u00e9s una empresa de Barcelona, fundada el 1982, especialitzada en distribuci\u00f3 de productes agroqu\u00edmics per a l&#039;agricultura europea.\",\"publisher\":{\"@id\":\"https:\/\/colombia.agrolac.com\/en\/#organization\"},\"potentialAction\":[{\"@type\":\"SearchAction\",\"target\":{\"@type\":\"EntryPoint\",\"urlTemplate\":\"https:\/\/colombia.agrolac.com\/en\/?s={search_term_string}\"},\"query-input\":{\"@type\":\"PropertyValueSpecification\",\"valueRequired\":true,\"valueName\":\"search_term_string\"}}],\"inLanguage\":\"en-US\"},{\"@type\":\"Organization\",\"@id\":\"https:\/\/colombia.agrolac.com\/en\/#organization\",\"name\":\"VICORQUIMIA\",\"url\":\"https:\/\/colombia.agrolac.com\/en\/\",\"logo\":{\"@type\":\"ImageObject\",\"inLanguage\":\"en-US\",\"@id\":\"https:\/\/colombia.agrolac.com\/en\/#\/schema\/logo\/image\/\",\"url\":\"https:\/\/colombia.agrolac.com\/wp-content\/uploads\/2025\/10\/agrolac-logo.svg\",\"contentUrl\":\"https:\/\/colombia.agrolac.com\/wp-content\/uploads\/2025\/10\/agrolac-logo.svg\",\"caption\":\"VICORQUIMIA\"},\"image\":{\"@id\":\"https:\/\/colombia.agrolac.com\/en\/#\/schema\/logo\/image\/\"},\"sameAs\":[\"https:\/\/www.linkedin.com\/company\/vicorquimia\/\"]}]}<\/script>\n<!-- \/ Yoast SEO plugin. -->","yoast_head_json":{"title":"Trap Burst - Agrolac","description":"Trap Burst% is a ready-to-use deltamethrin bait trap for the control of fruit flies (Ceratitis capitata). Recommended for citrus and other authorized crops.","robots":{"index":"index","follow":"follow","max-snippet":"max-snippet:-1","max-image-preview":"max-image-preview:large","max-video-preview":"max-video-preview:-1"},"canonical":"https:\/\/colombia.agrolac.com\/en\/producto\/trap-burst\/","og_locale":"en_US","og_type":"article","og_title":"Trap Burst - Agrolac","og_description":"Trap Burst% is a ready-to-use deltamethrin bait trap for the control of fruit flies (Ceratitis capitata). Recommended for citrus and other authorized crops.","og_url":"https:\/\/colombia.agrolac.com\/en\/producto\/trap-burst\/","og_site_name":"Agrolac","article_modified_time":"2026-03-02T18:20:40+00:00","og_image":[{"width":1920,"height":1080,"url":"https:\/\/colombia.agrolac.com\/wp-content\/uploads\/2026\/01\/clementinas-campo.webp","type":"image\/webp"}],"twitter_card":"summary_large_image","twitter_misc":{"Est. reading time":"1 minute"},"schema":{"@context":"https:\/\/schema.org","@graph":[{"@type":"WebPage","@id":"https:\/\/colombia.agrolac.com\/en\/producto\/trap-burst\/","url":"https:\/\/colombia.agrolac.com\/en\/producto\/trap-burst\/","name":"Trap Burst - Agrolac","isPartOf":{"@id":"https:\/\/colombia.agrolac.com\/en\/#website"},"primaryImageOfPage":{"@id":"https:\/\/colombia.agrolac.com\/en\/producto\/trap-burst\/#primaryimage"},"image":{"@id":"https:\/\/colombia.agrolac.com\/en\/producto\/trap-burst\/#primaryimage"},"thumbnailUrl":"https:\/\/colombia.agrolac.com\/wp-content\/uploads\/2026\/01\/clementinas-campo.webp","datePublished":"2026-01-08T08:44:42+00:00","dateModified":"2026-03-02T18:20:40+00:00","description":"Trap Burst% is a ready-to-use deltamethrin bait trap for the control of fruit flies (Ceratitis capitata). Recommended for citrus and other authorized crops.","breadcrumb":{"@id":"https:\/\/colombia.agrolac.com\/en\/producto\/trap-burst\/#breadcrumb"},"inLanguage":"en-US","potentialAction":[{"@type":"ReadAction","target":["https:\/\/colombia.agrolac.com\/en\/producto\/trap-burst\/"]}]},{"@type":"ImageObject","inLanguage":"en-US","@id":"https:\/\/colombia.agrolac.com\/en\/producto\/trap-burst\/#primaryimage","url":"https:\/\/colombia.agrolac.com\/wp-content\/uploads\/2026\/01\/clementinas-campo.webp","contentUrl":"https:\/\/colombia.agrolac.com\/wp-content\/uploads\/2026\/01\/clementinas-campo.webp","width":1920,"height":1080},{"@type":"BreadcrumbList","@id":"https:\/\/colombia.agrolac.com\/en\/producto\/trap-burst\/#breadcrumb","itemListElement":[{"@type":"ListItem","position":1,"name":"Inicio","item":"https:\/\/colombia.agrolac.com\/en\/home\/"},{"@type":"ListItem","position":2,"name":"Products","item":"https:\/\/colombia.agrolac.com\/en\/products\/"},{"@type":"ListItem","position":3,"name":"Insecticides","item":"https:\/\/colombia.agrolac.com\/en\/categoria-producto\/insecticides\/"},{"@type":"ListItem","position":4,"name":"Trap Burst"}]},{"@type":"WebSite","@id":"https:\/\/colombia.agrolac.com\/en\/#website","url":"https:\/\/colombia.agrolac.com\/en\/","name":"VICORQUIMIA","description":"Agrolac \u00e9s una empresa de Barcelona, fundada el 1982, especialitzada en distribuci\u00f3 de productes agroqu\u00edmics per a l&#039;agricultura europea.","publisher":{"@id":"https:\/\/colombia.agrolac.com\/en\/#organization"},"potentialAction":[{"@type":"SearchAction","target":{"@type":"EntryPoint","urlTemplate":"https:\/\/colombia.agrolac.com\/en\/?s={search_term_string}"},"query-input":{"@type":"PropertyValueSpecification","valueRequired":true,"valueName":"search_term_string"}}],"inLanguage":"en-US"},{"@type":"Organization","@id":"https:\/\/colombia.agrolac.com\/en\/#organization","name":"VICORQUIMIA","url":"https:\/\/colombia.agrolac.com\/en\/","logo":{"@type":"ImageObject","inLanguage":"en-US","@id":"https:\/\/colombia.agrolac.com\/en\/#\/schema\/logo\/image\/","url":"https:\/\/colombia.agrolac.com\/wp-content\/uploads\/2025\/10\/agrolac-logo.svg","contentUrl":"https:\/\/colombia.agrolac.com\/wp-content\/uploads\/2025\/10\/agrolac-logo.svg","caption":"VICORQUIMIA"},"image":{"@id":"https:\/\/colombia.agrolac.com\/en\/#\/schema\/logo\/image\/"},"sameAs":["https:\/\/www.linkedin.com\/company\/vicorquimia\/"]}]}},"_links":{"self":[{"href":"https:\/\/colombia.agrolac.com\/en\/wp-json\/wp\/v2\/product\/7682","targetHints":{"allow":["GET"]}}],"collection":[{"href":"https:\/\/colombia.agrolac.com\/en\/wp-json\/wp\/v2\/product"}],"about":[{"href":"https:\/\/colombia.agrolac.com\/en\/wp-json\/wp\/v2\/types\/product"}],"replies":[{"embeddable":true,"href":"https:\/\/colombia.agrolac.com\/en\/wp-json\/wp\/v2\/comments?post=7682"}],"wp:featuredmedia":[{"embeddable":true,"href":"https:\/\/colombia.agrolac.com\/en\/wp-json\/wp\/v2\/media\/6217"}],"wp:attachment":[{"href":"https:\/\/colombia.agrolac.com\/en\/wp-json\/wp\/v2\/media?parent=7682"}],"wp:term":[{"taxonomy":"certificacion","embeddable":true,"href":"https:\/\/colombia.agrolac.com\/en\/wp-json\/wp\/v2\/certificacion?post=7682"},{"taxonomy":"cultivo","embeddable":true,"href":"https:\/\/colombia.agrolac.com\/en\/wp-json\/wp\/v2\/cultivo?post=7682"},{"taxonomy":"product_brand","embeddable":true,"href":"https:\/\/colombia.agrolac.com\/en\/wp-json\/wp\/v2\/product_brand?post=7682"},{"taxonomy":"product_cat","embeddable":true,"href":"https:\/\/colombia.agrolac.com\/en\/wp-json\/wp\/v2\/product_cat?post=7682"},{"taxonomy":"product_tag","embeddable":true,"href":"https:\/\/colombia.agrolac.com\/en\/wp-json\/wp\/v2\/product_tag?post=7682"}],"curies":[{"name":"wp","href":"https:\/\/api.w.org\/{rel}","templated":true}]}}