{"id":7683,"date":"2026-01-08T21:55:22","date_gmt":"2026-01-08T20:55:22","guid":{"rendered":"http:\/\/colombia.agrolac.com\/producto\/olitrap-blast\/"},"modified":"2026-03-02T19:22:57","modified_gmt":"2026-03-02T18:22:57","slug":"olitrap-blast","status":"publish","type":"product","link":"https:\/\/colombia.agrolac.com\/en\/producto\/olitrap-blast\/","title":{"rendered":"Olitrap Blast"},"content":{"rendered":"<h2>Olitrap Blast<\/h2>\n<p><strong>R\u00c1FAGA OLITRAP<\/strong> is an <strong>insecticide trap<\/strong> formulated with <strong>deltamethrin 0.015% w\/w<\/strong> (0.015 g per trap), prepared to attract the <strong>olive fruit fly (<em>Bactrocera oleae<\/em>)<\/strong> into the trap, where it kills the insect.<\/p>\n<p>It is presented as a <strong>ready-to-use bait<\/strong> and is designed for the <strong>capture of adult (male and female)<\/strong> olive fruit flies.<\/p>\n<p>The system consists of a <strong>trap<\/strong>, a <strong>lid impregnated with deltamethrin<\/strong> (contact insecticide) and a <strong>solid attractant<\/strong> specific for <em>Bactrocera oleae<\/em>, with high persistence.<\/p>\n<p>In addition to control, the design allows <strong>visualization of catches<\/strong> and <strong>monitoring of the population<\/strong> in the plot.<\/p>\n<h3>Product features<\/h3>\n<ul>\n<li><strong>Deltamethrin 0.015% w\/w<\/strong> (0.015 g per trap).<\/li>\n<li>Trap with incorporated bait, ready to use.<\/li>\n<li>Suitable for <strong>olive fruit fly (<em>Bactrocera oleae<\/em>)<\/strong>.<\/li>\n<li>Capture of adults (males and females).<\/li>\n<li>Allows control and monitoring of the population in the field.<\/li>\n<\/ul>\n<h3>Mode of use (according to information provided)<\/h3>\n<ul>\n<li>Place on the <strong>tree at head height<\/strong>, on the <strong>south side<\/strong> and in a <strong>leafless area<\/strong>.<\/li>\n<li>Place the trap at a distance of approximately <strong>1-1.5 m from the trunk.<\/strong><\/li>\n<li>Place <strong>1 trap per tree<\/strong>.<\/li>\n<li>Install <strong>3 months before harvest<\/strong> and before the onset of fly activity (before color change).<\/li>\n<\/ul>\n<h3>Safety information<\/h3>\n<ul>\n<li><strong>EUH210:<\/strong> Safety data sheet available on request.<\/li>\n<li><strong>H410:<\/strong> Very toxic to aquatic life with long lasting effects.<\/li>\n<li><strong>P262:<\/strong> Avoid contact with eyes, skin or clothing.<\/li>\n<li><strong>P273:<\/strong> Avoid release to the environment.<\/li>\n<li><strong>P391:<\/strong> Collect spillage.<\/li>\n<li><strong>P501:<\/strong> Dispose of contents and\/or container in accordance with hazardous waste regulations.<\/li>\n<\/ul>\n","protected":false},"excerpt":{"rendered":"<p>Trapping system for monitoring and tracking insect\u2026<\/p>\n","protected":false},"featured_media":5605,"comment_status":"closed","ping_status":"closed","template":"","meta":{"_acf_changed":false},"certificacion":[],"cultivo":[1093],"product_brand":[],"product_cat":[411],"product_tag":[],"class_list":{"0":"post-7683","1":"product","2":"type-product","3":"status-publish","4":"has-post-thumbnail","6":"cultivo-olive-tree","7":"product_cat-insecticides","9":"first","10":"instock","11":"shipping-taxable","12":"product-type-simple"},"acf":[],"yoast_head":"<!-- This site is optimized with the Yoast SEO plugin v27.2 - https:\/\/yoast.com\/product\/yoast-seo-wordpress\/ -->\n<title>Olitrap Blast - Agrolac<\/title>\n<meta name=\"description\" content=\"Olitrap Blast% is a trap-bait with deltamethrin to capture adult olive fruit flies (Bactrocera oleae). Allows control and monitoring of the population in the field.\" \/>\n<meta name=\"robots\" content=\"index, follow, max-snippet:-1, max-image-preview:large, max-video-preview:-1\" \/>\n<link rel=\"canonical\" href=\"https:\/\/colombia.agrolac.com\/en\/producto\/olitrap-blast\/\" \/>\n<meta property=\"og:locale\" content=\"en_US\" \/>\n<meta property=\"og:type\" content=\"article\" \/>\n<meta property=\"og:title\" content=\"Olitrap Blast - Agrolac\" \/>\n<meta property=\"og:description\" content=\"Olitrap Blast% is a trap-bait with deltamethrin to capture adult olive fruit flies (Bactrocera oleae). Allows control and monitoring of the population in the field.\" \/>\n<meta property=\"og:url\" content=\"https:\/\/colombia.agrolac.com\/en\/producto\/olitrap-blast\/\" \/>\n<meta property=\"og:site_name\" content=\"Agrolac\" \/>\n<meta property=\"article:modified_time\" content=\"2026-03-02T18:22:57+00:00\" \/>\n<meta property=\"og:image\" content=\"https:\/\/colombia.agrolac.com\/wp-content\/uploads\/2025\/10\/rafaga-olitrap-campo-olivos-detalle.webp\" \/>\n\t<meta property=\"og:image:width\" content=\"1500\" \/>\n\t<meta property=\"og:image:height\" content=\"1001\" \/>\n\t<meta property=\"og:image:type\" content=\"image\/webp\" \/>\n<meta name=\"twitter:card\" content=\"summary_large_image\" \/>\n<meta name=\"twitter:label1\" content=\"Est. reading time\" \/>\n\t<meta name=\"twitter:data1\" content=\"1 minute\" \/>\n<script type=\"application\/ld+json\" class=\"yoast-schema-graph\">{\"@context\":\"https:\/\/schema.org\",\"@graph\":[{\"@type\":\"WebPage\",\"@id\":\"https:\/\/colombia.agrolac.com\/en\/producto\/olitrap-blast\/\",\"url\":\"https:\/\/colombia.agrolac.com\/en\/producto\/olitrap-blast\/\",\"name\":\"Olitrap Blast - Agrolac\",\"isPartOf\":{\"@id\":\"https:\/\/colombia.agrolac.com\/en\/#website\"},\"primaryImageOfPage\":{\"@id\":\"https:\/\/colombia.agrolac.com\/en\/producto\/olitrap-blast\/#primaryimage\"},\"image\":{\"@id\":\"https:\/\/colombia.agrolac.com\/en\/producto\/olitrap-blast\/#primaryimage\"},\"thumbnailUrl\":\"https:\/\/colombia.agrolac.com\/wp-content\/uploads\/2025\/10\/rafaga-olitrap-campo-olivos-detalle.webp\",\"datePublished\":\"2026-01-08T20:55:22+00:00\",\"dateModified\":\"2026-03-02T18:22:57+00:00\",\"description\":\"Olitrap Blast% is a trap-bait with deltamethrin to capture adult olive fruit flies (Bactrocera oleae). Allows control and monitoring of the population in the field.\",\"breadcrumb\":{\"@id\":\"https:\/\/colombia.agrolac.com\/en\/producto\/olitrap-blast\/#breadcrumb\"},\"inLanguage\":\"en-US\",\"potentialAction\":[{\"@type\":\"ReadAction\",\"target\":[\"https:\/\/colombia.agrolac.com\/en\/producto\/olitrap-blast\/\"]}]},{\"@type\":\"ImageObject\",\"inLanguage\":\"en-US\",\"@id\":\"https:\/\/colombia.agrolac.com\/en\/producto\/olitrap-blast\/#primaryimage\",\"url\":\"https:\/\/colombia.agrolac.com\/wp-content\/uploads\/2025\/10\/rafaga-olitrap-campo-olivos-detalle.webp\",\"contentUrl\":\"https:\/\/colombia.agrolac.com\/wp-content\/uploads\/2025\/10\/rafaga-olitrap-campo-olivos-detalle.webp\",\"width\":1500,\"height\":1001},{\"@type\":\"BreadcrumbList\",\"@id\":\"https:\/\/colombia.agrolac.com\/en\/producto\/olitrap-blast\/#breadcrumb\",\"itemListElement\":[{\"@type\":\"ListItem\",\"position\":1,\"name\":\"Inicio\",\"item\":\"https:\/\/colombia.agrolac.com\/en\/home\/\"},{\"@type\":\"ListItem\",\"position\":2,\"name\":\"Products\",\"item\":\"https:\/\/colombia.agrolac.com\/en\/products\/\"},{\"@type\":\"ListItem\",\"position\":3,\"name\":\"Insecticides\",\"item\":\"https:\/\/colombia.agrolac.com\/en\/categoria-producto\/insecticides\/\"},{\"@type\":\"ListItem\",\"position\":4,\"name\":\"Olitrap Blast\"}]},{\"@type\":\"WebSite\",\"@id\":\"https:\/\/colombia.agrolac.com\/en\/#website\",\"url\":\"https:\/\/colombia.agrolac.com\/en\/\",\"name\":\"VICORQUIMIA\",\"description\":\"Agrolac \u00e9s una empresa de Barcelona, fundada el 1982, especialitzada en distribuci\u00f3 de productes agroqu\u00edmics per a l&#039;agricultura europea.\",\"publisher\":{\"@id\":\"https:\/\/colombia.agrolac.com\/en\/#organization\"},\"potentialAction\":[{\"@type\":\"SearchAction\",\"target\":{\"@type\":\"EntryPoint\",\"urlTemplate\":\"https:\/\/colombia.agrolac.com\/en\/?s={search_term_string}\"},\"query-input\":{\"@type\":\"PropertyValueSpecification\",\"valueRequired\":true,\"valueName\":\"search_term_string\"}}],\"inLanguage\":\"en-US\"},{\"@type\":\"Organization\",\"@id\":\"https:\/\/colombia.agrolac.com\/en\/#organization\",\"name\":\"VICORQUIMIA\",\"url\":\"https:\/\/colombia.agrolac.com\/en\/\",\"logo\":{\"@type\":\"ImageObject\",\"inLanguage\":\"en-US\",\"@id\":\"https:\/\/colombia.agrolac.com\/en\/#\/schema\/logo\/image\/\",\"url\":\"https:\/\/colombia.agrolac.com\/wp-content\/uploads\/2025\/10\/agrolac-logo.svg\",\"contentUrl\":\"https:\/\/colombia.agrolac.com\/wp-content\/uploads\/2025\/10\/agrolac-logo.svg\",\"caption\":\"VICORQUIMIA\"},\"image\":{\"@id\":\"https:\/\/colombia.agrolac.com\/en\/#\/schema\/logo\/image\/\"},\"sameAs\":[\"https:\/\/www.linkedin.com\/company\/vicorquimia\/\"]}]}<\/script>\n<!-- \/ Yoast SEO plugin. -->","yoast_head_json":{"title":"Olitrap Blast - Agrolac","description":"Olitrap Blast% is a trap-bait with deltamethrin to capture adult olive fruit flies (Bactrocera oleae). Allows control and monitoring of the population in the field.","robots":{"index":"index","follow":"follow","max-snippet":"max-snippet:-1","max-image-preview":"max-image-preview:large","max-video-preview":"max-video-preview:-1"},"canonical":"https:\/\/colombia.agrolac.com\/en\/producto\/olitrap-blast\/","og_locale":"en_US","og_type":"article","og_title":"Olitrap Blast - Agrolac","og_description":"Olitrap Blast% is a trap-bait with deltamethrin to capture adult olive fruit flies (Bactrocera oleae). Allows control and monitoring of the population in the field.","og_url":"https:\/\/colombia.agrolac.com\/en\/producto\/olitrap-blast\/","og_site_name":"Agrolac","article_modified_time":"2026-03-02T18:22:57+00:00","og_image":[{"width":1500,"height":1001,"url":"https:\/\/colombia.agrolac.com\/wp-content\/uploads\/2025\/10\/rafaga-olitrap-campo-olivos-detalle.webp","type":"image\/webp"}],"twitter_card":"summary_large_image","twitter_misc":{"Est. reading time":"1 minute"},"schema":{"@context":"https:\/\/schema.org","@graph":[{"@type":"WebPage","@id":"https:\/\/colombia.agrolac.com\/en\/producto\/olitrap-blast\/","url":"https:\/\/colombia.agrolac.com\/en\/producto\/olitrap-blast\/","name":"Olitrap Blast - Agrolac","isPartOf":{"@id":"https:\/\/colombia.agrolac.com\/en\/#website"},"primaryImageOfPage":{"@id":"https:\/\/colombia.agrolac.com\/en\/producto\/olitrap-blast\/#primaryimage"},"image":{"@id":"https:\/\/colombia.agrolac.com\/en\/producto\/olitrap-blast\/#primaryimage"},"thumbnailUrl":"https:\/\/colombia.agrolac.com\/wp-content\/uploads\/2025\/10\/rafaga-olitrap-campo-olivos-detalle.webp","datePublished":"2026-01-08T20:55:22+00:00","dateModified":"2026-03-02T18:22:57+00:00","description":"Olitrap Blast% is a trap-bait with deltamethrin to capture adult olive fruit flies (Bactrocera oleae). Allows control and monitoring of the population in the field.","breadcrumb":{"@id":"https:\/\/colombia.agrolac.com\/en\/producto\/olitrap-blast\/#breadcrumb"},"inLanguage":"en-US","potentialAction":[{"@type":"ReadAction","target":["https:\/\/colombia.agrolac.com\/en\/producto\/olitrap-blast\/"]}]},{"@type":"ImageObject","inLanguage":"en-US","@id":"https:\/\/colombia.agrolac.com\/en\/producto\/olitrap-blast\/#primaryimage","url":"https:\/\/colombia.agrolac.com\/wp-content\/uploads\/2025\/10\/rafaga-olitrap-campo-olivos-detalle.webp","contentUrl":"https:\/\/colombia.agrolac.com\/wp-content\/uploads\/2025\/10\/rafaga-olitrap-campo-olivos-detalle.webp","width":1500,"height":1001},{"@type":"BreadcrumbList","@id":"https:\/\/colombia.agrolac.com\/en\/producto\/olitrap-blast\/#breadcrumb","itemListElement":[{"@type":"ListItem","position":1,"name":"Inicio","item":"https:\/\/colombia.agrolac.com\/en\/home\/"},{"@type":"ListItem","position":2,"name":"Products","item":"https:\/\/colombia.agrolac.com\/en\/products\/"},{"@type":"ListItem","position":3,"name":"Insecticides","item":"https:\/\/colombia.agrolac.com\/en\/categoria-producto\/insecticides\/"},{"@type":"ListItem","position":4,"name":"Olitrap Blast"}]},{"@type":"WebSite","@id":"https:\/\/colombia.agrolac.com\/en\/#website","url":"https:\/\/colombia.agrolac.com\/en\/","name":"VICORQUIMIA","description":"Agrolac \u00e9s una empresa de Barcelona, fundada el 1982, especialitzada en distribuci\u00f3 de productes agroqu\u00edmics per a l&#039;agricultura europea.","publisher":{"@id":"https:\/\/colombia.agrolac.com\/en\/#organization"},"potentialAction":[{"@type":"SearchAction","target":{"@type":"EntryPoint","urlTemplate":"https:\/\/colombia.agrolac.com\/en\/?s={search_term_string}"},"query-input":{"@type":"PropertyValueSpecification","valueRequired":true,"valueName":"search_term_string"}}],"inLanguage":"en-US"},{"@type":"Organization","@id":"https:\/\/colombia.agrolac.com\/en\/#organization","name":"VICORQUIMIA","url":"https:\/\/colombia.agrolac.com\/en\/","logo":{"@type":"ImageObject","inLanguage":"en-US","@id":"https:\/\/colombia.agrolac.com\/en\/#\/schema\/logo\/image\/","url":"https:\/\/colombia.agrolac.com\/wp-content\/uploads\/2025\/10\/agrolac-logo.svg","contentUrl":"https:\/\/colombia.agrolac.com\/wp-content\/uploads\/2025\/10\/agrolac-logo.svg","caption":"VICORQUIMIA"},"image":{"@id":"https:\/\/colombia.agrolac.com\/en\/#\/schema\/logo\/image\/"},"sameAs":["https:\/\/www.linkedin.com\/company\/vicorquimia\/"]}]}},"_links":{"self":[{"href":"https:\/\/colombia.agrolac.com\/en\/wp-json\/wp\/v2\/product\/7683","targetHints":{"allow":["GET"]}}],"collection":[{"href":"https:\/\/colombia.agrolac.com\/en\/wp-json\/wp\/v2\/product"}],"about":[{"href":"https:\/\/colombia.agrolac.com\/en\/wp-json\/wp\/v2\/types\/product"}],"replies":[{"embeddable":true,"href":"https:\/\/colombia.agrolac.com\/en\/wp-json\/wp\/v2\/comments?post=7683"}],"wp:featuredmedia":[{"embeddable":true,"href":"https:\/\/colombia.agrolac.com\/en\/wp-json\/wp\/v2\/media\/5605"}],"wp:attachment":[{"href":"https:\/\/colombia.agrolac.com\/en\/wp-json\/wp\/v2\/media?parent=7683"}],"wp:term":[{"taxonomy":"certificacion","embeddable":true,"href":"https:\/\/colombia.agrolac.com\/en\/wp-json\/wp\/v2\/certificacion?post=7683"},{"taxonomy":"cultivo","embeddable":true,"href":"https:\/\/colombia.agrolac.com\/en\/wp-json\/wp\/v2\/cultivo?post=7683"},{"taxonomy":"product_brand","embeddable":true,"href":"https:\/\/colombia.agrolac.com\/en\/wp-json\/wp\/v2\/product_brand?post=7683"},{"taxonomy":"product_cat","embeddable":true,"href":"https:\/\/colombia.agrolac.com\/en\/wp-json\/wp\/v2\/product_cat?post=7683"},{"taxonomy":"product_tag","embeddable":true,"href":"https:\/\/colombia.agrolac.com\/en\/wp-json\/wp\/v2\/product_tag?post=7683"}],"curies":[{"name":"wp","href":"https:\/\/api.w.org\/{rel}","templated":true}]}}