{"id":8582,"date":"2026-01-10T21:13:53","date_gmt":"2026-01-10T20:13:53","guid":{"rendered":"https:\/\/colombia.agrolac.com\/producto\/lambdagrol-25-cs\/"},"modified":"2026-01-10T21:13:53","modified_gmt":"2026-01-10T20:13:53","slug":"lambdagrol-25-cs","status":"publish","type":"product","link":"https:\/\/colombia.agrolac.com\/en\/producto\/lambdagrol-25-cs\/","title":{"rendered":"Lambdagrol 25 CS"},"content":{"rendered":"<p><strong>LAMBDAGROL<\/strong> is a product used for pest control in agricultural crops.<\/p>\n<p>Its application allows management of insects that affect leaves and plant tissues, helping to maintain the crop in better condition during its development.<\/p>\n<h3>How does it work?<\/h3>\n<ul>\n<li>Acts against insects that affect the crop.<\/li>\n<li>Helps limit damage caused by pests on the plant.<\/li>\n<li>Helps maintain the crop in better condition.<\/li>\n<\/ul>\n<h3>Application<\/h3>\n<p>Apply when pest presence is detected or when favorable conditions for their development exist.<\/p>\n<h3>Crops<\/h3>\n<ul>\n<li>Not specified in available information.<\/li>\n<\/ul>\n<h3>Pests<\/h3>\n<ul>\n<li>Not specified in available information.<\/li>\n<\/ul>\n","protected":false},"excerpt":{"rendered":"<p>Insecticide in capsule suspension (CS) formulation\u2026<\/p>\n","protected":false},"featured_media":8526,"comment_status":"closed","ping_status":"closed","template":"","meta":{"_acf_changed":false},"certificacion":[],"cultivo":[],"product_brand":[],"product_cat":[411],"product_tag":[1549],"class_list":{"0":"post-8582","1":"product","2":"type-product","3":"status-publish","4":"has-post-thumbnail","6":"product_cat-insecticides","7":"product_tag-colombia","9":"first","10":"instock","11":"shipping-taxable","12":"product-type-simple"},"acf":[],"yoast_head":"<!-- This site is optimized with the Yoast SEO plugin v27.2 - https:\/\/yoast.com\/product\/yoast-seo-wordpress\/ -->\n<title>Lambdagrol 25 CS - Agrolac<\/title>\n<meta name=\"robots\" content=\"index, follow, max-snippet:-1, max-image-preview:large, max-video-preview:-1\" \/>\n<link rel=\"canonical\" href=\"https:\/\/colombia.agrolac.com\/en\/producto\/lambdagrol-25-cs\/\" \/>\n<meta property=\"og:locale\" content=\"en_US\" \/>\n<meta property=\"og:type\" content=\"article\" \/>\n<meta property=\"og:title\" content=\"Lambdagrol 25 CS - Agrolac\" \/>\n<meta property=\"og:description\" content=\"Insecticide in capsule suspension (CS) formulation\u2026\" \/>\n<meta property=\"og:url\" content=\"https:\/\/colombia.agrolac.com\/en\/producto\/lambdagrol-25-cs\/\" \/>\n<meta property=\"og:site_name\" content=\"Agrolac\" \/>\n<meta property=\"og:image\" content=\"https:\/\/colombia.agrolac.com\/wp-content\/uploads\/2026\/01\/soja.webp\" \/>\n\t<meta property=\"og:image:width\" content=\"1918\" \/>\n\t<meta property=\"og:image:height\" content=\"1279\" \/>\n\t<meta property=\"og:image:type\" content=\"image\/webp\" \/>\n<meta name=\"twitter:card\" content=\"summary_large_image\" \/>\n<script type=\"application\/ld+json\" class=\"yoast-schema-graph\">{\"@context\":\"https:\/\/schema.org\",\"@graph\":[{\"@type\":\"WebPage\",\"@id\":\"https:\/\/colombia.agrolac.com\/en\/producto\/lambdagrol-25-cs\/\",\"url\":\"https:\/\/colombia.agrolac.com\/en\/producto\/lambdagrol-25-cs\/\",\"name\":\"Lambdagrol 25 CS - Agrolac\",\"isPartOf\":{\"@id\":\"https:\/\/colombia.agrolac.com\/en\/#website\"},\"primaryImageOfPage\":{\"@id\":\"https:\/\/colombia.agrolac.com\/en\/producto\/lambdagrol-25-cs\/#primaryimage\"},\"image\":{\"@id\":\"https:\/\/colombia.agrolac.com\/en\/producto\/lambdagrol-25-cs\/#primaryimage\"},\"thumbnailUrl\":\"https:\/\/colombia.agrolac.com\/wp-content\/uploads\/2026\/01\/soja.webp\",\"datePublished\":\"2026-01-10T20:13:53+00:00\",\"breadcrumb\":{\"@id\":\"https:\/\/colombia.agrolac.com\/en\/producto\/lambdagrol-25-cs\/#breadcrumb\"},\"inLanguage\":\"en-US\",\"potentialAction\":[{\"@type\":\"ReadAction\",\"target\":[\"https:\/\/colombia.agrolac.com\/en\/producto\/lambdagrol-25-cs\/\"]}]},{\"@type\":\"ImageObject\",\"inLanguage\":\"en-US\",\"@id\":\"https:\/\/colombia.agrolac.com\/en\/producto\/lambdagrol-25-cs\/#primaryimage\",\"url\":\"https:\/\/colombia.agrolac.com\/wp-content\/uploads\/2026\/01\/soja.webp\",\"contentUrl\":\"https:\/\/colombia.agrolac.com\/wp-content\/uploads\/2026\/01\/soja.webp\",\"width\":1918,\"height\":1279},{\"@type\":\"BreadcrumbList\",\"@id\":\"https:\/\/colombia.agrolac.com\/en\/producto\/lambdagrol-25-cs\/#breadcrumb\",\"itemListElement\":[{\"@type\":\"ListItem\",\"position\":1,\"name\":\"Inicio\",\"item\":\"https:\/\/colombia.agrolac.com\/en\/home\/\"},{\"@type\":\"ListItem\",\"position\":2,\"name\":\"Products\",\"item\":\"https:\/\/colombia.agrolac.com\/en\/products\/\"},{\"@type\":\"ListItem\",\"position\":3,\"name\":\"Lambdagrol 25 CS\"}]},{\"@type\":\"WebSite\",\"@id\":\"https:\/\/colombia.agrolac.com\/en\/#website\",\"url\":\"https:\/\/colombia.agrolac.com\/en\/\",\"name\":\"VICORQUIMIA\",\"description\":\"Agrolac \u00e9s una empresa de Barcelona, fundada el 1982, especialitzada en distribuci\u00f3 de productes agroqu\u00edmics per a l&#039;agricultura europea.\",\"publisher\":{\"@id\":\"https:\/\/colombia.agrolac.com\/en\/#organization\"},\"potentialAction\":[{\"@type\":\"SearchAction\",\"target\":{\"@type\":\"EntryPoint\",\"urlTemplate\":\"https:\/\/colombia.agrolac.com\/en\/?s={search_term_string}\"},\"query-input\":{\"@type\":\"PropertyValueSpecification\",\"valueRequired\":true,\"valueName\":\"search_term_string\"}}],\"inLanguage\":\"en-US\"},{\"@type\":\"Organization\",\"@id\":\"https:\/\/colombia.agrolac.com\/en\/#organization\",\"name\":\"VICORQUIMIA\",\"url\":\"https:\/\/colombia.agrolac.com\/en\/\",\"logo\":{\"@type\":\"ImageObject\",\"inLanguage\":\"en-US\",\"@id\":\"https:\/\/colombia.agrolac.com\/en\/#\/schema\/logo\/image\/\",\"url\":\"https:\/\/colombia.agrolac.com\/wp-content\/uploads\/2025\/10\/agrolac-logo.svg\",\"contentUrl\":\"https:\/\/colombia.agrolac.com\/wp-content\/uploads\/2025\/10\/agrolac-logo.svg\",\"caption\":\"VICORQUIMIA\"},\"image\":{\"@id\":\"https:\/\/colombia.agrolac.com\/en\/#\/schema\/logo\/image\/\"},\"sameAs\":[\"https:\/\/www.linkedin.com\/company\/vicorquimia\/\"]}]}<\/script>\n<!-- \/ Yoast SEO plugin. -->","yoast_head_json":{"title":"Lambdagrol 25 CS - Agrolac","robots":{"index":"index","follow":"follow","max-snippet":"max-snippet:-1","max-image-preview":"max-image-preview:large","max-video-preview":"max-video-preview:-1"},"canonical":"https:\/\/colombia.agrolac.com\/en\/producto\/lambdagrol-25-cs\/","og_locale":"en_US","og_type":"article","og_title":"Lambdagrol 25 CS - Agrolac","og_description":"Insecticide in capsule suspension (CS) formulation\u2026","og_url":"https:\/\/colombia.agrolac.com\/en\/producto\/lambdagrol-25-cs\/","og_site_name":"Agrolac","og_image":[{"width":1918,"height":1279,"url":"https:\/\/colombia.agrolac.com\/wp-content\/uploads\/2026\/01\/soja.webp","type":"image\/webp"}],"twitter_card":"summary_large_image","schema":{"@context":"https:\/\/schema.org","@graph":[{"@type":"WebPage","@id":"https:\/\/colombia.agrolac.com\/en\/producto\/lambdagrol-25-cs\/","url":"https:\/\/colombia.agrolac.com\/en\/producto\/lambdagrol-25-cs\/","name":"Lambdagrol 25 CS - Agrolac","isPartOf":{"@id":"https:\/\/colombia.agrolac.com\/en\/#website"},"primaryImageOfPage":{"@id":"https:\/\/colombia.agrolac.com\/en\/producto\/lambdagrol-25-cs\/#primaryimage"},"image":{"@id":"https:\/\/colombia.agrolac.com\/en\/producto\/lambdagrol-25-cs\/#primaryimage"},"thumbnailUrl":"https:\/\/colombia.agrolac.com\/wp-content\/uploads\/2026\/01\/soja.webp","datePublished":"2026-01-10T20:13:53+00:00","breadcrumb":{"@id":"https:\/\/colombia.agrolac.com\/en\/producto\/lambdagrol-25-cs\/#breadcrumb"},"inLanguage":"en-US","potentialAction":[{"@type":"ReadAction","target":["https:\/\/colombia.agrolac.com\/en\/producto\/lambdagrol-25-cs\/"]}]},{"@type":"ImageObject","inLanguage":"en-US","@id":"https:\/\/colombia.agrolac.com\/en\/producto\/lambdagrol-25-cs\/#primaryimage","url":"https:\/\/colombia.agrolac.com\/wp-content\/uploads\/2026\/01\/soja.webp","contentUrl":"https:\/\/colombia.agrolac.com\/wp-content\/uploads\/2026\/01\/soja.webp","width":1918,"height":1279},{"@type":"BreadcrumbList","@id":"https:\/\/colombia.agrolac.com\/en\/producto\/lambdagrol-25-cs\/#breadcrumb","itemListElement":[{"@type":"ListItem","position":1,"name":"Inicio","item":"https:\/\/colombia.agrolac.com\/en\/home\/"},{"@type":"ListItem","position":2,"name":"Products","item":"https:\/\/colombia.agrolac.com\/en\/products\/"},{"@type":"ListItem","position":3,"name":"Lambdagrol 25 CS"}]},{"@type":"WebSite","@id":"https:\/\/colombia.agrolac.com\/en\/#website","url":"https:\/\/colombia.agrolac.com\/en\/","name":"VICORQUIMIA","description":"Agrolac \u00e9s una empresa de Barcelona, fundada el 1982, especialitzada en distribuci\u00f3 de productes agroqu\u00edmics per a l&#039;agricultura europea.","publisher":{"@id":"https:\/\/colombia.agrolac.com\/en\/#organization"},"potentialAction":[{"@type":"SearchAction","target":{"@type":"EntryPoint","urlTemplate":"https:\/\/colombia.agrolac.com\/en\/?s={search_term_string}"},"query-input":{"@type":"PropertyValueSpecification","valueRequired":true,"valueName":"search_term_string"}}],"inLanguage":"en-US"},{"@type":"Organization","@id":"https:\/\/colombia.agrolac.com\/en\/#organization","name":"VICORQUIMIA","url":"https:\/\/colombia.agrolac.com\/en\/","logo":{"@type":"ImageObject","inLanguage":"en-US","@id":"https:\/\/colombia.agrolac.com\/en\/#\/schema\/logo\/image\/","url":"https:\/\/colombia.agrolac.com\/wp-content\/uploads\/2025\/10\/agrolac-logo.svg","contentUrl":"https:\/\/colombia.agrolac.com\/wp-content\/uploads\/2025\/10\/agrolac-logo.svg","caption":"VICORQUIMIA"},"image":{"@id":"https:\/\/colombia.agrolac.com\/en\/#\/schema\/logo\/image\/"},"sameAs":["https:\/\/www.linkedin.com\/company\/vicorquimia\/"]}]}},"_links":{"self":[{"href":"https:\/\/colombia.agrolac.com\/en\/wp-json\/wp\/v2\/product\/8582","targetHints":{"allow":["GET"]}}],"collection":[{"href":"https:\/\/colombia.agrolac.com\/en\/wp-json\/wp\/v2\/product"}],"about":[{"href":"https:\/\/colombia.agrolac.com\/en\/wp-json\/wp\/v2\/types\/product"}],"replies":[{"embeddable":true,"href":"https:\/\/colombia.agrolac.com\/en\/wp-json\/wp\/v2\/comments?post=8582"}],"wp:featuredmedia":[{"embeddable":true,"href":"https:\/\/colombia.agrolac.com\/en\/wp-json\/wp\/v2\/media\/8526"}],"wp:attachment":[{"href":"https:\/\/colombia.agrolac.com\/en\/wp-json\/wp\/v2\/media?parent=8582"}],"wp:term":[{"taxonomy":"certificacion","embeddable":true,"href":"https:\/\/colombia.agrolac.com\/en\/wp-json\/wp\/v2\/certificacion?post=8582"},{"taxonomy":"cultivo","embeddable":true,"href":"https:\/\/colombia.agrolac.com\/en\/wp-json\/wp\/v2\/cultivo?post=8582"},{"taxonomy":"product_brand","embeddable":true,"href":"https:\/\/colombia.agrolac.com\/en\/wp-json\/wp\/v2\/product_brand?post=8582"},{"taxonomy":"product_cat","embeddable":true,"href":"https:\/\/colombia.agrolac.com\/en\/wp-json\/wp\/v2\/product_cat?post=8582"},{"taxonomy":"product_tag","embeddable":true,"href":"https:\/\/colombia.agrolac.com\/en\/wp-json\/wp\/v2\/product_tag?post=8582"}],"curies":[{"name":"wp","href":"https:\/\/api.w.org\/{rel}","templated":true}]}}