{"id":8584,"date":"2026-01-10T00:31:22","date_gmt":"2026-01-09T23:31:22","guid":{"rendered":"https:\/\/colombia.agrolac.com\/producto\/ankor-25-sc\/"},"modified":"2026-01-10T00:31:22","modified_gmt":"2026-01-09T23:31:22","slug":"ankor-25-sc","status":"publish","type":"product","link":"https:\/\/colombia.agrolac.com\/en\/producto\/ankor-25-sc\/","title":{"rendered":"Ankor 25 SC"},"content":{"rendered":"<p><strong>ANKOR 25 SC<\/strong> is a fungicide developed for the control of diseases caused by fungi in various agricultural crops.<\/p>\n<p>Its application helps protect the crop against the development of pathogens that affect leaves and plant tissues, contributing to maintaining crop health during its development.<\/p>\n<h3>How it works<\/h3>\n<ul>\n<li>Acts on pathogenic fungi that affect the crop.<\/li>\n<li>Helps limit the development of diseases in the plant.<\/li>\n<li>Contributes to maintaining crop vigor.<\/li>\n<\/ul>\n<h3>Agronomic benefits<\/h3>\n<ul>\n<li>Control of fungal diseases in agricultural crops.<\/li>\n<li>Helps protect crop development.<\/li>\n<li>Contributes to maintaining production quality.<\/li>\n<\/ul>\n<h3>Application<\/h3>\n<p>Apply following technical recommendations for each crop and phytosanitary situation.<\/p>\n<ul>\n<li><strong>Re-entry period:<\/strong> 12 hours.<\/li>\n<\/ul>\n<h3>Crops<\/h3>\n<p>Suitable for use in <strong>rice<\/strong> and <strong>onion<\/strong>.<\/p>\n<h3>Diseases<\/h3>\n<ul>\n<li>Sheath blight or blast (<em>Rhizoctonia solani<\/em>).<\/li>\n<li>Purple blotch (<em>Alternaria porri<\/em>).<\/li>\n<\/ul>\n","protected":false},"excerpt":{"rendered":"<p>Insecticide formulated as a concentrated suspensio\u2026<\/p>\n","protected":false},"featured_media":8464,"comment_status":"closed","ping_status":"closed","template":"","meta":{"_acf_changed":false},"certificacion":[],"cultivo":[],"product_brand":[],"product_cat":[401],"product_tag":[1549],"class_list":{"0":"post-8584","1":"product","2":"type-product","3":"status-publish","4":"has-post-thumbnail","6":"product_cat-fungicides","7":"product_tag-colombia","9":"first","10":"instock","11":"shipping-taxable","12":"product-type-simple"},"acf":[],"yoast_head":"<!-- This site is optimized with the Yoast SEO plugin v27.2 - https:\/\/yoast.com\/product\/yoast-seo-wordpress\/ -->\n<title>Ankor 25 SC - Agrolac<\/title>\n<meta name=\"robots\" content=\"index, follow, max-snippet:-1, max-image-preview:large, max-video-preview:-1\" \/>\n<link rel=\"canonical\" href=\"https:\/\/colombia.agrolac.com\/en\/producto\/ankor-25-sc\/\" \/>\n<meta property=\"og:locale\" content=\"en_US\" \/>\n<meta property=\"og:type\" content=\"article\" \/>\n<meta property=\"og:title\" content=\"Ankor 25 SC - Agrolac\" \/>\n<meta property=\"og:description\" content=\"Insecticide formulated as a concentrated suspensio\u2026\" \/>\n<meta property=\"og:url\" content=\"https:\/\/colombia.agrolac.com\/en\/producto\/ankor-25-sc\/\" \/>\n<meta property=\"og:site_name\" content=\"Agrolac\" \/>\n<meta property=\"og:image\" content=\"https:\/\/colombia.agrolac.com\/wp-content\/uploads\/2026\/01\/campo-arroz-01.webp\" \/>\n\t<meta property=\"og:image:width\" content=\"1919\" \/>\n\t<meta property=\"og:image:height\" content=\"1201\" \/>\n\t<meta property=\"og:image:type\" content=\"image\/webp\" \/>\n<meta name=\"twitter:card\" content=\"summary_large_image\" \/>\n<meta name=\"twitter:label1\" content=\"Est. reading time\" \/>\n\t<meta name=\"twitter:data1\" content=\"1 minute\" \/>\n<script type=\"application\/ld+json\" class=\"yoast-schema-graph\">{\"@context\":\"https:\/\/schema.org\",\"@graph\":[{\"@type\":\"WebPage\",\"@id\":\"https:\/\/colombia.agrolac.com\/en\/producto\/ankor-25-sc\/\",\"url\":\"https:\/\/colombia.agrolac.com\/en\/producto\/ankor-25-sc\/\",\"name\":\"Ankor 25 SC - Agrolac\",\"isPartOf\":{\"@id\":\"https:\/\/colombia.agrolac.com\/en\/#website\"},\"primaryImageOfPage\":{\"@id\":\"https:\/\/colombia.agrolac.com\/en\/producto\/ankor-25-sc\/#primaryimage\"},\"image\":{\"@id\":\"https:\/\/colombia.agrolac.com\/en\/producto\/ankor-25-sc\/#primaryimage\"},\"thumbnailUrl\":\"https:\/\/colombia.agrolac.com\/wp-content\/uploads\/2026\/01\/campo-arroz-01.webp\",\"datePublished\":\"2026-01-09T23:31:22+00:00\",\"breadcrumb\":{\"@id\":\"https:\/\/colombia.agrolac.com\/en\/producto\/ankor-25-sc\/#breadcrumb\"},\"inLanguage\":\"en-US\",\"potentialAction\":[{\"@type\":\"ReadAction\",\"target\":[\"https:\/\/colombia.agrolac.com\/en\/producto\/ankor-25-sc\/\"]}]},{\"@type\":\"ImageObject\",\"inLanguage\":\"en-US\",\"@id\":\"https:\/\/colombia.agrolac.com\/en\/producto\/ankor-25-sc\/#primaryimage\",\"url\":\"https:\/\/colombia.agrolac.com\/wp-content\/uploads\/2026\/01\/campo-arroz-01.webp\",\"contentUrl\":\"https:\/\/colombia.agrolac.com\/wp-content\/uploads\/2026\/01\/campo-arroz-01.webp\",\"width\":1919,\"height\":1201},{\"@type\":\"BreadcrumbList\",\"@id\":\"https:\/\/colombia.agrolac.com\/en\/producto\/ankor-25-sc\/#breadcrumb\",\"itemListElement\":[{\"@type\":\"ListItem\",\"position\":1,\"name\":\"Inicio\",\"item\":\"https:\/\/colombia.agrolac.com\/en\/home\/\"},{\"@type\":\"ListItem\",\"position\":2,\"name\":\"Products\",\"item\":\"https:\/\/colombia.agrolac.com\/en\/products\/\"},{\"@type\":\"ListItem\",\"position\":3,\"name\":\"Ankor 25 SC\"}]},{\"@type\":\"WebSite\",\"@id\":\"https:\/\/colombia.agrolac.com\/en\/#website\",\"url\":\"https:\/\/colombia.agrolac.com\/en\/\",\"name\":\"VICORQUIMIA\",\"description\":\"Agrolac \u00e9s una empresa de Barcelona, fundada el 1982, especialitzada en distribuci\u00f3 de productes agroqu\u00edmics per a l&#039;agricultura europea.\",\"publisher\":{\"@id\":\"https:\/\/colombia.agrolac.com\/en\/#organization\"},\"potentialAction\":[{\"@type\":\"SearchAction\",\"target\":{\"@type\":\"EntryPoint\",\"urlTemplate\":\"https:\/\/colombia.agrolac.com\/en\/?s={search_term_string}\"},\"query-input\":{\"@type\":\"PropertyValueSpecification\",\"valueRequired\":true,\"valueName\":\"search_term_string\"}}],\"inLanguage\":\"en-US\"},{\"@type\":\"Organization\",\"@id\":\"https:\/\/colombia.agrolac.com\/en\/#organization\",\"name\":\"VICORQUIMIA\",\"url\":\"https:\/\/colombia.agrolac.com\/en\/\",\"logo\":{\"@type\":\"ImageObject\",\"inLanguage\":\"en-US\",\"@id\":\"https:\/\/colombia.agrolac.com\/en\/#\/schema\/logo\/image\/\",\"url\":\"https:\/\/colombia.agrolac.com\/wp-content\/uploads\/2025\/10\/agrolac-logo.svg\",\"contentUrl\":\"https:\/\/colombia.agrolac.com\/wp-content\/uploads\/2025\/10\/agrolac-logo.svg\",\"caption\":\"VICORQUIMIA\"},\"image\":{\"@id\":\"https:\/\/colombia.agrolac.com\/en\/#\/schema\/logo\/image\/\"},\"sameAs\":[\"https:\/\/www.linkedin.com\/company\/vicorquimia\/\"]}]}<\/script>\n<!-- \/ Yoast SEO plugin. -->","yoast_head_json":{"title":"Ankor 25 SC - Agrolac","robots":{"index":"index","follow":"follow","max-snippet":"max-snippet:-1","max-image-preview":"max-image-preview:large","max-video-preview":"max-video-preview:-1"},"canonical":"https:\/\/colombia.agrolac.com\/en\/producto\/ankor-25-sc\/","og_locale":"en_US","og_type":"article","og_title":"Ankor 25 SC - Agrolac","og_description":"Insecticide formulated as a concentrated suspensio\u2026","og_url":"https:\/\/colombia.agrolac.com\/en\/producto\/ankor-25-sc\/","og_site_name":"Agrolac","og_image":[{"width":1919,"height":1201,"url":"https:\/\/colombia.agrolac.com\/wp-content\/uploads\/2026\/01\/campo-arroz-01.webp","type":"image\/webp"}],"twitter_card":"summary_large_image","twitter_misc":{"Est. reading time":"1 minute"},"schema":{"@context":"https:\/\/schema.org","@graph":[{"@type":"WebPage","@id":"https:\/\/colombia.agrolac.com\/en\/producto\/ankor-25-sc\/","url":"https:\/\/colombia.agrolac.com\/en\/producto\/ankor-25-sc\/","name":"Ankor 25 SC - Agrolac","isPartOf":{"@id":"https:\/\/colombia.agrolac.com\/en\/#website"},"primaryImageOfPage":{"@id":"https:\/\/colombia.agrolac.com\/en\/producto\/ankor-25-sc\/#primaryimage"},"image":{"@id":"https:\/\/colombia.agrolac.com\/en\/producto\/ankor-25-sc\/#primaryimage"},"thumbnailUrl":"https:\/\/colombia.agrolac.com\/wp-content\/uploads\/2026\/01\/campo-arroz-01.webp","datePublished":"2026-01-09T23:31:22+00:00","breadcrumb":{"@id":"https:\/\/colombia.agrolac.com\/en\/producto\/ankor-25-sc\/#breadcrumb"},"inLanguage":"en-US","potentialAction":[{"@type":"ReadAction","target":["https:\/\/colombia.agrolac.com\/en\/producto\/ankor-25-sc\/"]}]},{"@type":"ImageObject","inLanguage":"en-US","@id":"https:\/\/colombia.agrolac.com\/en\/producto\/ankor-25-sc\/#primaryimage","url":"https:\/\/colombia.agrolac.com\/wp-content\/uploads\/2026\/01\/campo-arroz-01.webp","contentUrl":"https:\/\/colombia.agrolac.com\/wp-content\/uploads\/2026\/01\/campo-arroz-01.webp","width":1919,"height":1201},{"@type":"BreadcrumbList","@id":"https:\/\/colombia.agrolac.com\/en\/producto\/ankor-25-sc\/#breadcrumb","itemListElement":[{"@type":"ListItem","position":1,"name":"Inicio","item":"https:\/\/colombia.agrolac.com\/en\/home\/"},{"@type":"ListItem","position":2,"name":"Products","item":"https:\/\/colombia.agrolac.com\/en\/products\/"},{"@type":"ListItem","position":3,"name":"Ankor 25 SC"}]},{"@type":"WebSite","@id":"https:\/\/colombia.agrolac.com\/en\/#website","url":"https:\/\/colombia.agrolac.com\/en\/","name":"VICORQUIMIA","description":"Agrolac \u00e9s una empresa de Barcelona, fundada el 1982, especialitzada en distribuci\u00f3 de productes agroqu\u00edmics per a l&#039;agricultura europea.","publisher":{"@id":"https:\/\/colombia.agrolac.com\/en\/#organization"},"potentialAction":[{"@type":"SearchAction","target":{"@type":"EntryPoint","urlTemplate":"https:\/\/colombia.agrolac.com\/en\/?s={search_term_string}"},"query-input":{"@type":"PropertyValueSpecification","valueRequired":true,"valueName":"search_term_string"}}],"inLanguage":"en-US"},{"@type":"Organization","@id":"https:\/\/colombia.agrolac.com\/en\/#organization","name":"VICORQUIMIA","url":"https:\/\/colombia.agrolac.com\/en\/","logo":{"@type":"ImageObject","inLanguage":"en-US","@id":"https:\/\/colombia.agrolac.com\/en\/#\/schema\/logo\/image\/","url":"https:\/\/colombia.agrolac.com\/wp-content\/uploads\/2025\/10\/agrolac-logo.svg","contentUrl":"https:\/\/colombia.agrolac.com\/wp-content\/uploads\/2025\/10\/agrolac-logo.svg","caption":"VICORQUIMIA"},"image":{"@id":"https:\/\/colombia.agrolac.com\/en\/#\/schema\/logo\/image\/"},"sameAs":["https:\/\/www.linkedin.com\/company\/vicorquimia\/"]}]}},"_links":{"self":[{"href":"https:\/\/colombia.agrolac.com\/en\/wp-json\/wp\/v2\/product\/8584","targetHints":{"allow":["GET"]}}],"collection":[{"href":"https:\/\/colombia.agrolac.com\/en\/wp-json\/wp\/v2\/product"}],"about":[{"href":"https:\/\/colombia.agrolac.com\/en\/wp-json\/wp\/v2\/types\/product"}],"replies":[{"embeddable":true,"href":"https:\/\/colombia.agrolac.com\/en\/wp-json\/wp\/v2\/comments?post=8584"}],"wp:featuredmedia":[{"embeddable":true,"href":"https:\/\/colombia.agrolac.com\/en\/wp-json\/wp\/v2\/media\/8464"}],"wp:attachment":[{"href":"https:\/\/colombia.agrolac.com\/en\/wp-json\/wp\/v2\/media?parent=8584"}],"wp:term":[{"taxonomy":"certificacion","embeddable":true,"href":"https:\/\/colombia.agrolac.com\/en\/wp-json\/wp\/v2\/certificacion?post=8584"},{"taxonomy":"cultivo","embeddable":true,"href":"https:\/\/colombia.agrolac.com\/en\/wp-json\/wp\/v2\/cultivo?post=8584"},{"taxonomy":"product_brand","embeddable":true,"href":"https:\/\/colombia.agrolac.com\/en\/wp-json\/wp\/v2\/product_brand?post=8584"},{"taxonomy":"product_cat","embeddable":true,"href":"https:\/\/colombia.agrolac.com\/en\/wp-json\/wp\/v2\/product_cat?post=8584"},{"taxonomy":"product_tag","embeddable":true,"href":"https:\/\/colombia.agrolac.com\/en\/wp-json\/wp\/v2\/product_tag?post=8584"}],"curies":[{"name":"wp","href":"https:\/\/api.w.org\/{rel}","templated":true}]}}