{"id":7291,"date":"2026-01-12T19:43:48","date_gmt":"2026-01-12T18:43:48","guid":{"rendered":"http:\/\/colombia.agrolac.com\/sobre-a-us-co\/"},"modified":"2026-03-19T08:29:51","modified_gmt":"2026-03-19T07:29:51","slug":"sobre-a-us","status":"publish","type":"page","link":"https:\/\/colombia.agrolac.com\/pt-pt\/sobre-a-us\/","title":{"rendered":"Sobre N\u00f3s"},"content":{"rendered":"\t\t<div data-elementor-type=\"wp-page\" data-elementor-id=\"7291\" class=\"elementor elementor-7291 elementor-6549\" data-elementor-post-type=\"page\">\n\t\t\t\t<div class=\"elementor-element elementor-element-de85fd9 e-flex e-con-boxed e-con e-parent\" data-id=\"de85fd9\" data-element_type=\"container\" data-e-type=\"container\">\n\t\t\t\t\t<div class=\"e-con-inner\">\n\t\t\t\t<div class=\"elementor-element elementor-element-c42390d elementor-widget elementor-widget-heading\" data-id=\"c42390d\" data-element_type=\"widget\" data-e-type=\"widget\" data-widget_type=\"heading.default\">\n\t\t\t\t<div class=\"elementor-widget-container\">\n\t\t\t\t\t<h4 class=\"elementor-heading-title elementor-size-default\">UMA EMPRESA LOCAL, COM APOIO INTERNACIONAL<\/h4>\t\t\t\t<\/div>\n\t\t\t\t<\/div>\n\t\t\t\t<div class=\"elementor-element elementor-element-0ec140d elementor-widget elementor-widget-text-editor\" data-id=\"0ec140d\" data-element_type=\"widget\" data-e-type=\"widget\" data-widget_type=\"text-editor.default\">\n\t\t\t\t<div class=\"elementor-widget-container\">\n\t\t\t\t\t\t\t\t\t<p class=\"p1\">Na <span class=\"s1\"><b>Agrolac Andina S.A.S.<\/b><\/span> trabalhamos para uma agricultura mais eficiente, respons\u00e1vel e preparada para o futuro. Combinamos <span class=\"s1\"><b>crit\u00e9rio t\u00e9cnico<\/b><\/span>, <span class=\"s1\"><b>suporte pr\u00f3ximo<\/b><\/span> e uma vis\u00e3o internacional para acompanhar distribuidores, formuladores e produtores em toda a Col\u00f4mbia. <\/p>\t\t\t\t\t\t\t\t<\/div>\n\t\t\t\t<\/div>\n\t\t\t\t\t<\/div>\n\t\t\t\t<\/div>\n\t\t<div class=\"elementor-element elementor-element-cb332e0 e-flex e-con-boxed e-con e-parent\" data-id=\"cb332e0\" data-element_type=\"container\" data-e-type=\"container\">\n\t\t\t\t\t<div class=\"e-con-inner\">\n\t\t<div class=\"elementor-element elementor-element-a13c118 e-con-full e-flex e-con e-child\" data-id=\"a13c118\" data-element_type=\"container\" data-e-type=\"container\" data-settings=\"{&quot;background_background&quot;:&quot;classic&quot;}\">\n\t\t\t\t<div class=\"elementor-element elementor-element-ee21553 elementor-widget elementor-widget-spacer\" data-id=\"ee21553\" data-element_type=\"widget\" data-e-type=\"widget\" data-widget_type=\"spacer.default\">\n\t\t\t\t<div class=\"elementor-widget-container\">\n\t\t\t\t\t\t\t<div class=\"elementor-spacer\">\n\t\t\t<div class=\"elementor-spacer-inner\"><\/div>\n\t\t<\/div>\n\t\t\t\t\t\t<\/div>\n\t\t\t\t<\/div>\n\t\t\t\t<\/div>\n\t\t<div class=\"elementor-element elementor-element-9182b5f e-con-full e-flex e-con e-child\" data-id=\"9182b5f\" data-element_type=\"container\" data-e-type=\"container\">\n\t\t\t\t<div class=\"elementor-element elementor-element-4c895f2 elementor-widget elementor-widget-text-editor\" data-id=\"4c895f2\" data-element_type=\"widget\" data-e-type=\"widget\" data-widget_type=\"text-editor.default\">\n\t\t\t\t<div class=\"elementor-widget-container\">\n\t\t\t\t\t\t\t\t\t<h4><b>Nossa hist\u00f3ria na Col\u00f4mbia<\/b><\/h4><p class=\"p3\">A <span class=\"s2\"><b>Agrolac Andina S.A.S.<\/b><\/span> foi constitu\u00edda em <span class=\"s2\"><b>26 de mar\u00e7o de 2013<\/b><\/span>. Hoje, nosso foco principal continua no <span class=\"s2\"><b>registro<\/b><\/span> de solu\u00e7\u00f5es para o mercado colombiano e, em breve, iniciaremos a opera\u00e7\u00e3o de <span class=\"s2\"><b>importa\u00e7\u00e3o e distribui\u00e7\u00e3o local<\/b><\/span>, ampliando o portf\u00f3lio \u00e0 medida que obtivermos os registros correspondentes. <\/p><h4> <\/h4><h4><b>O que fazemos<\/b><\/h4><ul><li><p class=\"p1\"><b>Registro e desenvolvimento regulat\u00f3rio<\/b><span class=\"s1\"> de produtos para a Col\u00f4mbia.<\/span><\/p><\/li><li><p class=\"p1\"><span class=\"s1\"><b>Suporte t\u00e9cnico agron\u00f4mico<\/b><\/span> para uma recomenda\u00e7\u00e3o clara por cultivo e necessidade.<\/p><\/li><li><p class=\"p1\"><span class=\"s1\"><b>Constru\u00e7\u00e3o progressiva do portf\u00f3lio<\/b><\/span> (todas as fam\u00edlias), incorporando novas refer\u00eancias conforme sejam habilitadas por registro.<\/p><\/li><\/ul><h4> <\/h4><h4><b>Cobertura e equipe<\/b><\/h4><p class=\"p3\">Atendemos <span class=\"s2\"><b>toda a Col\u00f4mbia<\/b><\/span>. Contamos com <span class=\"s2\"><b>engenheiros agr\u00f4nomos<\/b><\/span>, <span class=\"s2\"><b>comerciais t\u00e9cnicos<\/b><\/span> e equipe <span class=\"s2\"><b>regulat\u00f3ria<\/b><\/span>, combinando talento em equipe com especialistas subcontratados quando o projeto exige, para garantir agilidade e rigor. <\/p><h4> <\/h4><h4><b>Apoio do grupo<\/b><\/h4><p class=\"p3\">A Agrolac Andina faz parte da <span class=\"s2\"><b>International Chemistry Associates (<a href=\"https:\/\/www.icachemgroup.com\/\">Grupo ICA<\/a>)<\/b><\/span>. Dentro do grupo, empresas como <span class=\"s2\"><b><a href=\"http:\/\/agrolac.com\">Agrolac<\/a> (Espanha)<\/b><\/span> contribuem com <span class=\"s2\"><b>43 anos de experi\u00eancia<\/b><\/span> no setor agron\u00f4mico, e a <span class=\"s2\"><b><a href=\"http:\/\/vicorquimia.com\">Vicorquimia<\/a> (Espanha)<\/b><\/span> mais de <span class=\"s2\"><b>50 anos<\/b><\/span> de experi\u00eancia em distribui\u00e7\u00e3o. Este apoio se traduz em metodologia, padr\u00f5es operacionais e acesso a <span class=\"s2\"><b>fornecedores internacionais de renome<\/b><\/span>, com solu\u00e7\u00f5es projetadas para competir em desempenho, seguran\u00e7a e conformidade.  <\/p><h4> <\/h4><h4><b>Nossa proposta de valor<\/b><\/h4><p class=\"p3\"><span class=\"s2\"><b>Produto + suporte<\/b><\/span>, com vis\u00e3o internacional:<\/p><ul><li><p class=\"p1\">Portf\u00f3lio constru\u00eddo com <span class=\"s1\"><b>fabricantes reconhecidos<\/b><\/span>.<\/p><\/li><li><p class=\"p1\">Acompanhamento t\u00e9cnico para <span class=\"s1\"><b>implementar bem<\/b><\/span>: diagn\u00f3stico, orienta\u00e7\u00e3o e acompanhamento.<\/p><\/li><li><p class=\"p1\">Foco em <span class=\"s1\"><b>resultados consistentes<\/b><\/span> e uso respons\u00e1vel no campo.<\/p><\/li><\/ul><h6> <\/h6><h6><b>Quer saber mais?<\/b><\/h6><p class=\"p3\"><a href=\"http:\/\/colombia.agrolac.com\/contacto-2\/\">Conte-nos sobre seu cultivo, sua regi\u00e3o e o desafio que voc\u00ea est\u00e1 enfrentando<\/a>. N\u00f3s o orientamos e ajudamos a definir a melhor rota t\u00e9cnica. <\/p>\t\t\t\t\t\t\t\t<\/div>\n\t\t\t\t<\/div>\n\t\t\t\t<\/div>\n\t\t\t\t\t<\/div>\n\t\t\t\t<\/div>\n\t\t<div class=\"elementor-element elementor-element-38e58bd e-flex e-con-boxed e-con e-parent\" data-id=\"38e58bd\" data-element_type=\"container\" data-e-type=\"container\">\n\t\t\t\t\t<div class=\"e-con-inner\">\n\t\t\t\t<div class=\"elementor-element elementor-element-150973f elementor-widget elementor-widget-heading\" data-id=\"150973f\" data-element_type=\"widget\" data-e-type=\"widget\" data-widget_type=\"heading.default\">\n\t\t\t\t<div class=\"elementor-widget-container\">\n\t\t\t\t\t<h2 class=\"elementor-heading-title elementor-size-default\">UMA EQUIPE ALTAMENTE QUALIFICADA<\/h2>\t\t\t\t<\/div>\n\t\t\t\t<\/div>\n\t\t\t\t<div class=\"elementor-element elementor-element-2a6d120 elementor-widget elementor-widget-text-editor\" data-id=\"2a6d120\" data-element_type=\"widget\" data-e-type=\"widget\" data-widget_type=\"text-editor.default\">\n\t\t\t\t<div class=\"elementor-widget-container\">\n\t\t\t\t\t\t\t\t\t<p class=\"p1\">Na <span class=\"s1\"><b>Agrolac Andina<\/b><\/span> contamos com uma equipe t\u00e9cnica e operacional altamente especializada, integrada por <span class=\"s1\"><b>engenheiros agr\u00f4nomos<\/b><\/span>, <span class=\"s1\"><b>comerciais t\u00e9cnicos<\/b><\/span> e especialistas em <span class=\"s1\"><b>registro e assuntos regulat\u00f3rios<\/b><\/span>.<\/p><p class=\"p1\">Trabalhamos de forma coordenada \u2014 com pessoal em equipe e apoio de especialistas subcontratados quando o projeto exige \u2014 para garantir <span class=\"s1\"><b>crit\u00e9rio agron\u00f4mico<\/b><\/span>, <span class=\"s1\"><b>conformidade<\/b><\/span> e um atendimento \u00e1gil em cada etapa: desde a recomenda\u00e7\u00e3o t\u00e9cnica at\u00e9 o acompanhamento no campo.<\/p>\t\t\t\t\t\t\t\t<\/div>\n\t\t\t\t<\/div>\n\t\t\t\t\t<\/div>\n\t\t\t\t<\/div>\n\t\t<div class=\"elementor-element elementor-element-292ae55 e-flex e-con-boxed e-con e-parent\" data-id=\"292ae55\" data-element_type=\"container\" data-e-type=\"container\">\n\t\t\t\t\t<div class=\"e-con-inner\">\n\t\t\t\t<div class=\"elementor-element elementor-element-6907b07 elementor-widget elementor-widget-spacer\" data-id=\"6907b07\" data-element_type=\"widget\" data-e-type=\"widget\" data-widget_type=\"spacer.default\">\n\t\t\t\t<div class=\"elementor-widget-container\">\n\t\t\t\t\t\t\t<div class=\"elementor-spacer\">\n\t\t\t<div class=\"elementor-spacer-inner\"><\/div>\n\t\t<\/div>\n\t\t\t\t\t\t<\/div>\n\t\t\t\t<\/div>\n\t\t\t\t\t<\/div>\n\t\t\t\t<\/div>\n\t\t<div class=\"elementor-element elementor-element-0df3a0d e-flex e-con-boxed e-con e-parent\" data-id=\"0df3a0d\" data-element_type=\"container\" data-e-type=\"container\">\n\t\t\t\t\t<div class=\"e-con-inner\">\n\t\t\t\t\t<\/div>\n\t\t\t\t<\/div>\n\t\t\t\t<\/div>\n\t\t","protected":false},"excerpt":{"rendered":"<p>UMA EMPRESA LOCAL, COM APOIO INTERNACIONAL Na Agrolac Andina S.A.S. trabalhamos para uma agricultura mais eficiente, respons\u00e1vel e preparada para o futuro. Combinamos crit\u00e9rio t\u00e9cnico, suporte pr\u00f3ximo e uma vis\u00e3o internacional para acompanhar distribuidores, formuladores e produtores em toda a Col\u00f4mbia. Nossa hist\u00f3ria na Col\u00f4mbia A Agrolac Andina S.A.S. foi constitu\u00edda em 26 de mar\u00e7o [&hellip;]<\/p>\n","protected":false},"author":2,"featured_media":6052,"parent":0,"menu_order":0,"comment_status":"closed","ping_status":"closed","template":"","meta":{"_acf_changed":false,"footnotes":""},"class_list":["post-7291","page","type-page","status-publish","has-post-thumbnail","hentry"],"acf":[],"yoast_head":"<!-- This site is optimized with the Yoast SEO plugin v27.2 - https:\/\/yoast.com\/product\/yoast-seo-wordpress\/ -->\n<title>Sobre N\u00f3s - Agrolac<\/title>\n<meta name=\"description\" content=\"Conhe\u00e7a a Agrolac Andina S.A.S. na Col\u00f4mbia: registro, pr\u00f3xima importa\u00e7\u00e3o e distribui\u00e7\u00e3o de insumos agr\u00edcolas, suporte t\u00e9cnico agron\u00f4mico e apoio internacional com d\u00e9cadas de experi\u00eancia na Espanha e fornecedores internacionais de renome.\" \/>\n<meta name=\"robots\" content=\"index, follow, max-snippet:-1, max-image-preview:large, max-video-preview:-1\" \/>\n<link rel=\"canonical\" href=\"https:\/\/colombia.agrolac.com\/pt-pt\/sobre-a-us\/\" \/>\n<meta property=\"og:locale\" content=\"pt_PT\" \/>\n<meta property=\"og:type\" content=\"article\" \/>\n<meta property=\"og:title\" content=\"Sobre N\u00f3s - Agrolac\" \/>\n<meta property=\"og:description\" content=\"Conhe\u00e7a a Agrolac Andina S.A.S. na Col\u00f4mbia: registro, pr\u00f3xima importa\u00e7\u00e3o e distribui\u00e7\u00e3o de insumos agr\u00edcolas, suporte t\u00e9cnico agron\u00f4mico e apoio internacional com d\u00e9cadas de experi\u00eancia na Espanha e fornecedores internacionais de renome.\" \/>\n<meta property=\"og:url\" content=\"https:\/\/colombia.agrolac.com\/pt-pt\/sobre-a-us\/\" \/>\n<meta property=\"og:site_name\" content=\"Agrolac\" \/>\n<meta property=\"article:modified_time\" content=\"2026-03-19T07:29:51+00:00\" \/>\n<meta property=\"og:image\" content=\"https:\/\/colombia.agrolac.com\/wp-content\/uploads\/2026\/01\/bogota-04.webp\" \/>\n\t<meta property=\"og:image:width\" content=\"1500\" \/>\n\t<meta property=\"og:image:height\" content=\"1000\" \/>\n\t<meta property=\"og:image:type\" content=\"image\/webp\" \/>\n<meta name=\"twitter:card\" content=\"summary_large_image\" \/>\n<meta name=\"twitter:label1\" content=\"Tempo estimado de leitura\" \/>\n\t<meta name=\"twitter:data1\" content=\"2 minutos\" \/>\n<script type=\"application\/ld+json\" class=\"yoast-schema-graph\">{\"@context\":\"https:\/\/schema.org\",\"@graph\":[{\"@type\":\"WebPage\",\"@id\":\"https:\/\/colombia.agrolac.com\/pt-pt\/sobre-a-us\/\",\"url\":\"https:\/\/colombia.agrolac.com\/pt-pt\/sobre-a-us\/\",\"name\":\"Sobre N\u00f3s - Agrolac\",\"isPartOf\":{\"@id\":\"https:\/\/colombia.agrolac.com\/pt-pt\/#website\"},\"primaryImageOfPage\":{\"@id\":\"https:\/\/colombia.agrolac.com\/pt-pt\/sobre-a-us\/#primaryimage\"},\"image\":{\"@id\":\"https:\/\/colombia.agrolac.com\/pt-pt\/sobre-a-us\/#primaryimage\"},\"thumbnailUrl\":\"https:\/\/colombia.agrolac.com\/wp-content\/uploads\/2026\/01\/bogota-04.webp\",\"datePublished\":\"2026-01-12T18:43:48+00:00\",\"dateModified\":\"2026-03-19T07:29:51+00:00\",\"description\":\"Conhe\u00e7a a Agrolac Andina S.A.S. na Col\u00f4mbia: registro, pr\u00f3xima importa\u00e7\u00e3o e distribui\u00e7\u00e3o de insumos agr\u00edcolas, suporte t\u00e9cnico agron\u00f4mico e apoio internacional com d\u00e9cadas de experi\u00eancia na Espanha e fornecedores internacionais de renome.\",\"breadcrumb\":{\"@id\":\"https:\/\/colombia.agrolac.com\/pt-pt\/sobre-a-us\/#breadcrumb\"},\"inLanguage\":\"pt-PT\",\"potentialAction\":[{\"@type\":\"ReadAction\",\"target\":[\"https:\/\/colombia.agrolac.com\/pt-pt\/sobre-a-us\/\"]}]},{\"@type\":\"ImageObject\",\"inLanguage\":\"pt-PT\",\"@id\":\"https:\/\/colombia.agrolac.com\/pt-pt\/sobre-a-us\/#primaryimage\",\"url\":\"https:\/\/colombia.agrolac.com\/wp-content\/uploads\/2026\/01\/bogota-04.webp\",\"contentUrl\":\"https:\/\/colombia.agrolac.com\/wp-content\/uploads\/2026\/01\/bogota-04.webp\",\"width\":1500,\"height\":1000},{\"@type\":\"BreadcrumbList\",\"@id\":\"https:\/\/colombia.agrolac.com\/pt-pt\/sobre-a-us\/#breadcrumb\",\"itemListElement\":[{\"@type\":\"ListItem\",\"position\":1,\"name\":\"In\u00edcio\",\"item\":\"https:\/\/colombia.agrolac.com\/pt-pt\/casa\/\"},{\"@type\":\"ListItem\",\"position\":2,\"name\":\"Sobre N\u00f3s\"}]},{\"@type\":\"WebSite\",\"@id\":\"https:\/\/colombia.agrolac.com\/pt-pt\/#website\",\"url\":\"https:\/\/colombia.agrolac.com\/pt-pt\/\",\"name\":\"VICORQUIMIA\",\"description\":\"Agrolac \u00e9s una empresa de Barcelona, fundada el 1982, especialitzada en distribuci\u00f3 de productes agroqu\u00edmics per a l&#039;agricultura europea.\",\"publisher\":{\"@id\":\"https:\/\/colombia.agrolac.com\/pt-pt\/#organization\"},\"potentialAction\":[{\"@type\":\"SearchAction\",\"target\":{\"@type\":\"EntryPoint\",\"urlTemplate\":\"https:\/\/colombia.agrolac.com\/pt-pt\/?s={search_term_string}\"},\"query-input\":{\"@type\":\"PropertyValueSpecification\",\"valueRequired\":true,\"valueName\":\"search_term_string\"}}],\"inLanguage\":\"pt-PT\"},{\"@type\":\"Organization\",\"@id\":\"https:\/\/colombia.agrolac.com\/pt-pt\/#organization\",\"name\":\"VICORQUIMIA\",\"url\":\"https:\/\/colombia.agrolac.com\/pt-pt\/\",\"logo\":{\"@type\":\"ImageObject\",\"inLanguage\":\"pt-PT\",\"@id\":\"https:\/\/colombia.agrolac.com\/pt-pt\/#\/schema\/logo\/image\/\",\"url\":\"https:\/\/colombia.agrolac.com\/wp-content\/uploads\/2025\/10\/agrolac-logo.svg\",\"contentUrl\":\"https:\/\/colombia.agrolac.com\/wp-content\/uploads\/2025\/10\/agrolac-logo.svg\",\"caption\":\"VICORQUIMIA\"},\"image\":{\"@id\":\"https:\/\/colombia.agrolac.com\/pt-pt\/#\/schema\/logo\/image\/\"},\"sameAs\":[\"https:\/\/www.linkedin.com\/company\/vicorquimia\/\"]}]}<\/script>\n<!-- \/ Yoast SEO plugin. -->","yoast_head_json":{"title":"Sobre N\u00f3s - Agrolac","description":"Conhe\u00e7a a Agrolac Andina S.A.S. na Col\u00f4mbia: registro, pr\u00f3xima importa\u00e7\u00e3o e distribui\u00e7\u00e3o de insumos agr\u00edcolas, suporte t\u00e9cnico agron\u00f4mico e apoio internacional com d\u00e9cadas de experi\u00eancia na Espanha e fornecedores internacionais de renome.","robots":{"index":"index","follow":"follow","max-snippet":"max-snippet:-1","max-image-preview":"max-image-preview:large","max-video-preview":"max-video-preview:-1"},"canonical":"https:\/\/colombia.agrolac.com\/pt-pt\/sobre-a-us\/","og_locale":"pt_PT","og_type":"article","og_title":"Sobre N\u00f3s - Agrolac","og_description":"Conhe\u00e7a a Agrolac Andina S.A.S. na Col\u00f4mbia: registro, pr\u00f3xima importa\u00e7\u00e3o e distribui\u00e7\u00e3o de insumos agr\u00edcolas, suporte t\u00e9cnico agron\u00f4mico e apoio internacional com d\u00e9cadas de experi\u00eancia na Espanha e fornecedores internacionais de renome.","og_url":"https:\/\/colombia.agrolac.com\/pt-pt\/sobre-a-us\/","og_site_name":"Agrolac","article_modified_time":"2026-03-19T07:29:51+00:00","og_image":[{"width":1500,"height":1000,"url":"https:\/\/colombia.agrolac.com\/wp-content\/uploads\/2026\/01\/bogota-04.webp","type":"image\/webp"}],"twitter_card":"summary_large_image","twitter_misc":{"Tempo estimado de leitura":"2 minutos"},"schema":{"@context":"https:\/\/schema.org","@graph":[{"@type":"WebPage","@id":"https:\/\/colombia.agrolac.com\/pt-pt\/sobre-a-us\/","url":"https:\/\/colombia.agrolac.com\/pt-pt\/sobre-a-us\/","name":"Sobre N\u00f3s - Agrolac","isPartOf":{"@id":"https:\/\/colombia.agrolac.com\/pt-pt\/#website"},"primaryImageOfPage":{"@id":"https:\/\/colombia.agrolac.com\/pt-pt\/sobre-a-us\/#primaryimage"},"image":{"@id":"https:\/\/colombia.agrolac.com\/pt-pt\/sobre-a-us\/#primaryimage"},"thumbnailUrl":"https:\/\/colombia.agrolac.com\/wp-content\/uploads\/2026\/01\/bogota-04.webp","datePublished":"2026-01-12T18:43:48+00:00","dateModified":"2026-03-19T07:29:51+00:00","description":"Conhe\u00e7a a Agrolac Andina S.A.S. na Col\u00f4mbia: registro, pr\u00f3xima importa\u00e7\u00e3o e distribui\u00e7\u00e3o de insumos agr\u00edcolas, suporte t\u00e9cnico agron\u00f4mico e apoio internacional com d\u00e9cadas de experi\u00eancia na Espanha e fornecedores internacionais de renome.","breadcrumb":{"@id":"https:\/\/colombia.agrolac.com\/pt-pt\/sobre-a-us\/#breadcrumb"},"inLanguage":"pt-PT","potentialAction":[{"@type":"ReadAction","target":["https:\/\/colombia.agrolac.com\/pt-pt\/sobre-a-us\/"]}]},{"@type":"ImageObject","inLanguage":"pt-PT","@id":"https:\/\/colombia.agrolac.com\/pt-pt\/sobre-a-us\/#primaryimage","url":"https:\/\/colombia.agrolac.com\/wp-content\/uploads\/2026\/01\/bogota-04.webp","contentUrl":"https:\/\/colombia.agrolac.com\/wp-content\/uploads\/2026\/01\/bogota-04.webp","width":1500,"height":1000},{"@type":"BreadcrumbList","@id":"https:\/\/colombia.agrolac.com\/pt-pt\/sobre-a-us\/#breadcrumb","itemListElement":[{"@type":"ListItem","position":1,"name":"In\u00edcio","item":"https:\/\/colombia.agrolac.com\/pt-pt\/casa\/"},{"@type":"ListItem","position":2,"name":"Sobre N\u00f3s"}]},{"@type":"WebSite","@id":"https:\/\/colombia.agrolac.com\/pt-pt\/#website","url":"https:\/\/colombia.agrolac.com\/pt-pt\/","name":"VICORQUIMIA","description":"Agrolac \u00e9s una empresa de Barcelona, fundada el 1982, especialitzada en distribuci\u00f3 de productes agroqu\u00edmics per a l&#039;agricultura europea.","publisher":{"@id":"https:\/\/colombia.agrolac.com\/pt-pt\/#organization"},"potentialAction":[{"@type":"SearchAction","target":{"@type":"EntryPoint","urlTemplate":"https:\/\/colombia.agrolac.com\/pt-pt\/?s={search_term_string}"},"query-input":{"@type":"PropertyValueSpecification","valueRequired":true,"valueName":"search_term_string"}}],"inLanguage":"pt-PT"},{"@type":"Organization","@id":"https:\/\/colombia.agrolac.com\/pt-pt\/#organization","name":"VICORQUIMIA","url":"https:\/\/colombia.agrolac.com\/pt-pt\/","logo":{"@type":"ImageObject","inLanguage":"pt-PT","@id":"https:\/\/colombia.agrolac.com\/pt-pt\/#\/schema\/logo\/image\/","url":"https:\/\/colombia.agrolac.com\/wp-content\/uploads\/2025\/10\/agrolac-logo.svg","contentUrl":"https:\/\/colombia.agrolac.com\/wp-content\/uploads\/2025\/10\/agrolac-logo.svg","caption":"VICORQUIMIA"},"image":{"@id":"https:\/\/colombia.agrolac.com\/pt-pt\/#\/schema\/logo\/image\/"},"sameAs":["https:\/\/www.linkedin.com\/company\/vicorquimia\/"]}]}},"_links":{"self":[{"href":"https:\/\/colombia.agrolac.com\/pt-pt\/wp-json\/wp\/v2\/pages\/7291","targetHints":{"allow":["GET"]}}],"collection":[{"href":"https:\/\/colombia.agrolac.com\/pt-pt\/wp-json\/wp\/v2\/pages"}],"about":[{"href":"https:\/\/colombia.agrolac.com\/pt-pt\/wp-json\/wp\/v2\/types\/page"}],"author":[{"embeddable":true,"href":"https:\/\/colombia.agrolac.com\/pt-pt\/wp-json\/wp\/v2\/users\/2"}],"replies":[{"embeddable":true,"href":"https:\/\/colombia.agrolac.com\/pt-pt\/wp-json\/wp\/v2\/comments?post=7291"}],"version-history":[{"count":5,"href":"https:\/\/colombia.agrolac.com\/pt-pt\/wp-json\/wp\/v2\/pages\/7291\/revisions"}],"predecessor-version":[{"id":8554,"href":"https:\/\/colombia.agrolac.com\/pt-pt\/wp-json\/wp\/v2\/pages\/7291\/revisions\/8554"}],"wp:featuredmedia":[{"embeddable":true,"href":"https:\/\/colombia.agrolac.com\/pt-pt\/wp-json\/wp\/v2\/media\/6052"}],"wp:attachment":[{"href":"https:\/\/colombia.agrolac.com\/pt-pt\/wp-json\/wp\/v2\/media?parent=7291"}],"curies":[{"name":"wp","href":"https:\/\/api.w.org\/{rel}","templated":true}]}}