{"id":7484,"date":"2026-01-12T15:24:00","date_gmt":"2026-01-12T14:24:00","guid":{"rendered":"http:\/\/colombia.agrolac.com\/qualidade-ambiente-e-inovacao-co\/"},"modified":"2026-03-19T08:34:16","modified_gmt":"2026-03-19T07:34:16","slug":"qualidade-ambiente-e-inovacao","status":"publish","type":"page","link":"https:\/\/colombia.agrolac.com\/pt-pt\/qualidade-ambiente-e-inovacao\/","title":{"rendered":"Qualidade, Meio Ambiente e Inova\u00e7\u00e3o"},"content":{"rendered":"\t\t<div data-elementor-type=\"wp-page\" data-elementor-id=\"7484\" class=\"elementor elementor-7484 elementor-6463\" data-elementor-post-type=\"page\">\n\t\t\t\t<div class=\"elementor-element elementor-element-a4173d7 e-flex e-con-boxed e-con e-parent\" data-id=\"a4173d7\" data-element_type=\"container\" data-e-type=\"container\">\n\t\t\t\t\t<div class=\"e-con-inner\">\n\t\t<div class=\"elementor-element elementor-element-5f08896 e-con-full e-flex e-con e-child\" data-id=\"5f08896\" data-element_type=\"container\" data-e-type=\"container\">\n\t\t\t\t<div class=\"elementor-element elementor-element-8de3639 elementor-widget elementor-widget-image\" data-id=\"8de3639\" data-element_type=\"widget\" data-e-type=\"widget\" data-widget_type=\"image.default\">\n\t\t\t\t<div class=\"elementor-widget-container\">\n\t\t\t\t\t\t\t\t\t\t\t\t\t\t\t<img fetchpriority=\"high\" decoding=\"async\" width=\"800\" height=\"534\" src=\"https:\/\/colombia.agrolac.com\/wp-content\/uploads\/2025\/07\/Lab-Girona-005-1024x683.jpg\" class=\"attachment-large size-large wp-image-830\" alt=\"\" srcset=\"https:\/\/colombia.agrolac.com\/wp-content\/uploads\/2025\/07\/Lab-Girona-005-1024x683.jpg 1024w, https:\/\/colombia.agrolac.com\/wp-content\/uploads\/2025\/07\/Lab-Girona-005-300x200.jpg 300w, https:\/\/colombia.agrolac.com\/wp-content\/uploads\/2025\/07\/Lab-Girona-005-768x512.jpg 768w, https:\/\/colombia.agrolac.com\/wp-content\/uploads\/2025\/07\/Lab-Girona-005-1536x1025.jpg 1536w, https:\/\/colombia.agrolac.com\/wp-content\/uploads\/2025\/07\/Lab-Girona-005-2048x1366.jpg 2048w\" sizes=\"(max-width: 800px) 100vw, 800px\" \/>\t\t\t\t\t\t\t\t\t\t\t\t\t\t\t<\/div>\n\t\t\t\t<\/div>\n\t\t\t\t<\/div>\n\t\t<div class=\"elementor-element elementor-element-cb1e526 e-con-full e-flex e-con e-child\" data-id=\"cb1e526\" data-element_type=\"container\" data-e-type=\"container\">\n\t\t\t\t<div class=\"elementor-element elementor-element-eba0cbe elementor-widget__width-initial elementor-widget-tablet__width-initial elementor-widget-mobile__width-initial elementor-widget elementor-widget-text-editor\" data-id=\"eba0cbe\" data-element_type=\"widget\" data-e-type=\"widget\" data-widget_type=\"text-editor.default\">\n\t\t\t\t<div class=\"elementor-widget-container\">\n\t\t\t\t\t\t\t\t\t<p class=\"p1\">Na <strong>Agrolac Andina<\/strong>, estamos comprometidos com a excel\u00eancia, a seguran\u00e7a e a transpar\u00eancia. <strong>Trabalhamos com rigor t\u00e9cnico e melhoria cont\u00ednua para estar \u00e0 altura das melhores pr\u00e1ticas do setor.<\/strong><\/p><p class=\"p1\">Com o objetivo de maximizar a satisfa\u00e7\u00e3o dos nossos clientes, operamos com um sistema de gest\u00e3o robusto que garante a qualidade, a seguran\u00e7a e a rastreabilidade nos nossos processos. Na Col\u00f4mbia, aplicamos uma metodologia de trabalho alinhada aos padr\u00f5es ISO 9001 (gest\u00e3o da qualidade) e incorporamos crit\u00e9rios da ISO 14001 (gest\u00e3o ambiental) e da ISO 50001 (gest\u00e3o de energia), como parte da nossa forma de operar e do nosso compromisso com a sustentabilidade. <\/p>\t\t\t\t\t\t\t\t<\/div>\n\t\t\t\t<\/div>\n\t\t\t\t<\/div>\n\t\t\t\t\t<\/div>\n\t\t\t\t<\/div>\n\t\t<div class=\"elementor-element elementor-element-d189ab7 e-flex e-con-boxed e-con e-parent\" data-id=\"d189ab7\" data-element_type=\"container\" data-e-type=\"container\">\n\t\t\t\t\t<div class=\"e-con-inner\">\n\t\t\t\t<div class=\"elementor-element elementor-element-6ef3e51 elementor-widget elementor-widget-text-editor\" data-id=\"6ef3e51\" data-element_type=\"widget\" data-e-type=\"widget\" data-widget_type=\"text-editor.default\">\n\t\t\t\t<div class=\"elementor-widget-container\">\n\t\t\t\t\t\t\t\t\t<p class=\"p1\">Estamos registrados no <em>Instituto Colombiano Agropecuario<\/em> (<strong>ICA<\/strong>) e cumprimos a regulamenta\u00e7\u00e3o vigente aplic\u00e1vel \u00e0 comercializa\u00e7\u00e3o e distribui\u00e7\u00e3o de insumos agr\u00edcolas. Isso inclui o manejo adequado da documenta\u00e7\u00e3o t\u00e9cnica (fichas e folhas de seguran\u00e7a), boas pr\u00e1ticas de armazenamento e manuseio, e controles internos voltados a garantir um fornecimento confi\u00e1vel e respons\u00e1vel. <\/p><p class=\"p1\">Na gest\u00e3o ambiental, promovemos a destina\u00e7\u00e3o respons\u00e1vel de embalagens e pacotes por meio da vincula\u00e7\u00e3o a um programa p\u00f3s-consumo autorizado na Col\u00f4mbia, voltado \u00e0 coleta e \u00e0 gest\u00e3o adequada de embalagens de insumos agr\u00edcolas. Com isso, fortalecemos a rastreabilidade e a conformidade em toda a cadeia. <\/p><p class=\"p1\">Al\u00e9m disso, contamos com o respaldo da <strong><em>International Chemistry Associates<\/em><\/strong> (<a href=\"https:\/\/www.icachemgroup.com\/\"><strong>Grupo ICA<\/strong><\/a>), holding internacional que integra empresas com trajet\u00f3ria no setor agr\u00edcola. Essa experi\u00eancia e capacidade t\u00e9cnica do grupo nos permite transferir metodologias, crit\u00e9rios e boas pr\u00e1ticas que elevam o padr\u00e3o da nossa opera\u00e7\u00e3o na Col\u00f4mbia. <\/p>\t\t\t\t\t\t\t\t<\/div>\n\t\t\t\t<\/div>\n\t\t\t\t\t<\/div>\n\t\t\t\t<\/div>\n\t\t<div class=\"elementor-element elementor-element-4d42e7b e-con-full e-flex e-con e-parent\" data-id=\"4d42e7b\" data-element_type=\"container\" data-e-type=\"container\">\n\t\t\t\t<div class=\"elementor-element elementor-element-f05860b elementor-align-center elementor-widget elementor-widget-button\" data-id=\"f05860b\" data-element_type=\"widget\" data-e-type=\"widget\" data-widget_type=\"button.default\">\n\t\t\t\t<div class=\"elementor-widget-container\">\n\t\t\t\t\t\t\t\t\t<div class=\"elementor-button-wrapper\">\n\t\t\t\t\t<a class=\"elementor-button elementor-button-link elementor-size-sm\" href=\"http:\/\/colombia.agrolac.com\/wp-content\/uploads\/2025\/07\/Politica-calidad-MA-y-EE-rev.4_web.pdf\" target=\"_blank\">\n\t\t\t\t\t\t<span class=\"elementor-button-content-wrapper\">\n\t\t\t\t\t\t<span class=\"elementor-button-icon\">\n\t\t\t\t<i aria-hidden=\"true\" class=\"fas fa-file-pdf\"><\/i>\t\t\t<\/span>\n\t\t\t\t\t\t\t\t\t<span class=\"elementor-button-text\">POL\u00cdTICA DE QUALIDADE, MEIO AMBIENTE E EFICI\u00caNCIA ENERG\u00c9TICA<\/span>\n\t\t\t\t\t<\/span>\n\t\t\t\t\t<\/a>\n\t\t\t\t<\/div>\n\t\t\t\t\t\t\t\t<\/div>\n\t\t\t\t<\/div>\n\t\t\t\t<\/div>\n\t\t\t\t<\/div>\n\t\t","protected":false},"excerpt":{"rendered":"<p>Na Agrolac Andina, estamos comprometidos com a excel\u00eancia, a seguran\u00e7a e a transpar\u00eancia. Trabalhamos com rigor t\u00e9cnico e melhoria cont\u00ednua para estar \u00e0 altura das melhores pr\u00e1ticas do setor. Com o objetivo de maximizar a satisfa\u00e7\u00e3o dos nossos clientes, operamos com um sistema de gest\u00e3o robusto que garante a qualidade, a seguran\u00e7a e a rastreabilidade [&hellip;]<\/p>\n","protected":false},"author":2,"featured_media":0,"parent":0,"menu_order":0,"comment_status":"closed","ping_status":"closed","template":"","meta":{"_acf_changed":false,"footnotes":""},"class_list":["post-7484","page","type-page","status-publish","hentry"],"acf":[],"yoast_head":"<!-- This site is optimized with the Yoast SEO plugin v27.2 - https:\/\/yoast.com\/product\/yoast-seo-wordpress\/ -->\n<title>Qualidade, Meio Ambiente e Inova\u00e7\u00e3o - Agrolac<\/title>\n<meta name=\"description\" content=\"Agrolac Andina na Col\u00f4mbia: qualidade, seguran\u00e7a e rastreabilidade com metodologia alinhada \u00e0s ISO 9001, 14001 e 50001. Registrados no ICA, gest\u00e3o respons\u00e1vel de embalagens e respaldo da International.\" \/>\n<meta name=\"robots\" content=\"index, follow, max-snippet:-1, max-image-preview:large, max-video-preview:-1\" \/>\n<link rel=\"canonical\" href=\"https:\/\/colombia.agrolac.com\/pt-pt\/qualidade-ambiente-e-inovacao\/\" \/>\n<meta property=\"og:locale\" content=\"pt_PT\" \/>\n<meta property=\"og:type\" content=\"article\" \/>\n<meta property=\"og:title\" content=\"Qualidade, Meio Ambiente e Inova\u00e7\u00e3o - Agrolac\" \/>\n<meta property=\"og:description\" content=\"Agrolac Andina na Col\u00f4mbia: qualidade, seguran\u00e7a e rastreabilidade com metodologia alinhada \u00e0s ISO 9001, 14001 e 50001. Registrados no ICA, gest\u00e3o respons\u00e1vel de embalagens e respaldo da International.\" \/>\n<meta property=\"og:url\" content=\"https:\/\/colombia.agrolac.com\/pt-pt\/qualidade-ambiente-e-inovacao\/\" \/>\n<meta property=\"og:site_name\" content=\"Agrolac\" \/>\n<meta property=\"article:modified_time\" content=\"2026-03-19T07:34:16+00:00\" \/>\n<meta property=\"og:image\" content=\"https:\/\/colombia.agrolac.com\/wp-content\/uploads\/2025\/07\/Lab-Girona-005.jpg\" \/>\n\t<meta property=\"og:image:width\" content=\"2500\" \/>\n\t<meta property=\"og:image:height\" content=\"1668\" \/>\n\t<meta property=\"og:image:type\" content=\"image\/jpeg\" \/>\n<meta name=\"twitter:card\" content=\"summary_large_image\" \/>\n<meta name=\"twitter:label1\" content=\"Tempo estimado de leitura\" \/>\n\t<meta name=\"twitter:data1\" content=\"1 minuto\" \/>\n<script type=\"application\/ld+json\" class=\"yoast-schema-graph\">{\"@context\":\"https:\/\/schema.org\",\"@graph\":[{\"@type\":\"WebPage\",\"@id\":\"https:\/\/colombia.agrolac.com\/pt-pt\/qualidade-ambiente-e-inovacao\/\",\"url\":\"https:\/\/colombia.agrolac.com\/pt-pt\/qualidade-ambiente-e-inovacao\/\",\"name\":\"Qualidade, Meio Ambiente e Inova\u00e7\u00e3o - Agrolac\",\"isPartOf\":{\"@id\":\"https:\/\/colombia.agrolac.com\/pt-pt\/#website\"},\"primaryImageOfPage\":{\"@id\":\"https:\/\/colombia.agrolac.com\/pt-pt\/qualidade-ambiente-e-inovacao\/#primaryimage\"},\"image\":{\"@id\":\"https:\/\/colombia.agrolac.com\/pt-pt\/qualidade-ambiente-e-inovacao\/#primaryimage\"},\"thumbnailUrl\":\"https:\/\/colombia.agrolac.com\/wp-content\/uploads\/2025\/07\/Lab-Girona-005-1024x683.jpg\",\"datePublished\":\"2026-01-12T14:24:00+00:00\",\"dateModified\":\"2026-03-19T07:34:16+00:00\",\"description\":\"Agrolac Andina na Col\u00f4mbia: qualidade, seguran\u00e7a e rastreabilidade com metodologia alinhada \u00e0s ISO 9001, 14001 e 50001. Registrados no ICA, gest\u00e3o respons\u00e1vel de embalagens e respaldo da International.\",\"breadcrumb\":{\"@id\":\"https:\/\/colombia.agrolac.com\/pt-pt\/qualidade-ambiente-e-inovacao\/#breadcrumb\"},\"inLanguage\":\"pt-PT\",\"potentialAction\":[{\"@type\":\"ReadAction\",\"target\":[\"https:\/\/colombia.agrolac.com\/pt-pt\/qualidade-ambiente-e-inovacao\/\"]}]},{\"@type\":\"ImageObject\",\"inLanguage\":\"pt-PT\",\"@id\":\"https:\/\/colombia.agrolac.com\/pt-pt\/qualidade-ambiente-e-inovacao\/#primaryimage\",\"url\":\"https:\/\/colombia.agrolac.com\/wp-content\/uploads\/2025\/07\/Lab-Girona-005-1024x683.jpg\",\"contentUrl\":\"https:\/\/colombia.agrolac.com\/wp-content\/uploads\/2025\/07\/Lab-Girona-005-1024x683.jpg\"},{\"@type\":\"BreadcrumbList\",\"@id\":\"https:\/\/colombia.agrolac.com\/pt-pt\/qualidade-ambiente-e-inovacao\/#breadcrumb\",\"itemListElement\":[{\"@type\":\"ListItem\",\"position\":1,\"name\":\"In\u00edcio\",\"item\":\"https:\/\/colombia.agrolac.com\/pt-pt\/casa\/\"},{\"@type\":\"ListItem\",\"position\":2,\"name\":\"Qualidade, Meio Ambiente e Inova\u00e7\u00e3o\"}]},{\"@type\":\"WebSite\",\"@id\":\"https:\/\/colombia.agrolac.com\/pt-pt\/#website\",\"url\":\"https:\/\/colombia.agrolac.com\/pt-pt\/\",\"name\":\"VICORQUIMIA\",\"description\":\"Agrolac \u00e9s una empresa de Barcelona, fundada el 1982, especialitzada en distribuci\u00f3 de productes agroqu\u00edmics per a l&#039;agricultura europea.\",\"publisher\":{\"@id\":\"https:\/\/colombia.agrolac.com\/pt-pt\/#organization\"},\"potentialAction\":[{\"@type\":\"SearchAction\",\"target\":{\"@type\":\"EntryPoint\",\"urlTemplate\":\"https:\/\/colombia.agrolac.com\/pt-pt\/?s={search_term_string}\"},\"query-input\":{\"@type\":\"PropertyValueSpecification\",\"valueRequired\":true,\"valueName\":\"search_term_string\"}}],\"inLanguage\":\"pt-PT\"},{\"@type\":\"Organization\",\"@id\":\"https:\/\/colombia.agrolac.com\/pt-pt\/#organization\",\"name\":\"VICORQUIMIA\",\"url\":\"https:\/\/colombia.agrolac.com\/pt-pt\/\",\"logo\":{\"@type\":\"ImageObject\",\"inLanguage\":\"pt-PT\",\"@id\":\"https:\/\/colombia.agrolac.com\/pt-pt\/#\/schema\/logo\/image\/\",\"url\":\"https:\/\/colombia.agrolac.com\/wp-content\/uploads\/2025\/10\/agrolac-logo.svg\",\"contentUrl\":\"https:\/\/colombia.agrolac.com\/wp-content\/uploads\/2025\/10\/agrolac-logo.svg\",\"caption\":\"VICORQUIMIA\"},\"image\":{\"@id\":\"https:\/\/colombia.agrolac.com\/pt-pt\/#\/schema\/logo\/image\/\"},\"sameAs\":[\"https:\/\/www.linkedin.com\/company\/vicorquimia\/\"]}]}<\/script>\n<!-- \/ Yoast SEO plugin. -->","yoast_head_json":{"title":"Qualidade, Meio Ambiente e Inova\u00e7\u00e3o - Agrolac","description":"Agrolac Andina na Col\u00f4mbia: qualidade, seguran\u00e7a e rastreabilidade com metodologia alinhada \u00e0s ISO 9001, 14001 e 50001. Registrados no ICA, gest\u00e3o respons\u00e1vel de embalagens e respaldo da International.","robots":{"index":"index","follow":"follow","max-snippet":"max-snippet:-1","max-image-preview":"max-image-preview:large","max-video-preview":"max-video-preview:-1"},"canonical":"https:\/\/colombia.agrolac.com\/pt-pt\/qualidade-ambiente-e-inovacao\/","og_locale":"pt_PT","og_type":"article","og_title":"Qualidade, Meio Ambiente e Inova\u00e7\u00e3o - Agrolac","og_description":"Agrolac Andina na Col\u00f4mbia: qualidade, seguran\u00e7a e rastreabilidade com metodologia alinhada \u00e0s ISO 9001, 14001 e 50001. Registrados no ICA, gest\u00e3o respons\u00e1vel de embalagens e respaldo da International.","og_url":"https:\/\/colombia.agrolac.com\/pt-pt\/qualidade-ambiente-e-inovacao\/","og_site_name":"Agrolac","article_modified_time":"2026-03-19T07:34:16+00:00","og_image":[{"width":2500,"height":1668,"url":"https:\/\/colombia.agrolac.com\/wp-content\/uploads\/2025\/07\/Lab-Girona-005.jpg","type":"image\/jpeg"}],"twitter_card":"summary_large_image","twitter_misc":{"Tempo estimado de leitura":"1 minuto"},"schema":{"@context":"https:\/\/schema.org","@graph":[{"@type":"WebPage","@id":"https:\/\/colombia.agrolac.com\/pt-pt\/qualidade-ambiente-e-inovacao\/","url":"https:\/\/colombia.agrolac.com\/pt-pt\/qualidade-ambiente-e-inovacao\/","name":"Qualidade, Meio Ambiente e Inova\u00e7\u00e3o - Agrolac","isPartOf":{"@id":"https:\/\/colombia.agrolac.com\/pt-pt\/#website"},"primaryImageOfPage":{"@id":"https:\/\/colombia.agrolac.com\/pt-pt\/qualidade-ambiente-e-inovacao\/#primaryimage"},"image":{"@id":"https:\/\/colombia.agrolac.com\/pt-pt\/qualidade-ambiente-e-inovacao\/#primaryimage"},"thumbnailUrl":"https:\/\/colombia.agrolac.com\/wp-content\/uploads\/2025\/07\/Lab-Girona-005-1024x683.jpg","datePublished":"2026-01-12T14:24:00+00:00","dateModified":"2026-03-19T07:34:16+00:00","description":"Agrolac Andina na Col\u00f4mbia: qualidade, seguran\u00e7a e rastreabilidade com metodologia alinhada \u00e0s ISO 9001, 14001 e 50001. Registrados no ICA, gest\u00e3o respons\u00e1vel de embalagens e respaldo da International.","breadcrumb":{"@id":"https:\/\/colombia.agrolac.com\/pt-pt\/qualidade-ambiente-e-inovacao\/#breadcrumb"},"inLanguage":"pt-PT","potentialAction":[{"@type":"ReadAction","target":["https:\/\/colombia.agrolac.com\/pt-pt\/qualidade-ambiente-e-inovacao\/"]}]},{"@type":"ImageObject","inLanguage":"pt-PT","@id":"https:\/\/colombia.agrolac.com\/pt-pt\/qualidade-ambiente-e-inovacao\/#primaryimage","url":"https:\/\/colombia.agrolac.com\/wp-content\/uploads\/2025\/07\/Lab-Girona-005-1024x683.jpg","contentUrl":"https:\/\/colombia.agrolac.com\/wp-content\/uploads\/2025\/07\/Lab-Girona-005-1024x683.jpg"},{"@type":"BreadcrumbList","@id":"https:\/\/colombia.agrolac.com\/pt-pt\/qualidade-ambiente-e-inovacao\/#breadcrumb","itemListElement":[{"@type":"ListItem","position":1,"name":"In\u00edcio","item":"https:\/\/colombia.agrolac.com\/pt-pt\/casa\/"},{"@type":"ListItem","position":2,"name":"Qualidade, Meio Ambiente e Inova\u00e7\u00e3o"}]},{"@type":"WebSite","@id":"https:\/\/colombia.agrolac.com\/pt-pt\/#website","url":"https:\/\/colombia.agrolac.com\/pt-pt\/","name":"VICORQUIMIA","description":"Agrolac \u00e9s una empresa de Barcelona, fundada el 1982, especialitzada en distribuci\u00f3 de productes agroqu\u00edmics per a l&#039;agricultura europea.","publisher":{"@id":"https:\/\/colombia.agrolac.com\/pt-pt\/#organization"},"potentialAction":[{"@type":"SearchAction","target":{"@type":"EntryPoint","urlTemplate":"https:\/\/colombia.agrolac.com\/pt-pt\/?s={search_term_string}"},"query-input":{"@type":"PropertyValueSpecification","valueRequired":true,"valueName":"search_term_string"}}],"inLanguage":"pt-PT"},{"@type":"Organization","@id":"https:\/\/colombia.agrolac.com\/pt-pt\/#organization","name":"VICORQUIMIA","url":"https:\/\/colombia.agrolac.com\/pt-pt\/","logo":{"@type":"ImageObject","inLanguage":"pt-PT","@id":"https:\/\/colombia.agrolac.com\/pt-pt\/#\/schema\/logo\/image\/","url":"https:\/\/colombia.agrolac.com\/wp-content\/uploads\/2025\/10\/agrolac-logo.svg","contentUrl":"https:\/\/colombia.agrolac.com\/wp-content\/uploads\/2025\/10\/agrolac-logo.svg","caption":"VICORQUIMIA"},"image":{"@id":"https:\/\/colombia.agrolac.com\/pt-pt\/#\/schema\/logo\/image\/"},"sameAs":["https:\/\/www.linkedin.com\/company\/vicorquimia\/"]}]}},"_links":{"self":[{"href":"https:\/\/colombia.agrolac.com\/pt-pt\/wp-json\/wp\/v2\/pages\/7484","targetHints":{"allow":["GET"]}}],"collection":[{"href":"https:\/\/colombia.agrolac.com\/pt-pt\/wp-json\/wp\/v2\/pages"}],"about":[{"href":"https:\/\/colombia.agrolac.com\/pt-pt\/wp-json\/wp\/v2\/types\/page"}],"author":[{"embeddable":true,"href":"https:\/\/colombia.agrolac.com\/pt-pt\/wp-json\/wp\/v2\/users\/2"}],"replies":[{"embeddable":true,"href":"https:\/\/colombia.agrolac.com\/pt-pt\/wp-json\/wp\/v2\/comments?post=7484"}],"version-history":[{"count":4,"href":"https:\/\/colombia.agrolac.com\/pt-pt\/wp-json\/wp\/v2\/pages\/7484\/revisions"}],"predecessor-version":[{"id":8602,"href":"https:\/\/colombia.agrolac.com\/pt-pt\/wp-json\/wp\/v2\/pages\/7484\/revisions\/8602"}],"wp:attachment":[{"href":"https:\/\/colombia.agrolac.com\/pt-pt\/wp-json\/wp\/v2\/media?parent=7484"}],"curies":[{"name":"wp","href":"https:\/\/api.w.org\/{rel}","templated":true}]}}