{"id":7617,"date":"2026-01-08T22:25:03","date_gmt":"2026-01-08T21:25:03","guid":{"rendered":"http:\/\/colombia.agrolac.com\/producto\/agrolac-pga\/"},"modified":"2026-03-02T19:22:53","modified_gmt":"2026-03-02T18:22:53","slug":"agrolac-pga","status":"publish","type":"product","link":"https:\/\/colombia.agrolac.com\/pt-pt\/producto\/agrolac-pga\/","title":{"rendered":"Agrolac\u00ae PGA"},"content":{"rendered":"<h2>Agrolac\u00ae PGA<\/h2>\n<p><strong>Agrolac\u00ae PGA<\/strong> contribui eficazmente para revitalizar o desempenho da planta face \u00e0 <strong>falta de \u00e1gua<\/strong> e a v\u00e1rias situa\u00e7\u00f5es <strong>de stress abi\u00f3tico<\/strong>, como a seca, a salinidade, a geada, a polui\u00e7\u00e3o atmosf\u00e9rica, a fitotoxicidade, o granizo ou o vento.<\/p>\n<p>A sua a\u00e7\u00e3o est\u00e1 associada ao seu conte\u00fado em <strong>\u00e1cido<\/strong> \u03b3-poliglut\u00e2mico e <strong>amino\u00e1cidos livres<\/strong>, que est\u00e3o envolvidos em processos fisiol\u00f3gicos na planta.<\/p>\n<p>Estes amino\u00e1cidos incluem <strong>o \u00e1cido glut\u00e2mico<\/strong>, <strong>a glicina<\/strong>, <strong>a alanina<\/strong>, <strong>a metionina<\/strong>, <strong>a arginina<\/strong>, <strong>a prolina<\/strong> e <strong>a tirosina<\/strong>, que est\u00e3o relacionados com fun\u00e7\u00f5es como a s\u00edntese de clorofila, a forma\u00e7\u00e3o de novos rebentos, a a\u00e7\u00e3o quelante e o apoio ao equil\u00edbrio fisiol\u00f3gico da planta em diferentes est\u00e1dios fenol\u00f3gicos.<\/p>\n<p>Quando aplicado no solo, <strong>Agrolac\u00ae PGA<\/strong> proporciona capacidade hidrof\u00edlica, melhora a absor\u00e7\u00e3o e a solubilidade dos nutrientes, ajuda a equilibrar <strong>o pH do solo<\/strong>, favorece o <strong>efeito quelante<\/strong> dos i\u00f5es met\u00e1licos e melhora a absor\u00e7\u00e3o dos adubos tradicionais.<\/p>\n<h3>Benef\u00edcios agron\u00f3micos<\/h3>\n<ul>\n<li><strong>Apoio ao stress h\u00eddrico e a outros stresses abi\u00f3ticos<\/strong>.<\/li>\n<li><strong>Contribui para o equil\u00edbrio fisiol\u00f3gico<\/strong> da planta em condi\u00e7\u00f5es adversas.<\/li>\n<li><strong>Promove a s\u00edntese de clorofila<\/strong> e a forma\u00e7\u00e3o de novos rebentos.<\/li>\n<li><strong>A\u00e7\u00e3o quelante<\/strong> e melhor aproveitamento dos nutrientes.<\/li>\n<li><strong>Melhora a absor\u00e7\u00e3o e a solubilidade dos nutrientes<\/strong> e ajuda a equilibrar o pH do solo.<\/li>\n<\/ul>\n<p>&nbsp;<\/p>\n<h3>Aplica\u00e7\u00e3o<\/h3>\n<p>Fertilizante para aplica\u00e7\u00e3o <strong>foliar e fertirriga\u00e7\u00e3o<\/strong>. A utilizar adaptando a dose e o momento de aplica\u00e7\u00e3o \u00e0 cultura e \u00e0 situa\u00e7\u00e3o agron\u00f3mica. <\/p>\n<p>Regra geral, recomenda-se a sua utiliza\u00e7\u00e3o nos momentos de m\u00e1xima necessidade da cultura, com intervalos de <strong>14-21 dias<\/strong>, dependendo da cultura e da \u00e9poca do ciclo.<\/p>\n<h3>Observa\u00e7\u00f5es<\/h3>\n<p>N\u00e3o tratar a temperaturas superiores a 30 \u00baC. N\u00e3o misturar com produtos \u00e0 base de estanho ou \u00f3leos minerais. <\/p>\n","protected":false},"excerpt":{"rendered":"<p>Produto concebido para regular o desenvolvimento d\u2026<\/p>\n","protected":false},"featured_media":6348,"comment_status":"closed","ping_status":"closed","template":"","meta":{"_acf_changed":false},"certificacion":[434],"cultivo":[591,738,739,1106,593,598,594,1181,599,592,1104,1179,1474,1178,1180,1105],"product_brand":[],"product_cat":[398],"product_tag":[],"class_list":{"0":"post-7617","1":"product","2":"type-product","3":"status-publish","4":"has-post-thumbnail","6":"certificacion-residuo-zero","7":"cultivo-arvores-de-fruto","8":"cultivo-arvores-de-fruto-de-caroco","9":"cultivo-arvores-de-fruto-de-pomoideas","10":"cultivo-brassicas","11":"cultivo-cereais","12":"cultivo-citrinos","13":"cultivo-culturas-industriais","14":"cultivo-forragens-e-pastagens","15":"cultivo-frutos-secos","16":"cultivo-horticultura","17":"cultivo-horticultura-de-frutas","18":"cultivo-leguminosas","19":"cultivo-plantas-ornamentais-e-viveiros","20":"cultivo-sementes-oleaginosas","21":"cultivo-tropical-subtropical","22":"cultivo-videira","23":"product_cat-fertilizantes","25":"first","26":"instock","27":"shipping-taxable","28":"product-type-simple"},"acf":[],"yoast_head":"<!-- This site is optimized with the Yoast SEO plugin v27.2 - https:\/\/yoast.com\/product\/yoast-seo-wordpress\/ -->\n<title>Agrolac\u00ae PGA - Agrolac<\/title>\n<meta name=\"description\" content=\"Agrolac\u00ae PGA \u00e9 um fertilizante foliar e de fertirriga\u00e7\u00e3o com \u00e1cido \u03b3-poliglut\u00e2mico e amino\u00e1cidos para apoiar a planta em situa\u00e7\u00f5es de stress h\u00eddrico e abi\u00f3tico.\" \/>\n<meta name=\"robots\" content=\"index, follow, max-snippet:-1, max-image-preview:large, max-video-preview:-1\" \/>\n<link rel=\"canonical\" href=\"https:\/\/colombia.agrolac.com\/pt-pt\/producto\/agrolac-pga\/\" \/>\n<meta property=\"og:locale\" content=\"pt_PT\" \/>\n<meta property=\"og:type\" content=\"article\" \/>\n<meta property=\"og:title\" content=\"Agrolac\u00ae PGA - Agrolac\" \/>\n<meta property=\"og:description\" content=\"Agrolac\u00ae PGA \u00e9 um fertilizante foliar e de fertirriga\u00e7\u00e3o com \u00e1cido \u03b3-poliglut\u00e2mico e amino\u00e1cidos para apoiar a planta em situa\u00e7\u00f5es de stress h\u00eddrico e abi\u00f3tico.\" \/>\n<meta property=\"og:url\" content=\"https:\/\/colombia.agrolac.com\/pt-pt\/producto\/agrolac-pga\/\" \/>\n<meta property=\"og:site_name\" content=\"Agrolac\" \/>\n<meta property=\"article:modified_time\" content=\"2026-03-02T18:22:53+00:00\" \/>\n<meta property=\"og:image\" content=\"https:\/\/colombia.agrolac.com\/wp-content\/uploads\/2026\/01\/tomatera-invernadero-01.webp\" \/>\n\t<meta property=\"og:image:width\" content=\"1920\" \/>\n\t<meta property=\"og:image:height\" content=\"1114\" \/>\n\t<meta property=\"og:image:type\" content=\"image\/webp\" \/>\n<meta name=\"twitter:card\" content=\"summary_large_image\" \/>\n<meta name=\"twitter:label1\" content=\"Tempo estimado de leitura\" \/>\n\t<meta name=\"twitter:data1\" content=\"2 minutos\" \/>\n<script type=\"application\/ld+json\" class=\"yoast-schema-graph\">{\"@context\":\"https:\/\/schema.org\",\"@graph\":[{\"@type\":\"WebPage\",\"@id\":\"https:\/\/colombia.agrolac.com\/pt-pt\/producto\/agrolac-pga\/\",\"url\":\"https:\/\/colombia.agrolac.com\/pt-pt\/producto\/agrolac-pga\/\",\"name\":\"Agrolac\u00ae PGA - Agrolac\",\"isPartOf\":{\"@id\":\"https:\/\/colombia.agrolac.com\/pt-pt\/#website\"},\"primaryImageOfPage\":{\"@id\":\"https:\/\/colombia.agrolac.com\/pt-pt\/producto\/agrolac-pga\/#primaryimage\"},\"image\":{\"@id\":\"https:\/\/colombia.agrolac.com\/pt-pt\/producto\/agrolac-pga\/#primaryimage\"},\"thumbnailUrl\":\"https:\/\/colombia.agrolac.com\/wp-content\/uploads\/2026\/01\/tomatera-invernadero-01.webp\",\"datePublished\":\"2026-01-08T21:25:03+00:00\",\"dateModified\":\"2026-03-02T18:22:53+00:00\",\"description\":\"Agrolac\u00ae PGA \u00e9 um fertilizante foliar e de fertirriga\u00e7\u00e3o com \u00e1cido \u03b3-poliglut\u00e2mico e amino\u00e1cidos para apoiar a planta em situa\u00e7\u00f5es de stress h\u00eddrico e abi\u00f3tico.\",\"breadcrumb\":{\"@id\":\"https:\/\/colombia.agrolac.com\/pt-pt\/producto\/agrolac-pga\/#breadcrumb\"},\"inLanguage\":\"pt-PT\",\"potentialAction\":[{\"@type\":\"ReadAction\",\"target\":[\"https:\/\/colombia.agrolac.com\/pt-pt\/producto\/agrolac-pga\/\"]}]},{\"@type\":\"ImageObject\",\"inLanguage\":\"pt-PT\",\"@id\":\"https:\/\/colombia.agrolac.com\/pt-pt\/producto\/agrolac-pga\/#primaryimage\",\"url\":\"https:\/\/colombia.agrolac.com\/wp-content\/uploads\/2026\/01\/tomatera-invernadero-01.webp\",\"contentUrl\":\"https:\/\/colombia.agrolac.com\/wp-content\/uploads\/2026\/01\/tomatera-invernadero-01.webp\",\"width\":1920,\"height\":1114},{\"@type\":\"BreadcrumbList\",\"@id\":\"https:\/\/colombia.agrolac.com\/pt-pt\/producto\/agrolac-pga\/#breadcrumb\",\"itemListElement\":[{\"@type\":\"ListItem\",\"position\":1,\"name\":\"In\u00edcio\",\"item\":\"https:\/\/colombia.agrolac.com\/pt-pt\/casa\/\"},{\"@type\":\"ListItem\",\"position\":2,\"name\":\"Produtos\",\"item\":\"https:\/\/colombia.agrolac.com\/pt-pt\/produtos\/\"},{\"@type\":\"ListItem\",\"position\":3,\"name\":\"Fertilizantes\",\"item\":\"https:\/\/colombia.agrolac.com\/pt-pt\/categoria-producto\/fertilizantes\/\"},{\"@type\":\"ListItem\",\"position\":4,\"name\":\"Agrolac\u00ae PGA\"}]},{\"@type\":\"WebSite\",\"@id\":\"https:\/\/colombia.agrolac.com\/pt-pt\/#website\",\"url\":\"https:\/\/colombia.agrolac.com\/pt-pt\/\",\"name\":\"VICORQUIMIA\",\"description\":\"Agrolac \u00e9s una empresa de Barcelona, fundada el 1982, especialitzada en distribuci\u00f3 de productes agroqu\u00edmics per a l&#039;agricultura europea.\",\"publisher\":{\"@id\":\"https:\/\/colombia.agrolac.com\/pt-pt\/#organization\"},\"potentialAction\":[{\"@type\":\"SearchAction\",\"target\":{\"@type\":\"EntryPoint\",\"urlTemplate\":\"https:\/\/colombia.agrolac.com\/pt-pt\/?s={search_term_string}\"},\"query-input\":{\"@type\":\"PropertyValueSpecification\",\"valueRequired\":true,\"valueName\":\"search_term_string\"}}],\"inLanguage\":\"pt-PT\"},{\"@type\":\"Organization\",\"@id\":\"https:\/\/colombia.agrolac.com\/pt-pt\/#organization\",\"name\":\"VICORQUIMIA\",\"url\":\"https:\/\/colombia.agrolac.com\/pt-pt\/\",\"logo\":{\"@type\":\"ImageObject\",\"inLanguage\":\"pt-PT\",\"@id\":\"https:\/\/colombia.agrolac.com\/pt-pt\/#\/schema\/logo\/image\/\",\"url\":\"https:\/\/colombia.agrolac.com\/wp-content\/uploads\/2025\/10\/agrolac-logo.svg\",\"contentUrl\":\"https:\/\/colombia.agrolac.com\/wp-content\/uploads\/2025\/10\/agrolac-logo.svg\",\"caption\":\"VICORQUIMIA\"},\"image\":{\"@id\":\"https:\/\/colombia.agrolac.com\/pt-pt\/#\/schema\/logo\/image\/\"},\"sameAs\":[\"https:\/\/www.linkedin.com\/company\/vicorquimia\/\"]}]}<\/script>\n<!-- \/ Yoast SEO plugin. -->","yoast_head_json":{"title":"Agrolac\u00ae PGA - Agrolac","description":"Agrolac\u00ae PGA \u00e9 um fertilizante foliar e de fertirriga\u00e7\u00e3o com \u00e1cido \u03b3-poliglut\u00e2mico e amino\u00e1cidos para apoiar a planta em situa\u00e7\u00f5es de stress h\u00eddrico e abi\u00f3tico.","robots":{"index":"index","follow":"follow","max-snippet":"max-snippet:-1","max-image-preview":"max-image-preview:large","max-video-preview":"max-video-preview:-1"},"canonical":"https:\/\/colombia.agrolac.com\/pt-pt\/producto\/agrolac-pga\/","og_locale":"pt_PT","og_type":"article","og_title":"Agrolac\u00ae PGA - Agrolac","og_description":"Agrolac\u00ae PGA \u00e9 um fertilizante foliar e de fertirriga\u00e7\u00e3o com \u00e1cido \u03b3-poliglut\u00e2mico e amino\u00e1cidos para apoiar a planta em situa\u00e7\u00f5es de stress h\u00eddrico e abi\u00f3tico.","og_url":"https:\/\/colombia.agrolac.com\/pt-pt\/producto\/agrolac-pga\/","og_site_name":"Agrolac","article_modified_time":"2026-03-02T18:22:53+00:00","og_image":[{"width":1920,"height":1114,"url":"https:\/\/colombia.agrolac.com\/wp-content\/uploads\/2026\/01\/tomatera-invernadero-01.webp","type":"image\/webp"}],"twitter_card":"summary_large_image","twitter_misc":{"Tempo estimado de leitura":"2 minutos"},"schema":{"@context":"https:\/\/schema.org","@graph":[{"@type":"WebPage","@id":"https:\/\/colombia.agrolac.com\/pt-pt\/producto\/agrolac-pga\/","url":"https:\/\/colombia.agrolac.com\/pt-pt\/producto\/agrolac-pga\/","name":"Agrolac\u00ae PGA - Agrolac","isPartOf":{"@id":"https:\/\/colombia.agrolac.com\/pt-pt\/#website"},"primaryImageOfPage":{"@id":"https:\/\/colombia.agrolac.com\/pt-pt\/producto\/agrolac-pga\/#primaryimage"},"image":{"@id":"https:\/\/colombia.agrolac.com\/pt-pt\/producto\/agrolac-pga\/#primaryimage"},"thumbnailUrl":"https:\/\/colombia.agrolac.com\/wp-content\/uploads\/2026\/01\/tomatera-invernadero-01.webp","datePublished":"2026-01-08T21:25:03+00:00","dateModified":"2026-03-02T18:22:53+00:00","description":"Agrolac\u00ae PGA \u00e9 um fertilizante foliar e de fertirriga\u00e7\u00e3o com \u00e1cido \u03b3-poliglut\u00e2mico e amino\u00e1cidos para apoiar a planta em situa\u00e7\u00f5es de stress h\u00eddrico e abi\u00f3tico.","breadcrumb":{"@id":"https:\/\/colombia.agrolac.com\/pt-pt\/producto\/agrolac-pga\/#breadcrumb"},"inLanguage":"pt-PT","potentialAction":[{"@type":"ReadAction","target":["https:\/\/colombia.agrolac.com\/pt-pt\/producto\/agrolac-pga\/"]}]},{"@type":"ImageObject","inLanguage":"pt-PT","@id":"https:\/\/colombia.agrolac.com\/pt-pt\/producto\/agrolac-pga\/#primaryimage","url":"https:\/\/colombia.agrolac.com\/wp-content\/uploads\/2026\/01\/tomatera-invernadero-01.webp","contentUrl":"https:\/\/colombia.agrolac.com\/wp-content\/uploads\/2026\/01\/tomatera-invernadero-01.webp","width":1920,"height":1114},{"@type":"BreadcrumbList","@id":"https:\/\/colombia.agrolac.com\/pt-pt\/producto\/agrolac-pga\/#breadcrumb","itemListElement":[{"@type":"ListItem","position":1,"name":"In\u00edcio","item":"https:\/\/colombia.agrolac.com\/pt-pt\/casa\/"},{"@type":"ListItem","position":2,"name":"Produtos","item":"https:\/\/colombia.agrolac.com\/pt-pt\/produtos\/"},{"@type":"ListItem","position":3,"name":"Fertilizantes","item":"https:\/\/colombia.agrolac.com\/pt-pt\/categoria-producto\/fertilizantes\/"},{"@type":"ListItem","position":4,"name":"Agrolac\u00ae PGA"}]},{"@type":"WebSite","@id":"https:\/\/colombia.agrolac.com\/pt-pt\/#website","url":"https:\/\/colombia.agrolac.com\/pt-pt\/","name":"VICORQUIMIA","description":"Agrolac \u00e9s una empresa de Barcelona, fundada el 1982, especialitzada en distribuci\u00f3 de productes agroqu\u00edmics per a l&#039;agricultura europea.","publisher":{"@id":"https:\/\/colombia.agrolac.com\/pt-pt\/#organization"},"potentialAction":[{"@type":"SearchAction","target":{"@type":"EntryPoint","urlTemplate":"https:\/\/colombia.agrolac.com\/pt-pt\/?s={search_term_string}"},"query-input":{"@type":"PropertyValueSpecification","valueRequired":true,"valueName":"search_term_string"}}],"inLanguage":"pt-PT"},{"@type":"Organization","@id":"https:\/\/colombia.agrolac.com\/pt-pt\/#organization","name":"VICORQUIMIA","url":"https:\/\/colombia.agrolac.com\/pt-pt\/","logo":{"@type":"ImageObject","inLanguage":"pt-PT","@id":"https:\/\/colombia.agrolac.com\/pt-pt\/#\/schema\/logo\/image\/","url":"https:\/\/colombia.agrolac.com\/wp-content\/uploads\/2025\/10\/agrolac-logo.svg","contentUrl":"https:\/\/colombia.agrolac.com\/wp-content\/uploads\/2025\/10\/agrolac-logo.svg","caption":"VICORQUIMIA"},"image":{"@id":"https:\/\/colombia.agrolac.com\/pt-pt\/#\/schema\/logo\/image\/"},"sameAs":["https:\/\/www.linkedin.com\/company\/vicorquimia\/"]}]}},"_links":{"self":[{"href":"https:\/\/colombia.agrolac.com\/pt-pt\/wp-json\/wp\/v2\/product\/7617","targetHints":{"allow":["GET"]}}],"collection":[{"href":"https:\/\/colombia.agrolac.com\/pt-pt\/wp-json\/wp\/v2\/product"}],"about":[{"href":"https:\/\/colombia.agrolac.com\/pt-pt\/wp-json\/wp\/v2\/types\/product"}],"replies":[{"embeddable":true,"href":"https:\/\/colombia.agrolac.com\/pt-pt\/wp-json\/wp\/v2\/comments?post=7617"}],"wp:featuredmedia":[{"embeddable":true,"href":"https:\/\/colombia.agrolac.com\/pt-pt\/wp-json\/wp\/v2\/media\/6348"}],"wp:attachment":[{"href":"https:\/\/colombia.agrolac.com\/pt-pt\/wp-json\/wp\/v2\/media?parent=7617"}],"wp:term":[{"taxonomy":"certificacion","embeddable":true,"href":"https:\/\/colombia.agrolac.com\/pt-pt\/wp-json\/wp\/v2\/certificacion?post=7617"},{"taxonomy":"cultivo","embeddable":true,"href":"https:\/\/colombia.agrolac.com\/pt-pt\/wp-json\/wp\/v2\/cultivo?post=7617"},{"taxonomy":"product_brand","embeddable":true,"href":"https:\/\/colombia.agrolac.com\/pt-pt\/wp-json\/wp\/v2\/product_brand?post=7617"},{"taxonomy":"product_cat","embeddable":true,"href":"https:\/\/colombia.agrolac.com\/pt-pt\/wp-json\/wp\/v2\/product_cat?post=7617"},{"taxonomy":"product_tag","embeddable":true,"href":"https:\/\/colombia.agrolac.com\/pt-pt\/wp-json\/wp\/v2\/product_tag?post=7617"}],"curies":[{"name":"wp","href":"https:\/\/api.w.org\/{rel}","templated":true}]}}