{"id":7678,"date":"2026-01-08T09:44:42","date_gmt":"2026-01-08T08:44:42","guid":{"rendered":"http:\/\/colombia.agrolac.com\/producto\/explosao-de-armadilhas\/"},"modified":"2026-03-02T19:23:07","modified_gmt":"2026-03-02T18:23:07","slug":"explosao-de-armadilhas","status":"publish","type":"product","link":"https:\/\/colombia.agrolac.com\/pt-pt\/producto\/explosao-de-armadilhas\/","title":{"rendered":"Explos\u00e3o de armadilhas"},"content":{"rendered":"<h2>Explos\u00e3o de armadilhas<\/h2>\n<p><strong>RAPHAGA TRAP<\/strong> \u00e9 um <strong>inseticida armadilha<\/strong> formulado com <strong>deltametrina, <\/strong>um piretr\u00f3ide sint\u00e9tico de alta atividade<strong>, N\u00c3O SIST\u00c9MICO <\/strong>que actua em doses muito baixas <strong>(0,015g\/armadilha). <\/strong>A armadilha \u00e9 apresentada como um <strong>isco pronto a usar<\/strong>, adequado para o controlo da <strong>mosca da fruta (<em>Ceratitis capitata<\/em>)<\/strong>.<\/p>\n<p>Apresenta-se <strong>sob a forma de uma armadilha pronta a usar<\/strong>, o que facilita a sua coloca\u00e7\u00e3o no campo em culturas autorizadas. O seu ingrediente ativo actua por <strong>contacto e ingest\u00e3o<\/strong>. <\/p>\n<p>O R\u00c1FAGA TRAP est\u00e1 indicado para utiliza\u00e7\u00e3o em <strong>citrinos<\/strong> (cultura principal a destacar) e tamb\u00e9m noutras culturas autorizadas, tais como \u00e1rvores de fruto de caro\u00e7o, \u00e1rvores de fruto de pevide, kiwi e frutos tropicais, dependendo das condi\u00e7\u00f5es de utiliza\u00e7\u00e3o.<\/p>\n<h3>Carater\u00edsticas do produto<\/h3>\n<ul>\n<li><strong>Subst\u00e2ncia ativa:<\/strong> deltametrina.<\/li>\n<li><strong>Formula\u00e7\u00e3o:<\/strong> isco (pronto a usar) (RB).<\/li>\n<li>Armadilha de isco pronta a ser colocada no campo.<\/li>\n<li>A\u00e7\u00e3o inseticida por contacto e ingest\u00e3o.<\/li>\n<li>Adequado para o controlo de <em>Ceratitis capitata<\/em>.<\/li>\n<\/ul>\n<h3>Utiliza\u00e7\u00e3o geral<\/h3>\n<ul>\n<li>Coloca as armadilhas na cultura como indicado para cada utiliza\u00e7\u00e3o autorizada.<\/li>\n<li>Dose indicativa na tabela de culturas: <strong>50-80 armadilhas\/ha<\/strong> (dependendo da press\u00e3o da praga).<\/li>\n<li><strong>1 tratamento por esta\u00e7\u00e3o<\/strong> (de acordo com as informa\u00e7\u00f5es fornecidas sobre a cultura).<\/li>\n<li><strong>Per\u00edodo de seguran\u00e7a:<\/strong> n\u00e3o aplic\u00e1vel (de acordo com o quadro fornecido).<\/li>\n<\/ul>\n<h3>Observa\u00e7\u00f5es e seguran\u00e7a<\/h3>\n<ul>\n<li><strong>EUH210:<\/strong> Ficha de dados de seguran\u00e7a dispon\u00edvel a pedido.<\/li>\n<li><strong>H410:<\/strong> Muito t\u00f3xico para os organismos aqu\u00e1ticos com efeitos duradouros.<\/li>\n<li><strong>P262:<\/strong> Evitar o contacto com os olhos, a pele ou o vestu\u00e1rio.<\/li>\n<li><strong>P273:<\/strong> Evitar a liberta\u00e7\u00e3o para o ambiente.<\/li>\n<li><strong>P391:<\/strong> Recolhe os derrames.<\/li>\n<li><strong>P501:<\/strong> Elimina o conte\u00fado e\/ou o recipiente de acordo com os regulamentos relativos a res\u00edduos perigosos.<\/li>\n<\/ul>\n","protected":false},"excerpt":{"rendered":"<p>Sistema de armadilhas para a monitoriza\u00e7\u00e3o e contr\u2026<\/p>\n","protected":false},"featured_media":6219,"comment_status":"closed","ping_status":"closed","template":"","meta":{"_acf_changed":false},"certificacion":[],"cultivo":[591,738,739,598,1180],"product_brand":[],"product_cat":[413],"product_tag":[],"class_list":{"0":"post-7678","1":"product","2":"type-product","3":"status-publish","4":"has-post-thumbnail","6":"cultivo-arvores-de-fruto","7":"cultivo-arvores-de-fruto-de-caroco","8":"cultivo-arvores-de-fruto-de-pomoideas","9":"cultivo-citrinos","10":"cultivo-tropical-subtropical","11":"product_cat-inseticidas","13":"first","14":"instock","15":"shipping-taxable","16":"product-type-simple"},"acf":[],"yoast_head":"<!-- This site is optimized with the Yoast SEO plugin v27.2 - https:\/\/yoast.com\/product\/yoast-seo-wordpress\/ -->\n<title>Explos\u00e3o de armadilhas - Agrolac<\/title>\n<meta name=\"description\" content=\"Explos\u00e3o de armadilhas% \u00e9 uma armadilha com isco de deltametrina pronta a usar para o controlo da mosca da fruta (Ceratitis capitata). Recomendada para citrinos e outras culturas aprovadas.\" \/>\n<meta name=\"robots\" content=\"index, follow, max-snippet:-1, max-image-preview:large, max-video-preview:-1\" \/>\n<link rel=\"canonical\" href=\"https:\/\/colombia.agrolac.com\/pt-pt\/producto\/explosao-de-armadilhas\/\" \/>\n<meta property=\"og:locale\" content=\"pt_PT\" \/>\n<meta property=\"og:type\" content=\"article\" \/>\n<meta property=\"og:title\" content=\"Explos\u00e3o de armadilhas - Agrolac\" \/>\n<meta property=\"og:description\" content=\"Explos\u00e3o de armadilhas% \u00e9 uma armadilha com isco de deltametrina pronta a usar para o controlo da mosca da fruta (Ceratitis capitata). Recomendada para citrinos e outras culturas aprovadas.\" \/>\n<meta property=\"og:url\" content=\"https:\/\/colombia.agrolac.com\/pt-pt\/producto\/explosao-de-armadilhas\/\" \/>\n<meta property=\"og:site_name\" content=\"Agrolac\" \/>\n<meta property=\"article:modified_time\" content=\"2026-03-02T18:23:07+00:00\" \/>\n<meta property=\"og:image\" content=\"https:\/\/colombia.agrolac.com\/wp-content\/uploads\/2026\/01\/clementinas-campo.webp\" \/>\n\t<meta property=\"og:image:width\" content=\"1920\" \/>\n\t<meta property=\"og:image:height\" content=\"1080\" \/>\n\t<meta property=\"og:image:type\" content=\"image\/webp\" \/>\n<meta name=\"twitter:card\" content=\"summary_large_image\" \/>\n<meta name=\"twitter:label1\" content=\"Tempo estimado de leitura\" \/>\n\t<meta name=\"twitter:data1\" content=\"1 minuto\" \/>\n<script type=\"application\/ld+json\" class=\"yoast-schema-graph\">{\"@context\":\"https:\/\/schema.org\",\"@graph\":[{\"@type\":\"WebPage\",\"@id\":\"https:\/\/colombia.agrolac.com\/pt-pt\/producto\/explosao-de-armadilhas\/\",\"url\":\"https:\/\/colombia.agrolac.com\/pt-pt\/producto\/explosao-de-armadilhas\/\",\"name\":\"Explos\u00e3o de armadilhas - Agrolac\",\"isPartOf\":{\"@id\":\"https:\/\/colombia.agrolac.com\/pt-pt\/#website\"},\"primaryImageOfPage\":{\"@id\":\"https:\/\/colombia.agrolac.com\/pt-pt\/producto\/explosao-de-armadilhas\/#primaryimage\"},\"image\":{\"@id\":\"https:\/\/colombia.agrolac.com\/pt-pt\/producto\/explosao-de-armadilhas\/#primaryimage\"},\"thumbnailUrl\":\"https:\/\/colombia.agrolac.com\/wp-content\/uploads\/2026\/01\/clementinas-campo.webp\",\"datePublished\":\"2026-01-08T08:44:42+00:00\",\"dateModified\":\"2026-03-02T18:23:07+00:00\",\"description\":\"Explos\u00e3o de armadilhas% \u00e9 uma armadilha com isco de deltametrina pronta a usar para o controlo da mosca da fruta (Ceratitis capitata). Recomendada para citrinos e outras culturas aprovadas.\",\"breadcrumb\":{\"@id\":\"https:\/\/colombia.agrolac.com\/pt-pt\/producto\/explosao-de-armadilhas\/#breadcrumb\"},\"inLanguage\":\"pt-PT\",\"potentialAction\":[{\"@type\":\"ReadAction\",\"target\":[\"https:\/\/colombia.agrolac.com\/pt-pt\/producto\/explosao-de-armadilhas\/\"]}]},{\"@type\":\"ImageObject\",\"inLanguage\":\"pt-PT\",\"@id\":\"https:\/\/colombia.agrolac.com\/pt-pt\/producto\/explosao-de-armadilhas\/#primaryimage\",\"url\":\"https:\/\/colombia.agrolac.com\/wp-content\/uploads\/2026\/01\/clementinas-campo.webp\",\"contentUrl\":\"https:\/\/colombia.agrolac.com\/wp-content\/uploads\/2026\/01\/clementinas-campo.webp\",\"width\":1920,\"height\":1080},{\"@type\":\"BreadcrumbList\",\"@id\":\"https:\/\/colombia.agrolac.com\/pt-pt\/producto\/explosao-de-armadilhas\/#breadcrumb\",\"itemListElement\":[{\"@type\":\"ListItem\",\"position\":1,\"name\":\"In\u00edcio\",\"item\":\"https:\/\/colombia.agrolac.com\/pt-pt\/casa\/\"},{\"@type\":\"ListItem\",\"position\":2,\"name\":\"Produtos\",\"item\":\"https:\/\/colombia.agrolac.com\/pt-pt\/produtos\/\"},{\"@type\":\"ListItem\",\"position\":3,\"name\":\"Inseticidas\",\"item\":\"https:\/\/colombia.agrolac.com\/pt-pt\/categoria-producto\/inseticidas\/\"},{\"@type\":\"ListItem\",\"position\":4,\"name\":\"Explos\u00e3o de armadilhas\"}]},{\"@type\":\"WebSite\",\"@id\":\"https:\/\/colombia.agrolac.com\/pt-pt\/#website\",\"url\":\"https:\/\/colombia.agrolac.com\/pt-pt\/\",\"name\":\"VICORQUIMIA\",\"description\":\"Agrolac \u00e9s una empresa de Barcelona, fundada el 1982, especialitzada en distribuci\u00f3 de productes agroqu\u00edmics per a l&#039;agricultura europea.\",\"publisher\":{\"@id\":\"https:\/\/colombia.agrolac.com\/pt-pt\/#organization\"},\"potentialAction\":[{\"@type\":\"SearchAction\",\"target\":{\"@type\":\"EntryPoint\",\"urlTemplate\":\"https:\/\/colombia.agrolac.com\/pt-pt\/?s={search_term_string}\"},\"query-input\":{\"@type\":\"PropertyValueSpecification\",\"valueRequired\":true,\"valueName\":\"search_term_string\"}}],\"inLanguage\":\"pt-PT\"},{\"@type\":\"Organization\",\"@id\":\"https:\/\/colombia.agrolac.com\/pt-pt\/#organization\",\"name\":\"VICORQUIMIA\",\"url\":\"https:\/\/colombia.agrolac.com\/pt-pt\/\",\"logo\":{\"@type\":\"ImageObject\",\"inLanguage\":\"pt-PT\",\"@id\":\"https:\/\/colombia.agrolac.com\/pt-pt\/#\/schema\/logo\/image\/\",\"url\":\"https:\/\/colombia.agrolac.com\/wp-content\/uploads\/2025\/10\/agrolac-logo.svg\",\"contentUrl\":\"https:\/\/colombia.agrolac.com\/wp-content\/uploads\/2025\/10\/agrolac-logo.svg\",\"caption\":\"VICORQUIMIA\"},\"image\":{\"@id\":\"https:\/\/colombia.agrolac.com\/pt-pt\/#\/schema\/logo\/image\/\"},\"sameAs\":[\"https:\/\/www.linkedin.com\/company\/vicorquimia\/\"]}]}<\/script>\n<!-- \/ Yoast SEO plugin. -->","yoast_head_json":{"title":"Explos\u00e3o de armadilhas - Agrolac","description":"Explos\u00e3o de armadilhas% \u00e9 uma armadilha com isco de deltametrina pronta a usar para o controlo da mosca da fruta (Ceratitis capitata). Recomendada para citrinos e outras culturas aprovadas.","robots":{"index":"index","follow":"follow","max-snippet":"max-snippet:-1","max-image-preview":"max-image-preview:large","max-video-preview":"max-video-preview:-1"},"canonical":"https:\/\/colombia.agrolac.com\/pt-pt\/producto\/explosao-de-armadilhas\/","og_locale":"pt_PT","og_type":"article","og_title":"Explos\u00e3o de armadilhas - Agrolac","og_description":"Explos\u00e3o de armadilhas% \u00e9 uma armadilha com isco de deltametrina pronta a usar para o controlo da mosca da fruta (Ceratitis capitata). Recomendada para citrinos e outras culturas aprovadas.","og_url":"https:\/\/colombia.agrolac.com\/pt-pt\/producto\/explosao-de-armadilhas\/","og_site_name":"Agrolac","article_modified_time":"2026-03-02T18:23:07+00:00","og_image":[{"width":1920,"height":1080,"url":"https:\/\/colombia.agrolac.com\/wp-content\/uploads\/2026\/01\/clementinas-campo.webp","type":"image\/webp"}],"twitter_card":"summary_large_image","twitter_misc":{"Tempo estimado de leitura":"1 minuto"},"schema":{"@context":"https:\/\/schema.org","@graph":[{"@type":"WebPage","@id":"https:\/\/colombia.agrolac.com\/pt-pt\/producto\/explosao-de-armadilhas\/","url":"https:\/\/colombia.agrolac.com\/pt-pt\/producto\/explosao-de-armadilhas\/","name":"Explos\u00e3o de armadilhas - Agrolac","isPartOf":{"@id":"https:\/\/colombia.agrolac.com\/pt-pt\/#website"},"primaryImageOfPage":{"@id":"https:\/\/colombia.agrolac.com\/pt-pt\/producto\/explosao-de-armadilhas\/#primaryimage"},"image":{"@id":"https:\/\/colombia.agrolac.com\/pt-pt\/producto\/explosao-de-armadilhas\/#primaryimage"},"thumbnailUrl":"https:\/\/colombia.agrolac.com\/wp-content\/uploads\/2026\/01\/clementinas-campo.webp","datePublished":"2026-01-08T08:44:42+00:00","dateModified":"2026-03-02T18:23:07+00:00","description":"Explos\u00e3o de armadilhas% \u00e9 uma armadilha com isco de deltametrina pronta a usar para o controlo da mosca da fruta (Ceratitis capitata). Recomendada para citrinos e outras culturas aprovadas.","breadcrumb":{"@id":"https:\/\/colombia.agrolac.com\/pt-pt\/producto\/explosao-de-armadilhas\/#breadcrumb"},"inLanguage":"pt-PT","potentialAction":[{"@type":"ReadAction","target":["https:\/\/colombia.agrolac.com\/pt-pt\/producto\/explosao-de-armadilhas\/"]}]},{"@type":"ImageObject","inLanguage":"pt-PT","@id":"https:\/\/colombia.agrolac.com\/pt-pt\/producto\/explosao-de-armadilhas\/#primaryimage","url":"https:\/\/colombia.agrolac.com\/wp-content\/uploads\/2026\/01\/clementinas-campo.webp","contentUrl":"https:\/\/colombia.agrolac.com\/wp-content\/uploads\/2026\/01\/clementinas-campo.webp","width":1920,"height":1080},{"@type":"BreadcrumbList","@id":"https:\/\/colombia.agrolac.com\/pt-pt\/producto\/explosao-de-armadilhas\/#breadcrumb","itemListElement":[{"@type":"ListItem","position":1,"name":"In\u00edcio","item":"https:\/\/colombia.agrolac.com\/pt-pt\/casa\/"},{"@type":"ListItem","position":2,"name":"Produtos","item":"https:\/\/colombia.agrolac.com\/pt-pt\/produtos\/"},{"@type":"ListItem","position":3,"name":"Inseticidas","item":"https:\/\/colombia.agrolac.com\/pt-pt\/categoria-producto\/inseticidas\/"},{"@type":"ListItem","position":4,"name":"Explos\u00e3o de armadilhas"}]},{"@type":"WebSite","@id":"https:\/\/colombia.agrolac.com\/pt-pt\/#website","url":"https:\/\/colombia.agrolac.com\/pt-pt\/","name":"VICORQUIMIA","description":"Agrolac \u00e9s una empresa de Barcelona, fundada el 1982, especialitzada en distribuci\u00f3 de productes agroqu\u00edmics per a l&#039;agricultura europea.","publisher":{"@id":"https:\/\/colombia.agrolac.com\/pt-pt\/#organization"},"potentialAction":[{"@type":"SearchAction","target":{"@type":"EntryPoint","urlTemplate":"https:\/\/colombia.agrolac.com\/pt-pt\/?s={search_term_string}"},"query-input":{"@type":"PropertyValueSpecification","valueRequired":true,"valueName":"search_term_string"}}],"inLanguage":"pt-PT"},{"@type":"Organization","@id":"https:\/\/colombia.agrolac.com\/pt-pt\/#organization","name":"VICORQUIMIA","url":"https:\/\/colombia.agrolac.com\/pt-pt\/","logo":{"@type":"ImageObject","inLanguage":"pt-PT","@id":"https:\/\/colombia.agrolac.com\/pt-pt\/#\/schema\/logo\/image\/","url":"https:\/\/colombia.agrolac.com\/wp-content\/uploads\/2025\/10\/agrolac-logo.svg","contentUrl":"https:\/\/colombia.agrolac.com\/wp-content\/uploads\/2025\/10\/agrolac-logo.svg","caption":"VICORQUIMIA"},"image":{"@id":"https:\/\/colombia.agrolac.com\/pt-pt\/#\/schema\/logo\/image\/"},"sameAs":["https:\/\/www.linkedin.com\/company\/vicorquimia\/"]}]}},"_links":{"self":[{"href":"https:\/\/colombia.agrolac.com\/pt-pt\/wp-json\/wp\/v2\/product\/7678","targetHints":{"allow":["GET"]}}],"collection":[{"href":"https:\/\/colombia.agrolac.com\/pt-pt\/wp-json\/wp\/v2\/product"}],"about":[{"href":"https:\/\/colombia.agrolac.com\/pt-pt\/wp-json\/wp\/v2\/types\/product"}],"replies":[{"embeddable":true,"href":"https:\/\/colombia.agrolac.com\/pt-pt\/wp-json\/wp\/v2\/comments?post=7678"}],"wp:featuredmedia":[{"embeddable":true,"href":"https:\/\/colombia.agrolac.com\/pt-pt\/wp-json\/wp\/v2\/media\/6219"}],"wp:attachment":[{"href":"https:\/\/colombia.agrolac.com\/pt-pt\/wp-json\/wp\/v2\/media?parent=7678"}],"wp:term":[{"taxonomy":"certificacion","embeddable":true,"href":"https:\/\/colombia.agrolac.com\/pt-pt\/wp-json\/wp\/v2\/certificacion?post=7678"},{"taxonomy":"cultivo","embeddable":true,"href":"https:\/\/colombia.agrolac.com\/pt-pt\/wp-json\/wp\/v2\/cultivo?post=7678"},{"taxonomy":"product_brand","embeddable":true,"href":"https:\/\/colombia.agrolac.com\/pt-pt\/wp-json\/wp\/v2\/product_brand?post=7678"},{"taxonomy":"product_cat","embeddable":true,"href":"https:\/\/colombia.agrolac.com\/pt-pt\/wp-json\/wp\/v2\/product_cat?post=7678"},{"taxonomy":"product_tag","embeddable":true,"href":"https:\/\/colombia.agrolac.com\/pt-pt\/wp-json\/wp\/v2\/product_tag?post=7678"}],"curies":[{"name":"wp","href":"https:\/\/api.w.org\/{rel}","templated":true}]}}