{"id":8581,"date":"2026-01-10T00:31:22","date_gmt":"2026-01-09T23:31:22","guid":{"rendered":"https:\/\/colombia.agrolac.com\/producto\/ankor-25-sc\/"},"modified":"2026-01-10T00:31:22","modified_gmt":"2026-01-09T23:31:22","slug":"ankor-25-sc","status":"publish","type":"product","link":"https:\/\/colombia.agrolac.com\/pt-pt\/producto\/ankor-25-sc\/","title":{"rendered":"Ankor 25 SC"},"content":{"rendered":"<p><strong>ANKOR 25 SC<\/strong> \u00e9 um fungicida desenvolvido para o controle de doen\u00e7as causadas por fungos em diferentes cultivos agr\u00edcolas.<\/p>\n<p>Sua aplica\u00e7\u00e3o ajuda a proteger a cultura contra o desenvolvimento de pat\u00f3genos que afetam folhas e tecidos vegetais, contribuindo para manter a sanidade da cultura durante seu desenvolvimento.<\/p>\n<h3>Como funciona?<\/h3>\n<ul>\n<li>Atua sobre fungos pat\u00f3genos que afetam a cultura.<\/li>\n<li>Ajuda a limitar o desenvolvimento de doen\u00e7as na planta.<\/li>\n<li>Contribui para manter o vigor da cultura.<\/li>\n<\/ul>\n<h3>Benef\u00edcios agron\u00f4micos<\/h3>\n<ul>\n<li>Controle de doen\u00e7as f\u00fangicas em cultivos agr\u00edcolas.<\/li>\n<li>Ajuda a proteger o desenvolvimento da cultura.<\/li>\n<li>Contribui para manter a qualidade da produ\u00e7\u00e3o.<\/li>\n<\/ul>\n<h3>Aplica\u00e7\u00e3o<\/h3>\n<p>Aplique seguindo as recomenda\u00e7\u00f5es t\u00e9cnicas para cada cultura e situa\u00e7\u00e3o fitossanit\u00e1ria.<\/p>\n<ul>\n<li><strong>Per\u00edodo de reentrada:<\/strong> 12 horas.<\/li>\n<\/ul>\n<h3>Culturas<\/h3>\n<p>Indicado para uso em <strong>arroz<\/strong> e <strong>cebola<\/strong>.<\/p>\n<h3>Doen\u00e7as<\/h3>\n<ul>\n<li>Queima da bainha ou brusone (<em>Rhizoctonia solani<\/em>).<\/li>\n<li>Mancha-p\u00farpura (<em>Alternaria porri<\/em>).<\/li>\n<\/ul>\n","protected":false},"excerpt":{"rendered":"<p>Inseticida formulado como suspens\u00e3o concentrada (S\u2026<\/p>\n","protected":false},"featured_media":8465,"comment_status":"closed","ping_status":"closed","template":"","meta":{"_acf_changed":false},"certificacion":[],"cultivo":[],"product_brand":[],"product_cat":[403],"product_tag":[1546],"class_list":{"0":"post-8581","1":"product","2":"type-product","3":"status-publish","4":"has-post-thumbnail","6":"product_cat-fungicidas","7":"product_tag-colombia","9":"first","10":"instock","11":"shipping-taxable","12":"product-type-simple"},"acf":[],"yoast_head":"<!-- This site is optimized with the Yoast SEO plugin v27.2 - https:\/\/yoast.com\/product\/yoast-seo-wordpress\/ -->\n<title>Ankor 25 SC - Agrolac<\/title>\n<meta name=\"robots\" content=\"index, follow, max-snippet:-1, max-image-preview:large, max-video-preview:-1\" \/>\n<link rel=\"canonical\" href=\"https:\/\/colombia.agrolac.com\/pt-pt\/producto\/ankor-25-sc\/\" \/>\n<meta property=\"og:locale\" content=\"pt_PT\" \/>\n<meta property=\"og:type\" content=\"article\" \/>\n<meta property=\"og:title\" content=\"Ankor 25 SC - Agrolac\" \/>\n<meta property=\"og:description\" content=\"Inseticida formulado como suspens\u00e3o concentrada (S\u2026\" \/>\n<meta property=\"og:url\" content=\"https:\/\/colombia.agrolac.com\/pt-pt\/producto\/ankor-25-sc\/\" \/>\n<meta property=\"og:site_name\" content=\"Agrolac\" \/>\n<meta property=\"og:image\" content=\"https:\/\/colombia.agrolac.com\/wp-content\/uploads\/2026\/01\/campo-arroz-01.webp\" \/>\n\t<meta property=\"og:image:width\" content=\"1919\" \/>\n\t<meta property=\"og:image:height\" content=\"1201\" \/>\n\t<meta property=\"og:image:type\" content=\"image\/webp\" \/>\n<meta name=\"twitter:card\" content=\"summary_large_image\" \/>\n<meta name=\"twitter:label1\" content=\"Tempo estimado de leitura\" \/>\n\t<meta name=\"twitter:data1\" content=\"1 minuto\" \/>\n<script type=\"application\/ld+json\" class=\"yoast-schema-graph\">{\"@context\":\"https:\/\/schema.org\",\"@graph\":[{\"@type\":\"WebPage\",\"@id\":\"https:\/\/colombia.agrolac.com\/pt-pt\/producto\/ankor-25-sc\/\",\"url\":\"https:\/\/colombia.agrolac.com\/pt-pt\/producto\/ankor-25-sc\/\",\"name\":\"Ankor 25 SC - Agrolac\",\"isPartOf\":{\"@id\":\"https:\/\/colombia.agrolac.com\/pt-pt\/#website\"},\"primaryImageOfPage\":{\"@id\":\"https:\/\/colombia.agrolac.com\/pt-pt\/producto\/ankor-25-sc\/#primaryimage\"},\"image\":{\"@id\":\"https:\/\/colombia.agrolac.com\/pt-pt\/producto\/ankor-25-sc\/#primaryimage\"},\"thumbnailUrl\":\"https:\/\/colombia.agrolac.com\/wp-content\/uploads\/2026\/01\/campo-arroz-01.webp\",\"datePublished\":\"2026-01-09T23:31:22+00:00\",\"breadcrumb\":{\"@id\":\"https:\/\/colombia.agrolac.com\/pt-pt\/producto\/ankor-25-sc\/#breadcrumb\"},\"inLanguage\":\"pt-PT\",\"potentialAction\":[{\"@type\":\"ReadAction\",\"target\":[\"https:\/\/colombia.agrolac.com\/pt-pt\/producto\/ankor-25-sc\/\"]}]},{\"@type\":\"ImageObject\",\"inLanguage\":\"pt-PT\",\"@id\":\"https:\/\/colombia.agrolac.com\/pt-pt\/producto\/ankor-25-sc\/#primaryimage\",\"url\":\"https:\/\/colombia.agrolac.com\/wp-content\/uploads\/2026\/01\/campo-arroz-01.webp\",\"contentUrl\":\"https:\/\/colombia.agrolac.com\/wp-content\/uploads\/2026\/01\/campo-arroz-01.webp\",\"width\":1919,\"height\":1201},{\"@type\":\"BreadcrumbList\",\"@id\":\"https:\/\/colombia.agrolac.com\/pt-pt\/producto\/ankor-25-sc\/#breadcrumb\",\"itemListElement\":[{\"@type\":\"ListItem\",\"position\":1,\"name\":\"In\u00edcio\",\"item\":\"https:\/\/colombia.agrolac.com\/pt-pt\/casa\/\"},{\"@type\":\"ListItem\",\"position\":2,\"name\":\"Produtos\",\"item\":\"https:\/\/colombia.agrolac.com\/pt-pt\/produtos\/\"},{\"@type\":\"ListItem\",\"position\":3,\"name\":\"Ankor 25 SC\"}]},{\"@type\":\"WebSite\",\"@id\":\"https:\/\/colombia.agrolac.com\/pt-pt\/#website\",\"url\":\"https:\/\/colombia.agrolac.com\/pt-pt\/\",\"name\":\"VICORQUIMIA\",\"description\":\"Agrolac \u00e9s una empresa de Barcelona, fundada el 1982, especialitzada en distribuci\u00f3 de productes agroqu\u00edmics per a l&#039;agricultura europea.\",\"publisher\":{\"@id\":\"https:\/\/colombia.agrolac.com\/pt-pt\/#organization\"},\"potentialAction\":[{\"@type\":\"SearchAction\",\"target\":{\"@type\":\"EntryPoint\",\"urlTemplate\":\"https:\/\/colombia.agrolac.com\/pt-pt\/?s={search_term_string}\"},\"query-input\":{\"@type\":\"PropertyValueSpecification\",\"valueRequired\":true,\"valueName\":\"search_term_string\"}}],\"inLanguage\":\"pt-PT\"},{\"@type\":\"Organization\",\"@id\":\"https:\/\/colombia.agrolac.com\/pt-pt\/#organization\",\"name\":\"VICORQUIMIA\",\"url\":\"https:\/\/colombia.agrolac.com\/pt-pt\/\",\"logo\":{\"@type\":\"ImageObject\",\"inLanguage\":\"pt-PT\",\"@id\":\"https:\/\/colombia.agrolac.com\/pt-pt\/#\/schema\/logo\/image\/\",\"url\":\"https:\/\/colombia.agrolac.com\/wp-content\/uploads\/2025\/10\/agrolac-logo.svg\",\"contentUrl\":\"https:\/\/colombia.agrolac.com\/wp-content\/uploads\/2025\/10\/agrolac-logo.svg\",\"caption\":\"VICORQUIMIA\"},\"image\":{\"@id\":\"https:\/\/colombia.agrolac.com\/pt-pt\/#\/schema\/logo\/image\/\"},\"sameAs\":[\"https:\/\/www.linkedin.com\/company\/vicorquimia\/\"]}]}<\/script>\n<!-- \/ Yoast SEO plugin. -->","yoast_head_json":{"title":"Ankor 25 SC - Agrolac","robots":{"index":"index","follow":"follow","max-snippet":"max-snippet:-1","max-image-preview":"max-image-preview:large","max-video-preview":"max-video-preview:-1"},"canonical":"https:\/\/colombia.agrolac.com\/pt-pt\/producto\/ankor-25-sc\/","og_locale":"pt_PT","og_type":"article","og_title":"Ankor 25 SC - Agrolac","og_description":"Inseticida formulado como suspens\u00e3o concentrada (S\u2026","og_url":"https:\/\/colombia.agrolac.com\/pt-pt\/producto\/ankor-25-sc\/","og_site_name":"Agrolac","og_image":[{"width":1919,"height":1201,"url":"https:\/\/colombia.agrolac.com\/wp-content\/uploads\/2026\/01\/campo-arroz-01.webp","type":"image\/webp"}],"twitter_card":"summary_large_image","twitter_misc":{"Tempo estimado de leitura":"1 minuto"},"schema":{"@context":"https:\/\/schema.org","@graph":[{"@type":"WebPage","@id":"https:\/\/colombia.agrolac.com\/pt-pt\/producto\/ankor-25-sc\/","url":"https:\/\/colombia.agrolac.com\/pt-pt\/producto\/ankor-25-sc\/","name":"Ankor 25 SC - Agrolac","isPartOf":{"@id":"https:\/\/colombia.agrolac.com\/pt-pt\/#website"},"primaryImageOfPage":{"@id":"https:\/\/colombia.agrolac.com\/pt-pt\/producto\/ankor-25-sc\/#primaryimage"},"image":{"@id":"https:\/\/colombia.agrolac.com\/pt-pt\/producto\/ankor-25-sc\/#primaryimage"},"thumbnailUrl":"https:\/\/colombia.agrolac.com\/wp-content\/uploads\/2026\/01\/campo-arroz-01.webp","datePublished":"2026-01-09T23:31:22+00:00","breadcrumb":{"@id":"https:\/\/colombia.agrolac.com\/pt-pt\/producto\/ankor-25-sc\/#breadcrumb"},"inLanguage":"pt-PT","potentialAction":[{"@type":"ReadAction","target":["https:\/\/colombia.agrolac.com\/pt-pt\/producto\/ankor-25-sc\/"]}]},{"@type":"ImageObject","inLanguage":"pt-PT","@id":"https:\/\/colombia.agrolac.com\/pt-pt\/producto\/ankor-25-sc\/#primaryimage","url":"https:\/\/colombia.agrolac.com\/wp-content\/uploads\/2026\/01\/campo-arroz-01.webp","contentUrl":"https:\/\/colombia.agrolac.com\/wp-content\/uploads\/2026\/01\/campo-arroz-01.webp","width":1919,"height":1201},{"@type":"BreadcrumbList","@id":"https:\/\/colombia.agrolac.com\/pt-pt\/producto\/ankor-25-sc\/#breadcrumb","itemListElement":[{"@type":"ListItem","position":1,"name":"In\u00edcio","item":"https:\/\/colombia.agrolac.com\/pt-pt\/casa\/"},{"@type":"ListItem","position":2,"name":"Produtos","item":"https:\/\/colombia.agrolac.com\/pt-pt\/produtos\/"},{"@type":"ListItem","position":3,"name":"Ankor 25 SC"}]},{"@type":"WebSite","@id":"https:\/\/colombia.agrolac.com\/pt-pt\/#website","url":"https:\/\/colombia.agrolac.com\/pt-pt\/","name":"VICORQUIMIA","description":"Agrolac \u00e9s una empresa de Barcelona, fundada el 1982, especialitzada en distribuci\u00f3 de productes agroqu\u00edmics per a l&#039;agricultura europea.","publisher":{"@id":"https:\/\/colombia.agrolac.com\/pt-pt\/#organization"},"potentialAction":[{"@type":"SearchAction","target":{"@type":"EntryPoint","urlTemplate":"https:\/\/colombia.agrolac.com\/pt-pt\/?s={search_term_string}"},"query-input":{"@type":"PropertyValueSpecification","valueRequired":true,"valueName":"search_term_string"}}],"inLanguage":"pt-PT"},{"@type":"Organization","@id":"https:\/\/colombia.agrolac.com\/pt-pt\/#organization","name":"VICORQUIMIA","url":"https:\/\/colombia.agrolac.com\/pt-pt\/","logo":{"@type":"ImageObject","inLanguage":"pt-PT","@id":"https:\/\/colombia.agrolac.com\/pt-pt\/#\/schema\/logo\/image\/","url":"https:\/\/colombia.agrolac.com\/wp-content\/uploads\/2025\/10\/agrolac-logo.svg","contentUrl":"https:\/\/colombia.agrolac.com\/wp-content\/uploads\/2025\/10\/agrolac-logo.svg","caption":"VICORQUIMIA"},"image":{"@id":"https:\/\/colombia.agrolac.com\/pt-pt\/#\/schema\/logo\/image\/"},"sameAs":["https:\/\/www.linkedin.com\/company\/vicorquimia\/"]}]}},"_links":{"self":[{"href":"https:\/\/colombia.agrolac.com\/pt-pt\/wp-json\/wp\/v2\/product\/8581","targetHints":{"allow":["GET"]}}],"collection":[{"href":"https:\/\/colombia.agrolac.com\/pt-pt\/wp-json\/wp\/v2\/product"}],"about":[{"href":"https:\/\/colombia.agrolac.com\/pt-pt\/wp-json\/wp\/v2\/types\/product"}],"replies":[{"embeddable":true,"href":"https:\/\/colombia.agrolac.com\/pt-pt\/wp-json\/wp\/v2\/comments?post=8581"}],"wp:featuredmedia":[{"embeddable":true,"href":"https:\/\/colombia.agrolac.com\/pt-pt\/wp-json\/wp\/v2\/media\/8465"}],"wp:attachment":[{"href":"https:\/\/colombia.agrolac.com\/pt-pt\/wp-json\/wp\/v2\/media?parent=8581"}],"wp:term":[{"taxonomy":"certificacion","embeddable":true,"href":"https:\/\/colombia.agrolac.com\/pt-pt\/wp-json\/wp\/v2\/certificacion?post=8581"},{"taxonomy":"cultivo","embeddable":true,"href":"https:\/\/colombia.agrolac.com\/pt-pt\/wp-json\/wp\/v2\/cultivo?post=8581"},{"taxonomy":"product_brand","embeddable":true,"href":"https:\/\/colombia.agrolac.com\/pt-pt\/wp-json\/wp\/v2\/product_brand?post=8581"},{"taxonomy":"product_cat","embeddable":true,"href":"https:\/\/colombia.agrolac.com\/pt-pt\/wp-json\/wp\/v2\/product_cat?post=8581"},{"taxonomy":"product_tag","embeddable":true,"href":"https:\/\/colombia.agrolac.com\/pt-pt\/wp-json\/wp\/v2\/product_tag?post=8581"}],"curies":[{"name":"wp","href":"https:\/\/api.w.org\/{rel}","templated":true}]}}