{"id":8594,"date":"2026-01-10T21:13:53","date_gmt":"2026-01-10T20:13:53","guid":{"rendered":"https:\/\/colombia.agrolac.com\/producto\/lambdagrol-25-cs\/"},"modified":"2026-01-10T21:13:53","modified_gmt":"2026-01-10T20:13:53","slug":"lambdagrol-25-cs","status":"publish","type":"product","link":"https:\/\/colombia.agrolac.com\/pt-pt\/producto\/lambdagrol-25-cs\/","title":{"rendered":"Lambdagrol 25 CS"},"content":{"rendered":"<p><strong>LAMBDAGROL<\/strong> \u00e9 um produto usado para o controle de pragas em cultivos agr\u00edcolas.<\/p>\n<p>Sua aplica\u00e7\u00e3o permite manejar insetos que afetam folhas e tecidos vegetais, ajudando a manter a lavoura em melhores condi\u00e7\u00f5es durante o desenvolvimento.<\/p>\n<h3>Como funciona?<\/h3>\n<ul>\n<li>Age contra insetos que afetam a lavoura.<\/li>\n<li>Ajuda a limitar os danos causados por pragas na planta.<\/li>\n<li>Contribui para manter a lavoura em melhores condi\u00e7\u00f5es.<\/li>\n<\/ul>\n<h3>Aplica\u00e7\u00e3o<\/h3>\n<p>Aplicar quando for detectada a presen\u00e7a de pragas ou quando houver condi\u00e7\u00f5es favor\u00e1veis ao seu desenvolvimento.<\/p>\n<h3>Cultivos<\/h3>\n<ul>\n<li>N\u00e3o especificados nas informa\u00e7\u00f5es dispon\u00edveis.<\/li>\n<\/ul>\n<h3>Pragas<\/h3>\n<ul>\n<li>N\u00e3o especificadas nas informa\u00e7\u00f5es dispon\u00edveis.<\/li>\n<\/ul>\n","protected":false},"excerpt":{"rendered":"<p>Inseticida na formula\u00e7\u00e3o suspens\u00e3o de c\u00e1psulas (CS\u2026<\/p>\n","protected":false},"featured_media":8527,"comment_status":"closed","ping_status":"closed","template":"","meta":{"_acf_changed":false},"certificacion":[],"cultivo":[],"product_brand":[],"product_cat":[413],"product_tag":[1546],"class_list":{"0":"post-8594","1":"product","2":"type-product","3":"status-publish","4":"has-post-thumbnail","6":"product_cat-inseticidas","7":"product_tag-colombia","9":"first","10":"instock","11":"shipping-taxable","12":"product-type-simple"},"acf":[],"yoast_head":"<!-- This site is optimized with the Yoast SEO plugin v27.2 - https:\/\/yoast.com\/product\/yoast-seo-wordpress\/ -->\n<title>Lambdagrol 25 CS - Agrolac<\/title>\n<meta name=\"robots\" content=\"index, follow, max-snippet:-1, max-image-preview:large, max-video-preview:-1\" \/>\n<link rel=\"canonical\" href=\"https:\/\/colombia.agrolac.com\/pt-pt\/producto\/lambdagrol-25-cs\/\" \/>\n<meta property=\"og:locale\" content=\"pt_PT\" \/>\n<meta property=\"og:type\" content=\"article\" \/>\n<meta property=\"og:title\" content=\"Lambdagrol 25 CS - Agrolac\" \/>\n<meta property=\"og:description\" content=\"Inseticida na formula\u00e7\u00e3o suspens\u00e3o de c\u00e1psulas (CS\u2026\" \/>\n<meta property=\"og:url\" content=\"https:\/\/colombia.agrolac.com\/pt-pt\/producto\/lambdagrol-25-cs\/\" \/>\n<meta property=\"og:site_name\" content=\"Agrolac\" \/>\n<meta property=\"og:image\" content=\"https:\/\/colombia.agrolac.com\/wp-content\/uploads\/2026\/01\/soja.webp\" \/>\n\t<meta property=\"og:image:width\" content=\"1918\" \/>\n\t<meta property=\"og:image:height\" content=\"1279\" \/>\n\t<meta property=\"og:image:type\" content=\"image\/webp\" \/>\n<meta name=\"twitter:card\" content=\"summary_large_image\" \/>\n<meta name=\"twitter:label1\" content=\"Tempo estimado de leitura\" \/>\n\t<meta name=\"twitter:data1\" content=\"1 minuto\" \/>\n<script type=\"application\/ld+json\" class=\"yoast-schema-graph\">{\"@context\":\"https:\/\/schema.org\",\"@graph\":[{\"@type\":\"WebPage\",\"@id\":\"https:\/\/colombia.agrolac.com\/pt-pt\/producto\/lambdagrol-25-cs\/\",\"url\":\"https:\/\/colombia.agrolac.com\/pt-pt\/producto\/lambdagrol-25-cs\/\",\"name\":\"Lambdagrol 25 CS - Agrolac\",\"isPartOf\":{\"@id\":\"https:\/\/colombia.agrolac.com\/pt-pt\/#website\"},\"primaryImageOfPage\":{\"@id\":\"https:\/\/colombia.agrolac.com\/pt-pt\/producto\/lambdagrol-25-cs\/#primaryimage\"},\"image\":{\"@id\":\"https:\/\/colombia.agrolac.com\/pt-pt\/producto\/lambdagrol-25-cs\/#primaryimage\"},\"thumbnailUrl\":\"https:\/\/colombia.agrolac.com\/wp-content\/uploads\/2026\/01\/soja.webp\",\"datePublished\":\"2026-01-10T20:13:53+00:00\",\"breadcrumb\":{\"@id\":\"https:\/\/colombia.agrolac.com\/pt-pt\/producto\/lambdagrol-25-cs\/#breadcrumb\"},\"inLanguage\":\"pt-PT\",\"potentialAction\":[{\"@type\":\"ReadAction\",\"target\":[\"https:\/\/colombia.agrolac.com\/pt-pt\/producto\/lambdagrol-25-cs\/\"]}]},{\"@type\":\"ImageObject\",\"inLanguage\":\"pt-PT\",\"@id\":\"https:\/\/colombia.agrolac.com\/pt-pt\/producto\/lambdagrol-25-cs\/#primaryimage\",\"url\":\"https:\/\/colombia.agrolac.com\/wp-content\/uploads\/2026\/01\/soja.webp\",\"contentUrl\":\"https:\/\/colombia.agrolac.com\/wp-content\/uploads\/2026\/01\/soja.webp\",\"width\":1918,\"height\":1279},{\"@type\":\"BreadcrumbList\",\"@id\":\"https:\/\/colombia.agrolac.com\/pt-pt\/producto\/lambdagrol-25-cs\/#breadcrumb\",\"itemListElement\":[{\"@type\":\"ListItem\",\"position\":1,\"name\":\"In\u00edcio\",\"item\":\"https:\/\/colombia.agrolac.com\/pt-pt\/casa\/\"},{\"@type\":\"ListItem\",\"position\":2,\"name\":\"Produtos\",\"item\":\"https:\/\/colombia.agrolac.com\/pt-pt\/produtos\/\"},{\"@type\":\"ListItem\",\"position\":3,\"name\":\"Lambdagrol 25 CS\"}]},{\"@type\":\"WebSite\",\"@id\":\"https:\/\/colombia.agrolac.com\/pt-pt\/#website\",\"url\":\"https:\/\/colombia.agrolac.com\/pt-pt\/\",\"name\":\"VICORQUIMIA\",\"description\":\"Agrolac \u00e9s una empresa de Barcelona, fundada el 1982, especialitzada en distribuci\u00f3 de productes agroqu\u00edmics per a l&#039;agricultura europea.\",\"publisher\":{\"@id\":\"https:\/\/colombia.agrolac.com\/pt-pt\/#organization\"},\"potentialAction\":[{\"@type\":\"SearchAction\",\"target\":{\"@type\":\"EntryPoint\",\"urlTemplate\":\"https:\/\/colombia.agrolac.com\/pt-pt\/?s={search_term_string}\"},\"query-input\":{\"@type\":\"PropertyValueSpecification\",\"valueRequired\":true,\"valueName\":\"search_term_string\"}}],\"inLanguage\":\"pt-PT\"},{\"@type\":\"Organization\",\"@id\":\"https:\/\/colombia.agrolac.com\/pt-pt\/#organization\",\"name\":\"VICORQUIMIA\",\"url\":\"https:\/\/colombia.agrolac.com\/pt-pt\/\",\"logo\":{\"@type\":\"ImageObject\",\"inLanguage\":\"pt-PT\",\"@id\":\"https:\/\/colombia.agrolac.com\/pt-pt\/#\/schema\/logo\/image\/\",\"url\":\"https:\/\/colombia.agrolac.com\/wp-content\/uploads\/2025\/10\/agrolac-logo.svg\",\"contentUrl\":\"https:\/\/colombia.agrolac.com\/wp-content\/uploads\/2025\/10\/agrolac-logo.svg\",\"caption\":\"VICORQUIMIA\"},\"image\":{\"@id\":\"https:\/\/colombia.agrolac.com\/pt-pt\/#\/schema\/logo\/image\/\"},\"sameAs\":[\"https:\/\/www.linkedin.com\/company\/vicorquimia\/\"]}]}<\/script>\n<!-- \/ Yoast SEO plugin. -->","yoast_head_json":{"title":"Lambdagrol 25 CS - Agrolac","robots":{"index":"index","follow":"follow","max-snippet":"max-snippet:-1","max-image-preview":"max-image-preview:large","max-video-preview":"max-video-preview:-1"},"canonical":"https:\/\/colombia.agrolac.com\/pt-pt\/producto\/lambdagrol-25-cs\/","og_locale":"pt_PT","og_type":"article","og_title":"Lambdagrol 25 CS - Agrolac","og_description":"Inseticida na formula\u00e7\u00e3o suspens\u00e3o de c\u00e1psulas (CS\u2026","og_url":"https:\/\/colombia.agrolac.com\/pt-pt\/producto\/lambdagrol-25-cs\/","og_site_name":"Agrolac","og_image":[{"width":1918,"height":1279,"url":"https:\/\/colombia.agrolac.com\/wp-content\/uploads\/2026\/01\/soja.webp","type":"image\/webp"}],"twitter_card":"summary_large_image","twitter_misc":{"Tempo estimado de leitura":"1 minuto"},"schema":{"@context":"https:\/\/schema.org","@graph":[{"@type":"WebPage","@id":"https:\/\/colombia.agrolac.com\/pt-pt\/producto\/lambdagrol-25-cs\/","url":"https:\/\/colombia.agrolac.com\/pt-pt\/producto\/lambdagrol-25-cs\/","name":"Lambdagrol 25 CS - Agrolac","isPartOf":{"@id":"https:\/\/colombia.agrolac.com\/pt-pt\/#website"},"primaryImageOfPage":{"@id":"https:\/\/colombia.agrolac.com\/pt-pt\/producto\/lambdagrol-25-cs\/#primaryimage"},"image":{"@id":"https:\/\/colombia.agrolac.com\/pt-pt\/producto\/lambdagrol-25-cs\/#primaryimage"},"thumbnailUrl":"https:\/\/colombia.agrolac.com\/wp-content\/uploads\/2026\/01\/soja.webp","datePublished":"2026-01-10T20:13:53+00:00","breadcrumb":{"@id":"https:\/\/colombia.agrolac.com\/pt-pt\/producto\/lambdagrol-25-cs\/#breadcrumb"},"inLanguage":"pt-PT","potentialAction":[{"@type":"ReadAction","target":["https:\/\/colombia.agrolac.com\/pt-pt\/producto\/lambdagrol-25-cs\/"]}]},{"@type":"ImageObject","inLanguage":"pt-PT","@id":"https:\/\/colombia.agrolac.com\/pt-pt\/producto\/lambdagrol-25-cs\/#primaryimage","url":"https:\/\/colombia.agrolac.com\/wp-content\/uploads\/2026\/01\/soja.webp","contentUrl":"https:\/\/colombia.agrolac.com\/wp-content\/uploads\/2026\/01\/soja.webp","width":1918,"height":1279},{"@type":"BreadcrumbList","@id":"https:\/\/colombia.agrolac.com\/pt-pt\/producto\/lambdagrol-25-cs\/#breadcrumb","itemListElement":[{"@type":"ListItem","position":1,"name":"In\u00edcio","item":"https:\/\/colombia.agrolac.com\/pt-pt\/casa\/"},{"@type":"ListItem","position":2,"name":"Produtos","item":"https:\/\/colombia.agrolac.com\/pt-pt\/produtos\/"},{"@type":"ListItem","position":3,"name":"Lambdagrol 25 CS"}]},{"@type":"WebSite","@id":"https:\/\/colombia.agrolac.com\/pt-pt\/#website","url":"https:\/\/colombia.agrolac.com\/pt-pt\/","name":"VICORQUIMIA","description":"Agrolac \u00e9s una empresa de Barcelona, fundada el 1982, especialitzada en distribuci\u00f3 de productes agroqu\u00edmics per a l&#039;agricultura europea.","publisher":{"@id":"https:\/\/colombia.agrolac.com\/pt-pt\/#organization"},"potentialAction":[{"@type":"SearchAction","target":{"@type":"EntryPoint","urlTemplate":"https:\/\/colombia.agrolac.com\/pt-pt\/?s={search_term_string}"},"query-input":{"@type":"PropertyValueSpecification","valueRequired":true,"valueName":"search_term_string"}}],"inLanguage":"pt-PT"},{"@type":"Organization","@id":"https:\/\/colombia.agrolac.com\/pt-pt\/#organization","name":"VICORQUIMIA","url":"https:\/\/colombia.agrolac.com\/pt-pt\/","logo":{"@type":"ImageObject","inLanguage":"pt-PT","@id":"https:\/\/colombia.agrolac.com\/pt-pt\/#\/schema\/logo\/image\/","url":"https:\/\/colombia.agrolac.com\/wp-content\/uploads\/2025\/10\/agrolac-logo.svg","contentUrl":"https:\/\/colombia.agrolac.com\/wp-content\/uploads\/2025\/10\/agrolac-logo.svg","caption":"VICORQUIMIA"},"image":{"@id":"https:\/\/colombia.agrolac.com\/pt-pt\/#\/schema\/logo\/image\/"},"sameAs":["https:\/\/www.linkedin.com\/company\/vicorquimia\/"]}]}},"_links":{"self":[{"href":"https:\/\/colombia.agrolac.com\/pt-pt\/wp-json\/wp\/v2\/product\/8594","targetHints":{"allow":["GET"]}}],"collection":[{"href":"https:\/\/colombia.agrolac.com\/pt-pt\/wp-json\/wp\/v2\/product"}],"about":[{"href":"https:\/\/colombia.agrolac.com\/pt-pt\/wp-json\/wp\/v2\/types\/product"}],"replies":[{"embeddable":true,"href":"https:\/\/colombia.agrolac.com\/pt-pt\/wp-json\/wp\/v2\/comments?post=8594"}],"wp:featuredmedia":[{"embeddable":true,"href":"https:\/\/colombia.agrolac.com\/pt-pt\/wp-json\/wp\/v2\/media\/8527"}],"wp:attachment":[{"href":"https:\/\/colombia.agrolac.com\/pt-pt\/wp-json\/wp\/v2\/media?parent=8594"}],"wp:term":[{"taxonomy":"certificacion","embeddable":true,"href":"https:\/\/colombia.agrolac.com\/pt-pt\/wp-json\/wp\/v2\/certificacion?post=8594"},{"taxonomy":"cultivo","embeddable":true,"href":"https:\/\/colombia.agrolac.com\/pt-pt\/wp-json\/wp\/v2\/cultivo?post=8594"},{"taxonomy":"product_brand","embeddable":true,"href":"https:\/\/colombia.agrolac.com\/pt-pt\/wp-json\/wp\/v2\/product_brand?post=8594"},{"taxonomy":"product_cat","embeddable":true,"href":"https:\/\/colombia.agrolac.com\/pt-pt\/wp-json\/wp\/v2\/product_cat?post=8594"},{"taxonomy":"product_tag","embeddable":true,"href":"https:\/\/colombia.agrolac.com\/pt-pt\/wp-json\/wp\/v2\/product_tag?post=8594"}],"curies":[{"name":"wp","href":"https:\/\/api.w.org\/{rel}","templated":true}]}}