{"id":7287,"date":"2026-01-12T19:43:48","date_gmt":"2026-01-12T18:43:48","guid":{"rendered":"http:\/\/colombia.agrolac.com\/%e5%85%b3%e4%ba%8e%e6%88%91%e4%bb%ac-2\/"},"modified":"2026-03-19T08:34:16","modified_gmt":"2026-03-19T07:34:16","slug":"about-us","status":"publish","type":"page","link":"https:\/\/colombia.agrolac.com\/zh-hans\/about-us\/","title":{"rendered":"\u5173\u4e8e\u6211\u4eec"},"content":{"rendered":"\t\t<div data-elementor-type=\"wp-page\" data-elementor-id=\"7287\" class=\"elementor elementor-7287 elementor-6549\" data-elementor-post-type=\"page\">\n\t\t\t\t<div class=\"elementor-element elementor-element-de85fd9 e-flex e-con-boxed e-con e-parent\" data-id=\"de85fd9\" data-element_type=\"container\" data-e-type=\"container\">\n\t\t\t\t\t<div class=\"e-con-inner\">\n\t\t\t\t<div class=\"elementor-element elementor-element-c42390d elementor-widget elementor-widget-heading\" data-id=\"c42390d\" data-element_type=\"widget\" data-e-type=\"widget\" data-widget_type=\"heading.default\">\n\t\t\t\t<div class=\"elementor-widget-container\">\n\t\t\t\t\t<h4 class=\"elementor-heading-title elementor-size-default\">\u4e00\u5bb6\u62e5\u6709\u56fd\u9645\u652f\u6301\u7684\u672c\u5730\u516c\u53f8<\/h4>\t\t\t\t<\/div>\n\t\t\t\t<\/div>\n\t\t\t\t<div class=\"elementor-element elementor-element-0ec140d elementor-widget elementor-widget-text-editor\" data-id=\"0ec140d\" data-element_type=\"widget\" data-e-type=\"widget\" data-widget_type=\"text-editor.default\">\n\t\t\t\t<div class=\"elementor-widget-container\">\n\t\t\t\t\t\t\t\t\t<p class=\"p1\">\u5728 <span class=\"s1\"><b>Agrolac Andina S.A.S.<\/b><\/span>\uff0c\u6211\u4eec\u81f4\u529b\u4e8e\u5b9e\u73b0\u66f4\u9ad8\u6548\u3001\u8d1f\u8d23\u4efb\u4e14\u9762\u5411\u672a\u6765\u7684\u519c\u4e1a\u3002\u6211\u4eec\u7ed3\u5408\u4e86 <span class=\"s1\"><b>\u6280\u672f\u6807\u51c6<\/b><\/span>\u3001<span class=\"s1\"><b>\u8d34\u5fc3\u652f\u6301<\/b><\/span> \u548c\u56fd\u9645\u89c6\u91ce\uff0c\u4e3a\u54e5\u4f26\u6bd4\u4e9a\u5404\u5730\u7684\u5206\u9500\u5546\u3001\u914d\u65b9\u5546\u548c\u751f\u4ea7\u5546\u63d0\u4f9b\u5e2e\u52a9\u3002 <\/p>\t\t\t\t\t\t\t\t<\/div>\n\t\t\t\t<\/div>\n\t\t\t\t\t<\/div>\n\t\t\t\t<\/div>\n\t\t<div class=\"elementor-element elementor-element-cb332e0 e-flex e-con-boxed e-con e-parent\" data-id=\"cb332e0\" data-element_type=\"container\" data-e-type=\"container\">\n\t\t\t\t\t<div class=\"e-con-inner\">\n\t\t<div class=\"elementor-element elementor-element-a13c118 e-con-full e-flex e-con e-child\" data-id=\"a13c118\" data-element_type=\"container\" data-e-type=\"container\" data-settings=\"{&quot;background_background&quot;:&quot;classic&quot;}\">\n\t\t\t\t<div class=\"elementor-element elementor-element-ee21553 elementor-widget elementor-widget-spacer\" data-id=\"ee21553\" data-element_type=\"widget\" data-e-type=\"widget\" data-widget_type=\"spacer.default\">\n\t\t\t\t<div class=\"elementor-widget-container\">\n\t\t\t\t\t\t\t<div class=\"elementor-spacer\">\n\t\t\t<div class=\"elementor-spacer-inner\"><\/div>\n\t\t<\/div>\n\t\t\t\t\t\t<\/div>\n\t\t\t\t<\/div>\n\t\t\t\t<\/div>\n\t\t<div class=\"elementor-element elementor-element-9182b5f e-con-full e-flex e-con e-child\" data-id=\"9182b5f\" data-element_type=\"container\" data-e-type=\"container\">\n\t\t\t\t<div class=\"elementor-element elementor-element-4c895f2 elementor-widget elementor-widget-text-editor\" data-id=\"4c895f2\" data-element_type=\"widget\" data-e-type=\"widget\" data-widget_type=\"text-editor.default\">\n\t\t\t\t<div class=\"elementor-widget-container\">\n\t\t\t\t\t\t\t\t\t<h4><b>\u6211\u4eec\u5728\u54e5\u4f26\u6bd4\u4e9a\u7684\u5386\u53f2<\/b><\/h4><p class=\"p3\"><span class=\"s2\"><b>Agrolac Andina S.A.S.<\/b><\/span> \u4e8e <span class=\"s2\"><b>2013 \u5e74 3 \u6708 26 \u65e5<\/b><\/span> \u6210\u7acb\u3002\u5982\u4eca\uff0c\u6211\u4eec\u7684\u4e3b\u8981\u91cd\u70b9\u4ecd\u7136\u662f\u4e3a\u54e5\u4f26\u6bd4\u4e9a\u5e02\u573a <span class=\"s2\"><b>\u6ce8\u518c<\/b><\/span> \u89e3\u51b3\u65b9\u6848\uff0c\u5e76\u5c06\u5728\u77ed\u671f\u5185\u542f\u52a8 <span class=\"s2\"><b>\u672c\u5730\u8fdb\u53e3\u548c\u5206\u9500<\/b><\/span> \u4e1a\u52a1\uff0c\u968f\u7740\u83b7\u5f97\u76f8\u5e94\u7684\u6ce8\u518c\uff0c\u9010\u6b65\u6269\u5927\u4ea7\u54c1\u7ec4\u5408\u3002 <\/p><h4> <\/h4><h4><b>\u6211\u4eec\u505a\u4ec0\u4e48<\/b><\/h4><ul><li><p class=\"p1\"><span class=\"s1\">\u54e5\u4f26\u6bd4\u4e9a\u4ea7\u54c1<\/span><b>\u6ce8\u518c\u548c\u6cd5\u89c4\u5f00\u53d1<\/b>\u3002<\/p><\/li><li><p class=\"p1\">\u9488\u5bf9\u4f5c\u7269\u548c\u9700\u6c42\u63d0\u4f9b\u6e05\u6670\u5efa\u8bae\u7684<span class=\"s1\"><b>\u519c\u827a\u6280\u672f\u652f\u6301<\/b><\/span>\u3002<\/p><\/li><li><p class=\"p1\"><span class=\"s1\"><b>\u9010\u6b65\u6784\u5efa\u4ea7\u54c1\u7ec4\u5408<\/b><\/span>\uff08\u6240\u6709\u7cfb\u5217\uff09\uff0c\u6839\u636e\u6ce8\u518c\u60c5\u51b5\u7eb3\u5165\u65b0\u4ea7\u54c1\u3002<\/p><\/li><\/ul><h4> <\/h4><h4><b>\u8986\u76d6\u8303\u56f4\u548c\u56e2\u961f<\/b><\/h4><p class=\"p3\">\u6211\u4eec\u670d\u52a1\u4e8e<span class=\"s2\"><b>\u6574\u4e2a\u54e5\u4f26\u6bd4\u4e9a<\/b><\/span>\u3002\u6211\u4eec\u62e5\u6709<span class=\"s2\"><b>\u519c\u827a\u5de5\u7a0b\u5e08<\/b><\/span>\u3001<span class=\"s2\"><b>\u6280\u672f\u9500\u552e\u4eba\u5458<\/b><\/span>\u548c<span class=\"s2\"><b>\u6cd5\u89c4<\/b><\/span>\u56e2\u961f\uff0c\u7ed3\u5408\u5185\u90e8\u4eba\u624d\u548c\u9879\u76ee\u9700\u8981\u65f6\u8058\u8bf7\u7684\u5916\u90e8\u4e13\u5bb6\uff0c\u4ee5\u786e\u4fdd\u654f\u6377\u6027\u548c\u4e25\u8c28\u6027\u3002 <\/p><h4> <\/h4><h4><b>\u96c6\u56e2\u652f\u6301<\/b><\/h4><p class=\"p3\">Agrolac Andina \u662f <span class=\"s2\"><b>International Chemistry Associates (<a href=\"https:\/\/www.icachemgroup.com\/\">ICA \u96c6\u56e2<\/a>)<\/b><\/span> \u7684\u4e00\u90e8\u5206\u3002\u5728\u96c6\u56e2\u5185\u90e8\uff0c\u50cf <span class=\"s2\"><b><a href=\"http:\/\/agrolac.com\">Agrolac<\/a> (\u897f\u73ed\u7259)<\/b><\/span> \u8fd9\u6837\u7684\u516c\u53f8\u5728\u519c\u827a\u9886\u57df\u62e5\u6709 <span class=\"s2\"><b>43 \u5e74\u7684\u7ecf\u9a8c<\/b><\/span>\uff0c\u800c <span class=\"s2\"><b><a href=\"http:\/\/vicorquimia.com\">Vicorquimia<\/a> (\u897f\u73ed\u7259)<\/b><\/span> \u5219\u62e5\u6709\u8d85\u8fc7 <span class=\"s2\"><b>50 \u5e74<\/b><\/span> \u7684\u5206\u9500\u7ecf\u9a8c\u3002\u8fd9\u79cd\u652f\u6301\u4f53\u73b0\u5728\u65b9\u6cd5\u8bba\u3001\u8fd0\u8425\u6807\u51c6\u4ee5\u53ca\u4e0e <span class=\"s2\"><b>\u77e5\u540d\u56fd\u9645\u4f9b\u5e94\u5546<\/b><\/span> \u7684\u5408\u4f5c\uff0c\u63d0\u4f9b\u65e8\u5728\u6027\u80fd\u3001\u5b89\u5168\u6027\u548c\u5408\u89c4\u6027\u65b9\u9762\u5177\u6709\u7ade\u4e89\u529b\u7684\u89e3\u51b3\u65b9\u6848\u3002  <\/p><h4> <\/h4><h4><b>\u6211\u4eec\u7684\u4ef7\u503c\u4e3b\u5f20<\/b><\/h4><p class=\"p3\"><span class=\"s2\"><b>\u4ea7\u54c1 + \u652f\u6301<\/b><\/span>\uff0c\u5e76\u5177\u6709\u56fd\u9645\u89c6\u91ce\uff1a<\/p><ul><li><p class=\"p1\">\u4ea7\u54c1\u7ec4\u5408\u7531<span class=\"s1\"><b>\u77e5\u540d\u5236\u9020\u5546<\/b><\/span>\u6253\u9020\u3002<\/p><\/li><li><p class=\"p1\">\u63d0\u4f9b\u6280\u672f\u652f\u6301\u4ee5<span class=\"s1\"><b>\u826f\u597d\u5b9e\u65bd<\/b><\/span>\uff1a\u8bca\u65ad\u3001\u6307\u5bfc\u548c\u8ddf\u8e2a\u3002<\/p><\/li><li><p class=\"p1\">\u4e13\u6ce8\u4e8e<span class=\"s1\"><b>\u6301\u7eed\u7684\u6210\u679c<\/b><\/span>\u548c\u73b0\u573a\u8d1f\u8d23\u4efb\u7684\u4f7f\u7528\u3002<\/p><\/li><\/ul><h6> <\/h6><h6><b>\u60f3\u4e86\u89e3\u66f4\u591a\uff1f<\/b><\/h6><p class=\"p3\"><a href=\"http:\/\/colombia.agrolac.com\/contacto-2\/\">\u544a\u8bc9\u6211\u4eec\u60a8\u7684\u4f5c\u7269\u3001\u60a8\u7684\u533a\u57df\u4ee5\u53ca\u60a8\u9762\u4e34\u7684\u6311\u6218<\/a>\u3002\u6211\u4eec\u5c06\u4e3a\u60a8\u63d0\u4f9b\u6307\u5bfc\uff0c\u5e76\u5e2e\u52a9\u60a8\u786e\u5b9a\u6700\u4f73\u6280\u672f\u8def\u7ebf\u3002 <\/p>\t\t\t\t\t\t\t\t<\/div>\n\t\t\t\t<\/div>\n\t\t\t\t<\/div>\n\t\t\t\t\t<\/div>\n\t\t\t\t<\/div>\n\t\t<div class=\"elementor-element elementor-element-38e58bd e-flex e-con-boxed e-con e-parent\" data-id=\"38e58bd\" data-element_type=\"container\" data-e-type=\"container\">\n\t\t\t\t\t<div class=\"e-con-inner\">\n\t\t\t\t<div class=\"elementor-element elementor-element-150973f elementor-widget elementor-widget-heading\" data-id=\"150973f\" data-element_type=\"widget\" data-e-type=\"widget\" data-widget_type=\"heading.default\">\n\t\t\t\t<div class=\"elementor-widget-container\">\n\t\t\t\t\t<h2 class=\"elementor-heading-title elementor-size-default\">\u4e00\u652f\u9ad8\u7d20\u8d28\u7684\u56e2\u961f<\/h2>\t\t\t\t<\/div>\n\t\t\t\t<\/div>\n\t\t\t\t<div class=\"elementor-element elementor-element-2a6d120 elementor-widget elementor-widget-text-editor\" data-id=\"2a6d120\" data-element_type=\"widget\" data-e-type=\"widget\" data-widget_type=\"text-editor.default\">\n\t\t\t\t<div class=\"elementor-widget-container\">\n\t\t\t\t\t\t\t\t\t<p class=\"p1\">\u5728 <span class=\"s1\"><b>Agrolac Andina<\/b><\/span>\uff0c\u6211\u4eec\u62e5\u6709\u4e00\u652f\u9ad8\u5ea6\u4e13\u4e1a\u5316\u7684\u6280\u672f\u548c\u8fd0\u8425\u56e2\u961f\uff0c\u7531 <span class=\"s1\"><b>\u519c\u827a\u5de5\u7a0b\u5e08<\/b><\/span>\u3001<span class=\"s1\"><b>\u6280\u672f\u9500\u552e\u4eba\u5458<\/b><\/span>\u4ee5\u53ca <span class=\"s1\"><b>\u6ce8\u518c\u548c\u6cd5\u89c4\u4e8b\u52a1<\/b><\/span>\u4e13\u5bb6\u7ec4\u6210\u3002<\/p><p class=\"p1\">\u6211\u4eec\u534f\u8c03\u5de5\u4f5c\u2014\u2014\u901a\u8fc7\u5185\u90e8\u5458\u5de5\u548c\u9879\u76ee\u9700\u8981\u65f6\u5916\u90e8\u4e13\u5bb6\u7684\u652f\u6301\u2014\u2014\u4ee5\u786e\u4fdd\u5728\u6bcf\u4e2a\u9636\u6bb5\u90fd\u5177\u5907<span class=\"s1\"><b>\u519c\u827a\u6807\u51c6<\/b><\/span>\u3001<span class=\"s1\"><b>\u5408\u89c4\u6027<\/b><\/span>\u548c\u654f\u6377\u670d\u52a1\uff1a\u4ece\u6280\u672f\u5efa\u8bae\u5230\u73b0\u573a\u8ddf\u8e2a\u3002<\/p>\t\t\t\t\t\t\t\t<\/div>\n\t\t\t\t<\/div>\n\t\t\t\t\t<\/div>\n\t\t\t\t<\/div>\n\t\t<div class=\"elementor-element elementor-element-292ae55 e-flex e-con-boxed e-con e-parent\" data-id=\"292ae55\" data-element_type=\"container\" data-e-type=\"container\">\n\t\t\t\t\t<div class=\"e-con-inner\">\n\t\t\t\t<div class=\"elementor-element elementor-element-6907b07 elementor-widget elementor-widget-spacer\" data-id=\"6907b07\" data-element_type=\"widget\" data-e-type=\"widget\" data-widget_type=\"spacer.default\">\n\t\t\t\t<div class=\"elementor-widget-container\">\n\t\t\t\t\t\t\t<div class=\"elementor-spacer\">\n\t\t\t<div class=\"elementor-spacer-inner\"><\/div>\n\t\t<\/div>\n\t\t\t\t\t\t<\/div>\n\t\t\t\t<\/div>\n\t\t\t\t\t<\/div>\n\t\t\t\t<\/div>\n\t\t<div class=\"elementor-element elementor-element-0df3a0d e-flex e-con-boxed e-con e-parent\" data-id=\"0df3a0d\" data-element_type=\"container\" data-e-type=\"container\">\n\t\t\t\t\t<div class=\"e-con-inner\">\n\t\t\t\t\t<\/div>\n\t\t\t\t<\/div>\n\t\t\t\t<\/div>\n\t\t","protected":false},"excerpt":{"rendered":"<p>\u4e00\u5bb6\u62e5\u6709\u56fd\u9645\u652f\u6301\u7684\u672c\u5730\u516c\u53f8 \u5728 Agrolac Andina S.A.S.\uff0c\u6211\u4eec\u81f4\u529b\u4e8e\u5b9e\u73b0\u66f4\u9ad8\u6548\u3001\u8d1f\u8d23\u4efb\u4e14\u9762\u5411 [&hellip;]<\/p>\n","protected":false},"author":2,"featured_media":6049,"parent":0,"menu_order":0,"comment_status":"closed","ping_status":"closed","template":"","meta":{"_acf_changed":false,"footnotes":""},"class_list":["post-7287","page","type-page","status-publish","has-post-thumbnail","hentry"],"acf":[],"yoast_head":"<!-- This site is optimized with the Yoast SEO plugin v27.2 - https:\/\/yoast.com\/product\/yoast-seo-wordpress\/ -->\n<title>\u5173\u4e8e\u6211\u4eec - Agrolac<\/title>\n<meta name=\"description\" content=\"\u4e86\u89e3\u54e5\u4f26\u6bd4\u4e9a Agrolac Andina S.A.S.\uff1a\u6ce8\u518c\u3001\u5373\u5c06\u8fdb\u884c\u7684\u519c\u7528\u7269\u8d44\u8fdb\u53e3\u4e0e\u5206\u9500\u3001\u519c\u827a\u6280\u672f\u652f\u6301\uff0c\u4ee5\u53ca\u6765\u81ea\u897f\u73ed\u7259\u6570\u5341\u5e74\u7ecf\u9a8c\u548c\u77e5\u540d\u56fd\u9645\u4f9b\u5e94\u5546\u7684\u56fd\u9645\u652f\u6301\u3002\" \/>\n<meta name=\"robots\" content=\"index, follow, max-snippet:-1, max-image-preview:large, max-video-preview:-1\" \/>\n<link rel=\"canonical\" href=\"https:\/\/colombia.agrolac.com\/zh-hans\/about-us\/\" \/>\n<meta property=\"og:locale\" content=\"zh_CN\" \/>\n<meta property=\"og:type\" content=\"article\" \/>\n<meta property=\"og:title\" content=\"\u5173\u4e8e\u6211\u4eec - Agrolac\" \/>\n<meta property=\"og:description\" content=\"\u4e86\u89e3\u54e5\u4f26\u6bd4\u4e9a Agrolac Andina S.A.S.\uff1a\u6ce8\u518c\u3001\u5373\u5c06\u8fdb\u884c\u7684\u519c\u7528\u7269\u8d44\u8fdb\u53e3\u4e0e\u5206\u9500\u3001\u519c\u827a\u6280\u672f\u652f\u6301\uff0c\u4ee5\u53ca\u6765\u81ea\u897f\u73ed\u7259\u6570\u5341\u5e74\u7ecf\u9a8c\u548c\u77e5\u540d\u56fd\u9645\u4f9b\u5e94\u5546\u7684\u56fd\u9645\u652f\u6301\u3002\" \/>\n<meta property=\"og:url\" content=\"https:\/\/colombia.agrolac.com\/zh-hans\/about-us\/\" \/>\n<meta property=\"og:site_name\" content=\"Agrolac\" \/>\n<meta property=\"article:modified_time\" content=\"2026-03-19T07:34:16+00:00\" \/>\n<meta property=\"og:image\" content=\"https:\/\/colombia.agrolac.com\/wp-content\/uploads\/2026\/01\/bogota-04.webp\" \/>\n\t<meta property=\"og:image:width\" content=\"1500\" \/>\n\t<meta property=\"og:image:height\" content=\"1000\" \/>\n\t<meta property=\"og:image:type\" content=\"image\/webp\" \/>\n<meta name=\"twitter:card\" content=\"summary_large_image\" \/>\n<script type=\"application\/ld+json\" class=\"yoast-schema-graph\">{\"@context\":\"https:\/\/schema.org\",\"@graph\":[{\"@type\":\"WebPage\",\"@id\":\"https:\/\/colombia.agrolac.com\/zh-hans\/about-us\/\",\"url\":\"https:\/\/colombia.agrolac.com\/zh-hans\/about-us\/\",\"name\":\"\u5173\u4e8e\u6211\u4eec - Agrolac\",\"isPartOf\":{\"@id\":\"https:\/\/colombia.agrolac.com\/zh-hans\/#website\"},\"primaryImageOfPage\":{\"@id\":\"https:\/\/colombia.agrolac.com\/zh-hans\/about-us\/#primaryimage\"},\"image\":{\"@id\":\"https:\/\/colombia.agrolac.com\/zh-hans\/about-us\/#primaryimage\"},\"thumbnailUrl\":\"https:\/\/colombia.agrolac.com\/wp-content\/uploads\/2026\/01\/bogota-04.webp\",\"datePublished\":\"2026-01-12T18:43:48+00:00\",\"dateModified\":\"2026-03-19T07:34:16+00:00\",\"description\":\"\u4e86\u89e3\u54e5\u4f26\u6bd4\u4e9a Agrolac Andina S.A.S.\uff1a\u6ce8\u518c\u3001\u5373\u5c06\u8fdb\u884c\u7684\u519c\u7528\u7269\u8d44\u8fdb\u53e3\u4e0e\u5206\u9500\u3001\u519c\u827a\u6280\u672f\u652f\u6301\uff0c\u4ee5\u53ca\u6765\u81ea\u897f\u73ed\u7259\u6570\u5341\u5e74\u7ecf\u9a8c\u548c\u77e5\u540d\u56fd\u9645\u4f9b\u5e94\u5546\u7684\u56fd\u9645\u652f\u6301\u3002\",\"breadcrumb\":{\"@id\":\"https:\/\/colombia.agrolac.com\/zh-hans\/about-us\/#breadcrumb\"},\"inLanguage\":\"zh-Hans\",\"potentialAction\":[{\"@type\":\"ReadAction\",\"target\":[\"https:\/\/colombia.agrolac.com\/zh-hans\/about-us\/\"]}]},{\"@type\":\"ImageObject\",\"inLanguage\":\"zh-Hans\",\"@id\":\"https:\/\/colombia.agrolac.com\/zh-hans\/about-us\/#primaryimage\",\"url\":\"https:\/\/colombia.agrolac.com\/wp-content\/uploads\/2026\/01\/bogota-04.webp\",\"contentUrl\":\"https:\/\/colombia.agrolac.com\/wp-content\/uploads\/2026\/01\/bogota-04.webp\",\"width\":1500,\"height\":1000},{\"@type\":\"BreadcrumbList\",\"@id\":\"https:\/\/colombia.agrolac.com\/zh-hans\/about-us\/#breadcrumb\",\"itemListElement\":[{\"@type\":\"ListItem\",\"position\":1,\"name\":\"\u9996\u9875\",\"item\":\"https:\/\/colombia.agrolac.com\/zh-hans\/home\/\"},{\"@type\":\"ListItem\",\"position\":2,\"name\":\"\u5173\u4e8e\u6211\u4eec\"}]},{\"@type\":\"WebSite\",\"@id\":\"https:\/\/colombia.agrolac.com\/zh-hans\/#website\",\"url\":\"https:\/\/colombia.agrolac.com\/zh-hans\/\",\"name\":\"VICORQUIMIA\",\"description\":\"Agrolac \u00e9s una empresa de Barcelona, fundada el 1982, especialitzada en distribuci\u00f3 de productes agroqu\u00edmics per a l&#039;agricultura europea.\",\"publisher\":{\"@id\":\"https:\/\/colombia.agrolac.com\/zh-hans\/#organization\"},\"potentialAction\":[{\"@type\":\"SearchAction\",\"target\":{\"@type\":\"EntryPoint\",\"urlTemplate\":\"https:\/\/colombia.agrolac.com\/zh-hans\/?s={search_term_string}\"},\"query-input\":{\"@type\":\"PropertyValueSpecification\",\"valueRequired\":true,\"valueName\":\"search_term_string\"}}],\"inLanguage\":\"zh-Hans\"},{\"@type\":\"Organization\",\"@id\":\"https:\/\/colombia.agrolac.com\/zh-hans\/#organization\",\"name\":\"VICORQUIMIA\",\"url\":\"https:\/\/colombia.agrolac.com\/zh-hans\/\",\"logo\":{\"@type\":\"ImageObject\",\"inLanguage\":\"zh-Hans\",\"@id\":\"https:\/\/colombia.agrolac.com\/zh-hans\/#\/schema\/logo\/image\/\",\"url\":\"https:\/\/colombia.agrolac.com\/wp-content\/uploads\/2025\/10\/agrolac-logo.svg\",\"contentUrl\":\"https:\/\/colombia.agrolac.com\/wp-content\/uploads\/2025\/10\/agrolac-logo.svg\",\"caption\":\"VICORQUIMIA\"},\"image\":{\"@id\":\"https:\/\/colombia.agrolac.com\/zh-hans\/#\/schema\/logo\/image\/\"},\"sameAs\":[\"https:\/\/www.linkedin.com\/company\/vicorquimia\/\"]}]}<\/script>\n<!-- \/ Yoast SEO plugin. -->","yoast_head_json":{"title":"\u5173\u4e8e\u6211\u4eec - Agrolac","description":"\u4e86\u89e3\u54e5\u4f26\u6bd4\u4e9a Agrolac Andina S.A.S.\uff1a\u6ce8\u518c\u3001\u5373\u5c06\u8fdb\u884c\u7684\u519c\u7528\u7269\u8d44\u8fdb\u53e3\u4e0e\u5206\u9500\u3001\u519c\u827a\u6280\u672f\u652f\u6301\uff0c\u4ee5\u53ca\u6765\u81ea\u897f\u73ed\u7259\u6570\u5341\u5e74\u7ecf\u9a8c\u548c\u77e5\u540d\u56fd\u9645\u4f9b\u5e94\u5546\u7684\u56fd\u9645\u652f\u6301\u3002","robots":{"index":"index","follow":"follow","max-snippet":"max-snippet:-1","max-image-preview":"max-image-preview:large","max-video-preview":"max-video-preview:-1"},"canonical":"https:\/\/colombia.agrolac.com\/zh-hans\/about-us\/","og_locale":"zh_CN","og_type":"article","og_title":"\u5173\u4e8e\u6211\u4eec - Agrolac","og_description":"\u4e86\u89e3\u54e5\u4f26\u6bd4\u4e9a Agrolac Andina S.A.S.\uff1a\u6ce8\u518c\u3001\u5373\u5c06\u8fdb\u884c\u7684\u519c\u7528\u7269\u8d44\u8fdb\u53e3\u4e0e\u5206\u9500\u3001\u519c\u827a\u6280\u672f\u652f\u6301\uff0c\u4ee5\u53ca\u6765\u81ea\u897f\u73ed\u7259\u6570\u5341\u5e74\u7ecf\u9a8c\u548c\u77e5\u540d\u56fd\u9645\u4f9b\u5e94\u5546\u7684\u56fd\u9645\u652f\u6301\u3002","og_url":"https:\/\/colombia.agrolac.com\/zh-hans\/about-us\/","og_site_name":"Agrolac","article_modified_time":"2026-03-19T07:34:16+00:00","og_image":[{"width":1500,"height":1000,"url":"https:\/\/colombia.agrolac.com\/wp-content\/uploads\/2026\/01\/bogota-04.webp","type":"image\/webp"}],"twitter_card":"summary_large_image","schema":{"@context":"https:\/\/schema.org","@graph":[{"@type":"WebPage","@id":"https:\/\/colombia.agrolac.com\/zh-hans\/about-us\/","url":"https:\/\/colombia.agrolac.com\/zh-hans\/about-us\/","name":"\u5173\u4e8e\u6211\u4eec - Agrolac","isPartOf":{"@id":"https:\/\/colombia.agrolac.com\/zh-hans\/#website"},"primaryImageOfPage":{"@id":"https:\/\/colombia.agrolac.com\/zh-hans\/about-us\/#primaryimage"},"image":{"@id":"https:\/\/colombia.agrolac.com\/zh-hans\/about-us\/#primaryimage"},"thumbnailUrl":"https:\/\/colombia.agrolac.com\/wp-content\/uploads\/2026\/01\/bogota-04.webp","datePublished":"2026-01-12T18:43:48+00:00","dateModified":"2026-03-19T07:34:16+00:00","description":"\u4e86\u89e3\u54e5\u4f26\u6bd4\u4e9a Agrolac Andina S.A.S.\uff1a\u6ce8\u518c\u3001\u5373\u5c06\u8fdb\u884c\u7684\u519c\u7528\u7269\u8d44\u8fdb\u53e3\u4e0e\u5206\u9500\u3001\u519c\u827a\u6280\u672f\u652f\u6301\uff0c\u4ee5\u53ca\u6765\u81ea\u897f\u73ed\u7259\u6570\u5341\u5e74\u7ecf\u9a8c\u548c\u77e5\u540d\u56fd\u9645\u4f9b\u5e94\u5546\u7684\u56fd\u9645\u652f\u6301\u3002","breadcrumb":{"@id":"https:\/\/colombia.agrolac.com\/zh-hans\/about-us\/#breadcrumb"},"inLanguage":"zh-Hans","potentialAction":[{"@type":"ReadAction","target":["https:\/\/colombia.agrolac.com\/zh-hans\/about-us\/"]}]},{"@type":"ImageObject","inLanguage":"zh-Hans","@id":"https:\/\/colombia.agrolac.com\/zh-hans\/about-us\/#primaryimage","url":"https:\/\/colombia.agrolac.com\/wp-content\/uploads\/2026\/01\/bogota-04.webp","contentUrl":"https:\/\/colombia.agrolac.com\/wp-content\/uploads\/2026\/01\/bogota-04.webp","width":1500,"height":1000},{"@type":"BreadcrumbList","@id":"https:\/\/colombia.agrolac.com\/zh-hans\/about-us\/#breadcrumb","itemListElement":[{"@type":"ListItem","position":1,"name":"\u9996\u9875","item":"https:\/\/colombia.agrolac.com\/zh-hans\/home\/"},{"@type":"ListItem","position":2,"name":"\u5173\u4e8e\u6211\u4eec"}]},{"@type":"WebSite","@id":"https:\/\/colombia.agrolac.com\/zh-hans\/#website","url":"https:\/\/colombia.agrolac.com\/zh-hans\/","name":"VICORQUIMIA","description":"Agrolac \u00e9s una empresa de Barcelona, fundada el 1982, especialitzada en distribuci\u00f3 de productes agroqu\u00edmics per a l&#039;agricultura europea.","publisher":{"@id":"https:\/\/colombia.agrolac.com\/zh-hans\/#organization"},"potentialAction":[{"@type":"SearchAction","target":{"@type":"EntryPoint","urlTemplate":"https:\/\/colombia.agrolac.com\/zh-hans\/?s={search_term_string}"},"query-input":{"@type":"PropertyValueSpecification","valueRequired":true,"valueName":"search_term_string"}}],"inLanguage":"zh-Hans"},{"@type":"Organization","@id":"https:\/\/colombia.agrolac.com\/zh-hans\/#organization","name":"VICORQUIMIA","url":"https:\/\/colombia.agrolac.com\/zh-hans\/","logo":{"@type":"ImageObject","inLanguage":"zh-Hans","@id":"https:\/\/colombia.agrolac.com\/zh-hans\/#\/schema\/logo\/image\/","url":"https:\/\/colombia.agrolac.com\/wp-content\/uploads\/2025\/10\/agrolac-logo.svg","contentUrl":"https:\/\/colombia.agrolac.com\/wp-content\/uploads\/2025\/10\/agrolac-logo.svg","caption":"VICORQUIMIA"},"image":{"@id":"https:\/\/colombia.agrolac.com\/zh-hans\/#\/schema\/logo\/image\/"},"sameAs":["https:\/\/www.linkedin.com\/company\/vicorquimia\/"]}]}},"_links":{"self":[{"href":"https:\/\/colombia.agrolac.com\/zh-hans\/wp-json\/wp\/v2\/pages\/7287","targetHints":{"allow":["GET"]}}],"collection":[{"href":"https:\/\/colombia.agrolac.com\/zh-hans\/wp-json\/wp\/v2\/pages"}],"about":[{"href":"https:\/\/colombia.agrolac.com\/zh-hans\/wp-json\/wp\/v2\/types\/page"}],"author":[{"embeddable":true,"href":"https:\/\/colombia.agrolac.com\/zh-hans\/wp-json\/wp\/v2\/users\/2"}],"replies":[{"embeddable":true,"href":"https:\/\/colombia.agrolac.com\/zh-hans\/wp-json\/wp\/v2\/comments?post=7287"}],"version-history":[{"count":3,"href":"https:\/\/colombia.agrolac.com\/zh-hans\/wp-json\/wp\/v2\/pages\/7287\/revisions"}],"predecessor-version":[{"id":8600,"href":"https:\/\/colombia.agrolac.com\/zh-hans\/wp-json\/wp\/v2\/pages\/7287\/revisions\/8600"}],"wp:featuredmedia":[{"embeddable":true,"href":"https:\/\/colombia.agrolac.com\/zh-hans\/wp-json\/wp\/v2\/media\/6049"}],"wp:attachment":[{"href":"https:\/\/colombia.agrolac.com\/zh-hans\/wp-json\/wp\/v2\/media?parent=7287"}],"curies":[{"name":"wp","href":"https:\/\/api.w.org\/{rel}","templated":true}]}}