{"id":7306,"date":"2026-01-12T19:18:57","date_gmt":"2026-01-12T18:18:57","guid":{"rendered":"http:\/\/colombia.agrolac.com\/%e8%81%94%e7%b3%bb%e4%ba%ba-co\/"},"modified":"2026-03-19T08:28:55","modified_gmt":"2026-03-19T07:28:55","slug":"contact","status":"publish","type":"page","link":"https:\/\/colombia.agrolac.com\/zh-hans\/contact\/","title":{"rendered":"\u8054\u7cfb\u6211\u4eec"},"content":{"rendered":"\t\t<div data-elementor-type=\"wp-page\" data-elementor-id=\"7306\" class=\"elementor elementor-7306 elementor-6531\" data-elementor-post-type=\"page\">\n\t\t\t\t<div class=\"elementor-element elementor-element-ef4f9e5 e-grid e-con-boxed e-con e-parent\" data-id=\"ef4f9e5\" data-element_type=\"container\" data-e-type=\"container\">\n\t\t\t\t\t<div class=\"e-con-inner\">\n\t\t\t\t<div class=\"elementor-element elementor-element-7d7c13e elementor-widget elementor-widget-text-editor\" data-id=\"7d7c13e\" data-element_type=\"widget\" data-e-type=\"widget\" data-widget_type=\"text-editor.default\">\n\t\t\t\t<div class=\"elementor-widget-container\">\n\t\t\t\t\t\t\t\t\t<h4>\u603b\u90e8\u529e\u516c\u5ba4<\/h4><p>Cr 11 # 86 &#8211; 32 Of 302<br>\u5e02\u9547\uff1a\u6ce2\u54e5\u5927\u7279\u533a<\/p><p><strong>\u7535\u8bdd\uff1a<\/strong>6017021270<\/p><p><a href=\"mailto:info@vicorquimia.com\">info_colombia@agrolac.com<\/a><\/p><p><strong>\u5546\u52a1\u90e8\uff1a<\/strong><a href=\"mailto:comercial@vicorquimia.com\">comercial_colombia@agrolac.com<\/a><\/p><p><strong>\u7269\u6d41\u90e8\uff1a<\/strong><a href=\"mailto:logistica@vicorquimia.com\">logistica_colombia@agrolac.com<\/a><\/p><p><strong>\u8d22\u52a1\u90e8\uff1a<\/strong><a href=\"mailto:contabilidad@vicorquimia.com\">contabilidad_colombia@agrolac.com<\/a><\/p>\t\t\t\t\t\t\t\t<\/div>\n\t\t\t\t<\/div>\n\t\t<div class=\"elementor-element elementor-element-eca547b e-con-full e-flex e-con e-child\" data-id=\"eca547b\" data-element_type=\"container\" data-e-type=\"container\">\n\t\t\t\t<div class=\"elementor-element elementor-element-8728e65 elementor-widget elementor-widget-google_maps\" data-id=\"8728e65\" data-element_type=\"widget\" data-e-type=\"widget\" data-widget_type=\"google_maps.default\">\n\t\t\t\t<div class=\"elementor-widget-container\">\n\t\t\t\t\t\t\t<div class=\"elementor-custom-embed\">\n\t\t\t<iframe loading=\"lazy\"\n\t\t\t\t\tsrc=\"https:\/\/maps.google.com\/maps?q=Cr%2011%20%23%2086%20-%2032%20Of%20302%20Municipio%3A%20Bogot%C3%A1%20D.C.&#038;t=m&#038;z=18&#038;output=embed&#038;iwloc=near\"\n\t\t\t\t\ttitle=\"Cr 11 # 86 - 32 Of 302 Municipio: Bogot\u00e1 D.C.\"\n\t\t\t\t\taria-label=\"Cr 11 # 86 - 32 Of 302 Municipio: Bogot\u00e1 D.C.\"\n\t\t\t><\/iframe>\n\t\t<\/div>\n\t\t\t\t\t\t<\/div>\n\t\t\t\t<\/div>\n\t\t\t\t<\/div>\n\t\t\t\t\t<\/div>\n\t\t\t\t<\/div>\n\t\t<div class=\"elementor-element elementor-element-2dd61c1 e-flex e-con-boxed e-con e-parent\" data-id=\"2dd61c1\" data-element_type=\"container\" data-e-type=\"container\">\n\t\t\t\t\t<div class=\"e-con-inner\">\n\t\t<div class=\"elementor-element elementor-element-e386b96 e-con-full e-flex e-con e-child\" data-id=\"e386b96\" data-element_type=\"container\" data-e-type=\"container\">\n\t\t<div class=\"elementor-element elementor-element-2208341 e-con-full e-flex e-con e-child\" data-id=\"2208341\" data-element_type=\"container\" data-e-type=\"container\">\n\t\t\t\t<div class=\"elementor-element elementor-element-7964802 elementor-widget elementor-widget-heading\" data-id=\"7964802\" data-element_type=\"widget\" data-e-type=\"widget\" data-widget_type=\"heading.default\">\n\t\t\t\t<div class=\"elementor-widget-container\">\n\t\t\t\t\t<h2 class=\"elementor-heading-title elementor-size-default\">\u5411\u6211\u4eec\u53d1\u9001\u60a8\u7684\u54a8\u8be2<\/h2>\t\t\t\t<\/div>\n\t\t\t\t<\/div>\n\t\t\t\t<div class=\"elementor-element elementor-element-0109ed1 elementor-widget elementor-widget-text-editor\" data-id=\"0109ed1\" data-element_type=\"widget\" data-e-type=\"widget\" data-widget_type=\"text-editor.default\">\n\t\t\t\t<div class=\"elementor-widget-container\">\n\t\t\t\t\t\t\t\t\t<p class=\"p1\">\u8bf7\u586b\u5199\u8868\u5355\uff0c\u6211\u4eec\u5c06\u5c3d\u5feb\u4e0e\u60a8\u8054\u7cfb\u3002\u6211\u4eec\u5f88\u4e50\u610f\u4e3a\u60a8\u63d0\u4f9b\u5e2e\u52a9\u3002 <\/p>\t\t\t\t\t\t\t\t<\/div>\n\t\t\t\t<\/div>\n\t\t\t\t<div class=\"elementor-element elementor-element-5e3bf96 elementor-button-align-stretch elementor-widget elementor-widget-form\" data-id=\"5e3bf96\" data-element_type=\"widget\" data-e-type=\"widget\" data-settings=\"{&quot;step_next_label&quot;:&quot;\\u4e0b\\u4e00\\u6b65&quot;,&quot;step_previous_label&quot;:&quot;\\u4e0a\\u4e00\\u6b65&quot;,&quot;button_width&quot;:&quot;100&quot;,&quot;step_type&quot;:&quot;number_text&quot;,&quot;step_icon_shape&quot;:&quot;circle&quot;}\" data-widget_type=\"form.default\">\n\t\t\t\t<div class=\"elementor-widget-container\">\n\t\t\t\t\t\t\t<form class=\"elementor-form\" method=\"post\" name=\"\u5e38\u89c4\" aria-label=\"\u5e38\u89c4\">\n\t\t\t<input type=\"hidden\" name=\"post_id\" value=\"7306\"\/>\n\t\t\t<input type=\"hidden\" name=\"form_id\" value=\"5e3bf96\"\/>\n\t\t\t<input type=\"hidden\" name=\"referer_title\" value=\"\u8054\u7cfb\u6211\u4eec - Agrolac\" \/>\n\n\t\t\t\t\t\t\t<input type=\"hidden\" name=\"queried_id\" value=\"7306\"\/>\n\t\t\t\n\t\t\t<div class=\"elementor-form-fields-wrapper elementor-labels-\">\n\t\t\t\t\t\t\t\t<div class=\"elementor-field-type-text elementor-field-group elementor-column elementor-field-group-name elementor-col-100 elementor-field-required\">\n\t\t\t\t\t\t\t\t\t\t\t\t<label for=\"form-field-name\" class=\"elementor-field-label elementor-screen-only\">\n\t\t\t\t\t\t\t\t\u59d3\u540d\t\t\t\t\t\t\t<\/label>\n\t\t\t\t\t\t\t\t\t\t\t\t\t\t<input size=\"1\" type=\"text\" name=\"form_fields[name]\" id=\"form-field-name\" class=\"elementor-field elementor-size-md  elementor-field-textual\" placeholder=\"\u59d3\u540d\" required=\"required\">\n\t\t\t\t\t\t\t\t\t\t\t<\/div>\n\t\t\t\t\t\t\t\t<div class=\"elementor-field-type-email elementor-field-group elementor-column elementor-field-group-email elementor-col-100 elementor-field-required\">\n\t\t\t\t\t\t\t\t\t\t\t\t<label for=\"form-field-email\" class=\"elementor-field-label elementor-screen-only\">\n\t\t\t\t\t\t\t\t\u7535\u5b50\u90ae\u7bb1\t\t\t\t\t\t\t<\/label>\n\t\t\t\t\t\t\t\t\t\t\t\t\t\t<input size=\"1\" type=\"email\" name=\"form_fields[email]\" id=\"form-field-email\" class=\"elementor-field elementor-size-md  elementor-field-textual\" placeholder=\"\u7535\u5b50\u90ae\u7bb1\" required=\"required\">\n\t\t\t\t\t\t\t\t\t\t\t<\/div>\n\t\t\t\t\t\t\t\t<div class=\"elementor-field-type-textarea elementor-field-group elementor-column elementor-field-group-message elementor-col-100 elementor-field-required\">\n\t\t\t\t\t\t\t\t\t\t\t\t<label for=\"form-field-message\" class=\"elementor-field-label elementor-screen-only\">\n\t\t\t\t\t\t\t\t\u7559\u8a00\t\t\t\t\t\t\t<\/label>\n\t\t\t\t\t\t<textarea class=\"elementor-field-textual elementor-field  elementor-size-md\" name=\"form_fields[message]\" id=\"form-field-message\" rows=\"4\" placeholder=\"\u7559\u8a00\" required=\"required\"><\/textarea>\t\t\t\t<\/div>\n\t\t\t\t\t\t\t\t<div class=\"elementor-field-type-acceptance elementor-field-group elementor-column elementor-field-group-field_4b0ac6d elementor-col-100 elementor-field-required\">\n\t\t\t\t\t\t\t<div class=\"elementor-field-subgroup\">\n\t\t\t<span class=\"elementor-field-option\">\n\t\t\t\t<input type=\"checkbox\" name=\"form_fields[field_4b0ac6d]\" id=\"form-field-field_4b0ac6d\" class=\"elementor-field elementor-size-md  elementor-acceptance-field\" required=\"required\">\n\t\t\t\t<label for=\"form-field-field_4b0ac6d\">\u6211\u63a5\u53d7<a href=\"https:\/\/colombia.agrolac.com\/zh-hans\/privacy-policy\/\">\u9690\u79c1\u653f\u7b56<\/a><\/label>\t\t\t<\/span>\n\t\t<\/div>\n\t\t\t\t\t\t<\/div>\n\t\t\t\t\t\t\t\t<div class=\"elementor-field-type-recaptcha_v3 elementor-field-group elementor-column elementor-field-group-field_a8745b9 elementor-col-100 recaptcha_v3-bottomright\">\n\t\t\t\t\t<div class=\"elementor-field\" id=\"form-field-field_a8745b9\"><div class=\"elementor-g-recaptcha\" data-sitekey=\"6LfH5aQrAAAAAGLwu2224h7uCtmpEppfbeY5GYhg\" data-type=\"v3\" data-action=\"Form\" data-badge=\"bottomright\" data-size=\"invisible\"><\/div><\/div>\t\t\t\t<\/div>\n\t\t\t\t\t\t\t\t<div class=\"elementor-field-type-text\">\n\t\t\t\t\t<input size=\"1\" type=\"text\" name=\"form_fields[field_a8ac65d]\" id=\"form-field-field_a8ac65d\" class=\"elementor-field elementor-size-md \" style=\"display:none !important;\">\t\t\t\t<\/div>\n\t\t\t\t\t\t\t\t<div class=\"elementor-field-group elementor-column elementor-field-type-submit elementor-col-100 e-form__buttons\">\n\t\t\t\t\t<button class=\"elementor-button elementor-size-md\" type=\"submit\">\n\t\t\t\t\t\t<span class=\"elementor-button-content-wrapper\">\n\t\t\t\t\t\t\t\t\t\t\t\t\t\t\t\t\t\t\t\t\t\t<span class=\"elementor-button-text\">\u53d1\u9001<\/span>\n\t\t\t\t\t\t\t\t\t\t\t\t\t<\/span>\n\t\t\t\t\t<\/button>\n\t\t\t\t<\/div>\n\t\t\t<\/div>\n\t\t<\/form>\n\t\t\t\t\t\t<\/div>\n\t\t\t\t<\/div>\n\t\t\t\t<\/div>\n\t\t\t\t<\/div>\n\t\t\t\t\t<\/div>\n\t\t\t\t<\/div>\n\t\t\t\t<\/div>\n\t\t","protected":false},"excerpt":{"rendered":"<p>\u603b\u90e8\u529e\u516c\u5ba4 Cr 11 # 86 &#8211; 32 Of 302\u5e02\u9547\uff1a\u6ce2\u54e5\u5927\u7279\u533a \u7535\u8bdd\uff1a601702127 [&hellip;]<\/p>\n","protected":false},"author":2,"featured_media":3514,"parent":0,"menu_order":0,"comment_status":"closed","ping_status":"closed","template":"","meta":{"_acf_changed":false,"footnotes":""},"class_list":["post-7306","page","type-page","status-publish","has-post-thumbnail","hentry"],"acf":[],"yoast_head":"<!-- This site is optimized with the Yoast SEO plugin v27.2 - https:\/\/yoast.com\/product\/yoast-seo-wordpress\/ -->\n<title>\u8054\u7cfb\u6211\u4eec - Agrolac<\/title>\n<meta name=\"description\" content=\"\u5411\u6211\u4eec\u53d1\u9001\u60a8\u7684\u54a8\u8be2\u5e76\u83b7\u5f97\u519c\u4e1a\u6280\u672f\u652f\u6301\u3002\u8bf7\u586b\u5199\u8054\u7cfb\u8868\u5355\uff0c\u6211\u4eec\u5c06\u5c3d\u5feb\u56de\u590d\u60a8\uff0c\u63d0\u4f9b\u4ea7\u54c1\u4fe1\u606f\u3001\u6280\u672f\u8d44\u6599\u548c\u5546\u52a1\u670d\u52a1\u3002\" \/>\n<meta name=\"robots\" content=\"index, follow, max-snippet:-1, max-image-preview:large, max-video-preview:-1\" \/>\n<link rel=\"canonical\" href=\"https:\/\/colombia.agrolac.com\/zh-hans\/contact\/\" \/>\n<meta property=\"og:locale\" content=\"zh_CN\" \/>\n<meta property=\"og:type\" content=\"article\" \/>\n<meta property=\"og:title\" content=\"\u8054\u7cfb\u6211\u4eec - Agrolac\" \/>\n<meta property=\"og:description\" content=\"\u5411\u6211\u4eec\u53d1\u9001\u60a8\u7684\u54a8\u8be2\u5e76\u83b7\u5f97\u519c\u4e1a\u6280\u672f\u652f\u6301\u3002\u8bf7\u586b\u5199\u8054\u7cfb\u8868\u5355\uff0c\u6211\u4eec\u5c06\u5c3d\u5feb\u56de\u590d\u60a8\uff0c\u63d0\u4f9b\u4ea7\u54c1\u4fe1\u606f\u3001\u6280\u672f\u8d44\u6599\u548c\u5546\u52a1\u670d\u52a1\u3002\" \/>\n<meta property=\"og:url\" content=\"https:\/\/colombia.agrolac.com\/zh-hans\/contact\/\" \/>\n<meta property=\"og:site_name\" content=\"Agrolac\" \/>\n<meta property=\"article:modified_time\" content=\"2026-03-19T07:28:55+00:00\" \/>\n<meta property=\"og:image\" content=\"https:\/\/colombia.agrolac.com\/wp-content\/uploads\/2025\/10\/badge-producir-mas.png\" \/>\n\t<meta property=\"og:image:width\" content=\"396\" \/>\n\t<meta property=\"og:image:height\" content=\"396\" \/>\n\t<meta property=\"og:image:type\" content=\"image\/png\" \/>\n<meta name=\"twitter:card\" content=\"summary_large_image\" \/>\n<script type=\"application\/ld+json\" class=\"yoast-schema-graph\">{\"@context\":\"https:\/\/schema.org\",\"@graph\":[{\"@type\":\"WebPage\",\"@id\":\"https:\/\/colombia.agrolac.com\/zh-hans\/contact\/\",\"url\":\"https:\/\/colombia.agrolac.com\/zh-hans\/contact\/\",\"name\":\"\u8054\u7cfb\u6211\u4eec - Agrolac\",\"isPartOf\":{\"@id\":\"https:\/\/colombia.agrolac.com\/zh-hans\/#website\"},\"primaryImageOfPage\":{\"@id\":\"https:\/\/colombia.agrolac.com\/zh-hans\/contact\/#primaryimage\"},\"image\":{\"@id\":\"https:\/\/colombia.agrolac.com\/zh-hans\/contact\/#primaryimage\"},\"thumbnailUrl\":\"https:\/\/colombia.agrolac.com\/wp-content\/uploads\/2025\/10\/badge-producir-mas.png\",\"datePublished\":\"2026-01-12T18:18:57+00:00\",\"dateModified\":\"2026-03-19T07:28:55+00:00\",\"description\":\"\u5411\u6211\u4eec\u53d1\u9001\u60a8\u7684\u54a8\u8be2\u5e76\u83b7\u5f97\u519c\u4e1a\u6280\u672f\u652f\u6301\u3002\u8bf7\u586b\u5199\u8054\u7cfb\u8868\u5355\uff0c\u6211\u4eec\u5c06\u5c3d\u5feb\u56de\u590d\u60a8\uff0c\u63d0\u4f9b\u4ea7\u54c1\u4fe1\u606f\u3001\u6280\u672f\u8d44\u6599\u548c\u5546\u52a1\u670d\u52a1\u3002\",\"breadcrumb\":{\"@id\":\"https:\/\/colombia.agrolac.com\/zh-hans\/contact\/#breadcrumb\"},\"inLanguage\":\"zh-Hans\",\"potentialAction\":[{\"@type\":\"ReadAction\",\"target\":[\"https:\/\/colombia.agrolac.com\/zh-hans\/contact\/\"]}]},{\"@type\":\"ImageObject\",\"inLanguage\":\"zh-Hans\",\"@id\":\"https:\/\/colombia.agrolac.com\/zh-hans\/contact\/#primaryimage\",\"url\":\"https:\/\/colombia.agrolac.com\/wp-content\/uploads\/2025\/10\/badge-producir-mas.png\",\"contentUrl\":\"https:\/\/colombia.agrolac.com\/wp-content\/uploads\/2025\/10\/badge-producir-mas.png\",\"width\":396,\"height\":396},{\"@type\":\"BreadcrumbList\",\"@id\":\"https:\/\/colombia.agrolac.com\/zh-hans\/contact\/#breadcrumb\",\"itemListElement\":[{\"@type\":\"ListItem\",\"position\":1,\"name\":\"\u9996\u9875\",\"item\":\"https:\/\/colombia.agrolac.com\/zh-hans\/home\/\"},{\"@type\":\"ListItem\",\"position\":2,\"name\":\"\u8054\u7cfb\u6211\u4eec\"}]},{\"@type\":\"WebSite\",\"@id\":\"https:\/\/colombia.agrolac.com\/zh-hans\/#website\",\"url\":\"https:\/\/colombia.agrolac.com\/zh-hans\/\",\"name\":\"VICORQUIMIA\",\"description\":\"Agrolac \u00e9s una empresa de Barcelona, fundada el 1982, especialitzada en distribuci\u00f3 de productes agroqu\u00edmics per a l&#039;agricultura europea.\",\"publisher\":{\"@id\":\"https:\/\/colombia.agrolac.com\/zh-hans\/#organization\"},\"potentialAction\":[{\"@type\":\"SearchAction\",\"target\":{\"@type\":\"EntryPoint\",\"urlTemplate\":\"https:\/\/colombia.agrolac.com\/zh-hans\/?s={search_term_string}\"},\"query-input\":{\"@type\":\"PropertyValueSpecification\",\"valueRequired\":true,\"valueName\":\"search_term_string\"}}],\"inLanguage\":\"zh-Hans\"},{\"@type\":\"Organization\",\"@id\":\"https:\/\/colombia.agrolac.com\/zh-hans\/#organization\",\"name\":\"VICORQUIMIA\",\"url\":\"https:\/\/colombia.agrolac.com\/zh-hans\/\",\"logo\":{\"@type\":\"ImageObject\",\"inLanguage\":\"zh-Hans\",\"@id\":\"https:\/\/colombia.agrolac.com\/zh-hans\/#\/schema\/logo\/image\/\",\"url\":\"https:\/\/colombia.agrolac.com\/wp-content\/uploads\/2025\/10\/agrolac-logo.svg\",\"contentUrl\":\"https:\/\/colombia.agrolac.com\/wp-content\/uploads\/2025\/10\/agrolac-logo.svg\",\"caption\":\"VICORQUIMIA\"},\"image\":{\"@id\":\"https:\/\/colombia.agrolac.com\/zh-hans\/#\/schema\/logo\/image\/\"},\"sameAs\":[\"https:\/\/www.linkedin.com\/company\/vicorquimia\/\"]}]}<\/script>\n<!-- \/ Yoast SEO plugin. -->","yoast_head_json":{"title":"\u8054\u7cfb\u6211\u4eec - Agrolac","description":"\u5411\u6211\u4eec\u53d1\u9001\u60a8\u7684\u54a8\u8be2\u5e76\u83b7\u5f97\u519c\u4e1a\u6280\u672f\u652f\u6301\u3002\u8bf7\u586b\u5199\u8054\u7cfb\u8868\u5355\uff0c\u6211\u4eec\u5c06\u5c3d\u5feb\u56de\u590d\u60a8\uff0c\u63d0\u4f9b\u4ea7\u54c1\u4fe1\u606f\u3001\u6280\u672f\u8d44\u6599\u548c\u5546\u52a1\u670d\u52a1\u3002","robots":{"index":"index","follow":"follow","max-snippet":"max-snippet:-1","max-image-preview":"max-image-preview:large","max-video-preview":"max-video-preview:-1"},"canonical":"https:\/\/colombia.agrolac.com\/zh-hans\/contact\/","og_locale":"zh_CN","og_type":"article","og_title":"\u8054\u7cfb\u6211\u4eec - Agrolac","og_description":"\u5411\u6211\u4eec\u53d1\u9001\u60a8\u7684\u54a8\u8be2\u5e76\u83b7\u5f97\u519c\u4e1a\u6280\u672f\u652f\u6301\u3002\u8bf7\u586b\u5199\u8054\u7cfb\u8868\u5355\uff0c\u6211\u4eec\u5c06\u5c3d\u5feb\u56de\u590d\u60a8\uff0c\u63d0\u4f9b\u4ea7\u54c1\u4fe1\u606f\u3001\u6280\u672f\u8d44\u6599\u548c\u5546\u52a1\u670d\u52a1\u3002","og_url":"https:\/\/colombia.agrolac.com\/zh-hans\/contact\/","og_site_name":"Agrolac","article_modified_time":"2026-03-19T07:28:55+00:00","og_image":[{"width":396,"height":396,"url":"https:\/\/colombia.agrolac.com\/wp-content\/uploads\/2025\/10\/badge-producir-mas.png","type":"image\/png"}],"twitter_card":"summary_large_image","schema":{"@context":"https:\/\/schema.org","@graph":[{"@type":"WebPage","@id":"https:\/\/colombia.agrolac.com\/zh-hans\/contact\/","url":"https:\/\/colombia.agrolac.com\/zh-hans\/contact\/","name":"\u8054\u7cfb\u6211\u4eec - Agrolac","isPartOf":{"@id":"https:\/\/colombia.agrolac.com\/zh-hans\/#website"},"primaryImageOfPage":{"@id":"https:\/\/colombia.agrolac.com\/zh-hans\/contact\/#primaryimage"},"image":{"@id":"https:\/\/colombia.agrolac.com\/zh-hans\/contact\/#primaryimage"},"thumbnailUrl":"https:\/\/colombia.agrolac.com\/wp-content\/uploads\/2025\/10\/badge-producir-mas.png","datePublished":"2026-01-12T18:18:57+00:00","dateModified":"2026-03-19T07:28:55+00:00","description":"\u5411\u6211\u4eec\u53d1\u9001\u60a8\u7684\u54a8\u8be2\u5e76\u83b7\u5f97\u519c\u4e1a\u6280\u672f\u652f\u6301\u3002\u8bf7\u586b\u5199\u8054\u7cfb\u8868\u5355\uff0c\u6211\u4eec\u5c06\u5c3d\u5feb\u56de\u590d\u60a8\uff0c\u63d0\u4f9b\u4ea7\u54c1\u4fe1\u606f\u3001\u6280\u672f\u8d44\u6599\u548c\u5546\u52a1\u670d\u52a1\u3002","breadcrumb":{"@id":"https:\/\/colombia.agrolac.com\/zh-hans\/contact\/#breadcrumb"},"inLanguage":"zh-Hans","potentialAction":[{"@type":"ReadAction","target":["https:\/\/colombia.agrolac.com\/zh-hans\/contact\/"]}]},{"@type":"ImageObject","inLanguage":"zh-Hans","@id":"https:\/\/colombia.agrolac.com\/zh-hans\/contact\/#primaryimage","url":"https:\/\/colombia.agrolac.com\/wp-content\/uploads\/2025\/10\/badge-producir-mas.png","contentUrl":"https:\/\/colombia.agrolac.com\/wp-content\/uploads\/2025\/10\/badge-producir-mas.png","width":396,"height":396},{"@type":"BreadcrumbList","@id":"https:\/\/colombia.agrolac.com\/zh-hans\/contact\/#breadcrumb","itemListElement":[{"@type":"ListItem","position":1,"name":"\u9996\u9875","item":"https:\/\/colombia.agrolac.com\/zh-hans\/home\/"},{"@type":"ListItem","position":2,"name":"\u8054\u7cfb\u6211\u4eec"}]},{"@type":"WebSite","@id":"https:\/\/colombia.agrolac.com\/zh-hans\/#website","url":"https:\/\/colombia.agrolac.com\/zh-hans\/","name":"VICORQUIMIA","description":"Agrolac \u00e9s una empresa de Barcelona, fundada el 1982, especialitzada en distribuci\u00f3 de productes agroqu\u00edmics per a l&#039;agricultura europea.","publisher":{"@id":"https:\/\/colombia.agrolac.com\/zh-hans\/#organization"},"potentialAction":[{"@type":"SearchAction","target":{"@type":"EntryPoint","urlTemplate":"https:\/\/colombia.agrolac.com\/zh-hans\/?s={search_term_string}"},"query-input":{"@type":"PropertyValueSpecification","valueRequired":true,"valueName":"search_term_string"}}],"inLanguage":"zh-Hans"},{"@type":"Organization","@id":"https:\/\/colombia.agrolac.com\/zh-hans\/#organization","name":"VICORQUIMIA","url":"https:\/\/colombia.agrolac.com\/zh-hans\/","logo":{"@type":"ImageObject","inLanguage":"zh-Hans","@id":"https:\/\/colombia.agrolac.com\/zh-hans\/#\/schema\/logo\/image\/","url":"https:\/\/colombia.agrolac.com\/wp-content\/uploads\/2025\/10\/agrolac-logo.svg","contentUrl":"https:\/\/colombia.agrolac.com\/wp-content\/uploads\/2025\/10\/agrolac-logo.svg","caption":"VICORQUIMIA"},"image":{"@id":"https:\/\/colombia.agrolac.com\/zh-hans\/#\/schema\/logo\/image\/"},"sameAs":["https:\/\/www.linkedin.com\/company\/vicorquimia\/"]}]}},"_links":{"self":[{"href":"https:\/\/colombia.agrolac.com\/zh-hans\/wp-json\/wp\/v2\/pages\/7306","targetHints":{"allow":["GET"]}}],"collection":[{"href":"https:\/\/colombia.agrolac.com\/zh-hans\/wp-json\/wp\/v2\/pages"}],"about":[{"href":"https:\/\/colombia.agrolac.com\/zh-hans\/wp-json\/wp\/v2\/types\/page"}],"author":[{"embeddable":true,"href":"https:\/\/colombia.agrolac.com\/zh-hans\/wp-json\/wp\/v2\/users\/2"}],"replies":[{"embeddable":true,"href":"https:\/\/colombia.agrolac.com\/zh-hans\/wp-json\/wp\/v2\/comments?post=7306"}],"version-history":[{"count":4,"href":"https:\/\/colombia.agrolac.com\/zh-hans\/wp-json\/wp\/v2\/pages\/7306\/revisions"}],"predecessor-version":[{"id":8544,"href":"https:\/\/colombia.agrolac.com\/zh-hans\/wp-json\/wp\/v2\/pages\/7306\/revisions\/8544"}],"wp:featuredmedia":[{"embeddable":true,"href":"https:\/\/colombia.agrolac.com\/zh-hans\/wp-json\/wp\/v2\/media\/3514"}],"wp:attachment":[{"href":"https:\/\/colombia.agrolac.com\/zh-hans\/wp-json\/wp\/v2\/media?parent=7306"}],"curies":[{"name":"wp","href":"https:\/\/api.w.org\/{rel}","templated":true}]}}