{"id":7313,"date":"2026-01-12T19:04:20","date_gmt":"2026-01-12T18:04:20","guid":{"rendered":"http:\/\/colombia.agrolac.com\/ag-lifesolutions-co\/"},"modified":"2026-03-19T08:33:10","modified_gmt":"2026-03-19T07:33:10","slug":"ag-lifesolutions","status":"publish","type":"page","link":"https:\/\/colombia.agrolac.com\/zh-hans\/ag-lifesolutions\/","title":{"rendered":"AG LifeSolutions"},"content":{"rendered":"\t\t<div data-elementor-type=\"wp-page\" data-elementor-id=\"7313\" class=\"elementor elementor-7313 elementor-6522\" data-elementor-post-type=\"page\">\n\t\t\t\t<div class=\"elementor-element elementor-element-dcd2fe6 e-flex e-con-boxed e-con e-parent\" data-id=\"dcd2fe6\" data-element_type=\"container\" data-e-type=\"container\">\n\t\t\t\t\t<div class=\"e-con-inner\">\n\t\t\t\t<div class=\"elementor-element elementor-element-2408c4d elementor-widget elementor-widget-image\" data-id=\"2408c4d\" data-element_type=\"widget\" data-e-type=\"widget\" data-widget_type=\"image.default\">\n\t\t\t\t<div class=\"elementor-widget-container\">\n\t\t\t\t\t\t\t\t\t\t\t\t\t\t\t<img decoding=\"async\" width=\"265\" height=\"38\" src=\"https:\/\/colombia.agrolac.com\/wp-content\/uploads\/2025\/12\/lifesolutions.png\" class=\"attachment-large size-large wp-image-5061\" alt=\"\" \/>\t\t\t\t\t\t\t\t\t\t\t\t\t\t\t<\/div>\n\t\t\t\t<\/div>\n\t\t\t\t\t<\/div>\n\t\t\t\t<\/div>\n\t\t<div class=\"elementor-element elementor-element-45af55a e-flex e-con-boxed e-con e-parent\" data-id=\"45af55a\" data-element_type=\"container\" data-e-type=\"container\">\n\t\t\t\t\t<div class=\"e-con-inner\">\n\t\t<div class=\"elementor-element elementor-element-84b3a42 e-con-full e-flex e-con e-child\" data-id=\"84b3a42\" data-element_type=\"container\" data-e-type=\"container\">\n\t\t\t\t<div class=\"elementor-element elementor-element-1e2094f elementor-widget elementor-widget-heading\" data-id=\"1e2094f\" data-element_type=\"widget\" data-e-type=\"widget\" data-widget_type=\"heading.default\">\n\t\t\t\t<div class=\"elementor-widget-container\">\n\t\t\t\t\t<h2 class=\"elementor-heading-title elementor-size-default\">\u52a9\u529b\u66f4\u5b89\u5168\u3001\u66f4\u6e05\u6d01\u3001\u66f4\u53ef\u6301\u7eed\u519c\u4e1a\u7684\u751f\u7269\u521b\u65b0\n<\/h2>\t\t\t\t<\/div>\n\t\t\t\t<\/div>\n\t\t\t\t<div class=\"elementor-element elementor-element-18fd428 elementor-widget elementor-widget-text-editor\" data-id=\"18fd428\" data-element_type=\"widget\" data-e-type=\"widget\" data-widget_type=\"text-editor.default\">\n\t\t\t\t<div class=\"elementor-widget-container\">\n\t\t\t\t\t\t\t\t\t<p class=\"p1\">\u5728 <strong>Agrolac Andina<\/strong>\uff0c\u6211\u4eec\u76f8\u4fe1\u5bf9\u73af\u5883\u8d1f\u8d23\u3001\u6280\u672f\u624e\u5b9e\u4e14\u9762\u5411\u672a\u6765\u7684\u519c\u4e1a\u3002\u56e0\u6b64\uff0c\u6211\u4eec\u5c06 <strong>AG LifeSolutions<\/strong> \u5f00\u53d1\u7684\u77e5\u8bc6\u548c\u89e3\u51b3\u65b9\u6848\u5f15\u5165\u54e5\u4f26\u6bd4\u4e9a\u5e02\u573a\uff0c\u8fd9\u662f\u7531\u6b27\u6d32 <em>International Chemistry Associates<\/em> (<a href=\"https:\/\/www.icachemgroup.com\/\"><strong>ICA Group<\/strong><\/a>) \u65d7\u4e0b\u516c\u53f8\u63a8\u52a8\u7684\u4e00\u9879\u5e94\u7528\u7814\u7a76\u8ba1\u5212\u3002 <\/p><p class=\"p1\">\u5728 <strong>AG LifeSolutions<\/strong> \u9879\u76ee\u4e2d\uff0c\u6211\u4eec\u4e0e\u6b27\u6d32\u548c\u4e9a\u6d32\u7684\u690d\u7269\u5065\u5eb7 <strong>\u7814\u53d1<\/strong> \u4e2d\u5fc3\u5408\u4f5c\uff0c\u5728\u67d0\u4e9b\u60c5\u51b5\u4e0b\uff0c\u8fd8\u5f97\u5230\u4e86\u897f\u73ed\u7259 <b>\u5de5\u4e1a\u6280\u672f\u53d1\u5c55\u4e2d\u5fc3 (<\/b><span class=\"s1\"><b>CDTI)<\/b><\/span> \u7684\u652f\u6301\u3002\u7531\u4e8e\u4ece\u4e00\u5f00\u59cb\u5c31\u91c7\u7528\u4e86\u76d1\u7ba1\u5bfc\u5411\u7684\u65b9\u6cd5\uff0c\u6bcf\u6761\u7814\u7a76\u8def\u7ebf\u90fd\u65e8\u5728\u8f6c\u5316\u4e3a\u53ef\u6ce8\u518c\u4e14\u53ef\u4f9b\u5546\u4e1a\u4f7f\u7528\u7684\u4ea7\u54c1\uff0c\u5e76\u7b26\u5408\u5404\u56fd\u7684\u9002\u7528\u6cd5\u89c4\u3002 <\/p>\t\t\t\t\t\t\t\t<\/div>\n\t\t\t\t<\/div>\n\t\t<div class=\"elementor-element elementor-element-45f1835 e-con-full e-flex e-con e-child\" data-id=\"45f1835\" data-element_type=\"container\" data-e-type=\"container\">\n\t\t\t\t<div class=\"elementor-element elementor-element-3fd400a elementor-widget__width-inherit elementor-widget elementor-widget-gallery\" data-id=\"3fd400a\" data-element_type=\"widget\" data-e-type=\"widget\" data-settings=\"{&quot;gap&quot;:{&quot;unit&quot;:&quot;px&quot;,&quot;size&quot;:30,&quot;sizes&quot;:[]},&quot;gallery_layout&quot;:&quot;justified&quot;,&quot;ideal_row_height&quot;:{&quot;unit&quot;:&quot;px&quot;,&quot;size&quot;:300,&quot;sizes&quot;:[]},&quot;lazyload&quot;:&quot;yes&quot;,&quot;ideal_row_height_tablet&quot;:{&quot;unit&quot;:&quot;px&quot;,&quot;size&quot;:150,&quot;sizes&quot;:[]},&quot;ideal_row_height_mobile&quot;:{&quot;unit&quot;:&quot;px&quot;,&quot;size&quot;:150,&quot;sizes&quot;:[]},&quot;gap_tablet&quot;:{&quot;unit&quot;:&quot;px&quot;,&quot;size&quot;:10,&quot;sizes&quot;:[]},&quot;gap_mobile&quot;:{&quot;unit&quot;:&quot;px&quot;,&quot;size&quot;:10,&quot;sizes&quot;:[]},&quot;overlay_background&quot;:&quot;yes&quot;,&quot;content_hover_animation&quot;:&quot;fade-in&quot;}\" data-widget_type=\"gallery.default\">\n\t\t\t\t<div class=\"elementor-widget-container\">\n\t\t\t\t\t\t\t<div class=\"elementor-gallery__container\">\n\t\t\t\t\t\t\t<div class=\"e-gallery-item elementor-gallery-item elementor-animated-content\">\n\t\t\t\t\t<div class=\"e-gallery-image elementor-gallery-item__image\" data-thumbnail=\"https:\/\/colombia.agrolac.com\/wp-content\/uploads\/2025\/12\/pimientoT-2-204x300.jpg\" data-width=\"204\" data-height=\"300\" aria-label=\"\" role=\"img\" ><\/div>\n\t\t\t\t\t\t\t\t\t\t\t<div class=\"elementor-gallery-item__overlay\"><\/div>\n\t\t\t\t\t\t\t\t\t\t\t\t\t\t<\/div>\n\t\t\t\t\t\t\t<div class=\"e-gallery-item elementor-gallery-item elementor-animated-content\">\n\t\t\t\t\t<div class=\"e-gallery-image elementor-gallery-item__image\" data-thumbnail=\"https:\/\/colombia.agrolac.com\/wp-content\/uploads\/2025\/12\/peraT-1-204x300.jpg\" data-width=\"204\" data-height=\"300\" aria-label=\"\" role=\"img\" ><\/div>\n\t\t\t\t\t\t\t\t\t\t\t<div class=\"elementor-gallery-item__overlay\"><\/div>\n\t\t\t\t\t\t\t\t\t\t\t\t\t\t<\/div>\n\t\t\t\t\t\t\t<div class=\"e-gallery-item elementor-gallery-item elementor-animated-content\">\n\t\t\t\t\t<div class=\"e-gallery-image elementor-gallery-item__image\" data-thumbnail=\"https:\/\/colombia.agrolac.com\/wp-content\/uploads\/2025\/12\/almendraT-3-204x300.jpg\" data-width=\"204\" data-height=\"300\" aria-label=\"\" role=\"img\" ><\/div>\n\t\t\t\t\t\t\t\t\t\t\t<div class=\"elementor-gallery-item__overlay\"><\/div>\n\t\t\t\t\t\t\t\t\t\t\t\t\t\t<\/div>\n\t\t\t\t\t\t\t<div class=\"e-gallery-item elementor-gallery-item elementor-animated-content\">\n\t\t\t\t\t<div class=\"e-gallery-image elementor-gallery-item__image\" data-thumbnail=\"https:\/\/colombia.agrolac.com\/wp-content\/uploads\/2025\/12\/manzanaT-1-204x300.jpg\" data-width=\"204\" data-height=\"300\" aria-label=\"\" role=\"img\" ><\/div>\n\t\t\t\t\t\t\t\t\t\t\t<div class=\"elementor-gallery-item__overlay\"><\/div>\n\t\t\t\t\t\t\t\t\t\t\t\t\t\t<\/div>\n\t\t\t\t\t\t\t<div class=\"e-gallery-item elementor-gallery-item elementor-animated-content\">\n\t\t\t\t\t<div class=\"e-gallery-image elementor-gallery-item__image\" data-thumbnail=\"https:\/\/colombia.agrolac.com\/wp-content\/uploads\/2025\/12\/tomateT-1-204x300.jpg\" data-width=\"204\" data-height=\"300\" aria-label=\"\" role=\"img\" ><\/div>\n\t\t\t\t\t\t\t\t\t\t\t<div class=\"elementor-gallery-item__overlay\"><\/div>\n\t\t\t\t\t\t\t\t\t\t\t\t\t\t<\/div>\n\t\t\t\t\t<\/div>\n\t\t\t\t\t<\/div>\n\t\t\t\t<\/div>\n\t\t\t\t<\/div>\n\t\t\t\t<\/div>\n\t\t\t\t\t<\/div>\n\t\t\t\t<\/div>\n\t\t<div class=\"elementor-element elementor-element-ebd4938 e-flex e-con-boxed e-con e-parent\" data-id=\"ebd4938\" data-element_type=\"container\" data-e-type=\"container\">\n\t\t\t\t\t<div class=\"e-con-inner\">\n\t\t<div class=\"elementor-element elementor-element-d74198f e-con-full e-flex e-con e-child\" data-id=\"d74198f\" data-element_type=\"container\" data-e-type=\"container\">\n\t\t<div class=\"elementor-element elementor-element-86de17d e-con-full e-flex e-con e-child\" data-id=\"86de17d\" data-element_type=\"container\" data-e-type=\"container\">\n\t\t\t\t<div class=\"elementor-element elementor-element-dc82c0d elementor-widget__width-initial elementor-widget elementor-widget-text-editor\" data-id=\"dc82c0d\" data-element_type=\"widget\" data-e-type=\"widget\" data-widget_type=\"text-editor.default\">\n\t\t\t\t<div class=\"elementor-widget-container\">\n\t\t\t\t\t\t\t\t\t<h4><b>\u4e3b\u8981\u7814\u7a76\u65b9\u5411\uff1a<\/b><\/h4><ul><li><p class=\"p1\"><span class=\"s1\"><b>AGRC-0114<\/b><\/span> \u00b7 \u751f\u7269\u6e90\u690d\u7269\u751f\u957f\u8c03\u8282\u5242\u3002<\/p><\/li><li><p class=\"p1\"><span class=\"s1\"><b>AGFU-0214<\/b><\/span> \u00b7 \u57fa\u4e8e\u7279\u5b9a <i>\u94fe\u9709\u83cc<\/i> \u83cc\u682a\u914d\u5236\u7684\u751f\u7269\u6740\u83cc\u5242\u3002<\/p><\/li><li><p class=\"p1\"><span class=\"s1\"><b>AGFN-0116<\/b><\/span> \u00b7 \u57fa\u4e8e <i>\u6728\u9709\u83cc<\/i> \u7684\u591a\u6548\u89e3\u51b3\u65b9\u6848\uff08\u6740\u83cc\u5242 + \u6740\u7ebf\u866b\u5242 + \u751f\u957f\u4fc3\u8fdb\u5242\uff09\u3002<\/p><\/li><li><p class=\"p1\"><span class=\"s1\"><b>AGBA-0617<\/b><\/span> \u00b7 \u7528\u4e8e\u654f\u611f\u4f5c\u7269\u7684\u5929\u7136\u6765\u6e90\u6740\u83cc\u5242\u3002<\/p><\/li><li><p class=\"p1\"><span class=\"s1\"><b>AGBE-0717<\/b><\/span> \u00b7 \u7531\u83cc\u6839\u8054\u5408\u4f53\u548c\u5176\u4ed6\u6709\u76ca\u5fae\u751f\u7269\u914d\u5236\u7684\u751f\u7269\u523a\u6fc0\u7d20\u3002<\/p><\/li><\/ul>\t\t\t\t\t\t\t\t<\/div>\n\t\t\t\t<\/div>\n\t\t\t\t<\/div>\n\t\t\t\t<\/div>\n\t\t<div class=\"elementor-element elementor-element-0597f52 e-con-full e-flex e-con e-child\" data-id=\"0597f52\" data-element_type=\"container\" data-e-type=\"container\">\n\t\t<div class=\"elementor-element elementor-element-78fb924 e-con-full e-flex e-con e-child\" data-id=\"78fb924\" data-element_type=\"container\" data-e-type=\"container\">\n\t\t\t\t<div class=\"elementor-element elementor-element-f2bb6aa elementor-widget elementor-widget-text-editor\" data-id=\"f2bb6aa\" data-element_type=\"widget\" data-e-type=\"widget\" data-widget_type=\"text-editor.default\">\n\t\t\t\t<div class=\"elementor-widget-container\">\n\t\t\t\t\t\t\t\t\t<h4>\u4ece<b>\u79d1\u5b66\u77e5\u8bc6\u5230\u7530\u95f4\u89e3\u51b3\u65b9\u6848<\/b><\/h4><p class=\"p3\">\u901a\u8fc7 <strong>AG LifeSolutions<\/strong>\uff0c\u79d1\u5b66\u77e5\u8bc6\u8f6c\u5316\u4e3a\u5b9e\u9645\u89e3\u51b3\u65b9\u6848\uff0c\u5c06\u5927\u5b66\u548c\u6280\u672f\u4e2d\u5fc3\u7684\u5de5\u4f5c\u4e0e\u751f\u4ea7\u8005\u7684\u9700\u6c42\u8054\u7cfb\u8d77\u6765\u3002\u5176\u4e2d\u4e00\u4e9b\u7814\u7a76\u65b9\u5411\u5df2\u7ecf\u4ea7\u751f\u4e86\u5df2\u6ce8\u518c\u6216\u5904\u4e8e\u540e\u671f\u5f00\u53d1\u9636\u6bb5\u7684\u4ea7\u54c1\uff0c\u65e8\u5728\u6574\u5408\u5230\u4f20\u7edf\u519c\u4e1a\u548c\u53ef\u6301\u7eed\u519c\u4e1a\u7684\u7ba1\u7406\u8ba1\u5212\u4e2d\u3002 <\/p><p class=\"p3\">\u8fd9\u4e9b\u89e3\u51b3\u65b9\u6848\u65e8\u5728\u6839\u636e\u660e\u786e\u7684\u6280\u672f\u6807\u51c6\u548c\u4e25\u683c\u7684\u76d1\u7ba1\u6807\u51c6\uff0c\u7eb3\u5165 <strong>\u8d1f\u8d23\u4efb\u7684\u751f\u4ea7\u7b56\u7565<\/strong> \u4e2d\u3002<\/p><h4><b>\u81f4\u529b\u4e8e\u8d1f\u8d23\u4efb\u7684\u521b\u65b0<\/b><\/h4><p class=\"p3\">\u5728\u8fc7\u53bb\u7684 12 \u5e74\u91cc\uff0c\u96c6\u56e2\u65d7\u4e0b\u7684\u516c\u53f8\u5728 <strong>\u7814\u7a76\u3001\u5f00\u53d1\u548c\u79d1\u5b66\u5408\u4f5c<\/strong> \u65b9\u9762\u8fdb\u884c\u4e86\u6301\u7eed\u6295\u5165\u3002\u56e0\u6b64\uff0c<strong>AG LifeSolutions<\/strong> \u4e0e\u6b27\u6d32\u548c\u4e9a\u6d32\u7684\u5927\u5b66\u53ca\u6280\u672f\u4e2d\u5fc3\u5408\u4f5c\uff0c\u5f00\u53d1\u4e86\u4e00\u7cfb\u5217\u81ea\u6709\u751f\u7269\u4ea7\u54c1\u7ec4\u5408\uff0c\u5305\u62ec\u5929\u7136\u6765\u6e90\u7684\u690d\u7269\u8c03\u8282\u5242\u3001\u751f\u7269\u523a\u6fc0\u7d20\u548c\u7279\u79cd\u80a5\u6599\u3002 <\/p><p class=\"p3\">\u76ee\u524d\u6709\u591a\u4e2a\u65b0\u9879\u76ee\u6b63\u5728\u8fdb\u884c\u4e2d\uff0c\u8fd9\u4e9b\u9879\u76ee\u5c06\u5728\u672a\u6765\u51e0\u5e74\u52a0\u5f3a\u8fd9\u4e00\u4ea7\u54c1\u7ec4\u5408\uff0c\u5e76\u652f\u6301\u6211\u4eec\u7684\u613f\u666f\uff1a\u9ad8\u6548\u3001\u53ef\u6301\u7eed\u4e14\u9762\u5411\u672a\u6765\u7684\u519c\u4e1a\u3002<\/p>\t\t\t\t\t\t\t\t<\/div>\n\t\t\t\t<\/div>\n\t\t\t\t<\/div>\n\t\t\t\t<\/div>\n\t\t\t\t\t<\/div>\n\t\t\t\t<\/div>\n\t\t\t\t<\/div>\n\t\t","protected":false},"excerpt":{"rendered":"<p>\u52a9\u529b\u66f4\u5b89\u5168\u3001\u66f4\u6e05\u6d01\u3001\u66f4\u53ef\u6301\u7eed\u519c\u4e1a\u7684\u751f\u7269\u521b\u65b0 \u5728 Agrolac Andina\uff0c\u6211\u4eec\u76f8\u4fe1\u5bf9\u73af\u5883\u8d1f\u8d23\u3001\u6280\u672f\u624e\u5b9e\u4e14\u9762 [&hellip;]<\/p>\n","protected":false},"author":2,"featured_media":5043,"parent":0,"menu_order":0,"comment_status":"closed","ping_status":"closed","template":"","meta":{"_acf_changed":false,"footnotes":""},"class_list":["post-7313","page","type-page","status-publish","has-post-thumbnail","hentry"],"acf":[],"yoast_head":"<!-- This site is optimized with the Yoast SEO plugin v27.2 - https:\/\/yoast.com\/product\/yoast-seo-wordpress\/ -->\n<title>AG LifeSolutions - Agrolac<\/title>\n<meta name=\"description\" content=\"\u4e86\u89e3 AG LifeSolutions\uff0c\u8fd9\u662f\u7531 International Chemistry Associates (ICA Group) \u63a8\u52a8\u7684\u751f\u7269\u7814\u53d1\u9879\u76ee\uff1a\u901a\u8fc7\u4e0e\u6b27\u6d32\u548c\u4e9a\u6d32\u7684\u4e2d\u5fc3\u8fdb\u884c\u5e94\u7528\u7814\u7a76\uff0c\u5f00\u53d1\u66f4\u5b89\u5168\u3001\u66f4\u6e05\u6d01\u3001\u66f4\u53ef\u6301\u7eed\u7684\u89e3\u51b3\u65b9\u6848\uff0c\u5e76\u7531 Agrolac Andina \u5f15\u5165\u54e5\u4f26\u6bd4\u4e9a\u5e02\u573a\u3002\" \/>\n<meta name=\"robots\" content=\"index, follow, max-snippet:-1, max-image-preview:large, max-video-preview:-1\" \/>\n<link rel=\"canonical\" href=\"https:\/\/colombia.agrolac.com\/zh-hans\/ag-lifesolutions\/\" \/>\n<meta property=\"og:locale\" content=\"zh_CN\" \/>\n<meta property=\"og:type\" content=\"article\" \/>\n<meta property=\"og:title\" content=\"AG LifeSolutions - Agrolac\" \/>\n<meta property=\"og:description\" content=\"\u4e86\u89e3 AG LifeSolutions\uff0c\u8fd9\u662f\u7531 International Chemistry Associates (ICA Group) \u63a8\u52a8\u7684\u751f\u7269\u7814\u53d1\u9879\u76ee\uff1a\u901a\u8fc7\u4e0e\u6b27\u6d32\u548c\u4e9a\u6d32\u7684\u4e2d\u5fc3\u8fdb\u884c\u5e94\u7528\u7814\u7a76\uff0c\u5f00\u53d1\u66f4\u5b89\u5168\u3001\u66f4\u6e05\u6d01\u3001\u66f4\u53ef\u6301\u7eed\u7684\u89e3\u51b3\u65b9\u6848\uff0c\u5e76\u7531 Agrolac Andina \u5f15\u5165\u54e5\u4f26\u6bd4\u4e9a\u5e02\u573a\u3002\" \/>\n<meta property=\"og:url\" content=\"https:\/\/colombia.agrolac.com\/zh-hans\/ag-lifesolutions\/\" \/>\n<meta property=\"og:site_name\" content=\"Agrolac\" \/>\n<meta property=\"article:modified_time\" content=\"2026-03-19T07:33:10+00:00\" \/>\n<meta property=\"og:image\" content=\"https:\/\/colombia.agrolac.com\/wp-content\/uploads\/2025\/12\/aglife.jpg\" \/>\n\t<meta property=\"og:image:width\" content=\"600\" \/>\n\t<meta property=\"og:image:height\" content=\"428\" \/>\n\t<meta property=\"og:image:type\" content=\"image\/jpeg\" \/>\n<meta name=\"twitter:card\" content=\"summary_large_image\" \/>\n<script type=\"application\/ld+json\" class=\"yoast-schema-graph\">{\"@context\":\"https:\/\/schema.org\",\"@graph\":[{\"@type\":\"WebPage\",\"@id\":\"https:\/\/colombia.agrolac.com\/zh-hans\/ag-lifesolutions\/\",\"url\":\"https:\/\/colombia.agrolac.com\/zh-hans\/ag-lifesolutions\/\",\"name\":\"AG LifeSolutions - Agrolac\",\"isPartOf\":{\"@id\":\"https:\/\/colombia.agrolac.com\/zh-hans\/#website\"},\"primaryImageOfPage\":{\"@id\":\"https:\/\/colombia.agrolac.com\/zh-hans\/ag-lifesolutions\/#primaryimage\"},\"image\":{\"@id\":\"https:\/\/colombia.agrolac.com\/zh-hans\/ag-lifesolutions\/#primaryimage\"},\"thumbnailUrl\":\"https:\/\/colombia.agrolac.com\/wp-content\/uploads\/2025\/12\/aglife.jpg\",\"datePublished\":\"2026-01-12T18:04:20+00:00\",\"dateModified\":\"2026-03-19T07:33:10+00:00\",\"description\":\"\u4e86\u89e3 AG LifeSolutions\uff0c\u8fd9\u662f\u7531 International Chemistry Associates (ICA Group) \u63a8\u52a8\u7684\u751f\u7269\u7814\u53d1\u9879\u76ee\uff1a\u901a\u8fc7\u4e0e\u6b27\u6d32\u548c\u4e9a\u6d32\u7684\u4e2d\u5fc3\u8fdb\u884c\u5e94\u7528\u7814\u7a76\uff0c\u5f00\u53d1\u66f4\u5b89\u5168\u3001\u66f4\u6e05\u6d01\u3001\u66f4\u53ef\u6301\u7eed\u7684\u89e3\u51b3\u65b9\u6848\uff0c\u5e76\u7531 Agrolac Andina \u5f15\u5165\u54e5\u4f26\u6bd4\u4e9a\u5e02\u573a\u3002\",\"breadcrumb\":{\"@id\":\"https:\/\/colombia.agrolac.com\/zh-hans\/ag-lifesolutions\/#breadcrumb\"},\"inLanguage\":\"zh-Hans\",\"potentialAction\":[{\"@type\":\"ReadAction\",\"target\":[\"https:\/\/colombia.agrolac.com\/zh-hans\/ag-lifesolutions\/\"]}]},{\"@type\":\"ImageObject\",\"inLanguage\":\"zh-Hans\",\"@id\":\"https:\/\/colombia.agrolac.com\/zh-hans\/ag-lifesolutions\/#primaryimage\",\"url\":\"https:\/\/colombia.agrolac.com\/wp-content\/uploads\/2025\/12\/aglife.jpg\",\"contentUrl\":\"https:\/\/colombia.agrolac.com\/wp-content\/uploads\/2025\/12\/aglife.jpg\",\"width\":600,\"height\":428},{\"@type\":\"BreadcrumbList\",\"@id\":\"https:\/\/colombia.agrolac.com\/zh-hans\/ag-lifesolutions\/#breadcrumb\",\"itemListElement\":[{\"@type\":\"ListItem\",\"position\":1,\"name\":\"\u9996\u9875\",\"item\":\"https:\/\/colombia.agrolac.com\/zh-hans\/home\/\"},{\"@type\":\"ListItem\",\"position\":2,\"name\":\"AG LifeSolutions\"}]},{\"@type\":\"WebSite\",\"@id\":\"https:\/\/colombia.agrolac.com\/zh-hans\/#website\",\"url\":\"https:\/\/colombia.agrolac.com\/zh-hans\/\",\"name\":\"VICORQUIMIA\",\"description\":\"Agrolac \u00e9s una empresa de Barcelona, fundada el 1982, especialitzada en distribuci\u00f3 de productes agroqu\u00edmics per a l&#039;agricultura europea.\",\"publisher\":{\"@id\":\"https:\/\/colombia.agrolac.com\/zh-hans\/#organization\"},\"potentialAction\":[{\"@type\":\"SearchAction\",\"target\":{\"@type\":\"EntryPoint\",\"urlTemplate\":\"https:\/\/colombia.agrolac.com\/zh-hans\/?s={search_term_string}\"},\"query-input\":{\"@type\":\"PropertyValueSpecification\",\"valueRequired\":true,\"valueName\":\"search_term_string\"}}],\"inLanguage\":\"zh-Hans\"},{\"@type\":\"Organization\",\"@id\":\"https:\/\/colombia.agrolac.com\/zh-hans\/#organization\",\"name\":\"VICORQUIMIA\",\"url\":\"https:\/\/colombia.agrolac.com\/zh-hans\/\",\"logo\":{\"@type\":\"ImageObject\",\"inLanguage\":\"zh-Hans\",\"@id\":\"https:\/\/colombia.agrolac.com\/zh-hans\/#\/schema\/logo\/image\/\",\"url\":\"https:\/\/colombia.agrolac.com\/wp-content\/uploads\/2025\/10\/agrolac-logo.svg\",\"contentUrl\":\"https:\/\/colombia.agrolac.com\/wp-content\/uploads\/2025\/10\/agrolac-logo.svg\",\"caption\":\"VICORQUIMIA\"},\"image\":{\"@id\":\"https:\/\/colombia.agrolac.com\/zh-hans\/#\/schema\/logo\/image\/\"},\"sameAs\":[\"https:\/\/www.linkedin.com\/company\/vicorquimia\/\"]}]}<\/script>\n<!-- \/ Yoast SEO plugin. -->","yoast_head_json":{"title":"AG LifeSolutions - Agrolac","description":"\u4e86\u89e3 AG LifeSolutions\uff0c\u8fd9\u662f\u7531 International Chemistry Associates (ICA Group) \u63a8\u52a8\u7684\u751f\u7269\u7814\u53d1\u9879\u76ee\uff1a\u901a\u8fc7\u4e0e\u6b27\u6d32\u548c\u4e9a\u6d32\u7684\u4e2d\u5fc3\u8fdb\u884c\u5e94\u7528\u7814\u7a76\uff0c\u5f00\u53d1\u66f4\u5b89\u5168\u3001\u66f4\u6e05\u6d01\u3001\u66f4\u53ef\u6301\u7eed\u7684\u89e3\u51b3\u65b9\u6848\uff0c\u5e76\u7531 Agrolac Andina \u5f15\u5165\u54e5\u4f26\u6bd4\u4e9a\u5e02\u573a\u3002","robots":{"index":"index","follow":"follow","max-snippet":"max-snippet:-1","max-image-preview":"max-image-preview:large","max-video-preview":"max-video-preview:-1"},"canonical":"https:\/\/colombia.agrolac.com\/zh-hans\/ag-lifesolutions\/","og_locale":"zh_CN","og_type":"article","og_title":"AG LifeSolutions - Agrolac","og_description":"\u4e86\u89e3 AG LifeSolutions\uff0c\u8fd9\u662f\u7531 International Chemistry Associates (ICA Group) \u63a8\u52a8\u7684\u751f\u7269\u7814\u53d1\u9879\u76ee\uff1a\u901a\u8fc7\u4e0e\u6b27\u6d32\u548c\u4e9a\u6d32\u7684\u4e2d\u5fc3\u8fdb\u884c\u5e94\u7528\u7814\u7a76\uff0c\u5f00\u53d1\u66f4\u5b89\u5168\u3001\u66f4\u6e05\u6d01\u3001\u66f4\u53ef\u6301\u7eed\u7684\u89e3\u51b3\u65b9\u6848\uff0c\u5e76\u7531 Agrolac Andina \u5f15\u5165\u54e5\u4f26\u6bd4\u4e9a\u5e02\u573a\u3002","og_url":"https:\/\/colombia.agrolac.com\/zh-hans\/ag-lifesolutions\/","og_site_name":"Agrolac","article_modified_time":"2026-03-19T07:33:10+00:00","og_image":[{"width":600,"height":428,"url":"https:\/\/colombia.agrolac.com\/wp-content\/uploads\/2025\/12\/aglife.jpg","type":"image\/jpeg"}],"twitter_card":"summary_large_image","schema":{"@context":"https:\/\/schema.org","@graph":[{"@type":"WebPage","@id":"https:\/\/colombia.agrolac.com\/zh-hans\/ag-lifesolutions\/","url":"https:\/\/colombia.agrolac.com\/zh-hans\/ag-lifesolutions\/","name":"AG LifeSolutions - Agrolac","isPartOf":{"@id":"https:\/\/colombia.agrolac.com\/zh-hans\/#website"},"primaryImageOfPage":{"@id":"https:\/\/colombia.agrolac.com\/zh-hans\/ag-lifesolutions\/#primaryimage"},"image":{"@id":"https:\/\/colombia.agrolac.com\/zh-hans\/ag-lifesolutions\/#primaryimage"},"thumbnailUrl":"https:\/\/colombia.agrolac.com\/wp-content\/uploads\/2025\/12\/aglife.jpg","datePublished":"2026-01-12T18:04:20+00:00","dateModified":"2026-03-19T07:33:10+00:00","description":"\u4e86\u89e3 AG LifeSolutions\uff0c\u8fd9\u662f\u7531 International Chemistry Associates (ICA Group) \u63a8\u52a8\u7684\u751f\u7269\u7814\u53d1\u9879\u76ee\uff1a\u901a\u8fc7\u4e0e\u6b27\u6d32\u548c\u4e9a\u6d32\u7684\u4e2d\u5fc3\u8fdb\u884c\u5e94\u7528\u7814\u7a76\uff0c\u5f00\u53d1\u66f4\u5b89\u5168\u3001\u66f4\u6e05\u6d01\u3001\u66f4\u53ef\u6301\u7eed\u7684\u89e3\u51b3\u65b9\u6848\uff0c\u5e76\u7531 Agrolac Andina \u5f15\u5165\u54e5\u4f26\u6bd4\u4e9a\u5e02\u573a\u3002","breadcrumb":{"@id":"https:\/\/colombia.agrolac.com\/zh-hans\/ag-lifesolutions\/#breadcrumb"},"inLanguage":"zh-Hans","potentialAction":[{"@type":"ReadAction","target":["https:\/\/colombia.agrolac.com\/zh-hans\/ag-lifesolutions\/"]}]},{"@type":"ImageObject","inLanguage":"zh-Hans","@id":"https:\/\/colombia.agrolac.com\/zh-hans\/ag-lifesolutions\/#primaryimage","url":"https:\/\/colombia.agrolac.com\/wp-content\/uploads\/2025\/12\/aglife.jpg","contentUrl":"https:\/\/colombia.agrolac.com\/wp-content\/uploads\/2025\/12\/aglife.jpg","width":600,"height":428},{"@type":"BreadcrumbList","@id":"https:\/\/colombia.agrolac.com\/zh-hans\/ag-lifesolutions\/#breadcrumb","itemListElement":[{"@type":"ListItem","position":1,"name":"\u9996\u9875","item":"https:\/\/colombia.agrolac.com\/zh-hans\/home\/"},{"@type":"ListItem","position":2,"name":"AG LifeSolutions"}]},{"@type":"WebSite","@id":"https:\/\/colombia.agrolac.com\/zh-hans\/#website","url":"https:\/\/colombia.agrolac.com\/zh-hans\/","name":"VICORQUIMIA","description":"Agrolac \u00e9s una empresa de Barcelona, fundada el 1982, especialitzada en distribuci\u00f3 de productes agroqu\u00edmics per a l&#039;agricultura europea.","publisher":{"@id":"https:\/\/colombia.agrolac.com\/zh-hans\/#organization"},"potentialAction":[{"@type":"SearchAction","target":{"@type":"EntryPoint","urlTemplate":"https:\/\/colombia.agrolac.com\/zh-hans\/?s={search_term_string}"},"query-input":{"@type":"PropertyValueSpecification","valueRequired":true,"valueName":"search_term_string"}}],"inLanguage":"zh-Hans"},{"@type":"Organization","@id":"https:\/\/colombia.agrolac.com\/zh-hans\/#organization","name":"VICORQUIMIA","url":"https:\/\/colombia.agrolac.com\/zh-hans\/","logo":{"@type":"ImageObject","inLanguage":"zh-Hans","@id":"https:\/\/colombia.agrolac.com\/zh-hans\/#\/schema\/logo\/image\/","url":"https:\/\/colombia.agrolac.com\/wp-content\/uploads\/2025\/10\/agrolac-logo.svg","contentUrl":"https:\/\/colombia.agrolac.com\/wp-content\/uploads\/2025\/10\/agrolac-logo.svg","caption":"VICORQUIMIA"},"image":{"@id":"https:\/\/colombia.agrolac.com\/zh-hans\/#\/schema\/logo\/image\/"},"sameAs":["https:\/\/www.linkedin.com\/company\/vicorquimia\/"]}]}},"_links":{"self":[{"href":"https:\/\/colombia.agrolac.com\/zh-hans\/wp-json\/wp\/v2\/pages\/7313","targetHints":{"allow":["GET"]}}],"collection":[{"href":"https:\/\/colombia.agrolac.com\/zh-hans\/wp-json\/wp\/v2\/pages"}],"about":[{"href":"https:\/\/colombia.agrolac.com\/zh-hans\/wp-json\/wp\/v2\/types\/page"}],"author":[{"embeddable":true,"href":"https:\/\/colombia.agrolac.com\/zh-hans\/wp-json\/wp\/v2\/users\/2"}],"replies":[{"embeddable":true,"href":"https:\/\/colombia.agrolac.com\/zh-hans\/wp-json\/wp\/v2\/comments?post=7313"}],"version-history":[{"count":3,"href":"https:\/\/colombia.agrolac.com\/zh-hans\/wp-json\/wp\/v2\/pages\/7313\/revisions"}],"predecessor-version":[{"id":8595,"href":"https:\/\/colombia.agrolac.com\/zh-hans\/wp-json\/wp\/v2\/pages\/7313\/revisions\/8595"}],"wp:featuredmedia":[{"embeddable":true,"href":"https:\/\/colombia.agrolac.com\/zh-hans\/wp-json\/wp\/v2\/media\/5043"}],"wp:attachment":[{"href":"https:\/\/colombia.agrolac.com\/zh-hans\/wp-json\/wp\/v2\/media?parent=7313"}],"curies":[{"name":"wp","href":"https:\/\/api.w.org\/{rel}","templated":true}]}}