{"id":7442,"date":"2026-01-12T17:40:08","date_gmt":"2026-01-12T16:40:08","guid":{"rendered":"http:\/\/colombia.agrolac.com\/%e6%8a%80%e6%9c%af%e6%94%af%e6%8c%81%e5%92%8c%e6%b5%8b%e8%af%95-co\/"},"modified":"2026-03-19T08:28:39","modified_gmt":"2026-03-19T07:28:39","slug":"technical-support-and-testing","status":"publish","type":"page","link":"https:\/\/colombia.agrolac.com\/zh-hans\/technical-support-and-testing\/","title":{"rendered":"\u6280\u672f\u652f\u6301\u4e0e\u8bd5\u9a8c"},"content":{"rendered":"\t\t<div data-elementor-type=\"wp-page\" data-elementor-id=\"7442\" class=\"elementor elementor-7442 elementor-6506\" data-elementor-post-type=\"page\">\n\t\t\t\t<div class=\"elementor-element elementor-element-5eb9d5f e-flex e-con-boxed e-con e-parent\" data-id=\"5eb9d5f\" data-element_type=\"container\" data-e-type=\"container\">\n\t\t\t\t\t<div class=\"e-con-inner\">\n\t\t<div class=\"elementor-element elementor-element-31fddbc e-con-full e-flex e-con e-child\" data-id=\"31fddbc\" data-element_type=\"container\" data-e-type=\"container\">\n\t\t\t\t<div class=\"elementor-element elementor-element-77f0610 elementor-widget elementor-widget-heading\" data-id=\"77f0610\" data-element_type=\"widget\" data-e-type=\"widget\" data-widget_type=\"heading.default\">\n\t\t\t\t<div class=\"elementor-widget-container\">\n\t\t\t\t\t<h3 class=\"elementor-heading-title elementor-size-default\">\u57fa\u4e8e\u6570\u636e\u7684\u519c\u827a\u51b3\u7b56<\/h3>\t\t\t\t<\/div>\n\t\t\t\t<\/div>\n\t\t\t\t<\/div>\n\t\t\t\t\t<\/div>\n\t\t\t\t<\/div>\n\t\t<div class=\"elementor-element elementor-element-969da1d e-flex e-con-boxed e-con e-parent\" data-id=\"969da1d\" data-element_type=\"container\" data-e-type=\"container\">\n\t\t\t\t\t<div class=\"e-con-inner\">\n\t\t\t\t<div class=\"elementor-element elementor-element-d3cf1bc elementor-widget elementor-widget-text-editor\" data-id=\"d3cf1bc\" data-element_type=\"widget\" data-e-type=\"widget\" data-widget_type=\"text-editor.default\">\n\t\t\t\t<div class=\"elementor-widget-container\">\n\t\t\t\t\t\t\t\t\t<p class=\"p1\">\u5728<strong>Agrolac<\/strong> <strong>Andina<\/strong>\uff0c\u6211\u4eec\u4e0d\u51ed\u76f4\u89c9\u63d0\u51fa\u5efa\u8bae\uff1a\u6211\u4eec\u901a\u8fc7\u8bd5\u9a8c\u4e0e\u6280\u672f\u966a\u4f34\u9a8c\u8bc1\u5e76\u8c03\u6574\u6bcf\u4e00\u9879\u89e3\u51b3\u65b9\u6848\uff0c\u5e2e\u52a9\u60a8\u83b7\u5f97\u4e00\u81f4\u4e14\u53ef\u8861\u91cf\u7684\u7ed3\u679c\u3002<\/p>\t\t\t\t\t\t\t\t<\/div>\n\t\t\t\t<\/div>\n\t\t\t\t\t<\/div>\n\t\t\t\t<\/div>\n\t\t<div class=\"elementor-element elementor-element-b833a13 e-flex e-con-boxed e-con e-parent\" data-id=\"b833a13\" data-element_type=\"container\" data-e-type=\"container\">\n\t\t\t\t\t<div class=\"e-con-inner\">\n\t\t<div class=\"elementor-element elementor-element-42c6c39 e-grid e-con-full e-con e-child\" data-id=\"42c6c39\" data-element_type=\"container\" data-e-type=\"container\">\n\t\t<div class=\"elementor-element elementor-element-17bb5e5 e-con-full e-flex e-con e-child\" data-id=\"17bb5e5\" data-element_type=\"container\" data-e-type=\"container\">\n\t\t\t\t<div class=\"elementor-element elementor-element-6e4571d elementor-widget elementor-widget-image\" data-id=\"6e4571d\" data-element_type=\"widget\" data-e-type=\"widget\" data-widget_type=\"image.default\">\n\t\t\t\t<div class=\"elementor-widget-container\">\n\t\t\t\t\t\t\t\t\t\t\t\t\t\t\t<img fetchpriority=\"high\" decoding=\"async\" width=\"660\" height=\"540\" src=\"https:\/\/colombia.agrolac.com\/wp-content\/uploads\/2025\/12\/pages.jpg\" class=\"attachment-large size-large wp-image-5079\" alt=\"\" srcset=\"https:\/\/colombia.agrolac.com\/wp-content\/uploads\/2025\/12\/pages.jpg 660w, https:\/\/colombia.agrolac.com\/wp-content\/uploads\/2025\/12\/pages-300x245.jpg 300w, https:\/\/colombia.agrolac.com\/wp-content\/uploads\/2025\/12\/pages-600x491.jpg 600w\" sizes=\"(max-width: 660px) 100vw, 660px\" \/>\t\t\t\t\t\t\t\t\t\t\t\t\t\t\t<\/div>\n\t\t\t\t<\/div>\n\t\t\t\t<\/div>\n\t\t\t\t<div class=\"elementor-element elementor-element-de16c9b elementor-widget elementor-widget-text-editor\" data-id=\"de16c9b\" data-element_type=\"widget\" data-e-type=\"widget\" data-widget_type=\"text-editor.default\">\n\t\t\t\t<div class=\"elementor-widget-container\">\n\t\t\t\t\t\t\t\t\t<h4><b>\u6211\u4eec\u5982\u4f55\u9a8c\u8bc1<\/b><\/h4><p class=\"p1\">\u6211\u4eec\u5f00\u5c55\u7530\u95f4\u4e0e\u6e29\u5ba4\u8bd5\u9a8c\uff0c\u65e8\u5728\u5728\u771f\u5b9e\u6761\u4ef6\u4e0b\u8861\u91cf\u7ed3\u679c\uff0c\u5e76\u786e\u4fdd\u6211\u4eec\u63a8\u8350\u7684\u4ea7\u54c1\u4e0e\u65bd\u7528\u65b9\u6848\u6709\u8bc1\u636e\u652f\u6491\u3002\u4e3a\u6b64\uff0c\u6211\u4eec\u7ed3\u5408\uff1a <\/p><ul><li><p class=\"p1\"><span class=\"s1\"><b>\u5728\u8bd5\u9a8c\u4e2d\u5fc3\u4e0e\u4e13\u4e1a\u5b9e\u9a8c\u5ba4\u8fdb\u884c\u9a8c\u8bc1<\/b><\/span>\uff0c\u5e76\u91c7\u7528\u9488\u5bf9\u6bcf\u79cd\u4f5c\u7269\u4e0e\u76ee\u6807\u8c03\u6574\u7684\u8bc4\u4f30\u65b9\u6848\u3002<\/p><\/li><li><p class=\"p1\"><span class=\"s1\"><b>\u4e0e\u5927\u5b66\u53ca\u79d1\u7814\u56e2\u961f\u5408\u4f5c<\/b><\/span>\u5f00\u5c55\u4e13\u9879\u9879\u76ee\uff0c\u7528\u4e8e\u9a8c\u8bc1\u5047\u8bbe\u3001\u6539\u8fdb\u914d\u65b9\uff0c\u5e76\u4f18\u5316\u7528\u91cf\u4e0e\u65bd\u7528\u65f6\u673a\u3002<\/p><\/li><li><p class=\"p1\"><span class=\"s1\"><b>\u4e0e\u5bf9\u7167\u4e0e\u53c2\u8003\u65b9\u6848\u8fdb\u884c\u5bf9\u6bd4<\/b><\/span>\uff0c\u5e76\u6839\u636e\u5177\u4f53\u60c5\u51b5\u8bb0\u5f55\u5173\u952e\u519c\u827a\u53d8\u91cf\uff08\u957f\u52bf\u3001\u624e\u6839\u3001\u5750\u679c\u3001\u5065\u5eb7\u72b6\u51b5\u3001\u4ea7\u91cf\u4e0e\u54c1\u8d28\uff09\u3002<\/p><\/li><li><p class=\"p1\"><span class=\"s1\"><b>\u6280\u672f\u590d\u6838\u4e0e\u65b9\u6848\u8c03\u6574<\/b><\/span>\uff0c\u5c06\u7ed3\u679c\u4e0e\u79cd\u690d\u8005\u7684\u5b9e\u9645\u7ba1\u7406\u76f8\u7ed3\u5408\uff08\u571f\u58e4\u3001\u6c14\u5019\u3001\u54c1\u79cd\u4e0e\u683d\u57f9\u7b56\u7565\uff09\u3002<\/p><\/li><\/ul>\t\t\t\t\t\t\t\t<\/div>\n\t\t\t\t<\/div>\n\t\t\t\t<\/div>\n\t\t\t\t\t<\/div>\n\t\t\t\t<\/div>\n\t\t<div class=\"elementor-element elementor-element-45af55a e-flex e-con-boxed e-con e-parent\" data-id=\"45af55a\" data-element_type=\"container\" data-e-type=\"container\">\n\t\t\t\t\t<div class=\"e-con-inner\">\n\t\t\t\t<div class=\"elementor-element elementor-element-fdcdad8 elementor-headline--style-highlight elementor-widget elementor-widget-animated-headline\" data-id=\"fdcdad8\" data-element_type=\"widget\" data-e-type=\"widget\" data-settings=\"{&quot;marker&quot;:&quot;underline_zigzag&quot;,&quot;highlighted_text&quot;:&quot;\\u6e05\\u6670\\u7684\\u5efa\\u8bae\\uff0c &quot;,&quot;headline_style&quot;:&quot;highlight&quot;,&quot;loop&quot;:&quot;yes&quot;,&quot;highlight_animation_duration&quot;:1200,&quot;highlight_iteration_delay&quot;:8000}\" data-widget_type=\"animated-headline.default\">\n\t\t\t\t<div class=\"elementor-widget-container\">\n\t\t\t\t\t\t\t<h4 class=\"elementor-headline\">\n\t\t\t\t\t<span class=\"elementor-headline-plain-text elementor-headline-text-wrapper\">\u201c\u76ee\u6807\u4e0d\u662f\u79ef\u7d2f\u6570\u636e\uff1a\u800c\u662f\u5c06\u8fd9\u4e9b\u9a8c\u8bc1\u8f6c\u5316\u4e3a <\/span>\n\t\t\t\t<span class=\"elementor-headline-dynamic-wrapper elementor-headline-text-wrapper\">\n\t\t\t\t\t<span class=\"elementor-headline-dynamic-text elementor-headline-text-active\">\u6e05\u6670\u7684\u5efa\u8bae\uff0c <\/span>\n\t\t\t\t<\/span>\n\t\t\t\t\t<span class=\"elementor-headline-plain-text elementor-headline-text-wrapper\">\u53ef\u5728\u7530\u95f4\u5e94\u7528\u5e76\u53ef\u91cd\u590d\u3002\u201d<\/span>\n\t\t\t\t\t<\/h4>\n\t\t\t\t\t\t<\/div>\n\t\t\t\t<\/div>\n\t\t<div class=\"elementor-element elementor-element-78fb924 e-con-full e-flex e-con e-child\" data-id=\"78fb924\" data-element_type=\"container\" data-e-type=\"container\">\n\t\t\t\t<div class=\"elementor-element elementor-element-f2bb6aa elementor-widget elementor-widget-text-editor\" data-id=\"f2bb6aa\" data-element_type=\"widget\" data-e-type=\"widget\" data-widget_type=\"text-editor.default\">\n\t\t\t\t<div class=\"elementor-widget-container\">\n\t\t\t\t\t\t\t\t\t<h4><b>\u6211\u4eec\u5411\u5ba2\u6237\u4ea4\u4ed8\u4ec0\u4e48<\/b><\/h4><p class=\"p1\">\u6211\u4eec\u7684\u652f\u6301\u65e8\u5728\u8ba9\u60a8\u80fd\u591f\u6e05\u6670\u5730<span class=\"s1\"><b>\u5e94\u7528\u3001\u6d4b\u91cf\u5e76\u4f18\u5316<\/b><\/span>\uff1a<\/p><ul><li><p class=\"p1\">\u6309\u4f5c\u7269\u4e0e\u7269\u5019\u9636\u6bb5\u63d0\u4f9b<span class=\"s1\"><b>\u6280\u672f\u5efa\u8bae<\/b><\/span>\u3002<\/p><\/li><li><p class=\"p1\"><span class=\"s1\"><b>\u65bd\u7528\u65b9\u6848<\/b><\/span>\uff08\u7528\u91cf\u3001\u65f6\u673a\u3001\u65bd\u7528\u6b21\u6570\u3001\u4ee5\u53ca\u9002\u7528\u65f6\u7684\u6df7\u914d\/\u76f8\u5bb9\u6027\uff09\u3002<\/p><\/li><li><p class=\"p1\"><span class=\"s1\"><b>\u8ddf\u8e2a\u8ba1\u5212\uff1a<\/b><\/span>\u89c2\u5bdf\u4ec0\u4e48\u3001\u4f55\u65f6\u89c2\u5bdf\u4ee5\u53ca\u5982\u4f55\u8bc4\u4f30\u54cd\u5e94\u3002<\/p><\/li><li><p class=\"p1\"><span class=\"s1\"><b>\u5b63\u5185\u8c03\u6574\uff1a<\/b><\/span>\u6839\u636e\u6c14\u5019\u3001\u571f\u58e4\u4e0e\u7ba1\u7406\u4f18\u5316\u7b56\u7565\u3002<\/p><\/li><li><p class=\"p1\"><span class=\"s1\"><b>\u652f\u6301\u6027\u6587\u6863\uff1a<\/b><\/span>\u6280\u672f\u8d44\u6599\u3001\u5b89\u5168\u6570\u636e\u8868\u4e0e\u4f7f\u7528\u6307\u5357\uff08\u89c6\u4ea7\u54c1\u4e0e\u56fd\u5bb6\u800c\u5b9a\uff09\u3002<\/p><\/li><\/ul><h4> <\/h4><h4><b>\u6211\u4eec\u5982\u4f55\u4e0e\u60a8\u5408\u4f5c<\/b><\/h4><ul><li><p class=\"p1\"><span class=\"s1\"><b>\u521d\u59cb\u8bca\u65ad<\/b><\/span>\uff08\u4f5c\u7269\u3001\u76ee\u6807\u3001\u5386\u53f2\u4e0e\u6761\u4ef6\uff09\u3002<\/p><\/li><li><p class=\"p1\"><span class=\"s1\"><b>\u65b9\u6848\u5efa\u8bae<\/b><\/span>\uff08\u4ea7\u54c1 + \u65bd\u7528\u65b9\u6848 + \u6210\u529f\u6807\u51c6\uff09\u3002<\/p><\/li><li><p class=\"p1\"><span class=\"s1\"><b>\u5168\u7a0b\u966a\u4f34<\/b><\/span>\uff08\u6839\u636e\u9700\u8981\u8fdb\u884c\u62dc\u8bbf\u3001\u7535\u8bdd\u6216 WhatsApp \u6c9f\u901a\uff09\u3002<\/p><\/li><li><p class=\"p1\"><span class=\"s1\"><b>\u7ed3\u9879\u4e0e\u7ed3\u8bba<\/b><\/span>\uff08\u54ea\u4e9b\u6709\u6548\u3001\u9700\u8981\u8c03\u6574\u4ec0\u4e48\u4ee5\u53ca\u540e\u7eed\u6b65\u9aa4\uff09\u3002<\/p><\/li><\/ul><h3> <\/h3><h4><b>\u91cd\u8981\u63d0\u793a<\/b><\/h4><p class=\"p1\">\u7ed3\u679c\u53ef\u80fd\u56e0<span class=\"s1\"><b>\u6c14\u5019\u3001\u571f\u58e4\u3001\u54c1\u79cd\u3001\u75c5\u866b\u5bb3\u538b\u529b<\/b><\/span>\u53ca\u519c\u827a\u7ba1\u7406\u800c\u6709\u6240\u5dee\u5f02\u3002\u56e0\u6b64\uff0c\u6211\u4eec\u4f18\u5148\u91cd\u89c6<span class=\"s1\"><b>\u672c\u5730\u5316\u9002\u914d<\/b><\/span>\u4e0e\u6280\u672f\u8ddf\u8e2a\uff0c\u4ee5\u83b7\u5f97\u66f4\u4e00\u81f4\u7684\u7ed3\u679c\u3002 <\/p>\t\t\t\t\t\t\t\t<\/div>\n\t\t\t\t<\/div>\n\t\t\t\t<\/div>\n\t\t\t\t\t<\/div>\n\t\t\t\t<\/div>\n\t\t\t\t<\/div>\n\t\t","protected":false},"excerpt":{"rendered":"<p>\u57fa\u4e8e\u6570\u636e\u7684\u519c\u827a\u51b3\u7b56 \u5728Agrolac Andina\uff0c\u6211\u4eec\u4e0d\u51ed\u76f4\u89c9\u63d0\u51fa\u5efa\u8bae\uff1a\u6211\u4eec\u901a\u8fc7\u8bd5\u9a8c\u4e0e\u6280\u672f\u966a\u4f34\u9a8c\u8bc1\u5e76\u8c03\u6574\u6bcf\u4e00 [&hellip;]<\/p>\n","protected":false},"author":2,"featured_media":5067,"parent":0,"menu_order":0,"comment_status":"closed","ping_status":"closed","template":"","meta":{"_acf_changed":false,"footnotes":""},"class_list":["post-7442","page","type-page","status-publish","has-post-thumbnail","hentry"],"acf":[],"yoast_head":"<!-- This site is optimized with the Yoast SEO plugin v27.2 - https:\/\/yoast.com\/product\/yoast-seo-wordpress\/ -->\n<title>\u6280\u672f\u652f\u6301\u4e0e\u8bd5\u9a8c - Agrolac<\/title>\n<meta name=\"description\" content=\"\u4e86\u89e3\u6211\u4eec\u5982\u4f55\u901a\u8fc7\u7530\u95f4\u4e0e\u6e29\u5ba4\u8bd5\u9a8c\u9a8c\u8bc1\u6211\u4eec\u7684\u5efa\u8bae\uff0c\u4ee5\u53ca\u6211\u4eec\u4ea4\u4ed8\u7684\u5185\u5bb9\uff1a\u6309\u4f5c\u7269\u4e0e\u751f\u80b2\u9636\u6bb5\u7684\u65bd\u7528\u65b9\u6848\u3001\u8ddf\u8e2a\u8ba1\u5212\u3001\u5b63\u5185\u8c03\u6574\u4e0e\u6280\u672f\u6587\u6863\uff0c\u4ee5\u5b9e\u73b0\u4e00\u81f4\u7684\u7ed3\u679c\u3002\" \/>\n<meta name=\"robots\" content=\"index, follow, max-snippet:-1, max-image-preview:large, max-video-preview:-1\" \/>\n<link rel=\"canonical\" href=\"https:\/\/colombia.agrolac.com\/zh-hans\/technical-support-and-testing\/\" \/>\n<meta property=\"og:locale\" content=\"zh_CN\" \/>\n<meta property=\"og:type\" content=\"article\" \/>\n<meta property=\"og:title\" content=\"\u6280\u672f\u652f\u6301\u4e0e\u8bd5\u9a8c - Agrolac\" \/>\n<meta property=\"og:description\" content=\"\u4e86\u89e3\u6211\u4eec\u5982\u4f55\u901a\u8fc7\u7530\u95f4\u4e0e\u6e29\u5ba4\u8bd5\u9a8c\u9a8c\u8bc1\u6211\u4eec\u7684\u5efa\u8bae\uff0c\u4ee5\u53ca\u6211\u4eec\u4ea4\u4ed8\u7684\u5185\u5bb9\uff1a\u6309\u4f5c\u7269\u4e0e\u751f\u80b2\u9636\u6bb5\u7684\u65bd\u7528\u65b9\u6848\u3001\u8ddf\u8e2a\u8ba1\u5212\u3001\u5b63\u5185\u8c03\u6574\u4e0e\u6280\u672f\u6587\u6863\uff0c\u4ee5\u5b9e\u73b0\u4e00\u81f4\u7684\u7ed3\u679c\u3002\" \/>\n<meta property=\"og:url\" content=\"https:\/\/colombia.agrolac.com\/zh-hans\/technical-support-and-testing\/\" \/>\n<meta property=\"og:site_name\" content=\"Agrolac\" \/>\n<meta property=\"article:modified_time\" content=\"2026-03-19T07:28:39+00:00\" \/>\n<meta property=\"og:image\" content=\"https:\/\/colombia.agrolac.com\/wp-content\/uploads\/2025\/12\/saludvegetal.jpg\" \/>\n\t<meta property=\"og:image:width\" content=\"660\" \/>\n\t<meta property=\"og:image:height\" content=\"540\" \/>\n\t<meta property=\"og:image:type\" content=\"image\/jpeg\" \/>\n<meta name=\"twitter:card\" content=\"summary_large_image\" \/>\n<script type=\"application\/ld+json\" class=\"yoast-schema-graph\">{\"@context\":\"https:\/\/schema.org\",\"@graph\":[{\"@type\":\"WebPage\",\"@id\":\"https:\/\/colombia.agrolac.com\/zh-hans\/technical-support-and-testing\/\",\"url\":\"https:\/\/colombia.agrolac.com\/zh-hans\/technical-support-and-testing\/\",\"name\":\"\u6280\u672f\u652f\u6301\u4e0e\u8bd5\u9a8c - Agrolac\",\"isPartOf\":{\"@id\":\"https:\/\/colombia.agrolac.com\/zh-hans\/#website\"},\"primaryImageOfPage\":{\"@id\":\"https:\/\/colombia.agrolac.com\/zh-hans\/technical-support-and-testing\/#primaryimage\"},\"image\":{\"@id\":\"https:\/\/colombia.agrolac.com\/zh-hans\/technical-support-and-testing\/#primaryimage\"},\"thumbnailUrl\":\"https:\/\/colombia.agrolac.com\/wp-content\/uploads\/2025\/12\/saludvegetal.jpg\",\"datePublished\":\"2026-01-12T16:40:08+00:00\",\"dateModified\":\"2026-03-19T07:28:39+00:00\",\"description\":\"\u4e86\u89e3\u6211\u4eec\u5982\u4f55\u901a\u8fc7\u7530\u95f4\u4e0e\u6e29\u5ba4\u8bd5\u9a8c\u9a8c\u8bc1\u6211\u4eec\u7684\u5efa\u8bae\uff0c\u4ee5\u53ca\u6211\u4eec\u4ea4\u4ed8\u7684\u5185\u5bb9\uff1a\u6309\u4f5c\u7269\u4e0e\u751f\u80b2\u9636\u6bb5\u7684\u65bd\u7528\u65b9\u6848\u3001\u8ddf\u8e2a\u8ba1\u5212\u3001\u5b63\u5185\u8c03\u6574\u4e0e\u6280\u672f\u6587\u6863\uff0c\u4ee5\u5b9e\u73b0\u4e00\u81f4\u7684\u7ed3\u679c\u3002\",\"breadcrumb\":{\"@id\":\"https:\/\/colombia.agrolac.com\/zh-hans\/technical-support-and-testing\/#breadcrumb\"},\"inLanguage\":\"zh-Hans\",\"potentialAction\":[{\"@type\":\"ReadAction\",\"target\":[\"https:\/\/colombia.agrolac.com\/zh-hans\/technical-support-and-testing\/\"]}]},{\"@type\":\"ImageObject\",\"inLanguage\":\"zh-Hans\",\"@id\":\"https:\/\/colombia.agrolac.com\/zh-hans\/technical-support-and-testing\/#primaryimage\",\"url\":\"https:\/\/colombia.agrolac.com\/wp-content\/uploads\/2025\/12\/saludvegetal.jpg\",\"contentUrl\":\"https:\/\/colombia.agrolac.com\/wp-content\/uploads\/2025\/12\/saludvegetal.jpg\",\"width\":660,\"height\":540},{\"@type\":\"BreadcrumbList\",\"@id\":\"https:\/\/colombia.agrolac.com\/zh-hans\/technical-support-and-testing\/#breadcrumb\",\"itemListElement\":[{\"@type\":\"ListItem\",\"position\":1,\"name\":\"\u9996\u9875\",\"item\":\"https:\/\/colombia.agrolac.com\/zh-hans\/home\/\"},{\"@type\":\"ListItem\",\"position\":2,\"name\":\"\u6280\u672f\u652f\u6301\u4e0e\u8bd5\u9a8c\"}]},{\"@type\":\"WebSite\",\"@id\":\"https:\/\/colombia.agrolac.com\/zh-hans\/#website\",\"url\":\"https:\/\/colombia.agrolac.com\/zh-hans\/\",\"name\":\"VICORQUIMIA\",\"description\":\"Agrolac \u00e9s una empresa de Barcelona, fundada el 1982, especialitzada en distribuci\u00f3 de productes agroqu\u00edmics per a l&#039;agricultura europea.\",\"publisher\":{\"@id\":\"https:\/\/colombia.agrolac.com\/zh-hans\/#organization\"},\"potentialAction\":[{\"@type\":\"SearchAction\",\"target\":{\"@type\":\"EntryPoint\",\"urlTemplate\":\"https:\/\/colombia.agrolac.com\/zh-hans\/?s={search_term_string}\"},\"query-input\":{\"@type\":\"PropertyValueSpecification\",\"valueRequired\":true,\"valueName\":\"search_term_string\"}}],\"inLanguage\":\"zh-Hans\"},{\"@type\":\"Organization\",\"@id\":\"https:\/\/colombia.agrolac.com\/zh-hans\/#organization\",\"name\":\"VICORQUIMIA\",\"url\":\"https:\/\/colombia.agrolac.com\/zh-hans\/\",\"logo\":{\"@type\":\"ImageObject\",\"inLanguage\":\"zh-Hans\",\"@id\":\"https:\/\/colombia.agrolac.com\/zh-hans\/#\/schema\/logo\/image\/\",\"url\":\"https:\/\/colombia.agrolac.com\/wp-content\/uploads\/2025\/10\/agrolac-logo.svg\",\"contentUrl\":\"https:\/\/colombia.agrolac.com\/wp-content\/uploads\/2025\/10\/agrolac-logo.svg\",\"caption\":\"VICORQUIMIA\"},\"image\":{\"@id\":\"https:\/\/colombia.agrolac.com\/zh-hans\/#\/schema\/logo\/image\/\"},\"sameAs\":[\"https:\/\/www.linkedin.com\/company\/vicorquimia\/\"]}]}<\/script>\n<!-- \/ Yoast SEO plugin. -->","yoast_head_json":{"title":"\u6280\u672f\u652f\u6301\u4e0e\u8bd5\u9a8c - Agrolac","description":"\u4e86\u89e3\u6211\u4eec\u5982\u4f55\u901a\u8fc7\u7530\u95f4\u4e0e\u6e29\u5ba4\u8bd5\u9a8c\u9a8c\u8bc1\u6211\u4eec\u7684\u5efa\u8bae\uff0c\u4ee5\u53ca\u6211\u4eec\u4ea4\u4ed8\u7684\u5185\u5bb9\uff1a\u6309\u4f5c\u7269\u4e0e\u751f\u80b2\u9636\u6bb5\u7684\u65bd\u7528\u65b9\u6848\u3001\u8ddf\u8e2a\u8ba1\u5212\u3001\u5b63\u5185\u8c03\u6574\u4e0e\u6280\u672f\u6587\u6863\uff0c\u4ee5\u5b9e\u73b0\u4e00\u81f4\u7684\u7ed3\u679c\u3002","robots":{"index":"index","follow":"follow","max-snippet":"max-snippet:-1","max-image-preview":"max-image-preview:large","max-video-preview":"max-video-preview:-1"},"canonical":"https:\/\/colombia.agrolac.com\/zh-hans\/technical-support-and-testing\/","og_locale":"zh_CN","og_type":"article","og_title":"\u6280\u672f\u652f\u6301\u4e0e\u8bd5\u9a8c - Agrolac","og_description":"\u4e86\u89e3\u6211\u4eec\u5982\u4f55\u901a\u8fc7\u7530\u95f4\u4e0e\u6e29\u5ba4\u8bd5\u9a8c\u9a8c\u8bc1\u6211\u4eec\u7684\u5efa\u8bae\uff0c\u4ee5\u53ca\u6211\u4eec\u4ea4\u4ed8\u7684\u5185\u5bb9\uff1a\u6309\u4f5c\u7269\u4e0e\u751f\u80b2\u9636\u6bb5\u7684\u65bd\u7528\u65b9\u6848\u3001\u8ddf\u8e2a\u8ba1\u5212\u3001\u5b63\u5185\u8c03\u6574\u4e0e\u6280\u672f\u6587\u6863\uff0c\u4ee5\u5b9e\u73b0\u4e00\u81f4\u7684\u7ed3\u679c\u3002","og_url":"https:\/\/colombia.agrolac.com\/zh-hans\/technical-support-and-testing\/","og_site_name":"Agrolac","article_modified_time":"2026-03-19T07:28:39+00:00","og_image":[{"width":660,"height":540,"url":"https:\/\/colombia.agrolac.com\/wp-content\/uploads\/2025\/12\/saludvegetal.jpg","type":"image\/jpeg"}],"twitter_card":"summary_large_image","schema":{"@context":"https:\/\/schema.org","@graph":[{"@type":"WebPage","@id":"https:\/\/colombia.agrolac.com\/zh-hans\/technical-support-and-testing\/","url":"https:\/\/colombia.agrolac.com\/zh-hans\/technical-support-and-testing\/","name":"\u6280\u672f\u652f\u6301\u4e0e\u8bd5\u9a8c - Agrolac","isPartOf":{"@id":"https:\/\/colombia.agrolac.com\/zh-hans\/#website"},"primaryImageOfPage":{"@id":"https:\/\/colombia.agrolac.com\/zh-hans\/technical-support-and-testing\/#primaryimage"},"image":{"@id":"https:\/\/colombia.agrolac.com\/zh-hans\/technical-support-and-testing\/#primaryimage"},"thumbnailUrl":"https:\/\/colombia.agrolac.com\/wp-content\/uploads\/2025\/12\/saludvegetal.jpg","datePublished":"2026-01-12T16:40:08+00:00","dateModified":"2026-03-19T07:28:39+00:00","description":"\u4e86\u89e3\u6211\u4eec\u5982\u4f55\u901a\u8fc7\u7530\u95f4\u4e0e\u6e29\u5ba4\u8bd5\u9a8c\u9a8c\u8bc1\u6211\u4eec\u7684\u5efa\u8bae\uff0c\u4ee5\u53ca\u6211\u4eec\u4ea4\u4ed8\u7684\u5185\u5bb9\uff1a\u6309\u4f5c\u7269\u4e0e\u751f\u80b2\u9636\u6bb5\u7684\u65bd\u7528\u65b9\u6848\u3001\u8ddf\u8e2a\u8ba1\u5212\u3001\u5b63\u5185\u8c03\u6574\u4e0e\u6280\u672f\u6587\u6863\uff0c\u4ee5\u5b9e\u73b0\u4e00\u81f4\u7684\u7ed3\u679c\u3002","breadcrumb":{"@id":"https:\/\/colombia.agrolac.com\/zh-hans\/technical-support-and-testing\/#breadcrumb"},"inLanguage":"zh-Hans","potentialAction":[{"@type":"ReadAction","target":["https:\/\/colombia.agrolac.com\/zh-hans\/technical-support-and-testing\/"]}]},{"@type":"ImageObject","inLanguage":"zh-Hans","@id":"https:\/\/colombia.agrolac.com\/zh-hans\/technical-support-and-testing\/#primaryimage","url":"https:\/\/colombia.agrolac.com\/wp-content\/uploads\/2025\/12\/saludvegetal.jpg","contentUrl":"https:\/\/colombia.agrolac.com\/wp-content\/uploads\/2025\/12\/saludvegetal.jpg","width":660,"height":540},{"@type":"BreadcrumbList","@id":"https:\/\/colombia.agrolac.com\/zh-hans\/technical-support-and-testing\/#breadcrumb","itemListElement":[{"@type":"ListItem","position":1,"name":"\u9996\u9875","item":"https:\/\/colombia.agrolac.com\/zh-hans\/home\/"},{"@type":"ListItem","position":2,"name":"\u6280\u672f\u652f\u6301\u4e0e\u8bd5\u9a8c"}]},{"@type":"WebSite","@id":"https:\/\/colombia.agrolac.com\/zh-hans\/#website","url":"https:\/\/colombia.agrolac.com\/zh-hans\/","name":"VICORQUIMIA","description":"Agrolac \u00e9s una empresa de Barcelona, fundada el 1982, especialitzada en distribuci\u00f3 de productes agroqu\u00edmics per a l&#039;agricultura europea.","publisher":{"@id":"https:\/\/colombia.agrolac.com\/zh-hans\/#organization"},"potentialAction":[{"@type":"SearchAction","target":{"@type":"EntryPoint","urlTemplate":"https:\/\/colombia.agrolac.com\/zh-hans\/?s={search_term_string}"},"query-input":{"@type":"PropertyValueSpecification","valueRequired":true,"valueName":"search_term_string"}}],"inLanguage":"zh-Hans"},{"@type":"Organization","@id":"https:\/\/colombia.agrolac.com\/zh-hans\/#organization","name":"VICORQUIMIA","url":"https:\/\/colombia.agrolac.com\/zh-hans\/","logo":{"@type":"ImageObject","inLanguage":"zh-Hans","@id":"https:\/\/colombia.agrolac.com\/zh-hans\/#\/schema\/logo\/image\/","url":"https:\/\/colombia.agrolac.com\/wp-content\/uploads\/2025\/10\/agrolac-logo.svg","contentUrl":"https:\/\/colombia.agrolac.com\/wp-content\/uploads\/2025\/10\/agrolac-logo.svg","caption":"VICORQUIMIA"},"image":{"@id":"https:\/\/colombia.agrolac.com\/zh-hans\/#\/schema\/logo\/image\/"},"sameAs":["https:\/\/www.linkedin.com\/company\/vicorquimia\/"]}]}},"_links":{"self":[{"href":"https:\/\/colombia.agrolac.com\/zh-hans\/wp-json\/wp\/v2\/pages\/7442","targetHints":{"allow":["GET"]}}],"collection":[{"href":"https:\/\/colombia.agrolac.com\/zh-hans\/wp-json\/wp\/v2\/pages"}],"about":[{"href":"https:\/\/colombia.agrolac.com\/zh-hans\/wp-json\/wp\/v2\/types\/page"}],"author":[{"embeddable":true,"href":"https:\/\/colombia.agrolac.com\/zh-hans\/wp-json\/wp\/v2\/users\/2"}],"replies":[{"embeddable":true,"href":"https:\/\/colombia.agrolac.com\/zh-hans\/wp-json\/wp\/v2\/comments?post=7442"}],"version-history":[{"count":4,"href":"https:\/\/colombia.agrolac.com\/zh-hans\/wp-json\/wp\/v2\/pages\/7442\/revisions"}],"predecessor-version":[{"id":8540,"href":"https:\/\/colombia.agrolac.com\/zh-hans\/wp-json\/wp\/v2\/pages\/7442\/revisions\/8540"}],"wp:featuredmedia":[{"embeddable":true,"href":"https:\/\/colombia.agrolac.com\/zh-hans\/wp-json\/wp\/v2\/media\/5067"}],"wp:attachment":[{"href":"https:\/\/colombia.agrolac.com\/zh-hans\/wp-json\/wp\/v2\/media?parent=7442"}],"curies":[{"name":"wp","href":"https:\/\/api.w.org\/{rel}","templated":true}]}}