{"id":7456,"date":"2026-01-12T17:25:27","date_gmt":"2026-01-12T16:25:27","guid":{"rendered":"http:\/\/colombia.agrolac.com\/%e9%9a%90%e7%a7%81%e6%94%bf%e7%ad%96-co\/"},"modified":"2026-03-19T08:27:42","modified_gmt":"2026-03-19T07:27:42","slug":"privacy-policy","status":"publish","type":"page","link":"https:\/\/colombia.agrolac.com\/zh-hans\/privacy-policy\/","title":{"rendered":"\u9690\u79c1\u653f\u7b56"},"content":{"rendered":"<p class=\"p1\"><b>\u4e2a\u4eba\u6570\u636e\u5904\u7406\u653f\u7b56 \/ \u9690\u79c1\u653f\u7b56<\/b><\/p>\n<p>&nbsp;<\/p>\n<p class=\"p1\"><span class=\"s1\"><b>Agrolac Andina S.A.S.<\/b><\/span> \u2014 https:\/\/colombia.agrolac.com\/<\/p>\n<p>&nbsp;<\/p>\n<p><b>1) \u8d1f\u8d23\u4eba\u8bc6\u522b\u4fe1\u606f<\/b><\/p>\n<p class=\"p1\"><span class=\"s1\"><b>\u516c\u53f8\u540d\u79f0\uff1a<\/b><\/span> Agrolac Andina S.A.S.<\/p>\n<p class=\"p1\"><span class=\"s1\"><b>NIT\uff1a<\/b><\/span> 9006039465<\/p>\n<p class=\"p1\"><span class=\"s1\"><b>\u6ce8\u518c\u5730\u5740\uff1a<\/b><\/span> Cr 11 # 86 &#8211; 32, Of 302, Bogot\u00e1 D.C., Colombia<\/p>\n<p class=\"p4\"><b>\u90ae\u7bb1\uff1a<\/b> <b>compliance_colombia@agrolac.com<\/b><b><\/b><\/p>\n<p class=\"p1\"><span class=\"s1\"><b>\u7535\u8bdd\uff1a<\/b><\/span> 6017021270<\/p>\n<p class=\"p1\">Agrolac Andina S.A.S.\uff08\u4ee5\u4e0b\u7b80\u79f0\u201cAgrolac Andina\u201d\uff09\u4e3a\u901a\u8fc7\u672c\u7f51\u7ad9\u53ca\u76f8\u5173\u6e20\u9053\u6536\u96c6\u7684\u4e2a\u4eba\u6570\u636e\u7684<span class=\"s1\"><b>\u6570\u636e\u5904\u7406\u8d1f\u8d23\u4eba<\/b><\/span>\u3002<\/p>\n<p class=\"p1\">\u672c\u653f\u7b56\u53d7\u54e5\u4f26\u6bd4\u4e9a\u4e2a\u4eba\u6570\u636e\u4fdd\u62a4\u6cd5\u89c4\u7ba1\u8f96\uff0c\u5c24\u5176\u662f<span class=\"s1\"><b>2012 \u5e74\u7b2c 1581 \u53f7\u6cd5\u5f8b<\/b><\/span>\u53ca<span class=\"s1\"><b>2013 \u5e74\u7b2c 1377 \u53f7\u6cd5\u4ee4<\/b><\/span>\u3002<\/p>\n<p>&nbsp;<\/p>\n<hr>\n<p>&nbsp;<\/p>\n<p><b>2) \u6211\u4eec\u6536\u96c6\u54ea\u4e9b\u6570\u636e\uff1f<\/b><\/p>\n<p class=\"p1\">\u6839\u636e\u60a8\u4e0e\u7f51\u7ad9\u7684\u4e92\u52a8\u60c5\u51b5\uff0c\u6211\u4eec\u53ef\u80fd\u6536\u96c6\uff1a<\/p>\n<ul>\n<li>\n<p class=\"p1\"><span class=\"s1\"><b>\u8054\u7cfb\u4e0e\u8eab\u4efd\u8bc6\u522b\u6570\u636e\uff1a<\/b><\/span>\u59d3\u540d\u3001\u516c\u53f8\u3001\u804c\u52a1\u3001\u7535\u5b50\u90ae\u7bb1\u3001\u7535\u8bdd\u3002<\/p>\n<\/li>\n<li>\n<p class=\"p1\"><span class=\"s1\"><b>\u6280\u672f\u4e0e\u6d4f\u89c8\u6570\u636e\uff1a<\/b><\/span>IP \u5730\u5740\u3001Cookie \u6807\u8bc6\u7b26\u3001\u6d4f\u89c8\u5668\/\u8bbe\u5907\u7c7b\u578b\u3001\u8bbf\u95ee\u9875\u9762\u3001\u505c\u7559\u65f6\u957f\u3001\u6d4f\u89c8\u4e8b\u4ef6\u3002<\/p>\n<\/li>\n<\/ul>\n<p class=\"p1\">\u6211\u4eec\u4e0d\u4f1a\u901a\u8fc7\u672c\u7f51\u7ad9\u6709\u610f\u6536\u96c6<span class=\"s1\"><b>\u654f\u611f\u6570\u636e<\/b><\/span>\u6216<span class=\"s1\"><b>\u672a\u6210\u5e74\u4eba<\/b><\/span>\u7684\u6570\u636e\u3002<\/p>\n<p>&nbsp;<\/p>\n<hr>\n<p>&nbsp;<\/p>\n<p><b>3) \u5904\u7406\u76ee\u7684<\/b><\/p>\n<p class=\"p1\">\u6211\u4eec\u4f7f\u7528\u60a8\u7684\u6570\u636e\u7528\u4e8e\uff1a<\/p>\n<p class=\"p4\"><b>a) \u5904\u7406\u8bf7\u6c42\uff08\u8868\u5355\/\u8054\u7cfb\uff09<\/b><b><\/b><\/p>\n<p class=\"p1\">\u56de\u590d\u54a8\u8be2\u3001\u6280\u672f\u4fe1\u606f\u8bf7\u6c42\u3001B2B \u5546\u52a1\u8054\u7cfb\uff0c\u4ee5\u53ca\u5bf9\u9700\u6c42\u8fdb\u884c\u8ddf\u8fdb\u3002<\/p>\n<p class=\"p4\"><b>b) B2B \u5546\u52a1\u7ba1\u7406\uff08\u7ecf\u60a8\u6388\u6743\u65f6\uff09<\/b><b><\/b><\/p>\n<p class=\"p1\">\u5411\u60a8\u53d1\u9001\u4e0e\u4ea7\u54c1\u7ec4\u5408\u3001\u6280\u672f\u8d44\u6599\u3001\u6700\u65b0\u52a8\u6001\u3001\u6d3b\u52a8\/\u57f9\u8bad\u9080\u8bf7\u53ca\u5546\u52a1\u8ddf\u8fdb\u76f8\u5173\u7684\u4fe1\u606f\u3002<\/p>\n<p class=\"p4\"><b>c) \u7f51\u7ad9\u5206\u6790\u4e0e\u4f18\u5316\uff08Google Analytics\uff09<\/b><b><\/b><\/p>\n<p class=\"p1\">\u8861\u91cf\u7f51\u7ad9\u4f7f\u7528\u60c5\u51b5\uff08\u4f8b\u5982\uff1a\u8bbf\u95ee\u9875\u9762\u3001\u505c\u7559\u65f6\u95f4\u3001\u6d41\u91cf\u6765\u6e90\u3001\u6d4f\u89c8\u4e8b\u4ef6\uff09\uff0c\u4ee5\u6539\u8fdb\u5185\u5bb9\u3001\u7528\u6237\u4f53\u9a8c\u548c\u7f51\u7ad9\u6027\u80fd\u3002<\/p>\n<p class=\"p4\"><b>d) \u7f51\u7ad9\u5b89\u5168\u4e0e\u8fd0\u884c<\/b><b><\/b><\/p>\n<p class=\"p1\">\u4fdd\u62a4\u8868\u5355\u3001\u9632\u6b62\u6ee5\u7528\u5e76\u786e\u4fdd\u7f51\u7ad9\u53ef\u7528\u6027\uff08\u4f8b\u5982\u901a\u8fc7\u53cd\u673a\u5668\u4eba\u5de5\u5177\uff09\u3002<\/p>\n<p>&nbsp;<\/p>\n<hr>\n<p>&nbsp;<\/p>\n<p><b>4) \u6388\u6743\u4e0e\u5904\u7406\u4f9d\u636e<\/b><\/p>\n<p class=\"p1\">\u6cd5\u5f8b\u8981\u6c42\u65f6\uff0cAgrolac Andina \u5c06\u5728\u53d6\u5f97\u60a8<span class=\"s1\"><b>\u4e8b\u5148\u3001\u660e\u786e\u4e14\u77e5\u60c5\u7684\u6388\u6743<\/b><\/span>\u540e\u5904\u7406\u60a8\u7684\u6570\u636e\u3002<\/p>\n<p class=\"p1\">\u5728\u5176\u4ed6\u60c5\u51b5\u4e0b\uff0c\u5904\u7406\u53ef\u80fd\u57fa\u4e8e B2B \u5173\u7cfb\u53ca\u8bf7\u6c42\u5904\u7406\u7684\u76f8\u5173\u76ee\u7684\u800c\u8fdb\u884c\uff0c\u89c6\u5177\u4f53\u60c5\u51b5\u800c\u5b9a\u3002<\/p>\n<p>&nbsp;<\/p>\n<hr>\n<p>&nbsp;<\/p>\n<p><b>5) Cookie \u4e0e\u7c7b\u4f3c\u6280\u672f<\/b><\/p>\n<p class=\"p1\">\u672c\u7f51\u7ad9\u53ef\u80fd\u4f7f\u7528<span class=\"s1\"><b>Cookie \u4e0e\u7c7b\u4f3c\u6280\u672f<\/b><\/span>\u7528\u4e8e\u8fd0\u884c\u3001\u5b89\u5168\u4e0e\u5206\u6790\uff08\u5305\u62ec Google Analytics\uff09\u3002\u60a8\u53ef\u5728<span class=\"s1\"><b>Cookie \u653f\u7b56<\/b><\/span>\u53ca\u8bbe\u7f6e\u9762\u677f\u4e2d\u67e5\u770b\u8be6\u60c5\u5e76\u7ba1\u7406\u504f\u597d\u3002 <\/p>\n<p>&nbsp;<\/p>\n<hr>\n<p>&nbsp;<\/p>\n<p><b>6) \u53d7\u6258\u65b9\u3001\u7b2c\u4e09\u65b9\u4e0e\u56fd\u9645\u4f20\u8f93<\/b><\/p>\n<p class=\"p1\">Agrolac Andina \u53ef\u80fd\u4f9d\u8d56\u6280\u672f\u4f9b\u5e94\u5546\uff08\u4f8b\u5982<span class=\"s1\"><b>\u6258\u7ba1\u670d\u52a1<\/b><\/span>\u3001<span class=\"s1\"><b>Google Analytics<\/b><\/span>\u53ca\u5b89\u5168\u5de5\u5177\uff09\uff0c\u5176\u4f5c\u4e3a<span class=\"s1\"><b>\u6570\u636e\u5904\u7406\u53d7\u6258\u65b9<\/b><\/span>\u5f00\u5c55\u5de5\u4f5c\u3002<\/p>\n<p class=\"p1\">\u4f7f\u7528 Google \u7b49\u670d\u52a1\u65f6\uff0c\u53ef\u80fd\u5b58\u5728<span class=\"s1\"><b>\u6570\u636e\u56fd\u9645\u4f20\u8f93<\/b><\/span>\uff08\u56e0\u57fa\u7840\u8bbe\u65bd\u6240\u5728\u5730\u6216\u7531\u4f9b\u5e94\u5546\u8fdb\u884c\u5904\u7406\uff09\u3002\u5728\u6b64\u60c5\u51b5\u4e0b\uff0cAgrolac Andina \u5c06\u5c3d\u529b\u91c7\u53d6\u5408\u7406\u7684\u5408\u540c\u4e0e\u5b89\u5168\u63aa\u65bd\uff0c\u4ee5\u4f9d\u636e\u9002\u7528\u6cd5\u89c4\u4fdd\u62a4\u4fe1\u606f\u3002 <\/p>\n<hr>\n<p>&nbsp;<\/p>\n<p><b>7) \u4fdd\u5b58\u671f\u9650<\/b><\/p>\n<p class=\"p1\">\u6211\u4eec\u5c06\u4fdd\u5b58\u6570\u636e\uff1a<\/p>\n<ul>\n<li>\n<p class=\"p1\">\u5728\u4e3a\u5b9e\u73b0\u6536\u96c6\u76ee\u7684\u6240\u5fc5\u9700\u7684\u671f\u95f4\u5185\u3002<\/p>\n<\/li>\n<li>\n<p class=\"p1\">\u5728\u4e0e\u60a8\u7684\u8bf7\u6c42\u6216\u5546\u4e1a\u5173\u7cfb\u76f8\u5173\u7684\u8ddf\u8fdb\u4ecd\u5b58\u5728\u671f\u95f4\u5185\u3002<\/p>\n<\/li>\n<li>\n<p class=\"p1\">\u76f4\u81f3\u60a8\u64a4\u56de\u6388\u6743\u6216\u63d0\u51fa\u5220\u9664\u8bf7\u6c42\u4e3a\u6b62\uff0c\u4f46\u6cd5\u5f8b\u4e49\u52a1\u6216\u5408\u6cd5\u4fdd\u5b58\u9700\u8981\uff08\u4f8b\u5982\u670d\u52a1\u652f\u6301\u6750\u6599\uff09\u9664\u5916\u3002<\/p>\n<\/li>\n<\/ul>\n<p>&nbsp;<\/p>\n<hr>\n<p>&nbsp;<\/p>\n<p><b>8) \u6570\u636e\u4e3b\u4f53\u6743\u5229<\/b><\/p>\n<p class=\"p1\">\u4f5c\u4e3a\u4e2a\u4eba\u6570\u636e\u4e3b\u4f53\uff0c\u60a8\u53ef\u4f9d\u6cd5\u884c\u4f7f<span class=\"s1\"><b>\u77e5\u6089\u3001\u66f4\u65b0\u3001\u66f4\u6b63<\/b><\/span>\u7b49\u6743\u5229\uff0c\u7533\u8bf7<span class=\"s1\"><b>\u6388\u6743\u8bc1\u660e<\/b><\/span>\uff0c\u5c31\u60a8\u7684\u6570\u636e\u4f7f\u7528\u60c5\u51b5\u8981\u6c42<span class=\"s1\"><b>\u88ab\u544a\u77e5<\/b><\/span>\uff0c\u5e76\u53ef<span class=\"s1\"><b>\u64a4\u56de\u6388\u6743<\/b><\/span>\u548c\/\u6216\u5728\u9002\u7528\u65f6<span class=\"s1\"><b>\u7533\u8bf7\u5220\u9664<\/b><\/span>\uff0c\u4ee5\u53ca\u4f9d\u636e\u54e5\u4f26\u6bd4\u4e9a\u6cd5\u5f8b\u5411\u4e3b\u7ba1\u673a\u5173<span class=\"s1\"><b>\u63d0\u51fa\u6295\u8bc9<\/b><\/span>\u3002<\/p>\n<p class=\"p4\"><b>\u529e\u7406\u65f6\u9650\uff08Habeas Data\uff09\uff1a<\/b><b><\/b><\/p>\n<ul>\n<li>\n<p class=\"p1\"><span class=\"s1\"><b>\u54a8\u8be2\uff1a<\/b><\/span>\u6700\u957f 10 \u4e2a\u5de5\u4f5c\u65e5\u3002<\/p>\n<\/li>\n<li>\n<p class=\"p1\"><span class=\"s1\"><b>\u7533\u8bc9\uff1a<\/b><\/span>\u6700\u957f 15 \u4e2a\u5de5\u4f5c\u65e5\uff08\u5728\u6cd5\u89c4\u89c4\u5b9a\u60c5\u5f62\u4e0b\u53ef\u5ef6\u957f\uff09\u3002<\/p>\n<\/li>\n<\/ul>\n<hr>\n<p>&nbsp;<\/p>\n<p><b>9) \u5982\u4f55\u884c\u4f7f\u60a8\u7684\u6743\u5229\uff1f<\/b><\/p>\n<p class=\"p1\">\u60a8\u53ef\u5c06\u7533\u8bf7\u53d1\u9001\u81f3\uff1a<\/p>\n<p class=\"p4\"><b>\u90ae\u7bb1\uff1a<\/b> <b>compliance_colombia@agrolac.com<\/b><b><\/b><\/p>\n<p class=\"p1\"><span class=\"s1\"><b>\u5730\u5740\uff1a<\/b><\/span> Cr 11 # 86 &#8211; 32, Of 302, Bogot\u00e1 D.C., Colombia<\/p>\n<p class=\"p1\">\u8bf7\u5305\u542b\uff1a\u59d3\u540d\u4e0e\u8eab\u4efd\u8bc1\u660e\u3001\u6e05\u6670\u7684\u7533\u8bf7\u8bf4\u660e\u3001\u7528\u4e8e\u56de\u590d\u7684\u8054\u7cfb\u65b9\u5f0f\uff0c\u4ee5\u53ca\uff08\u5982\u9002\u7528\uff09\u76f8\u5173\u8bc1\u660e\u6750\u6599\u3002<\/p>\n<p class=\"p1\">\u5982\u60a8\u5bf9\u7b54\u590d\u4e0d\u6ee1\u610f\uff0c\u5728\u9002\u7528\u60c5\u51b5\u4e0b\u5e76\u5728\u5b8c\u6210\u5411 Agrolac Andina \u63d0\u51fa\u7533\u8bf7\u7684\u7a0b\u5e8f\u540e\uff0c\u60a8\u53ef\u5411<span class=\"s1\"><b>\u5de5\u4e1a\u4e0e\u5546\u4e1a\u76d1\u7ba1\u5c40\uff08SIC\uff09<\/b><\/span>\u63d0\u51fa\u7533\u8bc9\u3002<\/p>\n<p>&nbsp;<\/p>\n<hr>\n<p>&nbsp;<\/p>\n<p><b>10) \u5b89\u5168\u63aa\u65bd<\/b><\/p>\n<p class=\"p1\">Agrolac Andina \u91c7\u53d6\u5408\u7406\u7684\u6280\u672f\u3001\u7ba1\u7406\u4e0e\u7ec4\u7ec7\u63aa\u65bd\uff0c\u4fdd\u62a4\u4e2a\u4eba\u6570\u636e\u514d\u906d\u672a\u7ecf\u6388\u6743\u7684\u8bbf\u95ee\u3001\u4e22\u5931\u3001\u6ee5\u7528\u6216\u7be1\u6539\u3002<\/p>\n<p>&nbsp;<\/p>\n<hr>\n<p class=\"p4\"><b>\u6700\u540e\u66f4\u65b0\uff1a<\/b><span class=\"s3\"> 2026 \u5e74 1 \u6708 12 \u65e5<\/span><\/p>\n","protected":false},"excerpt":{"rendered":"<p>\u4e2a\u4eba\u6570\u636e\u5904\u7406\u653f\u7b56 \/ \u9690\u79c1\u653f\u7b56 &nbsp; Agrolac Andina S.A.S. \u2014 https:\/\/ [&hellip;]<\/p>\n","protected":false},"author":2,"featured_media":0,"parent":0,"menu_order":0,"comment_status":"closed","ping_status":"closed","template":"","meta":{"_acf_changed":false,"footnotes":""},"class_list":["post-7456","page","type-page","status-publish","hentry"],"acf":[],"yoast_head":"<!-- This site is optimized with the Yoast SEO plugin v27.2 - https:\/\/yoast.com\/product\/yoast-seo-wordpress\/ -->\n<title>\u9690\u79c1\u653f\u7b56 - Agrolac<\/title>\n<meta name=\"description\" content=\"\u8bf7\u67e5\u9605 AGROLAC ANDINA \u7684\u6570\u636e\u4fdd\u62a4\u653f\u7b56\uff0c\u4e86\u89e3\u60a8\u5728\u9690\u79c1\u3001Cookie \u4f7f\u7528\u53ca\u7f51\u9875\u8868\u5355\u65b9\u9762\u7684\u6743\u5229\u3002\" \/>\n<meta name=\"robots\" content=\"index, follow, max-snippet:-1, max-image-preview:large, max-video-preview:-1\" \/>\n<link rel=\"canonical\" href=\"https:\/\/colombia.agrolac.com\/zh-hans\/privacy-policy\/\" \/>\n<meta property=\"og:locale\" content=\"zh_CN\" \/>\n<meta property=\"og:type\" content=\"article\" \/>\n<meta property=\"og:title\" content=\"\u9690\u79c1\u653f\u7b56 - Agrolac\" \/>\n<meta property=\"og:description\" content=\"\u8bf7\u67e5\u9605 AGROLAC ANDINA \u7684\u6570\u636e\u4fdd\u62a4\u653f\u7b56\uff0c\u4e86\u89e3\u60a8\u5728\u9690\u79c1\u3001Cookie \u4f7f\u7528\u53ca\u7f51\u9875\u8868\u5355\u65b9\u9762\u7684\u6743\u5229\u3002\" \/>\n<meta property=\"og:url\" content=\"https:\/\/colombia.agrolac.com\/zh-hans\/privacy-policy\/\" \/>\n<meta property=\"og:site_name\" content=\"Agrolac\" \/>\n<meta property=\"article:modified_time\" content=\"2026-03-19T07:27:42+00:00\" \/>\n<meta name=\"twitter:card\" content=\"summary_large_image\" \/>\n<script type=\"application\/ld+json\" class=\"yoast-schema-graph\">{\"@context\":\"https:\/\/schema.org\",\"@graph\":[{\"@type\":\"WebPage\",\"@id\":\"https:\/\/colombia.agrolac.com\/zh-hans\/privacy-policy\/\",\"url\":\"https:\/\/colombia.agrolac.com\/zh-hans\/privacy-policy\/\",\"name\":\"\u9690\u79c1\u653f\u7b56 - Agrolac\",\"isPartOf\":{\"@id\":\"https:\/\/colombia.agrolac.com\/zh-hans\/#website\"},\"datePublished\":\"2026-01-12T16:25:27+00:00\",\"dateModified\":\"2026-03-19T07:27:42+00:00\",\"description\":\"\u8bf7\u67e5\u9605 AGROLAC ANDINA \u7684\u6570\u636e\u4fdd\u62a4\u653f\u7b56\uff0c\u4e86\u89e3\u60a8\u5728\u9690\u79c1\u3001Cookie \u4f7f\u7528\u53ca\u7f51\u9875\u8868\u5355\u65b9\u9762\u7684\u6743\u5229\u3002\",\"breadcrumb\":{\"@id\":\"https:\/\/colombia.agrolac.com\/zh-hans\/privacy-policy\/#breadcrumb\"},\"inLanguage\":\"zh-Hans\",\"potentialAction\":[{\"@type\":\"ReadAction\",\"target\":[\"https:\/\/colombia.agrolac.com\/zh-hans\/privacy-policy\/\"]}]},{\"@type\":\"BreadcrumbList\",\"@id\":\"https:\/\/colombia.agrolac.com\/zh-hans\/privacy-policy\/#breadcrumb\",\"itemListElement\":[{\"@type\":\"ListItem\",\"position\":1,\"name\":\"\u9996\u9875\",\"item\":\"https:\/\/colombia.agrolac.com\/zh-hans\/home\/\"},{\"@type\":\"ListItem\",\"position\":2,\"name\":\"\u9690\u79c1\u653f\u7b56\"}]},{\"@type\":\"WebSite\",\"@id\":\"https:\/\/colombia.agrolac.com\/zh-hans\/#website\",\"url\":\"https:\/\/colombia.agrolac.com\/zh-hans\/\",\"name\":\"VICORQUIMIA\",\"description\":\"Agrolac \u00e9s una empresa de Barcelona, fundada el 1982, especialitzada en distribuci\u00f3 de productes agroqu\u00edmics per a l&#039;agricultura europea.\",\"publisher\":{\"@id\":\"https:\/\/colombia.agrolac.com\/zh-hans\/#organization\"},\"potentialAction\":[{\"@type\":\"SearchAction\",\"target\":{\"@type\":\"EntryPoint\",\"urlTemplate\":\"https:\/\/colombia.agrolac.com\/zh-hans\/?s={search_term_string}\"},\"query-input\":{\"@type\":\"PropertyValueSpecification\",\"valueRequired\":true,\"valueName\":\"search_term_string\"}}],\"inLanguage\":\"zh-Hans\"},{\"@type\":\"Organization\",\"@id\":\"https:\/\/colombia.agrolac.com\/zh-hans\/#organization\",\"name\":\"VICORQUIMIA\",\"url\":\"https:\/\/colombia.agrolac.com\/zh-hans\/\",\"logo\":{\"@type\":\"ImageObject\",\"inLanguage\":\"zh-Hans\",\"@id\":\"https:\/\/colombia.agrolac.com\/zh-hans\/#\/schema\/logo\/image\/\",\"url\":\"https:\/\/colombia.agrolac.com\/wp-content\/uploads\/2025\/10\/agrolac-logo.svg\",\"contentUrl\":\"https:\/\/colombia.agrolac.com\/wp-content\/uploads\/2025\/10\/agrolac-logo.svg\",\"caption\":\"VICORQUIMIA\"},\"image\":{\"@id\":\"https:\/\/colombia.agrolac.com\/zh-hans\/#\/schema\/logo\/image\/\"},\"sameAs\":[\"https:\/\/www.linkedin.com\/company\/vicorquimia\/\"]}]}<\/script>\n<!-- \/ Yoast SEO plugin. -->","yoast_head_json":{"title":"\u9690\u79c1\u653f\u7b56 - Agrolac","description":"\u8bf7\u67e5\u9605 AGROLAC ANDINA \u7684\u6570\u636e\u4fdd\u62a4\u653f\u7b56\uff0c\u4e86\u89e3\u60a8\u5728\u9690\u79c1\u3001Cookie \u4f7f\u7528\u53ca\u7f51\u9875\u8868\u5355\u65b9\u9762\u7684\u6743\u5229\u3002","robots":{"index":"index","follow":"follow","max-snippet":"max-snippet:-1","max-image-preview":"max-image-preview:large","max-video-preview":"max-video-preview:-1"},"canonical":"https:\/\/colombia.agrolac.com\/zh-hans\/privacy-policy\/","og_locale":"zh_CN","og_type":"article","og_title":"\u9690\u79c1\u653f\u7b56 - Agrolac","og_description":"\u8bf7\u67e5\u9605 AGROLAC ANDINA \u7684\u6570\u636e\u4fdd\u62a4\u653f\u7b56\uff0c\u4e86\u89e3\u60a8\u5728\u9690\u79c1\u3001Cookie \u4f7f\u7528\u53ca\u7f51\u9875\u8868\u5355\u65b9\u9762\u7684\u6743\u5229\u3002","og_url":"https:\/\/colombia.agrolac.com\/zh-hans\/privacy-policy\/","og_site_name":"Agrolac","article_modified_time":"2026-03-19T07:27:42+00:00","twitter_card":"summary_large_image","schema":{"@context":"https:\/\/schema.org","@graph":[{"@type":"WebPage","@id":"https:\/\/colombia.agrolac.com\/zh-hans\/privacy-policy\/","url":"https:\/\/colombia.agrolac.com\/zh-hans\/privacy-policy\/","name":"\u9690\u79c1\u653f\u7b56 - Agrolac","isPartOf":{"@id":"https:\/\/colombia.agrolac.com\/zh-hans\/#website"},"datePublished":"2026-01-12T16:25:27+00:00","dateModified":"2026-03-19T07:27:42+00:00","description":"\u8bf7\u67e5\u9605 AGROLAC ANDINA \u7684\u6570\u636e\u4fdd\u62a4\u653f\u7b56\uff0c\u4e86\u89e3\u60a8\u5728\u9690\u79c1\u3001Cookie \u4f7f\u7528\u53ca\u7f51\u9875\u8868\u5355\u65b9\u9762\u7684\u6743\u5229\u3002","breadcrumb":{"@id":"https:\/\/colombia.agrolac.com\/zh-hans\/privacy-policy\/#breadcrumb"},"inLanguage":"zh-Hans","potentialAction":[{"@type":"ReadAction","target":["https:\/\/colombia.agrolac.com\/zh-hans\/privacy-policy\/"]}]},{"@type":"BreadcrumbList","@id":"https:\/\/colombia.agrolac.com\/zh-hans\/privacy-policy\/#breadcrumb","itemListElement":[{"@type":"ListItem","position":1,"name":"\u9996\u9875","item":"https:\/\/colombia.agrolac.com\/zh-hans\/home\/"},{"@type":"ListItem","position":2,"name":"\u9690\u79c1\u653f\u7b56"}]},{"@type":"WebSite","@id":"https:\/\/colombia.agrolac.com\/zh-hans\/#website","url":"https:\/\/colombia.agrolac.com\/zh-hans\/","name":"VICORQUIMIA","description":"Agrolac \u00e9s una empresa de Barcelona, fundada el 1982, especialitzada en distribuci\u00f3 de productes agroqu\u00edmics per a l&#039;agricultura europea.","publisher":{"@id":"https:\/\/colombia.agrolac.com\/zh-hans\/#organization"},"potentialAction":[{"@type":"SearchAction","target":{"@type":"EntryPoint","urlTemplate":"https:\/\/colombia.agrolac.com\/zh-hans\/?s={search_term_string}"},"query-input":{"@type":"PropertyValueSpecification","valueRequired":true,"valueName":"search_term_string"}}],"inLanguage":"zh-Hans"},{"@type":"Organization","@id":"https:\/\/colombia.agrolac.com\/zh-hans\/#organization","name":"VICORQUIMIA","url":"https:\/\/colombia.agrolac.com\/zh-hans\/","logo":{"@type":"ImageObject","inLanguage":"zh-Hans","@id":"https:\/\/colombia.agrolac.com\/zh-hans\/#\/schema\/logo\/image\/","url":"https:\/\/colombia.agrolac.com\/wp-content\/uploads\/2025\/10\/agrolac-logo.svg","contentUrl":"https:\/\/colombia.agrolac.com\/wp-content\/uploads\/2025\/10\/agrolac-logo.svg","caption":"VICORQUIMIA"},"image":{"@id":"https:\/\/colombia.agrolac.com\/zh-hans\/#\/schema\/logo\/image\/"},"sameAs":["https:\/\/www.linkedin.com\/company\/vicorquimia\/"]}]}},"_links":{"self":[{"href":"https:\/\/colombia.agrolac.com\/zh-hans\/wp-json\/wp\/v2\/pages\/7456","targetHints":{"allow":["GET"]}}],"collection":[{"href":"https:\/\/colombia.agrolac.com\/zh-hans\/wp-json\/wp\/v2\/pages"}],"about":[{"href":"https:\/\/colombia.agrolac.com\/zh-hans\/wp-json\/wp\/v2\/types\/page"}],"author":[{"embeddable":true,"href":"https:\/\/colombia.agrolac.com\/zh-hans\/wp-json\/wp\/v2\/users\/2"}],"replies":[{"embeddable":true,"href":"https:\/\/colombia.agrolac.com\/zh-hans\/wp-json\/wp\/v2\/comments?post=7456"}],"version-history":[{"count":3,"href":"https:\/\/colombia.agrolac.com\/zh-hans\/wp-json\/wp\/v2\/pages\/7456\/revisions"}],"predecessor-version":[{"id":8535,"href":"https:\/\/colombia.agrolac.com\/zh-hans\/wp-json\/wp\/v2\/pages\/7456\/revisions\/8535"}],"wp:attachment":[{"href":"https:\/\/colombia.agrolac.com\/zh-hans\/wp-json\/wp\/v2\/media?parent=7456"}],"curies":[{"name":"wp","href":"https:\/\/api.w.org\/{rel}","templated":true}]}}