{"id":7481,"date":"2026-01-12T15:24:00","date_gmt":"2026-01-12T14:24:00","guid":{"rendered":"http:\/\/colombia.agrolac.com\/%e8%b4%a8%e9%87%8f%e3%80%81%e7%8e%af%e5%a2%83%e5%92%8c%e5%88%9b%e6%96%b0-co\/"},"modified":"2026-03-19T08:27:21","modified_gmt":"2026-03-19T07:27:21","slug":"quality-environment-and-innovation","status":"publish","type":"page","link":"https:\/\/colombia.agrolac.com\/zh-hans\/quality-environment-and-innovation\/","title":{"rendered":"\u8d28\u91cf\u3001\u73af\u5883\u4e0e\u521b\u65b0"},"content":{"rendered":"\t\t<div data-elementor-type=\"wp-page\" data-elementor-id=\"7481\" class=\"elementor elementor-7481 elementor-6463\" data-elementor-post-type=\"page\">\n\t\t\t\t<div class=\"elementor-element elementor-element-a4173d7 e-flex e-con-boxed e-con e-parent\" data-id=\"a4173d7\" data-element_type=\"container\" data-e-type=\"container\">\n\t\t\t\t\t<div class=\"e-con-inner\">\n\t\t<div class=\"elementor-element elementor-element-5f08896 e-con-full e-flex e-con e-child\" data-id=\"5f08896\" data-element_type=\"container\" data-e-type=\"container\">\n\t\t\t\t<div class=\"elementor-element elementor-element-8de3639 elementor-widget elementor-widget-image\" data-id=\"8de3639\" data-element_type=\"widget\" data-e-type=\"widget\" data-widget_type=\"image.default\">\n\t\t\t\t<div class=\"elementor-widget-container\">\n\t\t\t\t\t\t\t\t\t\t\t\t\t\t\t<img fetchpriority=\"high\" decoding=\"async\" width=\"800\" height=\"534\" src=\"https:\/\/colombia.agrolac.com\/wp-content\/uploads\/2025\/07\/Lab-Girona-005-1024x683.jpg\" class=\"attachment-large size-large wp-image-830\" alt=\"\" srcset=\"https:\/\/colombia.agrolac.com\/wp-content\/uploads\/2025\/07\/Lab-Girona-005-1024x683.jpg 1024w, https:\/\/colombia.agrolac.com\/wp-content\/uploads\/2025\/07\/Lab-Girona-005-300x200.jpg 300w, https:\/\/colombia.agrolac.com\/wp-content\/uploads\/2025\/07\/Lab-Girona-005-768x512.jpg 768w, https:\/\/colombia.agrolac.com\/wp-content\/uploads\/2025\/07\/Lab-Girona-005-1536x1025.jpg 1536w, https:\/\/colombia.agrolac.com\/wp-content\/uploads\/2025\/07\/Lab-Girona-005-2048x1366.jpg 2048w\" sizes=\"(max-width: 800px) 100vw, 800px\" \/>\t\t\t\t\t\t\t\t\t\t\t\t\t\t\t<\/div>\n\t\t\t\t<\/div>\n\t\t\t\t<\/div>\n\t\t<div class=\"elementor-element elementor-element-cb1e526 e-con-full e-flex e-con e-child\" data-id=\"cb1e526\" data-element_type=\"container\" data-e-type=\"container\">\n\t\t\t\t<div class=\"elementor-element elementor-element-eba0cbe elementor-widget__width-initial elementor-widget-tablet__width-initial elementor-widget-mobile__width-initial elementor-widget elementor-widget-text-editor\" data-id=\"eba0cbe\" data-element_type=\"widget\" data-e-type=\"widget\" data-widget_type=\"text-editor.default\">\n\t\t\t\t<div class=\"elementor-widget-container\">\n\t\t\t\t\t\t\t\t\t<p class=\"p1\">\u5728 <strong>Agrolac Andina<\/strong>\uff0c\u6211\u4eec\u81f4\u529b\u4e8e\u8ffd\u6c42\u5353\u8d8a\u3001\u5b89\u5168\u4e0e\u900f\u660e\u3002<strong>\u6211\u4eec\u4ee5\u4e25\u8c28\u7684\u6280\u672f\u548c\u6301\u7eed\u6539\u8fdb\u7684\u6001\u5ea6\u5de5\u4f5c\uff0c\u4ee5\u8fbe\u5230\u884c\u4e1a\u6700\u4f73\u5b9e\u8df5\u7684\u6807\u51c6\u3002<\/strong><\/p><p class=\"p1\">\u4e3a\u4e86\u6700\u5927\u9650\u5ea6\u5730\u63d0\u9ad8\u5ba2\u6237\u6ee1\u610f\u5ea6\uff0c\u6211\u4eec\u91c7\u7528\u7a33\u5065\u7684\u7ba1\u7406\u4f53\u7cfb\u6765\u786e\u4fdd\u6d41\u7a0b\u4e2d\u7684\u8d28\u91cf\u3001\u5b89\u5168\u548c\u53ef\u8ffd\u6eaf\u6027\u3002\u5728\u54e5\u4f26\u6bd4\u4e9a\uff0c\u6211\u4eec\u5e94\u7528\u7b26\u5408 ISO 9001\uff08\u8d28\u91cf\u7ba1\u7406\uff09\u6807\u51c6\u7684\u5de5\u4f5c\u65b9\u6cd5\uff0c\u5e76\u7eb3\u5165 ISO 14001\uff08\u73af\u5883\u7ba1\u7406\uff09\u548c ISO 50001\uff08\u80fd\u6e90\u7ba1\u7406\uff09\u7684\u6807\u51c6\uff0c\u4f5c\u4e3a\u6211\u4eec\u8fd0\u8425\u65b9\u5f0f\u548c\u53ef\u6301\u7eed\u53d1\u5c55\u627f\u8bfa\u7684\u4e00\u90e8\u5206\u3002 <\/p>\t\t\t\t\t\t\t\t<\/div>\n\t\t\t\t<\/div>\n\t\t\t\t<\/div>\n\t\t\t\t\t<\/div>\n\t\t\t\t<\/div>\n\t\t<div class=\"elementor-element elementor-element-d189ab7 e-flex e-con-boxed e-con e-parent\" data-id=\"d189ab7\" data-element_type=\"container\" data-e-type=\"container\">\n\t\t\t\t\t<div class=\"e-con-inner\">\n\t\t\t\t<div class=\"elementor-element elementor-element-6ef3e51 elementor-widget elementor-widget-text-editor\" data-id=\"6ef3e51\" data-element_type=\"widget\" data-e-type=\"widget\" data-widget_type=\"text-editor.default\">\n\t\t\t\t<div class=\"elementor-widget-container\">\n\t\t\t\t\t\t\t\t\t<p class=\"p1\">\u6211\u4eec\u5df2\u5728<em>\u54e5\u4f26\u6bd4\u4e9a\u519c\u7267\u4e1a\u7814\u7a76\u6240<\/em>\uff08<strong>ICA<\/strong>\uff09\u6ce8\u518c\uff0c\u5e76\u9075\u5b88\u9002\u7528\u4e8e\u519c\u4e1a\u6295\u5165\u54c1\u5546\u4e1a\u5316\u548c\u5206\u9500\u7684\u73b0\u884c\u6cd5\u89c4\u3002\u8fd9\u5305\u62ec\u59a5\u5584\u7ba1\u7406\u6280\u672f\u6587\u6863\uff08\u6280\u672f\u8bf4\u660e\u4e66\u548c\u5b89\u5168\u6570\u636e\u8868\uff09\u3001\u826f\u597d\u7684\u50a8\u5b58\u548c\u5904\u7406\u5b9e\u8df5\uff0c\u4ee5\u53ca\u65e8\u5728\u4fdd\u8bc1\u53ef\u9760\u548c\u8d1f\u8d23\u4efb\u4f9b\u5e94\u7684\u5185\u90e8\u63a7\u5236\u3002 <\/p><p class=\"p1\">\u5728\u73af\u5883\u7ba1\u7406\u65b9\u9762\uff0c\u6211\u4eec\u901a\u8fc7\u53c2\u4e0e\u54e5\u4f26\u6bd4\u4e9a\u6388\u6743\u7684\u6d88\u8d39\u540e\u56de\u6536\u8ba1\u5212\uff0c\u4fc3\u8fdb\u5305\u88c5\u548c\u5bb9\u5668\u7684\u8d1f\u8d23\u4efb\u5904\u7f6e\uff0c\u8be5\u8ba1\u5212\u65e8\u5728\u6536\u96c6\u548c\u59a5\u5584\u7ba1\u7406\u519c\u4e1a\u6295\u5165\u54c1\u5305\u88c5\u3002\u901a\u8fc7\u8fd9\u4e00\u4e3e\u63aa\uff0c\u6211\u4eec\u52a0\u5f3a\u4e86\u6574\u4e2a\u4f9b\u5e94\u94fe\u7684\u53ef\u8ffd\u6eaf\u6027\u548c\u5408\u89c4\u6027\u3002 <\/p><p class=\"p1\">\u6b64\u5916\uff0c\u6211\u4eec\u5f97\u5230 <strong><em>International Chemistry Associates<\/em><\/strong>\uff08<a href=\"https:\/\/www.icachemgroup.com\/\"><strong>ICA \u96c6\u56e2<\/strong><\/a>\uff09\u7684\u652f\u6301\uff0c\u8fd9\u662f\u4e00\u5bb6\u6574\u5408\u4e86\u5728\u519c\u4e1a\u9886\u57df\u62e5\u6709\u4e30\u5bcc\u7ecf\u9a8c\u7684\u516c\u53f8\u7684\u56fd\u9645\u63a7\u80a1\u96c6\u56e2\u3002\u8be5\u96c6\u56e2\u7684\u7ecf\u9a8c\u548c\u6280\u672f\u80fd\u529b\u4f7f\u6211\u4eec\u80fd\u591f\u8f6c\u79fb\u65b9\u6cd5\u3001\u6807\u51c6\u548c\u6700\u4f73\u5b9e\u8df5\uff0c\u4ece\u800c\u63d0\u5347\u6211\u4eec\u5728\u54e5\u4f26\u6bd4\u4e9a\u7684\u8fd0\u8425\u6807\u51c6\u3002 <\/p>\t\t\t\t\t\t\t\t<\/div>\n\t\t\t\t<\/div>\n\t\t\t\t\t<\/div>\n\t\t\t\t<\/div>\n\t\t<div class=\"elementor-element elementor-element-4d42e7b e-con-full e-flex e-con e-parent\" data-id=\"4d42e7b\" data-element_type=\"container\" data-e-type=\"container\">\n\t\t\t\t<div class=\"elementor-element elementor-element-f05860b elementor-align-center elementor-widget elementor-widget-button\" data-id=\"f05860b\" data-element_type=\"widget\" data-e-type=\"widget\" data-widget_type=\"button.default\">\n\t\t\t\t<div class=\"elementor-widget-container\">\n\t\t\t\t\t\t\t\t\t<div class=\"elementor-button-wrapper\">\n\t\t\t\t\t<a class=\"elementor-button elementor-button-link elementor-size-sm\" href=\"http:\/\/colombia.agrolac.com\/wp-content\/uploads\/2025\/07\/Politica-calidad-MA-y-EE-rev.4_web.pdf\" target=\"_blank\">\n\t\t\t\t\t\t<span class=\"elementor-button-content-wrapper\">\n\t\t\t\t\t\t<span class=\"elementor-button-icon\">\n\t\t\t\t<i aria-hidden=\"true\" class=\"fas fa-file-pdf\"><\/i>\t\t\t<\/span>\n\t\t\t\t\t\t\t\t\t<span class=\"elementor-button-text\">\u8d28\u91cf\u3001\u73af\u5883\u4e0e\u80fd\u6e90\u6548\u7387\u653f\u7b56<\/span>\n\t\t\t\t\t<\/span>\n\t\t\t\t\t<\/a>\n\t\t\t\t<\/div>\n\t\t\t\t\t\t\t\t<\/div>\n\t\t\t\t<\/div>\n\t\t\t\t<\/div>\n\t\t\t\t<\/div>\n\t\t","protected":false},"excerpt":{"rendered":"<p>\u5728 Agrolac Andina\uff0c\u6211\u4eec\u81f4\u529b\u4e8e\u8ffd\u6c42\u5353\u8d8a\u3001\u5b89\u5168\u4e0e\u900f\u660e\u3002\u6211\u4eec\u4ee5\u4e25\u8c28\u7684\u6280\u672f\u548c\u6301\u7eed\u6539\u8fdb\u7684\u6001\u5ea6\u5de5\u4f5c\uff0c\u4ee5\u8fbe\u5230 [&hellip;]<\/p>\n","protected":false},"author":2,"featured_media":0,"parent":0,"menu_order":0,"comment_status":"closed","ping_status":"closed","template":"","meta":{"_acf_changed":false,"footnotes":""},"class_list":["post-7481","page","type-page","status-publish","hentry"],"acf":[],"yoast_head":"<!-- This site is optimized with the Yoast SEO plugin v27.2 - https:\/\/yoast.com\/product\/yoast-seo-wordpress\/ -->\n<title>\u8d28\u91cf\u3001\u73af\u5883\u4e0e\u521b\u65b0 - Agrolac<\/title>\n<meta name=\"description\" content=\"\u54e5\u4f26\u6bd4\u4e9a Agrolac Andina\uff1a\u8d28\u91cf\u3001\u5b89\u5168\u4e0e\u53ef\u8ffd\u6eaf\u6027\uff0c\u91c7\u7528\u7b26\u5408 ISO 9001\u300114001 \u548c 50001 \u7684\u65b9\u6cd5\u3002\u5728 ICA \u6ce8\u518c\uff0c\u8d1f\u8d23\u4efb\u7684\u5305\u88c5\u7ba1\u7406\u4ee5\u53ca International \u7684\u652f\u6301\u3002\" \/>\n<meta name=\"robots\" content=\"index, follow, max-snippet:-1, max-image-preview:large, max-video-preview:-1\" \/>\n<link rel=\"canonical\" href=\"https:\/\/colombia.agrolac.com\/zh-hans\/quality-environment-and-innovation\/\" \/>\n<meta property=\"og:locale\" content=\"zh_CN\" \/>\n<meta property=\"og:type\" content=\"article\" \/>\n<meta property=\"og:title\" content=\"\u8d28\u91cf\u3001\u73af\u5883\u4e0e\u521b\u65b0 - Agrolac\" \/>\n<meta property=\"og:description\" content=\"\u54e5\u4f26\u6bd4\u4e9a Agrolac Andina\uff1a\u8d28\u91cf\u3001\u5b89\u5168\u4e0e\u53ef\u8ffd\u6eaf\u6027\uff0c\u91c7\u7528\u7b26\u5408 ISO 9001\u300114001 \u548c 50001 \u7684\u65b9\u6cd5\u3002\u5728 ICA \u6ce8\u518c\uff0c\u8d1f\u8d23\u4efb\u7684\u5305\u88c5\u7ba1\u7406\u4ee5\u53ca International \u7684\u652f\u6301\u3002\" \/>\n<meta property=\"og:url\" content=\"https:\/\/colombia.agrolac.com\/zh-hans\/quality-environment-and-innovation\/\" \/>\n<meta property=\"og:site_name\" content=\"Agrolac\" \/>\n<meta property=\"article:modified_time\" content=\"2026-03-19T07:27:21+00:00\" \/>\n<meta property=\"og:image\" content=\"https:\/\/colombia.agrolac.com\/wp-content\/uploads\/2025\/07\/Lab-Girona-005.jpg\" \/>\n\t<meta property=\"og:image:width\" content=\"2500\" \/>\n\t<meta property=\"og:image:height\" content=\"1668\" \/>\n\t<meta property=\"og:image:type\" content=\"image\/jpeg\" \/>\n<meta name=\"twitter:card\" content=\"summary_large_image\" \/>\n<script type=\"application\/ld+json\" class=\"yoast-schema-graph\">{\"@context\":\"https:\/\/schema.org\",\"@graph\":[{\"@type\":\"WebPage\",\"@id\":\"https:\/\/colombia.agrolac.com\/zh-hans\/quality-environment-and-innovation\/\",\"url\":\"https:\/\/colombia.agrolac.com\/zh-hans\/quality-environment-and-innovation\/\",\"name\":\"\u8d28\u91cf\u3001\u73af\u5883\u4e0e\u521b\u65b0 - Agrolac\",\"isPartOf\":{\"@id\":\"https:\/\/colombia.agrolac.com\/zh-hans\/#website\"},\"primaryImageOfPage\":{\"@id\":\"https:\/\/colombia.agrolac.com\/zh-hans\/quality-environment-and-innovation\/#primaryimage\"},\"image\":{\"@id\":\"https:\/\/colombia.agrolac.com\/zh-hans\/quality-environment-and-innovation\/#primaryimage\"},\"thumbnailUrl\":\"https:\/\/colombia.agrolac.com\/wp-content\/uploads\/2025\/07\/Lab-Girona-005-1024x683.jpg\",\"datePublished\":\"2026-01-12T14:24:00+00:00\",\"dateModified\":\"2026-03-19T07:27:21+00:00\",\"description\":\"\u54e5\u4f26\u6bd4\u4e9a Agrolac Andina\uff1a\u8d28\u91cf\u3001\u5b89\u5168\u4e0e\u53ef\u8ffd\u6eaf\u6027\uff0c\u91c7\u7528\u7b26\u5408 ISO 9001\u300114001 \u548c 50001 \u7684\u65b9\u6cd5\u3002\u5728 ICA \u6ce8\u518c\uff0c\u8d1f\u8d23\u4efb\u7684\u5305\u88c5\u7ba1\u7406\u4ee5\u53ca International \u7684\u652f\u6301\u3002\",\"breadcrumb\":{\"@id\":\"https:\/\/colombia.agrolac.com\/zh-hans\/quality-environment-and-innovation\/#breadcrumb\"},\"inLanguage\":\"zh-Hans\",\"potentialAction\":[{\"@type\":\"ReadAction\",\"target\":[\"https:\/\/colombia.agrolac.com\/zh-hans\/quality-environment-and-innovation\/\"]}]},{\"@type\":\"ImageObject\",\"inLanguage\":\"zh-Hans\",\"@id\":\"https:\/\/colombia.agrolac.com\/zh-hans\/quality-environment-and-innovation\/#primaryimage\",\"url\":\"https:\/\/colombia.agrolac.com\/wp-content\/uploads\/2025\/07\/Lab-Girona-005-1024x683.jpg\",\"contentUrl\":\"https:\/\/colombia.agrolac.com\/wp-content\/uploads\/2025\/07\/Lab-Girona-005-1024x683.jpg\"},{\"@type\":\"BreadcrumbList\",\"@id\":\"https:\/\/colombia.agrolac.com\/zh-hans\/quality-environment-and-innovation\/#breadcrumb\",\"itemListElement\":[{\"@type\":\"ListItem\",\"position\":1,\"name\":\"\u9996\u9875\",\"item\":\"https:\/\/colombia.agrolac.com\/zh-hans\/home\/\"},{\"@type\":\"ListItem\",\"position\":2,\"name\":\"\u8d28\u91cf\u3001\u73af\u5883\u4e0e\u521b\u65b0\"}]},{\"@type\":\"WebSite\",\"@id\":\"https:\/\/colombia.agrolac.com\/zh-hans\/#website\",\"url\":\"https:\/\/colombia.agrolac.com\/zh-hans\/\",\"name\":\"VICORQUIMIA\",\"description\":\"Agrolac \u00e9s una empresa de Barcelona, fundada el 1982, especialitzada en distribuci\u00f3 de productes agroqu\u00edmics per a l&#039;agricultura europea.\",\"publisher\":{\"@id\":\"https:\/\/colombia.agrolac.com\/zh-hans\/#organization\"},\"potentialAction\":[{\"@type\":\"SearchAction\",\"target\":{\"@type\":\"EntryPoint\",\"urlTemplate\":\"https:\/\/colombia.agrolac.com\/zh-hans\/?s={search_term_string}\"},\"query-input\":{\"@type\":\"PropertyValueSpecification\",\"valueRequired\":true,\"valueName\":\"search_term_string\"}}],\"inLanguage\":\"zh-Hans\"},{\"@type\":\"Organization\",\"@id\":\"https:\/\/colombia.agrolac.com\/zh-hans\/#organization\",\"name\":\"VICORQUIMIA\",\"url\":\"https:\/\/colombia.agrolac.com\/zh-hans\/\",\"logo\":{\"@type\":\"ImageObject\",\"inLanguage\":\"zh-Hans\",\"@id\":\"https:\/\/colombia.agrolac.com\/zh-hans\/#\/schema\/logo\/image\/\",\"url\":\"https:\/\/colombia.agrolac.com\/wp-content\/uploads\/2025\/10\/agrolac-logo.svg\",\"contentUrl\":\"https:\/\/colombia.agrolac.com\/wp-content\/uploads\/2025\/10\/agrolac-logo.svg\",\"caption\":\"VICORQUIMIA\"},\"image\":{\"@id\":\"https:\/\/colombia.agrolac.com\/zh-hans\/#\/schema\/logo\/image\/\"},\"sameAs\":[\"https:\/\/www.linkedin.com\/company\/vicorquimia\/\"]}]}<\/script>\n<!-- \/ Yoast SEO plugin. -->","yoast_head_json":{"title":"\u8d28\u91cf\u3001\u73af\u5883\u4e0e\u521b\u65b0 - Agrolac","description":"\u54e5\u4f26\u6bd4\u4e9a Agrolac Andina\uff1a\u8d28\u91cf\u3001\u5b89\u5168\u4e0e\u53ef\u8ffd\u6eaf\u6027\uff0c\u91c7\u7528\u7b26\u5408 ISO 9001\u300114001 \u548c 50001 \u7684\u65b9\u6cd5\u3002\u5728 ICA \u6ce8\u518c\uff0c\u8d1f\u8d23\u4efb\u7684\u5305\u88c5\u7ba1\u7406\u4ee5\u53ca International \u7684\u652f\u6301\u3002","robots":{"index":"index","follow":"follow","max-snippet":"max-snippet:-1","max-image-preview":"max-image-preview:large","max-video-preview":"max-video-preview:-1"},"canonical":"https:\/\/colombia.agrolac.com\/zh-hans\/quality-environment-and-innovation\/","og_locale":"zh_CN","og_type":"article","og_title":"\u8d28\u91cf\u3001\u73af\u5883\u4e0e\u521b\u65b0 - Agrolac","og_description":"\u54e5\u4f26\u6bd4\u4e9a Agrolac Andina\uff1a\u8d28\u91cf\u3001\u5b89\u5168\u4e0e\u53ef\u8ffd\u6eaf\u6027\uff0c\u91c7\u7528\u7b26\u5408 ISO 9001\u300114001 \u548c 50001 \u7684\u65b9\u6cd5\u3002\u5728 ICA \u6ce8\u518c\uff0c\u8d1f\u8d23\u4efb\u7684\u5305\u88c5\u7ba1\u7406\u4ee5\u53ca International \u7684\u652f\u6301\u3002","og_url":"https:\/\/colombia.agrolac.com\/zh-hans\/quality-environment-and-innovation\/","og_site_name":"Agrolac","article_modified_time":"2026-03-19T07:27:21+00:00","og_image":[{"width":2500,"height":1668,"url":"https:\/\/colombia.agrolac.com\/wp-content\/uploads\/2025\/07\/Lab-Girona-005.jpg","type":"image\/jpeg"}],"twitter_card":"summary_large_image","schema":{"@context":"https:\/\/schema.org","@graph":[{"@type":"WebPage","@id":"https:\/\/colombia.agrolac.com\/zh-hans\/quality-environment-and-innovation\/","url":"https:\/\/colombia.agrolac.com\/zh-hans\/quality-environment-and-innovation\/","name":"\u8d28\u91cf\u3001\u73af\u5883\u4e0e\u521b\u65b0 - Agrolac","isPartOf":{"@id":"https:\/\/colombia.agrolac.com\/zh-hans\/#website"},"primaryImageOfPage":{"@id":"https:\/\/colombia.agrolac.com\/zh-hans\/quality-environment-and-innovation\/#primaryimage"},"image":{"@id":"https:\/\/colombia.agrolac.com\/zh-hans\/quality-environment-and-innovation\/#primaryimage"},"thumbnailUrl":"https:\/\/colombia.agrolac.com\/wp-content\/uploads\/2025\/07\/Lab-Girona-005-1024x683.jpg","datePublished":"2026-01-12T14:24:00+00:00","dateModified":"2026-03-19T07:27:21+00:00","description":"\u54e5\u4f26\u6bd4\u4e9a Agrolac Andina\uff1a\u8d28\u91cf\u3001\u5b89\u5168\u4e0e\u53ef\u8ffd\u6eaf\u6027\uff0c\u91c7\u7528\u7b26\u5408 ISO 9001\u300114001 \u548c 50001 \u7684\u65b9\u6cd5\u3002\u5728 ICA \u6ce8\u518c\uff0c\u8d1f\u8d23\u4efb\u7684\u5305\u88c5\u7ba1\u7406\u4ee5\u53ca International \u7684\u652f\u6301\u3002","breadcrumb":{"@id":"https:\/\/colombia.agrolac.com\/zh-hans\/quality-environment-and-innovation\/#breadcrumb"},"inLanguage":"zh-Hans","potentialAction":[{"@type":"ReadAction","target":["https:\/\/colombia.agrolac.com\/zh-hans\/quality-environment-and-innovation\/"]}]},{"@type":"ImageObject","inLanguage":"zh-Hans","@id":"https:\/\/colombia.agrolac.com\/zh-hans\/quality-environment-and-innovation\/#primaryimage","url":"https:\/\/colombia.agrolac.com\/wp-content\/uploads\/2025\/07\/Lab-Girona-005-1024x683.jpg","contentUrl":"https:\/\/colombia.agrolac.com\/wp-content\/uploads\/2025\/07\/Lab-Girona-005-1024x683.jpg"},{"@type":"BreadcrumbList","@id":"https:\/\/colombia.agrolac.com\/zh-hans\/quality-environment-and-innovation\/#breadcrumb","itemListElement":[{"@type":"ListItem","position":1,"name":"\u9996\u9875","item":"https:\/\/colombia.agrolac.com\/zh-hans\/home\/"},{"@type":"ListItem","position":2,"name":"\u8d28\u91cf\u3001\u73af\u5883\u4e0e\u521b\u65b0"}]},{"@type":"WebSite","@id":"https:\/\/colombia.agrolac.com\/zh-hans\/#website","url":"https:\/\/colombia.agrolac.com\/zh-hans\/","name":"VICORQUIMIA","description":"Agrolac \u00e9s una empresa de Barcelona, fundada el 1982, especialitzada en distribuci\u00f3 de productes agroqu\u00edmics per a l&#039;agricultura europea.","publisher":{"@id":"https:\/\/colombia.agrolac.com\/zh-hans\/#organization"},"potentialAction":[{"@type":"SearchAction","target":{"@type":"EntryPoint","urlTemplate":"https:\/\/colombia.agrolac.com\/zh-hans\/?s={search_term_string}"},"query-input":{"@type":"PropertyValueSpecification","valueRequired":true,"valueName":"search_term_string"}}],"inLanguage":"zh-Hans"},{"@type":"Organization","@id":"https:\/\/colombia.agrolac.com\/zh-hans\/#organization","name":"VICORQUIMIA","url":"https:\/\/colombia.agrolac.com\/zh-hans\/","logo":{"@type":"ImageObject","inLanguage":"zh-Hans","@id":"https:\/\/colombia.agrolac.com\/zh-hans\/#\/schema\/logo\/image\/","url":"https:\/\/colombia.agrolac.com\/wp-content\/uploads\/2025\/10\/agrolac-logo.svg","contentUrl":"https:\/\/colombia.agrolac.com\/wp-content\/uploads\/2025\/10\/agrolac-logo.svg","caption":"VICORQUIMIA"},"image":{"@id":"https:\/\/colombia.agrolac.com\/zh-hans\/#\/schema\/logo\/image\/"},"sameAs":["https:\/\/www.linkedin.com\/company\/vicorquimia\/"]}]}},"_links":{"self":[{"href":"https:\/\/colombia.agrolac.com\/zh-hans\/wp-json\/wp\/v2\/pages\/7481","targetHints":{"allow":["GET"]}}],"collection":[{"href":"https:\/\/colombia.agrolac.com\/zh-hans\/wp-json\/wp\/v2\/pages"}],"about":[{"href":"https:\/\/colombia.agrolac.com\/zh-hans\/wp-json\/wp\/v2\/types\/page"}],"author":[{"embeddable":true,"href":"https:\/\/colombia.agrolac.com\/zh-hans\/wp-json\/wp\/v2\/users\/2"}],"replies":[{"embeddable":true,"href":"https:\/\/colombia.agrolac.com\/zh-hans\/wp-json\/wp\/v2\/comments?post=7481"}],"version-history":[{"count":6,"href":"https:\/\/colombia.agrolac.com\/zh-hans\/wp-json\/wp\/v2\/pages\/7481\/revisions"}],"predecessor-version":[{"id":8534,"href":"https:\/\/colombia.agrolac.com\/zh-hans\/wp-json\/wp\/v2\/pages\/7481\/revisions\/8534"}],"wp:attachment":[{"href":"https:\/\/colombia.agrolac.com\/zh-hans\/wp-json\/wp\/v2\/media?parent=7481"}],"curies":[{"name":"wp","href":"https:\/\/api.w.org\/{rel}","templated":true}]}}