{"id":7332,"date":"2025-10-09T11:09:15","date_gmt":"2025-10-09T09:09:15","guid":{"rendered":"http:\/\/colombia.agrolac.com\/producto\/glyfoon-glyfoon\/"},"modified":"2026-03-02T19:19:50","modified_gmt":"2026-03-02T18:19:50","slug":"glyfoon-glyfoon","status":"publish","type":"product","link":"https:\/\/colombia.agrolac.com\/zh-hans\/producto\/glyfoon-glyfoon\/","title":{"rendered":"glyfoon\u00ae glyfoon"},"content":{"rendered":"<h2>glyfoon\u00ae glyfoon<\/h2>\n<p><strong>GLYFOON\u00ae<\/strong>\u662f\u4e00\u79cd<strong>\u7cfb\u7edf\u6027\u3001\u975e\u9009\u62e9\u6027\u3001\u53f6\u9762\u4f5c\u7528<\/strong>\u9664\u8349\u5242\uff0c\u4ee5<strong>\u8349\u7518\u81a6\uff08\u5f02\u4e19\u80fa\u76d0\uff0936% w\/v (360 g\/L)<\/strong>\u4e3a\u57fa\u7840\u914d\u5236\u6210<strong>\u53ef\u6eb6\u6027\u6d53\u7f29\u7269 (SL)<\/strong>\uff0c\u9002\u7528\u4e8e<strong>\u4e00\u5e74\u751f\u548c\u591a\u5e74\u751f\u79be\u672c\u79d1<\/strong>\u6742\u8349<strong>\u548c\u9614\u53f6<\/strong>\u6742\u8349\u7684<strong>\u82bd\u540e\u9632\u9664<\/strong>\u3002<\/p>\n<p>\u65bd\u836f\u540e\uff0c\u8be5\u4ea7\u54c1\u4f1a<strong>\u88ab\u53f6\u7247\u5438\u6536<\/strong>\u5e76<strong>\u8f6c\u79fb\u5230\u6839\u90e8\u548c\u540e\u5907\u5668\u5b98<\/strong>\uff0c\u5728\u90a3\u91cc\u53d1\u6325\u9664\u8349\u4f5c\u7528\u3002<strong>\u5b83<\/strong>\u5728\u571f\u58e4<strong>\u4e2d\u4f1a\u5931\u6d3b<\/strong>\uff0c\u56e0\u6b64<strong>\u6ca1\u6709\u6b8b\u7559\u6548\u679c<\/strong>\u3002 <\/p>\n<p>GLYFOON\u00ae \u53ef\u7528\u4e8e<strong>\u704c\u6e89\u6e20\u3001\u8015\u5730\u548c\u6728\u672c\u4f5c\u7269\u3001\u7566\u7530\u548c\u8349\u5730<\/strong>\uff0c\u6839\u636e\u6742\u8349\u7c7b\u578b\u548c\u5904\u7406\u6761\u4ef6\u8c03\u6574\u7528\u91cf\u548c\u65bd\u7528\u6280\u672f\u3002<\/p>\n<h3>\u6307\u793a\u6027\u4f7f\u7528\u8303\u56f4\u548c\u5242\u91cf\uff08\u6839\u636e\u6807\u7b7e\uff09<\/h3>\n<ul>\n<li><strong>\u704c\u6e89\u6e20\u9053\uff1a<\/strong>3-10 \u5347\/\u516c\u9877\u3002<\/li>\n<li><strong>\u7c97\u653e\u578b\u548c\u96c6\u7ea6\u578b\u8349\u672c\u4f5c\u7269\uff1a<\/strong>1.5-6 \u5347\/\u516c\u9877\u3002<\/li>\n<li><strong>\u6728\u672c\u690d\u7269\uff1a<\/strong>3-6 \u5347\/\u516c\u9877\uff08\u4e00\u5e74\u751f\u6742\u8349\uff09\u548c 6-10 \u5347\/\u516c\u9877\uff08\u591a\u5e74\u751f\u6742\u8349\uff09\u3002<\/li>\n<li><strong>\u8fb9\u754c\uff1a<\/strong>3-10 \u5347\/\u516c\u9877\u3002<\/li>\n<li><strong>\u64ad\u79cd\u8349\u5730\u548c\u5929\u7136\u8349\u5730\uff1a<\/strong>3-10 \u5347\/\u516c\u9877\u3002<\/li>\n<\/ul>\n<h3>\u5e94\u7528<\/h3>\n<p>\u9488\u5bf9<strong>\u82d7\u540e<\/strong>\u6742\u8349\u7684\u9664\u8349\u5242\u5904\u7406\u3002\u6839\u636e\u5904\u7406\u6761\u4ef6\u548c\u4f7f\u7528\u7684\u8bbe\u5907\u8c03\u6574<strong>\u5242\u91cf\u3001\u55b7\u6d12\u91cf\u548c\u65bd\u7528\u6280\u672f<\/strong>\uff0c\u59cb\u7ec8\u9075\u5b88\u6807\u7b7e\u4e0a\u7684\u8bf4\u660e\u3002 <\/p>\n<h3>\u5b89\u5168\u548c\u89c2\u5bdf<\/h3>\n<ul>\n<li>\u5728\u4f7f\u7528\u88c5\u6709\u5c01\u95ed\u5f0f\u9a7e\u9a76\u5ba4\u548c\u7a7a\u6c14\u8fc7\u6ee4\u88c5\u7f6e\u7684\u62d6\u62c9\u673a\u65bd\u836f\u65f6\uff0c\u53ef\u7701\u53bb\u9632\u62a4\u8bbe\u5907\uff0c\u4f46\u5fc5\u987b\u5173\u95ed\u8f66\u7a97\u3002<\/li>\n<li><strong>\u5728\u4ea7\u54c1\u5e72\u71e5\u4e4b\u524d\uff0c\u4e0d\u8981\u8fdb\u5165\u4f5c\u7269\u3002<\/strong><\/li>\n<li><strong>\u5b89\u5168\u671f\uff1a<\/strong>\u4e0d\u9002\u7528\u3002<\/li>\n<\/ul>\n<h3>\u8b66\u544a<\/h3>\n<p>\u6240\u63d0\u4f9b\u7684\u5efa\u8bae\u548c\u4fe1\u606f\u5747\u4ee5\u7814\u7a76\u548c\u6d4b\u8bd5\u4e3a\u57fa\u7840\u3002\u4ea7\u54c1\u4f7f\u7528\u8fc7\u7a0b\u4e2d\u53ef\u80fd\u4f1a\u51fa\u73b0\u5236\u9020\u5546\u65e0\u6cd5\u63a7\u5236\u7684\u56e0\u7d20\uff08\u6df7\u5408\u7269\u7684\u914d\u5236\u3001\u5e94\u7528\u3001\u5929\u6c14\u6761\u4ef6\u7b49\uff09\u3002\u516c\u53f8\u4fdd\u8bc1\u4ea7\u54c1\u7684\u6210\u5206\u3001\u914d\u65b9\u548c\u542b\u91cf\u3002\u4f7f\u7528\u8005\u5e94\u5bf9\u56e0\u5b8c\u5168\u6216\u90e8\u5206\u4e0d\u9075\u5b88\u6807\u7b7e\u4e0a\u7684\u8bf4\u660e\u800c\u9020\u6210\u7684\u4efb\u4f55\u635f\u5931\u8d1f\u8d23\u3002   <\/p>\n","protected":false},"excerpt":{"rendered":"<p>\u5e7f\u8c31\u840c\u82bd\u540e\u7cfb\u7edf\u9664\u8349\u5242\u3002<\/p>\n","protected":false},"featured_media":4910,"comment_status":"closed","ping_status":"closed","template":"","meta":{"_acf_changed":false},"certificacion":[],"cultivo":[504,513,506,503,1152,1193,1090,1456,505,1208],"product_brand":[],"product_cat":[409],"product_tag":[],"class_list":{"0":"post-7332","1":"product","2":"type-product","3":"status-publish","4":"has-post-thumbnail","6":"cultivo-504","7":"cultivo-513","8":"cultivo-506","9":"cultivo-503","10":"cultivo-1152","11":"cultivo-1193","12":"cultivo-1090","13":"cultivo-1456","14":"cultivo-505","15":"cultivo-1208","16":"product_cat-409","18":"first","19":"instock","20":"shipping-taxable","21":"purchasable","22":"product-type-simple"},"acf":[],"yoast_head":"<!-- This site is optimized with the Yoast SEO plugin v27.2 - https:\/\/yoast.com\/product\/yoast-seo-wordpress\/ -->\n<title>GLYFOON\u00ae | Glifosato \u9664\u8349\u5242 360 g\/L (SL) \u65e0\u9009\u62e9\u6027 - Agrolac<\/title>\n<meta name=\"description\" content=\"\u57fa\u4e8e 360 \u514b\/\u5347\u8349\u7518\u81a6\u7684\u975e\u9009\u62e9\u6027\u7cfb\u7edf\u9664\u8349\u5242\uff08SL\uff09\u3002\u82bd\u540e\u9632\u9664\u4e00\u5e74\u751f\u548c\u591a\u5e74\u751f\u6742\u8349\u3002\u4e13\u4e1a\u7528\u9014\u3002\" \/>\n<meta name=\"robots\" content=\"index, follow, max-snippet:-1, max-image-preview:large, max-video-preview:-1\" \/>\n<link rel=\"canonical\" href=\"https:\/\/colombia.agrolac.com\/zh-hans\/producto\/glyfoon-glyfoon\/\" \/>\n<meta property=\"og:locale\" content=\"zh_CN\" \/>\n<meta property=\"og:type\" content=\"article\" \/>\n<meta property=\"og:title\" content=\"GLYFOON\u00ae | Glifosato \u9664\u8349\u5242 360 g\/L (SL) \u65e0\u9009\u62e9\u6027 - Agrolac\" \/>\n<meta property=\"og:description\" content=\"\u57fa\u4e8e 360 \u514b\/\u5347\u8349\u7518\u81a6\u7684\u975e\u9009\u62e9\u6027\u7cfb\u7edf\u9664\u8349\u5242\uff08SL\uff09\u3002\u82bd\u540e\u9632\u9664\u4e00\u5e74\u751f\u548c\u591a\u5e74\u751f\u6742\u8349\u3002\u4e13\u4e1a\u7528\u9014\u3002\" \/>\n<meta property=\"og:url\" content=\"https:\/\/colombia.agrolac.com\/zh-hans\/producto\/glyfoon-glyfoon\/\" \/>\n<meta property=\"og:site_name\" content=\"Agrolac\" \/>\n<meta property=\"article:modified_time\" content=\"2026-03-02T18:19:50+00:00\" \/>\n<meta property=\"og:image\" content=\"https:\/\/colombia.agrolac.com\/wp-content\/uploads\/2025\/10\/olivar-herbicidas.webp\" \/>\n\t<meta property=\"og:image:width\" content=\"1920\" \/>\n\t<meta property=\"og:image:height\" content=\"1275\" \/>\n\t<meta property=\"og:image:type\" content=\"image\/webp\" \/>\n<meta name=\"twitter:card\" content=\"summary_large_image\" \/>\n<script type=\"application\/ld+json\" class=\"yoast-schema-graph\">{\"@context\":\"https:\/\/schema.org\",\"@graph\":[{\"@type\":\"WebPage\",\"@id\":\"https:\/\/colombia.agrolac.com\/zh-hans\/producto\/glyfoon-glyfoon\/\",\"url\":\"https:\/\/colombia.agrolac.com\/zh-hans\/producto\/glyfoon-glyfoon\/\",\"name\":\"GLYFOON\u00ae | Glifosato \u9664\u8349\u5242 360 g\/L (SL) \u65e0\u9009\u62e9\u6027 - Agrolac\",\"isPartOf\":{\"@id\":\"https:\/\/colombia.agrolac.com\/zh-hans\/#website\"},\"primaryImageOfPage\":{\"@id\":\"https:\/\/colombia.agrolac.com\/zh-hans\/producto\/glyfoon-glyfoon\/#primaryimage\"},\"image\":{\"@id\":\"https:\/\/colombia.agrolac.com\/zh-hans\/producto\/glyfoon-glyfoon\/#primaryimage\"},\"thumbnailUrl\":\"https:\/\/colombia.agrolac.com\/wp-content\/uploads\/2025\/10\/olivar-herbicidas.webp\",\"datePublished\":\"2025-10-09T09:09:15+00:00\",\"dateModified\":\"2026-03-02T18:19:50+00:00\",\"description\":\"\u57fa\u4e8e 360 \u514b\/\u5347\u8349\u7518\u81a6\u7684\u975e\u9009\u62e9\u6027\u7cfb\u7edf\u9664\u8349\u5242\uff08SL\uff09\u3002\u82bd\u540e\u9632\u9664\u4e00\u5e74\u751f\u548c\u591a\u5e74\u751f\u6742\u8349\u3002\u4e13\u4e1a\u7528\u9014\u3002\",\"breadcrumb\":{\"@id\":\"https:\/\/colombia.agrolac.com\/zh-hans\/producto\/glyfoon-glyfoon\/#breadcrumb\"},\"inLanguage\":\"zh-Hans\",\"potentialAction\":[{\"@type\":\"ReadAction\",\"target\":[\"https:\/\/colombia.agrolac.com\/zh-hans\/producto\/glyfoon-glyfoon\/\"]}]},{\"@type\":\"ImageObject\",\"inLanguage\":\"zh-Hans\",\"@id\":\"https:\/\/colombia.agrolac.com\/zh-hans\/producto\/glyfoon-glyfoon\/#primaryimage\",\"url\":\"https:\/\/colombia.agrolac.com\/wp-content\/uploads\/2025\/10\/olivar-herbicidas.webp\",\"contentUrl\":\"https:\/\/colombia.agrolac.com\/wp-content\/uploads\/2025\/10\/olivar-herbicidas.webp\",\"width\":1920,\"height\":1275},{\"@type\":\"BreadcrumbList\",\"@id\":\"https:\/\/colombia.agrolac.com\/zh-hans\/producto\/glyfoon-glyfoon\/#breadcrumb\",\"itemListElement\":[{\"@type\":\"ListItem\",\"position\":1,\"name\":\"\u9996\u9875\",\"item\":\"https:\/\/colombia.agrolac.com\/zh-hans\/home\/\"},{\"@type\":\"ListItem\",\"position\":2,\"name\":\"\u4ea7\u54c1\",\"item\":\"https:\/\/colombia.agrolac.com\/zh-hans\/products\/\"},{\"@type\":\"ListItem\",\"position\":3,\"name\":\"\u9664\u8349\u5242\",\"item\":\"https:\/\/colombia.agrolac.com\/zh-hans\/categoria-producto\/%e9%99%a4%e8%8d%89%e5%89%82\/\"},{\"@type\":\"ListItem\",\"position\":4,\"name\":\"glyfoon\u00ae glyfoon\"}]},{\"@type\":\"WebSite\",\"@id\":\"https:\/\/colombia.agrolac.com\/zh-hans\/#website\",\"url\":\"https:\/\/colombia.agrolac.com\/zh-hans\/\",\"name\":\"VICORQUIMIA\",\"description\":\"Agrolac \u00e9s una empresa de Barcelona, fundada el 1982, especialitzada en distribuci\u00f3 de productes agroqu\u00edmics per a l&#039;agricultura europea.\",\"publisher\":{\"@id\":\"https:\/\/colombia.agrolac.com\/zh-hans\/#organization\"},\"potentialAction\":[{\"@type\":\"SearchAction\",\"target\":{\"@type\":\"EntryPoint\",\"urlTemplate\":\"https:\/\/colombia.agrolac.com\/zh-hans\/?s={search_term_string}\"},\"query-input\":{\"@type\":\"PropertyValueSpecification\",\"valueRequired\":true,\"valueName\":\"search_term_string\"}}],\"inLanguage\":\"zh-Hans\"},{\"@type\":\"Organization\",\"@id\":\"https:\/\/colombia.agrolac.com\/zh-hans\/#organization\",\"name\":\"VICORQUIMIA\",\"url\":\"https:\/\/colombia.agrolac.com\/zh-hans\/\",\"logo\":{\"@type\":\"ImageObject\",\"inLanguage\":\"zh-Hans\",\"@id\":\"https:\/\/colombia.agrolac.com\/zh-hans\/#\/schema\/logo\/image\/\",\"url\":\"https:\/\/colombia.agrolac.com\/wp-content\/uploads\/2025\/10\/agrolac-logo.svg\",\"contentUrl\":\"https:\/\/colombia.agrolac.com\/wp-content\/uploads\/2025\/10\/agrolac-logo.svg\",\"caption\":\"VICORQUIMIA\"},\"image\":{\"@id\":\"https:\/\/colombia.agrolac.com\/zh-hans\/#\/schema\/logo\/image\/\"},\"sameAs\":[\"https:\/\/www.linkedin.com\/company\/vicorquimia\/\"]}]}<\/script>\n<!-- \/ Yoast SEO plugin. -->","yoast_head_json":{"title":"GLYFOON\u00ae | Glifosato \u9664\u8349\u5242 360 g\/L (SL) \u65e0\u9009\u62e9\u6027 - Agrolac","description":"\u57fa\u4e8e 360 \u514b\/\u5347\u8349\u7518\u81a6\u7684\u975e\u9009\u62e9\u6027\u7cfb\u7edf\u9664\u8349\u5242\uff08SL\uff09\u3002\u82bd\u540e\u9632\u9664\u4e00\u5e74\u751f\u548c\u591a\u5e74\u751f\u6742\u8349\u3002\u4e13\u4e1a\u7528\u9014\u3002","robots":{"index":"index","follow":"follow","max-snippet":"max-snippet:-1","max-image-preview":"max-image-preview:large","max-video-preview":"max-video-preview:-1"},"canonical":"https:\/\/colombia.agrolac.com\/zh-hans\/producto\/glyfoon-glyfoon\/","og_locale":"zh_CN","og_type":"article","og_title":"GLYFOON\u00ae | Glifosato \u9664\u8349\u5242 360 g\/L (SL) \u65e0\u9009\u62e9\u6027 - Agrolac","og_description":"\u57fa\u4e8e 360 \u514b\/\u5347\u8349\u7518\u81a6\u7684\u975e\u9009\u62e9\u6027\u7cfb\u7edf\u9664\u8349\u5242\uff08SL\uff09\u3002\u82bd\u540e\u9632\u9664\u4e00\u5e74\u751f\u548c\u591a\u5e74\u751f\u6742\u8349\u3002\u4e13\u4e1a\u7528\u9014\u3002","og_url":"https:\/\/colombia.agrolac.com\/zh-hans\/producto\/glyfoon-glyfoon\/","og_site_name":"Agrolac","article_modified_time":"2026-03-02T18:19:50+00:00","og_image":[{"width":1920,"height":1275,"url":"https:\/\/colombia.agrolac.com\/wp-content\/uploads\/2025\/10\/olivar-herbicidas.webp","type":"image\/webp"}],"twitter_card":"summary_large_image","schema":{"@context":"https:\/\/schema.org","@graph":[{"@type":"WebPage","@id":"https:\/\/colombia.agrolac.com\/zh-hans\/producto\/glyfoon-glyfoon\/","url":"https:\/\/colombia.agrolac.com\/zh-hans\/producto\/glyfoon-glyfoon\/","name":"GLYFOON\u00ae | Glifosato \u9664\u8349\u5242 360 g\/L (SL) \u65e0\u9009\u62e9\u6027 - Agrolac","isPartOf":{"@id":"https:\/\/colombia.agrolac.com\/zh-hans\/#website"},"primaryImageOfPage":{"@id":"https:\/\/colombia.agrolac.com\/zh-hans\/producto\/glyfoon-glyfoon\/#primaryimage"},"image":{"@id":"https:\/\/colombia.agrolac.com\/zh-hans\/producto\/glyfoon-glyfoon\/#primaryimage"},"thumbnailUrl":"https:\/\/colombia.agrolac.com\/wp-content\/uploads\/2025\/10\/olivar-herbicidas.webp","datePublished":"2025-10-09T09:09:15+00:00","dateModified":"2026-03-02T18:19:50+00:00","description":"\u57fa\u4e8e 360 \u514b\/\u5347\u8349\u7518\u81a6\u7684\u975e\u9009\u62e9\u6027\u7cfb\u7edf\u9664\u8349\u5242\uff08SL\uff09\u3002\u82bd\u540e\u9632\u9664\u4e00\u5e74\u751f\u548c\u591a\u5e74\u751f\u6742\u8349\u3002\u4e13\u4e1a\u7528\u9014\u3002","breadcrumb":{"@id":"https:\/\/colombia.agrolac.com\/zh-hans\/producto\/glyfoon-glyfoon\/#breadcrumb"},"inLanguage":"zh-Hans","potentialAction":[{"@type":"ReadAction","target":["https:\/\/colombia.agrolac.com\/zh-hans\/producto\/glyfoon-glyfoon\/"]}]},{"@type":"ImageObject","inLanguage":"zh-Hans","@id":"https:\/\/colombia.agrolac.com\/zh-hans\/producto\/glyfoon-glyfoon\/#primaryimage","url":"https:\/\/colombia.agrolac.com\/wp-content\/uploads\/2025\/10\/olivar-herbicidas.webp","contentUrl":"https:\/\/colombia.agrolac.com\/wp-content\/uploads\/2025\/10\/olivar-herbicidas.webp","width":1920,"height":1275},{"@type":"BreadcrumbList","@id":"https:\/\/colombia.agrolac.com\/zh-hans\/producto\/glyfoon-glyfoon\/#breadcrumb","itemListElement":[{"@type":"ListItem","position":1,"name":"\u9996\u9875","item":"https:\/\/colombia.agrolac.com\/zh-hans\/home\/"},{"@type":"ListItem","position":2,"name":"\u4ea7\u54c1","item":"https:\/\/colombia.agrolac.com\/zh-hans\/products\/"},{"@type":"ListItem","position":3,"name":"\u9664\u8349\u5242","item":"https:\/\/colombia.agrolac.com\/zh-hans\/categoria-producto\/%e9%99%a4%e8%8d%89%e5%89%82\/"},{"@type":"ListItem","position":4,"name":"glyfoon\u00ae glyfoon"}]},{"@type":"WebSite","@id":"https:\/\/colombia.agrolac.com\/zh-hans\/#website","url":"https:\/\/colombia.agrolac.com\/zh-hans\/","name":"VICORQUIMIA","description":"Agrolac \u00e9s una empresa de Barcelona, fundada el 1982, especialitzada en distribuci\u00f3 de productes agroqu\u00edmics per a l&#039;agricultura europea.","publisher":{"@id":"https:\/\/colombia.agrolac.com\/zh-hans\/#organization"},"potentialAction":[{"@type":"SearchAction","target":{"@type":"EntryPoint","urlTemplate":"https:\/\/colombia.agrolac.com\/zh-hans\/?s={search_term_string}"},"query-input":{"@type":"PropertyValueSpecification","valueRequired":true,"valueName":"search_term_string"}}],"inLanguage":"zh-Hans"},{"@type":"Organization","@id":"https:\/\/colombia.agrolac.com\/zh-hans\/#organization","name":"VICORQUIMIA","url":"https:\/\/colombia.agrolac.com\/zh-hans\/","logo":{"@type":"ImageObject","inLanguage":"zh-Hans","@id":"https:\/\/colombia.agrolac.com\/zh-hans\/#\/schema\/logo\/image\/","url":"https:\/\/colombia.agrolac.com\/wp-content\/uploads\/2025\/10\/agrolac-logo.svg","contentUrl":"https:\/\/colombia.agrolac.com\/wp-content\/uploads\/2025\/10\/agrolac-logo.svg","caption":"VICORQUIMIA"},"image":{"@id":"https:\/\/colombia.agrolac.com\/zh-hans\/#\/schema\/logo\/image\/"},"sameAs":["https:\/\/www.linkedin.com\/company\/vicorquimia\/"]}]}},"_links":{"self":[{"href":"https:\/\/colombia.agrolac.com\/zh-hans\/wp-json\/wp\/v2\/product\/7332","targetHints":{"allow":["GET"]}}],"collection":[{"href":"https:\/\/colombia.agrolac.com\/zh-hans\/wp-json\/wp\/v2\/product"}],"about":[{"href":"https:\/\/colombia.agrolac.com\/zh-hans\/wp-json\/wp\/v2\/types\/product"}],"replies":[{"embeddable":true,"href":"https:\/\/colombia.agrolac.com\/zh-hans\/wp-json\/wp\/v2\/comments?post=7332"}],"wp:featuredmedia":[{"embeddable":true,"href":"https:\/\/colombia.agrolac.com\/zh-hans\/wp-json\/wp\/v2\/media\/4910"}],"wp:attachment":[{"href":"https:\/\/colombia.agrolac.com\/zh-hans\/wp-json\/wp\/v2\/media?parent=7332"}],"wp:term":[{"taxonomy":"certificacion","embeddable":true,"href":"https:\/\/colombia.agrolac.com\/zh-hans\/wp-json\/wp\/v2\/certificacion?post=7332"},{"taxonomy":"cultivo","embeddable":true,"href":"https:\/\/colombia.agrolac.com\/zh-hans\/wp-json\/wp\/v2\/cultivo?post=7332"},{"taxonomy":"product_brand","embeddable":true,"href":"https:\/\/colombia.agrolac.com\/zh-hans\/wp-json\/wp\/v2\/product_brand?post=7332"},{"taxonomy":"product_cat","embeddable":true,"href":"https:\/\/colombia.agrolac.com\/zh-hans\/wp-json\/wp\/v2\/product_cat?post=7332"},{"taxonomy":"product_tag","embeddable":true,"href":"https:\/\/colombia.agrolac.com\/zh-hans\/wp-json\/wp\/v2\/product_tag?post=7332"}],"curies":[{"name":"wp","href":"https:\/\/api.w.org\/{rel}","templated":true}]}}