{"id":7584,"date":"2026-01-08T22:39:57","date_gmt":"2026-01-08T21:39:57","guid":{"rendered":"http:\/\/colombia.agrolac.com\/producto\/agrolarix\/"},"modified":"2026-03-02T19:22:28","modified_gmt":"2026-03-02T18:22:28","slug":"agrolarix","status":"publish","type":"product","link":"https:\/\/colombia.agrolac.com\/zh-hans\/producto\/agrolarix\/","title":{"rendered":"Agrolarix\u00ae"},"content":{"rendered":"<p><strong>AGROLARIX\u00ae<\/strong>\u662f\u4e00\u79cd\u6e90\u81ea\u690d\u7269\u7684<b>\u53d1\u80b2\u8c03\u8282\u751f\u7269\u523a\u6fc0\u5242<\/b>\uff0c\u4ee5<b>\u7eb3\u7c73\u80f6\u56ca\u53ef\u6eb6\u6027\u6db2\u4f53 (SL)<\/b> \u7684\u5f62\u5f0f\u914d\u5236\u3002\u5176\u6d3b\u6027\u7269\u8d28\u6765\u81ea<b>\u897f\u4f2f\u5229\u4e9a\u843d\u53f6\u677e\uff08Larix gmelinii\uff09\u63d0\u53d6\u7269<\/b>\uff0c\u53ef\u63d0\u4f9b<b>\u4e8c\u6c22\u69f2\u76ae\u7d20\uff08DHQ\uff09<\/b>\u3002\u6839\u636e\u4e0d\u540c\u7684\u76ee\u6807\u548c\u4f5c\u7269\uff0c\u5b83\u53ef\u88ab\u7eb3\u5165\u7ba1\u7406\u8ba1\u5212\uff0c\u4ee5<b>\u652f\u6301\u5bf9\u975e\u751f\u7269\u80c1\u8feb\u7684\u8010\u53d7\u6027<\/b>\uff0c\u63d0\u9ad8<b>\u517b\u5206\u5229\u7528\u6548\u7387<\/b>\uff0c\u5e76\u4f34\u968f\u4f5c\u7269<b>\u5f00\u82b1\u3001\u5750\u679c\u3001\u80b2\u80a5\u548c\u6210\u719f\u7b49<\/b>\u8fc7\u7a0b\u3002\u5b83\u53ef\u4ee5\u901a\u8fc7<b>\u53f6\u9762<\/b>\u55b7\u65bd\u548c<b>\u704c\u6e89<\/b>\u7075\u6d3b\u4f7f\u7528\uff0c\u6839\u636e\u519c\u827a\u6761\u4ef6\u8c03\u6574\u5242\u91cf\u548c\u65e5\u5386\u3002   <\/p>\n<p>\u7531\u4e8e\u5176\u6027\u8d28\u548c\u914d\u65b9\uff0c<strong> AGROLARIX\u00ae<\/strong>\u88ab\u5b9a\u4f4d\u4e3a\u7ba1\u7406\u7b56\u7565\u4e2d\u7684\u4e00\u79cd<b>\u6297\u6c27\u5316\u5242<\/b>\uff0c\u5f53\u4f5c\u7269\u9762\u4e34\u82db\u523b\u7684\u73af\u5883\u6761\u4ef6\u65f6\uff0c\u53ef\u4fc3\u8fdb\u690d\u7269\u7684\u751f\u7406\u5e73\u8861\u3002<\/p>\n<p>\u5b83\u7684\u4f7f\u7528\u4e0e\u5173\u952e\u751f\u7406\u8fc7\u7a0b\u7684\u4f18\u5316\u6709\u5173\uff0c\u5982<b>\u589e\u52a0\u53f6\u7eff\u7d20\u542b\u91cf<\/b>\u548c<b>\u5149\u5408\u4f5c\u7528\u6d3b\u6027<\/b>\uff0c\u6539\u5584\u4f5c\u7269\u5728<b>\u6c34\u5206\u72b6\u6001<\/b>\u548c<b>\u78b3\u6c34\u5316\u5408\u7269\u4ee3\u8c22<\/b>\u65b9\u9762\u7684\u53cd\u5e94\uff0c\u4ee5\u53ca\u6839\u636e\u7269\u5019\u671f\u548c\u4f7f\u7528\u7684\u65b9\u6848\u5411\u751f\u4ea7\u5668\u5b98<b>\u52a8\u5458<\/b>\u3002<\/p>\n<p>\u6b64\u5916\uff0c\u8fd8\u53ef\u5c06\u5176\u7eb3\u5165\u65e8\u5728\u7ef4\u6301\u4ea7\u91cf\u548c\u53ef\u9500\u552e\u6c34\u679c\u8d28\u91cf\u7684\u6307\u5bfc\u65b9\u9488\uff0c\u5e2e\u52a9\u7a33\u5b9a\u4f5c\u7269\u5728\u9ad8\u9700\u6c42\u9636\u6bb5\u7684\u53cd\u5e94\uff0c\u5e76\u4fc3\u8fdb\u6c34\u679c\u5728\u8425\u517b\u548c\u751f\u7406\u7ba1\u7406\u8303\u56f4\u5185\u66f4\u5747\u5300\u5730\u53d1\u5c55\u3002<\/p>\n<p>\u5728\u571f\u58e4\u6216\u704c\u6e89\u5e94\u7528\u4e2d\uff0c<strong>AGROLARIX\u00ae<\/strong>\u53ef\u4f5c\u4e3a\u65b9\u6848\u7684\u8865\u5145\u5de5\u5177\uff0c\u5efa\u8bae\u6839\u636e\u4f5c\u7269\u548c\u519c\u827a\u76ee\u6807\u8c03\u6574\u5176\u4f7f\u7528\uff0c\u5e76\u9075\u5b88\u6307\u660e\u7684\u5e94\u7528\u6761\u4ef6\u548c\u517c\u5bb9\u6027\u3002<\/p>\n<h3>\u4e3a\u4ec0\u4e48\u9009\u62e9 Agrolarix\uff1f<\/h3>\n<ul>\n<li><b>\u652f\u6301\u975e\u751f\u7269\u80c1\u8feb\u8010\u53d7\u6027<\/b>\u548c\u517b\u5206\u5229\u7528\u6548\u7387\u3002<\/li>\n<li><b>\u6539\u5584<\/b>\u53f6\u7247\u548c\u6839\u90e8\u7684<b>\u6c34\u5206\u72b6\u51b5<\/b>\uff0c\u6709\u52a9\u4e8e\u4f5c\u7269\u66f4\u597d\u5730\u5e94\u5bf9\u538b\u529b\u3002<\/li>\n<li><b>\u63d0\u9ad8\u53f6\u7eff\u7d20\u542b\u91cf\uff0c\u589e\u5f3a<\/b>\u5f00\u82b1\u671f\u7684<b>\u5149\u5408\u4f5c\u7528<\/b>\u3002<\/li>\n<li><b>\u4fc3\u8fdb\u78b3\u6c34\u5316\u5408\u7269<\/b>\u5411\u751f\u4ea7\u5668\u5b98\u7684<b>\u6709\u6548\u52a8\u5458<\/b>\uff08\u5149\u540c\u5316\u7269\u7684\u7ba1\u7406\/\u5206\u914d\uff09\u3002<\/li>\n<li><b>\u8c03\u8282\u8377\u5c14\u8499\u7279\u5f81<\/b>\uff08ABA\u3001\u8309\u8389\u9178\u3001\u6c34\u6768\u9178\u548c\u5432\u54da\u4e59\u9178\uff09\uff0c\u652f\u6301\u690d\u7269\u7684\u65b0\u9648\u4ee3\u8c22\u548c\u9632\u5fa1\u6c34\u5e73\u3002<\/li>\n<li><b>\u8bd5\u9a8c\u7684\u519c\u827a\u7ed3\u679c<\/b>\uff1a\u6839\u636e\u4f5c\u7269\u548c\u5242\u91cf<b>\u63d0\u9ad8\u4ea7\u91cf<\/b>\u3001<b>\u65e9\u719f\u6027<\/b>\u3001<b>\u53e3\u5f84\/\u989c\u8272<\/b>\u548c<b>\u6536\u76ca\u7387<\/b>\u3002<\/li>\n<\/ul>\n<h3>\u5e94\u7528<\/h3>\n<p><strong>AGROLARIX\u00ae<\/strong> <strong>\u7528\u9014\u5e7f\u6cdb<\/strong>\uff0c\u5305\u62ec\u6c34\u679c\u4f5c\u7269\u3001\u6a44\u6984\u3001\u56ed\u827a\u4f5c\u7269\u3001\u8461\u8404\u6811\u548c\u9c9c\u98df\u8461\u8404\u3001\u5de5\u4e1a\u4f5c\u7269\u3001\u70ed\u5e26\u548c\u534a\u70ed\u5e26\u4f5c\u7269\u3001\u56ed\u6797\u548c\u8fd0\u52a8\u8349\u576a\u3001\u89c2\u8d4f\u690d\u7269\u3001\u79cd\u5b50\u548c\u5e7c\u82d7\uff0c\u5177\u4f53\u53d6\u51b3\u4e8e\u6240\u9700\u7684\u76ee\u6807\u3002<\/p>\n<h4>\u4f7f\u7528\u5efa\u8bae<\/h4>\n<p><strong>AGROLARIX\u00ae<\/strong>\u5728\u53f6\u9762\u548c\u571f\u58e4\u4e2d\u65bd\u7528\u65f6\uff0c\u53ef\u6839\u636e\u9884\u671f\u76ee\u6807\u548c\u4f5c\u7269\u7c7b\u578b\u8c03\u6574\u7528\u91cf\u548c\u65bd\u7528\u65f6\u95f4\u3002\u8be5\u4ea7\u54c1\u53ef\u4e0e\u5176\u4ed6\u6d3b\u6027\u6210\u5206\u548c\u517b\u5206\u6df7\u5408\u4f7f\u7528\u3002 <\/p>\n<h3>\u5907\u6ce8<\/h3>\n<p>\u8bf7\u52ff\u5728 30 \u00baC \u4ee5\u4e0a\u7684\u6e29\u5ea6\u4e0b\u8fdb\u884c\u5904\u7406\u3002\u8bf7\u52ff\u4e0e\u9521\u57fa\u4ea7\u54c1\u6216\u77ff\u7269\u6cb9\u6df7\u5408\u3002 <\/p>\n","protected":false},"excerpt":{"rendered":"<p>\u8be5\u4ea7\u54c1\u65e8\u5728\u652f\u6301\u4f5c\u7269\u5747\u8861\u751f\u957f\uff0c\u4fc3\u8fdb\u4f5c\u7269\u5747\u5300\u751f\u957f\u3002<\/p>\n","protected":false},"featured_media":6417,"comment_status":"closed","ping_status":"closed","template":"","meta":{"_acf_changed":false},"certificacion":[427,435],"cultivo":[504,513,506,736,503,512,511,505],"product_brand":[],"product_cat":[419],"product_tag":[],"class_list":{"0":"post-7584","1":"product","2":"type-product","3":"status-publish","4":"has-post-thumbnail","6":"certificacion-427","7":"certificacion-435","8":"cultivo-504","9":"cultivo-513","10":"cultivo-506","11":"cultivo-736","12":"cultivo-503","13":"cultivo-512","14":"cultivo-511","15":"cultivo-505","16":"product_cat-419","18":"first","19":"instock","20":"shipping-taxable","21":"product-type-simple"},"acf":[],"yoast_head":"<!-- This site is optimized with the Yoast SEO plugin v27.2 - https:\/\/yoast.com\/product\/yoast-seo-wordpress\/ -->\n<title>Agrolarix\u00ae - Agrolac<\/title>\n<meta name=\"description\" content=\"Agrolarix\u00ae\u662f\u4e00\u79cd\u6e90\u81ea\u690d\u7269\u7684\u7eb3\u7c73\u80f6\u56ca\u751f\u7269\u523a\u6fc0\u5242\uff08DHQ\uff09\uff0c\u7528\u4e8e\u652f\u6301\u975e\u751f\u7269\u80c1\u8feb\u8010\u53d7\u6027\u4ee5\u53ca\u5f00\u82b1\u3001\u5750\u679c\u548c\u6210\u719f\u7b49\u9636\u6bb5\u3002\" \/>\n<meta name=\"robots\" content=\"index, follow, max-snippet:-1, max-image-preview:large, max-video-preview:-1\" \/>\n<link rel=\"canonical\" href=\"https:\/\/colombia.agrolac.com\/zh-hans\/producto\/agrolarix\/\" \/>\n<meta property=\"og:locale\" content=\"zh_CN\" \/>\n<meta property=\"og:type\" content=\"article\" \/>\n<meta property=\"og:title\" content=\"Agrolarix\u00ae - Agrolac\" \/>\n<meta property=\"og:description\" content=\"Agrolarix\u00ae\u662f\u4e00\u79cd\u6e90\u81ea\u690d\u7269\u7684\u7eb3\u7c73\u80f6\u56ca\u751f\u7269\u523a\u6fc0\u5242\uff08DHQ\uff09\uff0c\u7528\u4e8e\u652f\u6301\u975e\u751f\u7269\u80c1\u8feb\u8010\u53d7\u6027\u4ee5\u53ca\u5f00\u82b1\u3001\u5750\u679c\u548c\u6210\u719f\u7b49\u9636\u6bb5\u3002\" \/>\n<meta property=\"og:url\" content=\"https:\/\/colombia.agrolac.com\/zh-hans\/producto\/agrolarix\/\" \/>\n<meta property=\"og:site_name\" content=\"Agrolac\" \/>\n<meta property=\"article:modified_time\" content=\"2026-03-02T18:22:28+00:00\" \/>\n<meta property=\"og:image\" content=\"https:\/\/colombia.agrolac.com\/wp-content\/uploads\/2026\/01\/limonero-detalle.webp\" \/>\n\t<meta property=\"og:image:width\" content=\"1920\" \/>\n\t<meta property=\"og:image:height\" content=\"1080\" \/>\n\t<meta property=\"og:image:type\" content=\"image\/webp\" \/>\n<meta name=\"twitter:card\" content=\"summary_large_image\" \/>\n<script type=\"application\/ld+json\" class=\"yoast-schema-graph\">{\"@context\":\"https:\/\/schema.org\",\"@graph\":[{\"@type\":\"WebPage\",\"@id\":\"https:\/\/colombia.agrolac.com\/zh-hans\/producto\/agrolarix\/\",\"url\":\"https:\/\/colombia.agrolac.com\/zh-hans\/producto\/agrolarix\/\",\"name\":\"Agrolarix\u00ae - Agrolac\",\"isPartOf\":{\"@id\":\"https:\/\/colombia.agrolac.com\/zh-hans\/#website\"},\"primaryImageOfPage\":{\"@id\":\"https:\/\/colombia.agrolac.com\/zh-hans\/producto\/agrolarix\/#primaryimage\"},\"image\":{\"@id\":\"https:\/\/colombia.agrolac.com\/zh-hans\/producto\/agrolarix\/#primaryimage\"},\"thumbnailUrl\":\"https:\/\/colombia.agrolac.com\/wp-content\/uploads\/2026\/01\/limonero-detalle.webp\",\"datePublished\":\"2026-01-08T21:39:57+00:00\",\"dateModified\":\"2026-03-02T18:22:28+00:00\",\"description\":\"Agrolarix\u00ae\u662f\u4e00\u79cd\u6e90\u81ea\u690d\u7269\u7684\u7eb3\u7c73\u80f6\u56ca\u751f\u7269\u523a\u6fc0\u5242\uff08DHQ\uff09\uff0c\u7528\u4e8e\u652f\u6301\u975e\u751f\u7269\u80c1\u8feb\u8010\u53d7\u6027\u4ee5\u53ca\u5f00\u82b1\u3001\u5750\u679c\u548c\u6210\u719f\u7b49\u9636\u6bb5\u3002\",\"breadcrumb\":{\"@id\":\"https:\/\/colombia.agrolac.com\/zh-hans\/producto\/agrolarix\/#breadcrumb\"},\"inLanguage\":\"zh-Hans\",\"potentialAction\":[{\"@type\":\"ReadAction\",\"target\":[\"https:\/\/colombia.agrolac.com\/zh-hans\/producto\/agrolarix\/\"]}]},{\"@type\":\"ImageObject\",\"inLanguage\":\"zh-Hans\",\"@id\":\"https:\/\/colombia.agrolac.com\/zh-hans\/producto\/agrolarix\/#primaryimage\",\"url\":\"https:\/\/colombia.agrolac.com\/wp-content\/uploads\/2026\/01\/limonero-detalle.webp\",\"contentUrl\":\"https:\/\/colombia.agrolac.com\/wp-content\/uploads\/2026\/01\/limonero-detalle.webp\",\"width\":1920,\"height\":1080},{\"@type\":\"BreadcrumbList\",\"@id\":\"https:\/\/colombia.agrolac.com\/zh-hans\/producto\/agrolarix\/#breadcrumb\",\"itemListElement\":[{\"@type\":\"ListItem\",\"position\":1,\"name\":\"\u9996\u9875\",\"item\":\"https:\/\/colombia.agrolac.com\/zh-hans\/home\/\"},{\"@type\":\"ListItem\",\"position\":2,\"name\":\"\u4ea7\u54c1\",\"item\":\"https:\/\/colombia.agrolac.com\/zh-hans\/products\/\"},{\"@type\":\"ListItem\",\"position\":3,\"name\":\"\u751f\u957f\u8c03\u8282\u5242\",\"item\":\"https:\/\/colombia.agrolac.com\/zh-hans\/categoria-producto\/%e7%94%9f%e9%95%bf%e8%b0%83%e8%8a%82%e5%89%82\/\"},{\"@type\":\"ListItem\",\"position\":4,\"name\":\"Agrolarix\u00ae\"}]},{\"@type\":\"WebSite\",\"@id\":\"https:\/\/colombia.agrolac.com\/zh-hans\/#website\",\"url\":\"https:\/\/colombia.agrolac.com\/zh-hans\/\",\"name\":\"VICORQUIMIA\",\"description\":\"Agrolac \u00e9s una empresa de Barcelona, fundada el 1982, especialitzada en distribuci\u00f3 de productes agroqu\u00edmics per a l&#039;agricultura europea.\",\"publisher\":{\"@id\":\"https:\/\/colombia.agrolac.com\/zh-hans\/#organization\"},\"potentialAction\":[{\"@type\":\"SearchAction\",\"target\":{\"@type\":\"EntryPoint\",\"urlTemplate\":\"https:\/\/colombia.agrolac.com\/zh-hans\/?s={search_term_string}\"},\"query-input\":{\"@type\":\"PropertyValueSpecification\",\"valueRequired\":true,\"valueName\":\"search_term_string\"}}],\"inLanguage\":\"zh-Hans\"},{\"@type\":\"Organization\",\"@id\":\"https:\/\/colombia.agrolac.com\/zh-hans\/#organization\",\"name\":\"VICORQUIMIA\",\"url\":\"https:\/\/colombia.agrolac.com\/zh-hans\/\",\"logo\":{\"@type\":\"ImageObject\",\"inLanguage\":\"zh-Hans\",\"@id\":\"https:\/\/colombia.agrolac.com\/zh-hans\/#\/schema\/logo\/image\/\",\"url\":\"https:\/\/colombia.agrolac.com\/wp-content\/uploads\/2025\/10\/agrolac-logo.svg\",\"contentUrl\":\"https:\/\/colombia.agrolac.com\/wp-content\/uploads\/2025\/10\/agrolac-logo.svg\",\"caption\":\"VICORQUIMIA\"},\"image\":{\"@id\":\"https:\/\/colombia.agrolac.com\/zh-hans\/#\/schema\/logo\/image\/\"},\"sameAs\":[\"https:\/\/www.linkedin.com\/company\/vicorquimia\/\"]}]}<\/script>\n<!-- \/ Yoast SEO plugin. -->","yoast_head_json":{"title":"Agrolarix\u00ae - Agrolac","description":"Agrolarix\u00ae\u662f\u4e00\u79cd\u6e90\u81ea\u690d\u7269\u7684\u7eb3\u7c73\u80f6\u56ca\u751f\u7269\u523a\u6fc0\u5242\uff08DHQ\uff09\uff0c\u7528\u4e8e\u652f\u6301\u975e\u751f\u7269\u80c1\u8feb\u8010\u53d7\u6027\u4ee5\u53ca\u5f00\u82b1\u3001\u5750\u679c\u548c\u6210\u719f\u7b49\u9636\u6bb5\u3002","robots":{"index":"index","follow":"follow","max-snippet":"max-snippet:-1","max-image-preview":"max-image-preview:large","max-video-preview":"max-video-preview:-1"},"canonical":"https:\/\/colombia.agrolac.com\/zh-hans\/producto\/agrolarix\/","og_locale":"zh_CN","og_type":"article","og_title":"Agrolarix\u00ae - Agrolac","og_description":"Agrolarix\u00ae\u662f\u4e00\u79cd\u6e90\u81ea\u690d\u7269\u7684\u7eb3\u7c73\u80f6\u56ca\u751f\u7269\u523a\u6fc0\u5242\uff08DHQ\uff09\uff0c\u7528\u4e8e\u652f\u6301\u975e\u751f\u7269\u80c1\u8feb\u8010\u53d7\u6027\u4ee5\u53ca\u5f00\u82b1\u3001\u5750\u679c\u548c\u6210\u719f\u7b49\u9636\u6bb5\u3002","og_url":"https:\/\/colombia.agrolac.com\/zh-hans\/producto\/agrolarix\/","og_site_name":"Agrolac","article_modified_time":"2026-03-02T18:22:28+00:00","og_image":[{"width":1920,"height":1080,"url":"https:\/\/colombia.agrolac.com\/wp-content\/uploads\/2026\/01\/limonero-detalle.webp","type":"image\/webp"}],"twitter_card":"summary_large_image","schema":{"@context":"https:\/\/schema.org","@graph":[{"@type":"WebPage","@id":"https:\/\/colombia.agrolac.com\/zh-hans\/producto\/agrolarix\/","url":"https:\/\/colombia.agrolac.com\/zh-hans\/producto\/agrolarix\/","name":"Agrolarix\u00ae - Agrolac","isPartOf":{"@id":"https:\/\/colombia.agrolac.com\/zh-hans\/#website"},"primaryImageOfPage":{"@id":"https:\/\/colombia.agrolac.com\/zh-hans\/producto\/agrolarix\/#primaryimage"},"image":{"@id":"https:\/\/colombia.agrolac.com\/zh-hans\/producto\/agrolarix\/#primaryimage"},"thumbnailUrl":"https:\/\/colombia.agrolac.com\/wp-content\/uploads\/2026\/01\/limonero-detalle.webp","datePublished":"2026-01-08T21:39:57+00:00","dateModified":"2026-03-02T18:22:28+00:00","description":"Agrolarix\u00ae\u662f\u4e00\u79cd\u6e90\u81ea\u690d\u7269\u7684\u7eb3\u7c73\u80f6\u56ca\u751f\u7269\u523a\u6fc0\u5242\uff08DHQ\uff09\uff0c\u7528\u4e8e\u652f\u6301\u975e\u751f\u7269\u80c1\u8feb\u8010\u53d7\u6027\u4ee5\u53ca\u5f00\u82b1\u3001\u5750\u679c\u548c\u6210\u719f\u7b49\u9636\u6bb5\u3002","breadcrumb":{"@id":"https:\/\/colombia.agrolac.com\/zh-hans\/producto\/agrolarix\/#breadcrumb"},"inLanguage":"zh-Hans","potentialAction":[{"@type":"ReadAction","target":["https:\/\/colombia.agrolac.com\/zh-hans\/producto\/agrolarix\/"]}]},{"@type":"ImageObject","inLanguage":"zh-Hans","@id":"https:\/\/colombia.agrolac.com\/zh-hans\/producto\/agrolarix\/#primaryimage","url":"https:\/\/colombia.agrolac.com\/wp-content\/uploads\/2026\/01\/limonero-detalle.webp","contentUrl":"https:\/\/colombia.agrolac.com\/wp-content\/uploads\/2026\/01\/limonero-detalle.webp","width":1920,"height":1080},{"@type":"BreadcrumbList","@id":"https:\/\/colombia.agrolac.com\/zh-hans\/producto\/agrolarix\/#breadcrumb","itemListElement":[{"@type":"ListItem","position":1,"name":"\u9996\u9875","item":"https:\/\/colombia.agrolac.com\/zh-hans\/home\/"},{"@type":"ListItem","position":2,"name":"\u4ea7\u54c1","item":"https:\/\/colombia.agrolac.com\/zh-hans\/products\/"},{"@type":"ListItem","position":3,"name":"\u751f\u957f\u8c03\u8282\u5242","item":"https:\/\/colombia.agrolac.com\/zh-hans\/categoria-producto\/%e7%94%9f%e9%95%bf%e8%b0%83%e8%8a%82%e5%89%82\/"},{"@type":"ListItem","position":4,"name":"Agrolarix\u00ae"}]},{"@type":"WebSite","@id":"https:\/\/colombia.agrolac.com\/zh-hans\/#website","url":"https:\/\/colombia.agrolac.com\/zh-hans\/","name":"VICORQUIMIA","description":"Agrolac \u00e9s una empresa de Barcelona, fundada el 1982, especialitzada en distribuci\u00f3 de productes agroqu\u00edmics per a l&#039;agricultura europea.","publisher":{"@id":"https:\/\/colombia.agrolac.com\/zh-hans\/#organization"},"potentialAction":[{"@type":"SearchAction","target":{"@type":"EntryPoint","urlTemplate":"https:\/\/colombia.agrolac.com\/zh-hans\/?s={search_term_string}"},"query-input":{"@type":"PropertyValueSpecification","valueRequired":true,"valueName":"search_term_string"}}],"inLanguage":"zh-Hans"},{"@type":"Organization","@id":"https:\/\/colombia.agrolac.com\/zh-hans\/#organization","name":"VICORQUIMIA","url":"https:\/\/colombia.agrolac.com\/zh-hans\/","logo":{"@type":"ImageObject","inLanguage":"zh-Hans","@id":"https:\/\/colombia.agrolac.com\/zh-hans\/#\/schema\/logo\/image\/","url":"https:\/\/colombia.agrolac.com\/wp-content\/uploads\/2025\/10\/agrolac-logo.svg","contentUrl":"https:\/\/colombia.agrolac.com\/wp-content\/uploads\/2025\/10\/agrolac-logo.svg","caption":"VICORQUIMIA"},"image":{"@id":"https:\/\/colombia.agrolac.com\/zh-hans\/#\/schema\/logo\/image\/"},"sameAs":["https:\/\/www.linkedin.com\/company\/vicorquimia\/"]}]}},"_links":{"self":[{"href":"https:\/\/colombia.agrolac.com\/zh-hans\/wp-json\/wp\/v2\/product\/7584","targetHints":{"allow":["GET"]}}],"collection":[{"href":"https:\/\/colombia.agrolac.com\/zh-hans\/wp-json\/wp\/v2\/product"}],"about":[{"href":"https:\/\/colombia.agrolac.com\/zh-hans\/wp-json\/wp\/v2\/types\/product"}],"replies":[{"embeddable":true,"href":"https:\/\/colombia.agrolac.com\/zh-hans\/wp-json\/wp\/v2\/comments?post=7584"}],"wp:featuredmedia":[{"embeddable":true,"href":"https:\/\/colombia.agrolac.com\/zh-hans\/wp-json\/wp\/v2\/media\/6417"}],"wp:attachment":[{"href":"https:\/\/colombia.agrolac.com\/zh-hans\/wp-json\/wp\/v2\/media?parent=7584"}],"wp:term":[{"taxonomy":"certificacion","embeddable":true,"href":"https:\/\/colombia.agrolac.com\/zh-hans\/wp-json\/wp\/v2\/certificacion?post=7584"},{"taxonomy":"cultivo","embeddable":true,"href":"https:\/\/colombia.agrolac.com\/zh-hans\/wp-json\/wp\/v2\/cultivo?post=7584"},{"taxonomy":"product_brand","embeddable":true,"href":"https:\/\/colombia.agrolac.com\/zh-hans\/wp-json\/wp\/v2\/product_brand?post=7584"},{"taxonomy":"product_cat","embeddable":true,"href":"https:\/\/colombia.agrolac.com\/zh-hans\/wp-json\/wp\/v2\/product_cat?post=7584"},{"taxonomy":"product_tag","embeddable":true,"href":"https:\/\/colombia.agrolac.com\/zh-hans\/wp-json\/wp\/v2\/product_tag?post=7584"}],"curies":[{"name":"wp","href":"https:\/\/api.w.org\/{rel}","templated":true}]}}