{"id":7595,"date":"2026-01-08T22:36:43","date_gmt":"2026-01-08T21:36:43","guid":{"rendered":"http:\/\/colombia.agrolac.com\/producto\/provic-amino\/"},"modified":"2026-03-02T19:22:30","modified_gmt":"2026-03-02T18:22:30","slug":"provic-amino","status":"publish","type":"product","link":"https:\/\/colombia.agrolac.com\/zh-hans\/producto\/provic-amino\/","title":{"rendered":"PROVIC\u00ae AMINO"},"content":{"rendered":"<p><strong>PROVIC\u00ae AMINO<\/strong>\u662f\u4e00\u79cd\u4ee5<b>\u6e38\u79bb\u6c28\u57fa\u9178<\/b>\u4e3a\u57fa\u7840\u7684<b>\u751f\u7269\u8425\u517b\u7d20<\/b>\uff08\u5929\u7136\u80a5\u6599\uff09\uff0c\u5728\u4f5c\u7269<b>\u6700\u9700\u8981\u7684<\/b>\u65f6\u5019\u4ee5\u53ca\u5728<b>\u975e\u751f\u7269\u80c1\u8feb<\/b>\uff08\u5982\u5e72\u65f1\u3001\u76d0\u78b1\u3001\u971c\u51bb\u3001\u690d\u7269\u6bd2\u6027\u3001\u51b0\u96f9\u6216\u5927\u98ce\uff09\u7684<b>\u60c5\u51b5\u4e0b<\/b>\uff0c\u5c06\u5176\u6574\u5408\u5230\u6a21\u5f0f\u4e2d\uff0c\u4e3a\u690d\u7269\u63d0\u4f9b\u652f\u6301\u3002\u4f5c\u4e3a\u65bd\u80a5\u8ba1\u5212\u7684\u4e00\u90e8\u5206\uff0c\u5b83\u8fd8\u52a0\u5165\u4e86<b>\u8150\u690d\u9178<\/b>\u548c<b>\u5bcc\u52d2\u9178<\/b>\uff0c\u65e8\u5728\u4fc3\u8fdb\u751f\u957f\u548c\u517b\u5206\u5411\u53f6\u7247\u7684\u8f6c\u5316\u3002<br \/>\n\u6c28\u57fa\u9178\u56fe\u5305\u62ec 16%\u7684\u6e38\u79bb\u6c28\u57fa\u9178\uff0c\u5982<b>\u8c37\u6c28\u9178\u3001\u812f\u6c28\u9178\u3001\u4e19\u6c28\u9178\u3001\u7518\u6c28\u9178<\/b>\u7b49\uff0c\u8fd9\u4e9b\u6c28\u57fa\u9178\u4e0e\u690d\u7269\u751f\u7406\u8fc7\u7a0b\uff08\u65b0\u9648\u4ee3\u8c22\u3001\u53f6\u7eff\u7d20\u3001\u6c34\u5206\u5e73\u8861\u3001<b>\u840c\u82bd<\/b>\uff09\u7684\u5173\u7cfb\u5728\u5c0f\u518c\u5b50\u4e2d\u5747\u6709\u63cf\u8ff0\u3002\u5b83\u53ef\u7528\u4e8e\u4fc3\u8fdb<b>\u840c\u82bd\u3001\u5f00\u82b1\u3001\u5750\u679c\u548c\u80a5\u80b2<\/b>\uff0c\u4e5f\u53ef\u4f5c\u4e3a\u80c1\u8feb\u540e\u7684\u5f3a\u5316\u5242\uff0c\u6839\u636e\u4f5c\u7269\u3001\u7269\u5019\u72b6\u6001\u548c\u7530\u95f4\u6761\u4ef6\u8c03\u6574\u5242\u91cf\u548c\u95f4\u9694\u65f6\u95f4\u3002   <\/p>\n<h3>\u4e3a\u4ec0\u4e48\u9009\u62e9 PROVIC\u00ae AMINO\uff1f<\/h3>\n<ul>\n<li><strong>\u538b\u529b\u4e0b\u7684\u751f\u7406\u652f\u6301\uff1a<\/strong>\u5e2e\u52a9\u690d\u7269\u5728\u4e0d\u5229\u6761\u4ef6\u4e0b\uff08\u7f3a\u6c34\u548c\u975e\u751f\u7269\u538b\u529b\uff09\u4fdd\u6301\u6d3b\u6027\u3002<\/li>\n<li><strong>\u4ee5\u5173\u952e\u9636\u6bb5\u4e3a\u5bfc\u5411\u7684\u6c28\u57fa\u9178\u56fe\uff1a<\/strong>\u8c37\u6c28\u9178\uff08\u523a\u6fc0\u5ae9\u53f6\u548c\u7cd6\u5206\u751f\u4ea7\uff09\u3001\u7518\u6c28\u9178\uff08\u4e0e\u53f6\u7eff\u7d20\u548c\u87af\u5408\u4f5c\u7528\u6709\u5173\u7684\u5408\u6210\uff1b\u6709\u5229\u4e8e\u65b0\u82bd\u751f\u957f\uff09\u3001\u4e19\u6c28\u9178\uff08\u4fc3\u8fdb\u53f6\u7eff\u7d20\u5408\u6210\uff09\u4ee5\u53ca\u86cb\u6c28\u9178\u3001\u812f\u6c28\u9178\u548c\u7cbe\u6c28\u9178\uff08\u6062\u590d\u6d3b\u529b\uff1b\u6839\u636e\u7269\u5019\u9636\u6bb5\u63d0\u4f9b\u690d\u7269\u6240\u9700\uff09\u3002<\/li>\n<li><strong>\u8150\u6b96\u9178-\u5bcc\u7ef4\u9178\u652f\u6301\uff1a<\/strong>\u542b\u6709<strong>\u8150\u6b96\u9178<\/strong>\u548c<strong>\u5bcc\u7ef4\u9178<\/strong>\uff0c\u524d\u8005\u80fd\u5728\u975e\u751f\u7269\u538b\u529b\u6761\u4ef6\u4e0b\u4fc3\u8fdb\u6709\u76ca\u7ec6\u83cc\u7684\u53d1\u5c55\uff0c\u4ece\u800c\u652f\u6301\u751f\u957f\uff1b\u540e\u8005\u80fd\u6700\u5927\u9650\u5ea6\u5730\u5c06\u517b\u5206\u8f6c\u79fb\u5230\u53f6\u7247\u4e0a\uff0c\u4ece\u800c\u51cf\u5c11\u80a5\u6599\u9700\u6c42\u91cf\u3002<\/li>\n<li><strong>\u87af\u5408\u4f5c\u7528\uff1a<\/strong>\u6709\u52a9\u4e8e\u590d\u5408\u571f\u58e4\u4e2d\u7684\u77ff\u7269\u8d28\uff0c\u4f7f\u690d\u7269\u5feb\u901f\u5438\u6536\uff0c\u4ece\u800c\u51cf\u5c11\u80a5\u6599\u7528\u91cf\u3002<\/li>\n<\/ul>\n<h3>\u5e94\u7528\u548c\u7528\u91cf\uff08\u6839\u636e\u6807\u7b7e\uff09<\/h3>\n<ul>\n<li><strong>\u6b63\u5e38\u55b7\u6d12\uff1a<\/strong>2-3 \u6beb\u5347\/\u5347\uff080.2-0.3%\uff09\u3002<\/li>\n<li><strong>\u4f4e\u7528\u91cf\uff1a<\/strong>2-3 \u5347\/\u516c\u9877\u3002<\/li>\n<li><strong>\u65bd\u80a5\uff08\u6839\u90e8\u65bd\u80a5\uff09\uff1a<\/strong>3-4 \u5347\/\u516c\u9877\u3002<\/li>\n<li><strong>\u95f4\u9694\uff1a<\/strong>14-21 \u5929\uff0c\u53d6\u51b3\u4e8e\u4f5c\u7269\u548c\u53d1\u80b2\u5468\u671f\u7684\u65f6\u95f4\u3002<\/li>\n<\/ul>\n<p><strong>\u5728\u80c1\u8feb\u60c5\u51b5\u4e0b\uff1a<\/strong>\u5728\u690d\u7269\u5f00\u59cb\u53d7\u5230\u5f71\u54cd\u65f6\u548c\/\u6216\u51b0\u96f9\u3001\u971c\u51bb\u3001\u70ed\u80c1\u8feb\u6216\u5927\u98ce\u540e\u7684 24-72 \u5c0f\u65f6\u5185\u65bd\u7528 2-4 \u6b21\u3002<br \/>\n<strong>\u4ece\u6781\u7aef\u80c1\u8feb<\/strong>\uff08\u76d0\u5ea6\u3001\u971c\u51bb\u3001\u5e72\u65f1\u3001\u6d2a\u6c34\u3001\u51b0\u96f9\u3001\u690d\u7269\u6bd2\u6027\u7b49\uff09\u4e2d<strong>\u6062\u590d<\/strong>\uff1a\u65bd\u7528 4 \u6beb\u5347\/\u5347\uff080.4%\uff09\u6216 4 \u5347\/\u516c\u9877\uff0c\u6bcf\u9694 14 \u5929\u91cd\u590d\u65bd\u7528\u4e24\u6b21\u3002<\/p>\n<h3>\u5efa\u8bae\u4f7f\u7528\u65f6\u95f4<\/h3>\n<p>\u5728\u4f5c\u7269\u9700\u6c42\u6700\u5927\u65f6\u4f7f\u7528\uff1a  <strong>\u79fb\u690d\u540e<\/strong>\u3001  <strong>\u5f00\u59cb\u53d1\u82bd<\/strong>\u3001  <strong>\u53f6\u7247\u53d1\u80b2<\/strong>\u3001  <strong>\u82b1\u671f<\/strong>\u3001<strong>\u5750\u679c\u671f<\/strong>\u3001<strong>\u80a5\u80b2<\/strong>\u671f\u3001<strong>\u679c\u6838\u786c\u5316\u671f<\/strong>\u4ee5\u53ca<strong>\u6536\u83b7\u524d\u4e00\u4e2a\u6708<\/strong>\u3002<\/p>\n<h3>\u5907\u6ce8\u548c\u517c\u5bb9\u6027\uff1a<\/h3>\n<p>\u8bf7\u52ff\u5728<strong>30 \u00baC<\/strong> \u4ee5\u4e0a\u7684\u6e29\u5ea6\u4e0b\u8fdb\u884c\u5904\u7406\u3002\u8bf7\u52ff\u4e0e<strong>\u9521\u57fa<\/strong>\u4ea7\u54c1\u548c<strong>\u77ff\u7269\u6cb9<\/strong>\u6df7\u5408\u3002 <\/p>\n","protected":false},"excerpt":{"rendered":"<p>\u4ee5\u6c28\u57fa\u9178\u4e3a\u57fa\u7840\u7684\u4ea7\u54c1\uff0c\u65e8\u5728\u652f\u6301\u65b0\u9648\u4ee3\u8c22\u6d3b\u52a8\u548c\u4f5c\u7269\u6d3b\u529b\u3002<\/p>\n","protected":false},"featured_media":6399,"comment_status":"closed","ping_status":"closed","template":"","meta":{"_acf_changed":false},"certificacion":[427,435],"cultivo":[504,513,506,736,503,1089,512,1202,1193,511,1090,1456,505,1205,1208],"product_brand":[],"product_cat":[399],"product_tag":[],"class_list":{"0":"post-7595","1":"product","2":"type-product","3":"status-publish","4":"has-post-thumbnail","6":"certificacion-427","7":"certificacion-435","8":"cultivo-504","9":"cultivo-513","10":"cultivo-506","11":"cultivo-736","12":"cultivo-503","13":"cultivo-1089","14":"cultivo-512","15":"cultivo-1202","16":"cultivo-1193","17":"cultivo-511","18":"cultivo-1090","19":"cultivo-1456","20":"cultivo-505","21":"cultivo-1205","22":"cultivo-1208","23":"product_cat-399","25":"first","26":"instock","27":"shipping-taxable","28":"product-type-simple"},"acf":[],"yoast_head":"<!-- This site is optimized with the Yoast SEO plugin v27.2 - https:\/\/yoast.com\/product\/yoast-seo-wordpress\/ -->\n<title>PROVIC\u00ae AMINO \u6e38\u79bb\u6c28\u57fa\u9178\u7684\u538b\u529b 16%sep%% Agrolac%Agrolac%Agrolac%Agrolac%%%sitename<\/title>\n<meta name=\"description\" content=\"\u542b 16% \u6e38\u79bb\u6c28\u57fa\u9178\uff08SL\uff09\u7684\u751f\u7269\u523a\u6fc0\u5242\uff0c\u7528\u4e8e\u53f6\u9762\u55b7\u65bd\u548c\u704c\u6e89\u65bd\u80a5\u3002\u6297\u65f1\u3001\u6297\u76d0\u78b1\u3001\u6297\u971c\u51bb\u3001\u6297\u690d\u7269\u6bd2\u6027\u3002\" \/>\n<meta name=\"robots\" content=\"index, follow, max-snippet:-1, max-image-preview:large, max-video-preview:-1\" \/>\n<link rel=\"canonical\" href=\"https:\/\/colombia.agrolac.com\/zh-hans\/producto\/provic-amino\/\" \/>\n<meta property=\"og:locale\" content=\"zh_CN\" \/>\n<meta property=\"og:type\" content=\"article\" \/>\n<meta property=\"og:title\" content=\"PROVIC\u00ae AMINO \u6e38\u79bb\u6c28\u57fa\u9178\u7684\u538b\u529b 16%sep%% Agrolac%Agrolac%Agrolac%Agrolac%%%sitename\" \/>\n<meta property=\"og:description\" content=\"\u542b 16% \u6e38\u79bb\u6c28\u57fa\u9178\uff08SL\uff09\u7684\u751f\u7269\u523a\u6fc0\u5242\uff0c\u7528\u4e8e\u53f6\u9762\u55b7\u65bd\u548c\u704c\u6e89\u65bd\u80a5\u3002\u6297\u65f1\u3001\u6297\u76d0\u78b1\u3001\u6297\u971c\u51bb\u3001\u6297\u690d\u7269\u6bd2\u6027\u3002\" \/>\n<meta property=\"og:url\" content=\"https:\/\/colombia.agrolac.com\/zh-hans\/producto\/provic-amino\/\" \/>\n<meta property=\"og:site_name\" content=\"Agrolac\" \/>\n<meta property=\"article:modified_time\" content=\"2026-03-02T18:22:30+00:00\" \/>\n<meta property=\"og:image\" content=\"https:\/\/colombia.agrolac.com\/wp-content\/uploads\/2026\/01\/tomatera-invernadero.webp\" \/>\n\t<meta property=\"og:image:width\" content=\"1920\" \/>\n\t<meta property=\"og:image:height\" content=\"1062\" \/>\n\t<meta property=\"og:image:type\" content=\"image\/webp\" \/>\n<meta name=\"twitter:card\" content=\"summary_large_image\" \/>\n<script type=\"application\/ld+json\" class=\"yoast-schema-graph\">{\"@context\":\"https:\/\/schema.org\",\"@graph\":[{\"@type\":\"WebPage\",\"@id\":\"https:\/\/colombia.agrolac.com\/zh-hans\/producto\/provic-amino\/\",\"url\":\"https:\/\/colombia.agrolac.com\/zh-hans\/producto\/provic-amino\/\",\"name\":\"PROVIC\u00ae AMINO \u6e38\u79bb\u6c28\u57fa\u9178\u7684\u538b\u529b 16%sep%% Agrolac%Agrolac%Agrolac%Agrolac%%%sitename\",\"isPartOf\":{\"@id\":\"https:\/\/colombia.agrolac.com\/zh-hans\/#website\"},\"primaryImageOfPage\":{\"@id\":\"https:\/\/colombia.agrolac.com\/zh-hans\/producto\/provic-amino\/#primaryimage\"},\"image\":{\"@id\":\"https:\/\/colombia.agrolac.com\/zh-hans\/producto\/provic-amino\/#primaryimage\"},\"thumbnailUrl\":\"https:\/\/colombia.agrolac.com\/wp-content\/uploads\/2026\/01\/tomatera-invernadero.webp\",\"datePublished\":\"2026-01-08T21:36:43+00:00\",\"dateModified\":\"2026-03-02T18:22:30+00:00\",\"description\":\"\u542b 16% \u6e38\u79bb\u6c28\u57fa\u9178\uff08SL\uff09\u7684\u751f\u7269\u523a\u6fc0\u5242\uff0c\u7528\u4e8e\u53f6\u9762\u55b7\u65bd\u548c\u704c\u6e89\u65bd\u80a5\u3002\u6297\u65f1\u3001\u6297\u76d0\u78b1\u3001\u6297\u971c\u51bb\u3001\u6297\u690d\u7269\u6bd2\u6027\u3002\",\"breadcrumb\":{\"@id\":\"https:\/\/colombia.agrolac.com\/zh-hans\/producto\/provic-amino\/#breadcrumb\"},\"inLanguage\":\"zh-Hans\",\"potentialAction\":[{\"@type\":\"ReadAction\",\"target\":[\"https:\/\/colombia.agrolac.com\/zh-hans\/producto\/provic-amino\/\"]}]},{\"@type\":\"ImageObject\",\"inLanguage\":\"zh-Hans\",\"@id\":\"https:\/\/colombia.agrolac.com\/zh-hans\/producto\/provic-amino\/#primaryimage\",\"url\":\"https:\/\/colombia.agrolac.com\/wp-content\/uploads\/2026\/01\/tomatera-invernadero.webp\",\"contentUrl\":\"https:\/\/colombia.agrolac.com\/wp-content\/uploads\/2026\/01\/tomatera-invernadero.webp\",\"width\":1920,\"height\":1062},{\"@type\":\"BreadcrumbList\",\"@id\":\"https:\/\/colombia.agrolac.com\/zh-hans\/producto\/provic-amino\/#breadcrumb\",\"itemListElement\":[{\"@type\":\"ListItem\",\"position\":1,\"name\":\"\u9996\u9875\",\"item\":\"https:\/\/colombia.agrolac.com\/zh-hans\/home\/\"},{\"@type\":\"ListItem\",\"position\":2,\"name\":\"\u4ea7\u54c1\",\"item\":\"https:\/\/colombia.agrolac.com\/zh-hans\/products\/\"},{\"@type\":\"ListItem\",\"position\":3,\"name\":\"\u80a5\u6599\",\"item\":\"https:\/\/colombia.agrolac.com\/zh-hans\/categoria-producto\/%e8%82%a5%e6%96%99\/\"},{\"@type\":\"ListItem\",\"position\":4,\"name\":\"PROVIC\u00ae AMINO\"}]},{\"@type\":\"WebSite\",\"@id\":\"https:\/\/colombia.agrolac.com\/zh-hans\/#website\",\"url\":\"https:\/\/colombia.agrolac.com\/zh-hans\/\",\"name\":\"VICORQUIMIA\",\"description\":\"Agrolac \u00e9s una empresa de Barcelona, fundada el 1982, especialitzada en distribuci\u00f3 de productes agroqu\u00edmics per a l&#039;agricultura europea.\",\"publisher\":{\"@id\":\"https:\/\/colombia.agrolac.com\/zh-hans\/#organization\"},\"potentialAction\":[{\"@type\":\"SearchAction\",\"target\":{\"@type\":\"EntryPoint\",\"urlTemplate\":\"https:\/\/colombia.agrolac.com\/zh-hans\/?s={search_term_string}\"},\"query-input\":{\"@type\":\"PropertyValueSpecification\",\"valueRequired\":true,\"valueName\":\"search_term_string\"}}],\"inLanguage\":\"zh-Hans\"},{\"@type\":\"Organization\",\"@id\":\"https:\/\/colombia.agrolac.com\/zh-hans\/#organization\",\"name\":\"VICORQUIMIA\",\"url\":\"https:\/\/colombia.agrolac.com\/zh-hans\/\",\"logo\":{\"@type\":\"ImageObject\",\"inLanguage\":\"zh-Hans\",\"@id\":\"https:\/\/colombia.agrolac.com\/zh-hans\/#\/schema\/logo\/image\/\",\"url\":\"https:\/\/colombia.agrolac.com\/wp-content\/uploads\/2025\/10\/agrolac-logo.svg\",\"contentUrl\":\"https:\/\/colombia.agrolac.com\/wp-content\/uploads\/2025\/10\/agrolac-logo.svg\",\"caption\":\"VICORQUIMIA\"},\"image\":{\"@id\":\"https:\/\/colombia.agrolac.com\/zh-hans\/#\/schema\/logo\/image\/\"},\"sameAs\":[\"https:\/\/www.linkedin.com\/company\/vicorquimia\/\"]}]}<\/script>\n<!-- \/ Yoast SEO plugin. -->","yoast_head_json":{"title":"PROVIC\u00ae AMINO \u6e38\u79bb\u6c28\u57fa\u9178\u7684\u538b\u529b 16%sep%% Agrolac%Agrolac%Agrolac%Agrolac%%%sitename","description":"\u542b 16% \u6e38\u79bb\u6c28\u57fa\u9178\uff08SL\uff09\u7684\u751f\u7269\u523a\u6fc0\u5242\uff0c\u7528\u4e8e\u53f6\u9762\u55b7\u65bd\u548c\u704c\u6e89\u65bd\u80a5\u3002\u6297\u65f1\u3001\u6297\u76d0\u78b1\u3001\u6297\u971c\u51bb\u3001\u6297\u690d\u7269\u6bd2\u6027\u3002","robots":{"index":"index","follow":"follow","max-snippet":"max-snippet:-1","max-image-preview":"max-image-preview:large","max-video-preview":"max-video-preview:-1"},"canonical":"https:\/\/colombia.agrolac.com\/zh-hans\/producto\/provic-amino\/","og_locale":"zh_CN","og_type":"article","og_title":"PROVIC\u00ae AMINO \u6e38\u79bb\u6c28\u57fa\u9178\u7684\u538b\u529b 16%sep%% Agrolac%Agrolac%Agrolac%Agrolac%%%sitename","og_description":"\u542b 16% \u6e38\u79bb\u6c28\u57fa\u9178\uff08SL\uff09\u7684\u751f\u7269\u523a\u6fc0\u5242\uff0c\u7528\u4e8e\u53f6\u9762\u55b7\u65bd\u548c\u704c\u6e89\u65bd\u80a5\u3002\u6297\u65f1\u3001\u6297\u76d0\u78b1\u3001\u6297\u971c\u51bb\u3001\u6297\u690d\u7269\u6bd2\u6027\u3002","og_url":"https:\/\/colombia.agrolac.com\/zh-hans\/producto\/provic-amino\/","og_site_name":"Agrolac","article_modified_time":"2026-03-02T18:22:30+00:00","og_image":[{"width":1920,"height":1062,"url":"https:\/\/colombia.agrolac.com\/wp-content\/uploads\/2026\/01\/tomatera-invernadero.webp","type":"image\/webp"}],"twitter_card":"summary_large_image","schema":{"@context":"https:\/\/schema.org","@graph":[{"@type":"WebPage","@id":"https:\/\/colombia.agrolac.com\/zh-hans\/producto\/provic-amino\/","url":"https:\/\/colombia.agrolac.com\/zh-hans\/producto\/provic-amino\/","name":"PROVIC\u00ae AMINO \u6e38\u79bb\u6c28\u57fa\u9178\u7684\u538b\u529b 16%sep%% Agrolac%Agrolac%Agrolac%Agrolac%%%sitename","isPartOf":{"@id":"https:\/\/colombia.agrolac.com\/zh-hans\/#website"},"primaryImageOfPage":{"@id":"https:\/\/colombia.agrolac.com\/zh-hans\/producto\/provic-amino\/#primaryimage"},"image":{"@id":"https:\/\/colombia.agrolac.com\/zh-hans\/producto\/provic-amino\/#primaryimage"},"thumbnailUrl":"https:\/\/colombia.agrolac.com\/wp-content\/uploads\/2026\/01\/tomatera-invernadero.webp","datePublished":"2026-01-08T21:36:43+00:00","dateModified":"2026-03-02T18:22:30+00:00","description":"\u542b 16% \u6e38\u79bb\u6c28\u57fa\u9178\uff08SL\uff09\u7684\u751f\u7269\u523a\u6fc0\u5242\uff0c\u7528\u4e8e\u53f6\u9762\u55b7\u65bd\u548c\u704c\u6e89\u65bd\u80a5\u3002\u6297\u65f1\u3001\u6297\u76d0\u78b1\u3001\u6297\u971c\u51bb\u3001\u6297\u690d\u7269\u6bd2\u6027\u3002","breadcrumb":{"@id":"https:\/\/colombia.agrolac.com\/zh-hans\/producto\/provic-amino\/#breadcrumb"},"inLanguage":"zh-Hans","potentialAction":[{"@type":"ReadAction","target":["https:\/\/colombia.agrolac.com\/zh-hans\/producto\/provic-amino\/"]}]},{"@type":"ImageObject","inLanguage":"zh-Hans","@id":"https:\/\/colombia.agrolac.com\/zh-hans\/producto\/provic-amino\/#primaryimage","url":"https:\/\/colombia.agrolac.com\/wp-content\/uploads\/2026\/01\/tomatera-invernadero.webp","contentUrl":"https:\/\/colombia.agrolac.com\/wp-content\/uploads\/2026\/01\/tomatera-invernadero.webp","width":1920,"height":1062},{"@type":"BreadcrumbList","@id":"https:\/\/colombia.agrolac.com\/zh-hans\/producto\/provic-amino\/#breadcrumb","itemListElement":[{"@type":"ListItem","position":1,"name":"\u9996\u9875","item":"https:\/\/colombia.agrolac.com\/zh-hans\/home\/"},{"@type":"ListItem","position":2,"name":"\u4ea7\u54c1","item":"https:\/\/colombia.agrolac.com\/zh-hans\/products\/"},{"@type":"ListItem","position":3,"name":"\u80a5\u6599","item":"https:\/\/colombia.agrolac.com\/zh-hans\/categoria-producto\/%e8%82%a5%e6%96%99\/"},{"@type":"ListItem","position":4,"name":"PROVIC\u00ae AMINO"}]},{"@type":"WebSite","@id":"https:\/\/colombia.agrolac.com\/zh-hans\/#website","url":"https:\/\/colombia.agrolac.com\/zh-hans\/","name":"VICORQUIMIA","description":"Agrolac \u00e9s una empresa de Barcelona, fundada el 1982, especialitzada en distribuci\u00f3 de productes agroqu\u00edmics per a l&#039;agricultura europea.","publisher":{"@id":"https:\/\/colombia.agrolac.com\/zh-hans\/#organization"},"potentialAction":[{"@type":"SearchAction","target":{"@type":"EntryPoint","urlTemplate":"https:\/\/colombia.agrolac.com\/zh-hans\/?s={search_term_string}"},"query-input":{"@type":"PropertyValueSpecification","valueRequired":true,"valueName":"search_term_string"}}],"inLanguage":"zh-Hans"},{"@type":"Organization","@id":"https:\/\/colombia.agrolac.com\/zh-hans\/#organization","name":"VICORQUIMIA","url":"https:\/\/colombia.agrolac.com\/zh-hans\/","logo":{"@type":"ImageObject","inLanguage":"zh-Hans","@id":"https:\/\/colombia.agrolac.com\/zh-hans\/#\/schema\/logo\/image\/","url":"https:\/\/colombia.agrolac.com\/wp-content\/uploads\/2025\/10\/agrolac-logo.svg","contentUrl":"https:\/\/colombia.agrolac.com\/wp-content\/uploads\/2025\/10\/agrolac-logo.svg","caption":"VICORQUIMIA"},"image":{"@id":"https:\/\/colombia.agrolac.com\/zh-hans\/#\/schema\/logo\/image\/"},"sameAs":["https:\/\/www.linkedin.com\/company\/vicorquimia\/"]}]}},"_links":{"self":[{"href":"https:\/\/colombia.agrolac.com\/zh-hans\/wp-json\/wp\/v2\/product\/7595","targetHints":{"allow":["GET"]}}],"collection":[{"href":"https:\/\/colombia.agrolac.com\/zh-hans\/wp-json\/wp\/v2\/product"}],"about":[{"href":"https:\/\/colombia.agrolac.com\/zh-hans\/wp-json\/wp\/v2\/types\/product"}],"replies":[{"embeddable":true,"href":"https:\/\/colombia.agrolac.com\/zh-hans\/wp-json\/wp\/v2\/comments?post=7595"}],"wp:featuredmedia":[{"embeddable":true,"href":"https:\/\/colombia.agrolac.com\/zh-hans\/wp-json\/wp\/v2\/media\/6399"}],"wp:attachment":[{"href":"https:\/\/colombia.agrolac.com\/zh-hans\/wp-json\/wp\/v2\/media?parent=7595"}],"wp:term":[{"taxonomy":"certificacion","embeddable":true,"href":"https:\/\/colombia.agrolac.com\/zh-hans\/wp-json\/wp\/v2\/certificacion?post=7595"},{"taxonomy":"cultivo","embeddable":true,"href":"https:\/\/colombia.agrolac.com\/zh-hans\/wp-json\/wp\/v2\/cultivo?post=7595"},{"taxonomy":"product_brand","embeddable":true,"href":"https:\/\/colombia.agrolac.com\/zh-hans\/wp-json\/wp\/v2\/product_brand?post=7595"},{"taxonomy":"product_cat","embeddable":true,"href":"https:\/\/colombia.agrolac.com\/zh-hans\/wp-json\/wp\/v2\/product_cat?post=7595"},{"taxonomy":"product_tag","embeddable":true,"href":"https:\/\/colombia.agrolac.com\/zh-hans\/wp-json\/wp\/v2\/product_tag?post=7595"}],"curies":[{"name":"wp","href":"https:\/\/api.w.org\/{rel}","templated":true}]}}