{"id":7635,"date":"2026-01-08T22:18:43","date_gmt":"2026-01-08T21:18:43","guid":{"rendered":"http:\/\/colombia.agrolac.com\/producto\/agrolac-%e5%8c%96%e5%a6%86%e5%93%81\/"},"modified":"2026-03-02T19:22:59","modified_gmt":"2026-03-02T18:22:59","slug":"agrolac-%e5%8c%96%e5%a6%86%e5%93%81","status":"publish","type":"product","link":"https:\/\/colombia.agrolac.com\/zh-hans\/producto\/agrolac-%e5%8c%96%e5%a6%86%e5%93%81\/","title":{"rendered":"Agrolac\u00ae \u5316\u5986\u54c1"},"content":{"rendered":"<h2>Agrolac\u00ae \u5316\u5986\u54c1<\/h2>\n<p><strong>AGROLAC\u00ae COSMETIC<\/strong>\u542b\u6709\u9499\uff08Ca\uff09\u548c\u9541\uff08Mg\uff09\u7b49<strong>\u6b21\u8981\u5b8f\u91cf\u5143\u7d20<\/strong>\uff0c\u4ee5\u53ca\u9530\uff08Mn\uff09\u3001\u950c\uff08Zn\uff09\u3001\u787c\uff08B\uff09\u548c\u94b4\uff08Co\uff09\u7b49<strong>\u5fae\u91cf\u5143\u7d20<\/strong>\uff0c\u8fd8\u6709\u63d0\u4f9b<strong>\u6d77\u85fb<\/strong>\u9178\u3001\u7518\u9732\u9187\u3001\u751c\u83dc\u78b1\u3001\u591a\u80fa\u548c\u591a\u7cd6\u7684<strong>\u6d77\u85fb\u63d0\u53d6\u7269<\/strong>\u3002<\/p>\n<p>\u5176\u914d\u65b9\u4e2d\u7684<strong>\u5c3f\u9178<\/strong>\u53ef\u4fc3\u8fdb<strong>\u5185\u6e90\u8f85\u9176<\/strong>\u3001\u53f6\u7eff\u7d20\u548c\u86cb\u767d\u8d28\u7684\u5f62\u6210\uff0c\u5e76\u6fc0\u6d3b<strong>\u78b3\u6c34\u5316\u5408\u7269\u4ee3\u8c22<\/strong>\u548c<strong>\u4ee3\u8c22\u6c27\u5316\u8fd8\u539f<\/strong>\u8fc7\u7a0b\u4e2d\u7684\u9176\u3002<\/p>\n<p><strong>AGROLAC\u00ae COSMETIC<\/strong>\u53ef\u4fc3\u8fdb<strong>\u82b1\u6735\u53d7\u7cbe<\/strong>\u548c<strong>\u5438\u6c34<\/strong>\uff0c\u5e76\u6709\u52a9\u4e8e\u4fc3\u8fdb\u6c2e\u3001\u6838\u9178\u3001\u7ef4\u751f\u7d20 C \u548c\u78b3\u6c34\u5316\u5408\u7269\u7684<strong>\u5438\u6536<\/strong>\uff0c\u6709\u5229\u4e8e<strong>\u6c41\u6db2\u901a\u8fc7\u97e7\u76ae\u90e8<\/strong>\u8fdb\u5165\u679c\u5b9e\u3002<\/p>\n<p>\u8be5\u4ea7\u54c1\u8fd8\u542b\u6709\u03b3-\u805a<strong>\u8c37\u6c28\u9178<\/strong>\u548c<strong>\u6e38\u79bb\u6c28\u57fa\u9178<\/strong>\u3002\u8fd9\u4e9b\u6c28\u57fa\u9178\u5305\u62ec\u8c37\u6c28\u9178\u3001\u4e19\u6c28\u9178\u3001\u86cb\u6c28\u9178\u3001\u7cbe\u6c28\u9178\u3001\u7518\u6c28\u9178\u3001\u812f\u6c28\u9178\u548c\u916a\u6c28\u9178\uff0c\u5b83\u4eec\u4e0e\u53f6\u7eff\u7d20\u5408\u6210\u3001\u6839\u7cfb\u751f\u957f\u3001\u65b0\u82bd\u5f62\u6210\u7b49\u529f\u80fd\u6709\u5173\uff0c\u5e76\u6839\u636e\u4e0d\u540c\u7684\u7269\u5019\u9636\u6bb5\u652f\u6301\u690d\u7269\u7684\u751f\u7406\u5e73\u8861\u3002 <\/p>\n<p>\u65bd\u5165\u571f\u58e4\u540e\uff0c<strong>AGROLAC\u00ae COSMETIC \u53ef<\/strong>\u63d0\u4f9b\u4eb2\u6c34\u6027\uff0c\u63d0\u9ad8\u517b\u5206\u5438\u6536\u7387\uff0c\u5e2e\u52a9\u5e73\u8861<strong>\u571f\u58e4 pH \u503c<\/strong>\uff0c\u6709\u5229\u4e8e\u91cd\u91d1\u5c5e\u79bb\u5b50\u7684<strong>\u87af\u5408\u4f5c\u7528<\/strong>\uff0c\u5e76\u589e\u5f3a\u5bf9\u4f20\u7edf\u80a5\u6599\u7684\u5438\u6536\u3002<\/p>\n<h3>\u519c\u827a\u6548\u76ca<\/h3>\n<ul>\n<li><strong>\u5747\u8861\u4f9b\u5e94\u5b8f\u91cf\u548c\u5fae\u91cf\u5143\u7d20<\/strong>\u3002<\/li>\n<li><strong>\u523a\u6fc0\u53f6\u7eff\u7d20\u3001\u86cb\u767d\u8d28\u548c\u5185\u6e90\u8f85\u9176\u7684\u5f62\u6210<\/strong>\u3002<\/li>\n<li><strong>\u6fc0\u6d3b\u78b3\u6c34\u5316\u5408\u7269\u4ee3\u8c22<\/strong>\u548c\u6c27\u5316\u8fd8\u539f\u8fc7\u7a0b\u3002<\/li>\n<li><strong>\u4fc3\u8fdb\u6811\u6db2\u6d41\u5411<\/strong>\u679c\u5b9e\u3002<\/li>\n<li><strong>\u6539\u8fdb\u517b\u5206\u548c\u80a5\u6599\u7684\u4f7f\u7528<\/strong>\u3002<\/li>\n<\/ul>\n<p>&nbsp;<\/p>\n<h3>\u5e94\u7528<\/h3>\n<p><strong>AGROLAC\u00ae COSMETIC<\/strong>\u662f\u4e00\u79cd\u7528\u4e8e<strong>\u53f6\u9762\u55b7\u65bd\u548c\u704c\u6e89\u7684<\/strong>\u80a5\u6599\u3002\u4f7f\u7528\u65f6\u5e94\u6839\u636e\u4f5c\u7269\u7684\u9700\u8981\u548c\u519c\u827a\u6761\u4ef6\u8c03\u6574\u7528\u91cf\u548c\u65bd\u80a5\u65f6\u95f4\u3002 <\/p>\n<h3>\u5907\u6ce8<\/h3>\n<p>\u8bf7\u52ff\u5728 30 \u00baC \u4ee5\u4e0a\u7684\u6e29\u5ea6\u4e0b\u8fdb\u884c\u5904\u7406\u3002\u8bf7\u52ff\u4e0e\u9521\u57fa\u4ea7\u54c1\u6216\u77ff\u7269\u6cb9\u6df7\u5408\u3002 <\/p>\n","protected":false},"excerpt":{"rendered":"<p>\u65e8\u5728\u6539\u5584\u4f5c\u7269\u540e\u671f\u679c\u5b9e\u5916\u89c2\u548c\u89c6\u89c9\u8d28\u91cf\u7684\u4ea7\u54c1\u3002<\/p>\n","protected":false},"featured_media":6314,"comment_status":"closed","ping_status":"closed","template":"","meta":{"_acf_changed":false},"certificacion":[435],"cultivo":[1150,504,513,506,736,503,1089,512,1152,1202,1193,511,1090,1456,505,1205,1208],"product_brand":[],"product_cat":[399],"product_tag":[],"class_list":{"0":"post-7635","1":"product","2":"type-product","3":"status-publish","4":"has-post-thumbnail","6":"certificacion-435","7":"cultivo-1150","8":"cultivo-504","9":"cultivo-513","10":"cultivo-506","11":"cultivo-736","12":"cultivo-503","13":"cultivo-1089","14":"cultivo-512","15":"cultivo-1152","16":"cultivo-1202","17":"cultivo-1193","18":"cultivo-511","19":"cultivo-1090","20":"cultivo-1456","21":"cultivo-505","22":"cultivo-1205","23":"cultivo-1208","24":"product_cat-399","26":"first","27":"instock","28":"shipping-taxable","29":"product-type-simple"},"acf":[],"yoast_head":"<!-- This site is optimized with the Yoast SEO plugin v27.2 - https:\/\/yoast.com\/product\/yoast-seo-wordpress\/ -->\n<title>Agrolac\u00ae \u5316\u5986\u54c1 - Agrolac<\/title>\n<meta name=\"description\" content=\"Agrolac\u00ae \u5316\u5986\u54c1\u662f\u4e00\u79cd\u53f6\u9762\u80a5\u548c\u704c\u6e89\u80a5\uff0c\u542b\u6709\u9499\u3001\u9541\u3001\u5fae\u91cf\u5143\u7d20\u3001\u6d77\u85fb\u63d0\u53d6\u7269\u3001\u03b3-\u805a\u8c37\u6c28\u9178\u548c\u6c28\u57fa\u9178\u3002\" \/>\n<meta name=\"robots\" content=\"index, follow, max-snippet:-1, max-image-preview:large, max-video-preview:-1\" \/>\n<link rel=\"canonical\" href=\"https:\/\/colombia.agrolac.com\/zh-hans\/producto\/agrolac-%e5%8c%96%e5%a6%86%e5%93%81\/\" \/>\n<meta property=\"og:locale\" content=\"zh_CN\" \/>\n<meta property=\"og:type\" content=\"article\" \/>\n<meta property=\"og:title\" content=\"Agrolac\u00ae \u5316\u5986\u54c1 - Agrolac\" \/>\n<meta property=\"og:description\" content=\"Agrolac\u00ae \u5316\u5986\u54c1\u662f\u4e00\u79cd\u53f6\u9762\u80a5\u548c\u704c\u6e89\u80a5\uff0c\u542b\u6709\u9499\u3001\u9541\u3001\u5fae\u91cf\u5143\u7d20\u3001\u6d77\u85fb\u63d0\u53d6\u7269\u3001\u03b3-\u805a\u8c37\u6c28\u9178\u548c\u6c28\u57fa\u9178\u3002\" \/>\n<meta property=\"og:url\" content=\"https:\/\/colombia.agrolac.com\/zh-hans\/producto\/agrolac-%e5%8c%96%e5%a6%86%e5%93%81\/\" \/>\n<meta property=\"og:site_name\" content=\"Agrolac\" \/>\n<meta property=\"article:modified_time\" content=\"2026-03-02T18:22:59+00:00\" \/>\n<meta property=\"og:image\" content=\"https:\/\/colombia.agrolac.com\/wp-content\/uploads\/2026\/01\/flores-calabacin.webp\" \/>\n\t<meta property=\"og:image:width\" content=\"1920\" \/>\n\t<meta property=\"og:image:height\" content=\"1280\" \/>\n\t<meta property=\"og:image:type\" content=\"image\/webp\" \/>\n<meta name=\"twitter:card\" content=\"summary_large_image\" \/>\n<script type=\"application\/ld+json\" class=\"yoast-schema-graph\">{\"@context\":\"https:\/\/schema.org\",\"@graph\":[{\"@type\":\"WebPage\",\"@id\":\"https:\/\/colombia.agrolac.com\/zh-hans\/producto\/agrolac-%e5%8c%96%e5%a6%86%e5%93%81\/\",\"url\":\"https:\/\/colombia.agrolac.com\/zh-hans\/producto\/agrolac-%e5%8c%96%e5%a6%86%e5%93%81\/\",\"name\":\"Agrolac\u00ae \u5316\u5986\u54c1 - Agrolac\",\"isPartOf\":{\"@id\":\"https:\/\/colombia.agrolac.com\/zh-hans\/#website\"},\"primaryImageOfPage\":{\"@id\":\"https:\/\/colombia.agrolac.com\/zh-hans\/producto\/agrolac-%e5%8c%96%e5%a6%86%e5%93%81\/#primaryimage\"},\"image\":{\"@id\":\"https:\/\/colombia.agrolac.com\/zh-hans\/producto\/agrolac-%e5%8c%96%e5%a6%86%e5%93%81\/#primaryimage\"},\"thumbnailUrl\":\"https:\/\/colombia.agrolac.com\/wp-content\/uploads\/2026\/01\/flores-calabacin.webp\",\"datePublished\":\"2026-01-08T21:18:43+00:00\",\"dateModified\":\"2026-03-02T18:22:59+00:00\",\"description\":\"Agrolac\u00ae \u5316\u5986\u54c1\u662f\u4e00\u79cd\u53f6\u9762\u80a5\u548c\u704c\u6e89\u80a5\uff0c\u542b\u6709\u9499\u3001\u9541\u3001\u5fae\u91cf\u5143\u7d20\u3001\u6d77\u85fb\u63d0\u53d6\u7269\u3001\u03b3-\u805a\u8c37\u6c28\u9178\u548c\u6c28\u57fa\u9178\u3002\",\"breadcrumb\":{\"@id\":\"https:\/\/colombia.agrolac.com\/zh-hans\/producto\/agrolac-%e5%8c%96%e5%a6%86%e5%93%81\/#breadcrumb\"},\"inLanguage\":\"zh-Hans\",\"potentialAction\":[{\"@type\":\"ReadAction\",\"target\":[\"https:\/\/colombia.agrolac.com\/zh-hans\/producto\/agrolac-%e5%8c%96%e5%a6%86%e5%93%81\/\"]}]},{\"@type\":\"ImageObject\",\"inLanguage\":\"zh-Hans\",\"@id\":\"https:\/\/colombia.agrolac.com\/zh-hans\/producto\/agrolac-%e5%8c%96%e5%a6%86%e5%93%81\/#primaryimage\",\"url\":\"https:\/\/colombia.agrolac.com\/wp-content\/uploads\/2026\/01\/flores-calabacin.webp\",\"contentUrl\":\"https:\/\/colombia.agrolac.com\/wp-content\/uploads\/2026\/01\/flores-calabacin.webp\",\"width\":1920,\"height\":1280},{\"@type\":\"BreadcrumbList\",\"@id\":\"https:\/\/colombia.agrolac.com\/zh-hans\/producto\/agrolac-%e5%8c%96%e5%a6%86%e5%93%81\/#breadcrumb\",\"itemListElement\":[{\"@type\":\"ListItem\",\"position\":1,\"name\":\"\u9996\u9875\",\"item\":\"https:\/\/colombia.agrolac.com\/zh-hans\/home\/\"},{\"@type\":\"ListItem\",\"position\":2,\"name\":\"\u4ea7\u54c1\",\"item\":\"https:\/\/colombia.agrolac.com\/zh-hans\/products\/\"},{\"@type\":\"ListItem\",\"position\":3,\"name\":\"\u80a5\u6599\",\"item\":\"https:\/\/colombia.agrolac.com\/zh-hans\/categoria-producto\/%e8%82%a5%e6%96%99\/\"},{\"@type\":\"ListItem\",\"position\":4,\"name\":\"Agrolac\u00ae \u5316\u5986\u54c1\"}]},{\"@type\":\"WebSite\",\"@id\":\"https:\/\/colombia.agrolac.com\/zh-hans\/#website\",\"url\":\"https:\/\/colombia.agrolac.com\/zh-hans\/\",\"name\":\"VICORQUIMIA\",\"description\":\"Agrolac \u00e9s una empresa de Barcelona, fundada el 1982, especialitzada en distribuci\u00f3 de productes agroqu\u00edmics per a l&#039;agricultura europea.\",\"publisher\":{\"@id\":\"https:\/\/colombia.agrolac.com\/zh-hans\/#organization\"},\"potentialAction\":[{\"@type\":\"SearchAction\",\"target\":{\"@type\":\"EntryPoint\",\"urlTemplate\":\"https:\/\/colombia.agrolac.com\/zh-hans\/?s={search_term_string}\"},\"query-input\":{\"@type\":\"PropertyValueSpecification\",\"valueRequired\":true,\"valueName\":\"search_term_string\"}}],\"inLanguage\":\"zh-Hans\"},{\"@type\":\"Organization\",\"@id\":\"https:\/\/colombia.agrolac.com\/zh-hans\/#organization\",\"name\":\"VICORQUIMIA\",\"url\":\"https:\/\/colombia.agrolac.com\/zh-hans\/\",\"logo\":{\"@type\":\"ImageObject\",\"inLanguage\":\"zh-Hans\",\"@id\":\"https:\/\/colombia.agrolac.com\/zh-hans\/#\/schema\/logo\/image\/\",\"url\":\"https:\/\/colombia.agrolac.com\/wp-content\/uploads\/2025\/10\/agrolac-logo.svg\",\"contentUrl\":\"https:\/\/colombia.agrolac.com\/wp-content\/uploads\/2025\/10\/agrolac-logo.svg\",\"caption\":\"VICORQUIMIA\"},\"image\":{\"@id\":\"https:\/\/colombia.agrolac.com\/zh-hans\/#\/schema\/logo\/image\/\"},\"sameAs\":[\"https:\/\/www.linkedin.com\/company\/vicorquimia\/\"]}]}<\/script>\n<!-- \/ Yoast SEO plugin. -->","yoast_head_json":{"title":"Agrolac\u00ae \u5316\u5986\u54c1 - Agrolac","description":"Agrolac\u00ae \u5316\u5986\u54c1\u662f\u4e00\u79cd\u53f6\u9762\u80a5\u548c\u704c\u6e89\u80a5\uff0c\u542b\u6709\u9499\u3001\u9541\u3001\u5fae\u91cf\u5143\u7d20\u3001\u6d77\u85fb\u63d0\u53d6\u7269\u3001\u03b3-\u805a\u8c37\u6c28\u9178\u548c\u6c28\u57fa\u9178\u3002","robots":{"index":"index","follow":"follow","max-snippet":"max-snippet:-1","max-image-preview":"max-image-preview:large","max-video-preview":"max-video-preview:-1"},"canonical":"https:\/\/colombia.agrolac.com\/zh-hans\/producto\/agrolac-%e5%8c%96%e5%a6%86%e5%93%81\/","og_locale":"zh_CN","og_type":"article","og_title":"Agrolac\u00ae \u5316\u5986\u54c1 - Agrolac","og_description":"Agrolac\u00ae \u5316\u5986\u54c1\u662f\u4e00\u79cd\u53f6\u9762\u80a5\u548c\u704c\u6e89\u80a5\uff0c\u542b\u6709\u9499\u3001\u9541\u3001\u5fae\u91cf\u5143\u7d20\u3001\u6d77\u85fb\u63d0\u53d6\u7269\u3001\u03b3-\u805a\u8c37\u6c28\u9178\u548c\u6c28\u57fa\u9178\u3002","og_url":"https:\/\/colombia.agrolac.com\/zh-hans\/producto\/agrolac-%e5%8c%96%e5%a6%86%e5%93%81\/","og_site_name":"Agrolac","article_modified_time":"2026-03-02T18:22:59+00:00","og_image":[{"width":1920,"height":1280,"url":"https:\/\/colombia.agrolac.com\/wp-content\/uploads\/2026\/01\/flores-calabacin.webp","type":"image\/webp"}],"twitter_card":"summary_large_image","schema":{"@context":"https:\/\/schema.org","@graph":[{"@type":"WebPage","@id":"https:\/\/colombia.agrolac.com\/zh-hans\/producto\/agrolac-%e5%8c%96%e5%a6%86%e5%93%81\/","url":"https:\/\/colombia.agrolac.com\/zh-hans\/producto\/agrolac-%e5%8c%96%e5%a6%86%e5%93%81\/","name":"Agrolac\u00ae \u5316\u5986\u54c1 - Agrolac","isPartOf":{"@id":"https:\/\/colombia.agrolac.com\/zh-hans\/#website"},"primaryImageOfPage":{"@id":"https:\/\/colombia.agrolac.com\/zh-hans\/producto\/agrolac-%e5%8c%96%e5%a6%86%e5%93%81\/#primaryimage"},"image":{"@id":"https:\/\/colombia.agrolac.com\/zh-hans\/producto\/agrolac-%e5%8c%96%e5%a6%86%e5%93%81\/#primaryimage"},"thumbnailUrl":"https:\/\/colombia.agrolac.com\/wp-content\/uploads\/2026\/01\/flores-calabacin.webp","datePublished":"2026-01-08T21:18:43+00:00","dateModified":"2026-03-02T18:22:59+00:00","description":"Agrolac\u00ae \u5316\u5986\u54c1\u662f\u4e00\u79cd\u53f6\u9762\u80a5\u548c\u704c\u6e89\u80a5\uff0c\u542b\u6709\u9499\u3001\u9541\u3001\u5fae\u91cf\u5143\u7d20\u3001\u6d77\u85fb\u63d0\u53d6\u7269\u3001\u03b3-\u805a\u8c37\u6c28\u9178\u548c\u6c28\u57fa\u9178\u3002","breadcrumb":{"@id":"https:\/\/colombia.agrolac.com\/zh-hans\/producto\/agrolac-%e5%8c%96%e5%a6%86%e5%93%81\/#breadcrumb"},"inLanguage":"zh-Hans","potentialAction":[{"@type":"ReadAction","target":["https:\/\/colombia.agrolac.com\/zh-hans\/producto\/agrolac-%e5%8c%96%e5%a6%86%e5%93%81\/"]}]},{"@type":"ImageObject","inLanguage":"zh-Hans","@id":"https:\/\/colombia.agrolac.com\/zh-hans\/producto\/agrolac-%e5%8c%96%e5%a6%86%e5%93%81\/#primaryimage","url":"https:\/\/colombia.agrolac.com\/wp-content\/uploads\/2026\/01\/flores-calabacin.webp","contentUrl":"https:\/\/colombia.agrolac.com\/wp-content\/uploads\/2026\/01\/flores-calabacin.webp","width":1920,"height":1280},{"@type":"BreadcrumbList","@id":"https:\/\/colombia.agrolac.com\/zh-hans\/producto\/agrolac-%e5%8c%96%e5%a6%86%e5%93%81\/#breadcrumb","itemListElement":[{"@type":"ListItem","position":1,"name":"\u9996\u9875","item":"https:\/\/colombia.agrolac.com\/zh-hans\/home\/"},{"@type":"ListItem","position":2,"name":"\u4ea7\u54c1","item":"https:\/\/colombia.agrolac.com\/zh-hans\/products\/"},{"@type":"ListItem","position":3,"name":"\u80a5\u6599","item":"https:\/\/colombia.agrolac.com\/zh-hans\/categoria-producto\/%e8%82%a5%e6%96%99\/"},{"@type":"ListItem","position":4,"name":"Agrolac\u00ae \u5316\u5986\u54c1"}]},{"@type":"WebSite","@id":"https:\/\/colombia.agrolac.com\/zh-hans\/#website","url":"https:\/\/colombia.agrolac.com\/zh-hans\/","name":"VICORQUIMIA","description":"Agrolac \u00e9s una empresa de Barcelona, fundada el 1982, especialitzada en distribuci\u00f3 de productes agroqu\u00edmics per a l&#039;agricultura europea.","publisher":{"@id":"https:\/\/colombia.agrolac.com\/zh-hans\/#organization"},"potentialAction":[{"@type":"SearchAction","target":{"@type":"EntryPoint","urlTemplate":"https:\/\/colombia.agrolac.com\/zh-hans\/?s={search_term_string}"},"query-input":{"@type":"PropertyValueSpecification","valueRequired":true,"valueName":"search_term_string"}}],"inLanguage":"zh-Hans"},{"@type":"Organization","@id":"https:\/\/colombia.agrolac.com\/zh-hans\/#organization","name":"VICORQUIMIA","url":"https:\/\/colombia.agrolac.com\/zh-hans\/","logo":{"@type":"ImageObject","inLanguage":"zh-Hans","@id":"https:\/\/colombia.agrolac.com\/zh-hans\/#\/schema\/logo\/image\/","url":"https:\/\/colombia.agrolac.com\/wp-content\/uploads\/2025\/10\/agrolac-logo.svg","contentUrl":"https:\/\/colombia.agrolac.com\/wp-content\/uploads\/2025\/10\/agrolac-logo.svg","caption":"VICORQUIMIA"},"image":{"@id":"https:\/\/colombia.agrolac.com\/zh-hans\/#\/schema\/logo\/image\/"},"sameAs":["https:\/\/www.linkedin.com\/company\/vicorquimia\/"]}]}},"_links":{"self":[{"href":"https:\/\/colombia.agrolac.com\/zh-hans\/wp-json\/wp\/v2\/product\/7635","targetHints":{"allow":["GET"]}}],"collection":[{"href":"https:\/\/colombia.agrolac.com\/zh-hans\/wp-json\/wp\/v2\/product"}],"about":[{"href":"https:\/\/colombia.agrolac.com\/zh-hans\/wp-json\/wp\/v2\/types\/product"}],"replies":[{"embeddable":true,"href":"https:\/\/colombia.agrolac.com\/zh-hans\/wp-json\/wp\/v2\/comments?post=7635"}],"wp:featuredmedia":[{"embeddable":true,"href":"https:\/\/colombia.agrolac.com\/zh-hans\/wp-json\/wp\/v2\/media\/6314"}],"wp:attachment":[{"href":"https:\/\/colombia.agrolac.com\/zh-hans\/wp-json\/wp\/v2\/media?parent=7635"}],"wp:term":[{"taxonomy":"certificacion","embeddable":true,"href":"https:\/\/colombia.agrolac.com\/zh-hans\/wp-json\/wp\/v2\/certificacion?post=7635"},{"taxonomy":"cultivo","embeddable":true,"href":"https:\/\/colombia.agrolac.com\/zh-hans\/wp-json\/wp\/v2\/cultivo?post=7635"},{"taxonomy":"product_brand","embeddable":true,"href":"https:\/\/colombia.agrolac.com\/zh-hans\/wp-json\/wp\/v2\/product_brand?post=7635"},{"taxonomy":"product_cat","embeddable":true,"href":"https:\/\/colombia.agrolac.com\/zh-hans\/wp-json\/wp\/v2\/product_cat?post=7635"},{"taxonomy":"product_tag","embeddable":true,"href":"https:\/\/colombia.agrolac.com\/zh-hans\/wp-json\/wp\/v2\/product_tag?post=7635"}],"curies":[{"name":"wp","href":"https:\/\/api.w.org\/{rel}","templated":true}]}}