{"id":7713,"date":"2026-01-08T22:07:17","date_gmt":"2026-01-08T21:07:17","guid":{"rendered":"http:\/\/colombia.agrolac.com\/producto\/agrolac-%e5%bc%80%e8%8a%b1\/"},"modified":"2026-03-02T19:21:33","modified_gmt":"2026-03-02T18:21:33","slug":"agrolac-%e5%bc%80%e8%8a%b1","status":"publish","type":"product","link":"https:\/\/colombia.agrolac.com\/zh-hans\/producto\/agrolac-%e5%bc%80%e8%8a%b1\/","title":{"rendered":"Agrolac\u00ae \u82b1\u671f"},"content":{"rendered":"<h2>agrolac\u00ae \u5f00\u82b1<\/h2>\n<p><strong>AGROLAC\u00ae<\/strong> <strong>FLOWERING<\/strong>\u662f\u4e13\u4e3a\u4f5c\u7269\u751f\u957f\u5468\u671f\u7684\u5173\u952e\u9636\u6bb5\uff08<strong>\u5f00\u82b1\u671f<\/strong>\uff09\u800c\u914d\u5236\u7684\u80a5\u6599\u3002\u5728\u8fd9\u4e00\u65f6\u671f\uff0c\u5747\u8861\u7684\u8425\u517b\u5bf9\u4f5c\u7269\u7684\u751f\u957f\u53d1\u80b2\u548c\u6301\u7eed\u4e30\u4ea7\u81f3\u5173\u91cd\u8981\u3002 <\/p>\n<p>\u5176\u914d\u65b9\u6709\u5229\u4e8e\u690d\u7269\u5728\u8fd9\u4e00\u9636\u6bb5\u7684\u751f\u7406\u548c\u65b0\u9648\u4ee3\u8c22\u8fc7\u7a0b\uff0c\u6709\u52a9\u4e8e\u4f5c\u7269\u5728\u9700\u6c42\u65fa\u76db\u65f6\u505a\u51fa\u66f4\u597d\u7684\u53cd\u5e94\u3002\u5b83\u7ed3\u5408\u4e86 <span class=\"s1\"><b>\u78f7\u548c\u94be<\/b><\/span>\u4e0e <span class=\"s1\"><b>\u9541\u3001\u94c1\u3001\u9530\u548c\u950c<\/b><\/span>\u5e76\u7ed3\u5408 <span class=\"s1\"><b>\u03b3-\u805a\u8c37\u6c28\u9178<\/b><\/span>y <span class=\"s1\"><b>\u901a\u8fc7\u53d1\u9175\u83b7\u5f97\u7684\u6c28\u57fa\u9178<\/b><\/span>.\u8be5\u914d\u65b9\u53ef\u7eb3\u5165\u53f6\u9762\u8425\u517b\u8ba1\u5212\uff0c\u6839\u636e\u4e0d\u540c\u4f5c\u7269\u548c\u519c\u827a\u60c5\u51b5\u8c03\u6574\u5242\u91cf\u548c\u65f6\u95f4\u3002  <\/p>\n<p><strong>AGROLAC\u00ae<\/strong> <strong>FLORATION<\/strong>\u80fd\u6709\u6548\u6539\u5584\u548c\u52a0\u901f\u690d\u7269\u7684\u65b0\u9648\u4ee3\u8c22\u8fc7\u7a0b\uff0c\u6709\u5229\u4e8e\u517b\u5206\u7684\u5229\u7528\u548c\u6c41\u6db2\u901a\u8fc7\u97e7\u76ae\u90e8\u6d41\u5411\u679c\u5b9e\u3002 \u7531\u4e8e\u542b\u6709<strong>\u591a\u8c37\u6c28\u9178<\/strong>\uff0c\u5b83\u6709\u52a9\u4e8e\u5728\u4f5c\u7269\u7279\u522b\u654f\u611f\u7684\u9636\u6bb5\u4f18\u5316\u517b\u5206\u7684\u4f9b\u5e94\u548c\u5229\u7528\uff0c\u652f\u6301\u4ece\u5f00\u82b1\u5230\u5750\u679c\u66f4\u6709\u89c4\u5f8b\u7684\u53d1\u80b2\u3002<\/p>\n<h3>\u519c\u827a\u6548\u76ca<\/h3>\n<ul>\n<li><strong>\u5f00\u82b1\u671f\u7684\u7279\u6b8a\u8425\u517b\u652f\u6301<\/strong><\/li>\n<li>\u5728\u9700\u6c42\u65fa\u76db\u65f6\uff0c<strong>\u5b83\u80fd\u652f\u6301<\/strong>\u690d\u7269\u7684<strong>\u65b0\u9648\u4ee3\u8c22\u8fc7\u7a0b<\/strong>\u3002<\/li>\n<li><strong>\u63d0\u9ad8\u517b\u5206\u5229\u7528\u7387<\/strong>\u3002<\/li>\n<li><strong>\u4fc3\u8fdb\u6c41\u6db2\u901a\u8fc7\u97e7\u76ae\u90e8\u6d41\u5411<\/strong>\u679c\u5b9e\u3002<\/li>\n<li><strong>\u5b83\u6709\u52a9\u4e8e<\/strong>\u5728\u5f00\u82b1\u548c\u5750\u679c\u4e4b\u95f4<strong>\u4fdd\u6301\u66f4\u6709\u89c4\u5f8b\u7684\u6f14\u53d8<\/strong>\u3002<\/li>\n<\/ul>\n<p>&nbsp;<\/p>\n<h3>\u5e94\u7528<\/h3>\n<p><strong>\u53f6\u9762<\/strong>\u55b7\u65bd\u80a5\u6599\u3002\u4f7f\u7528\u65f6\u5e94\u6839\u636e\u4f5c\u7269\u9700\u8981\u548c\u519c\u827a\u6761\u4ef6\u8c03\u6574\u7528\u91cf\u548c\u65bd\u7528\u65f6\u95f4\u3002 <\/p>\n<h3>\u5907\u6ce8<\/h3>\n<p>\u8bf7\u52ff\u5728 30 \u00baC \u4ee5\u4e0a\u7684\u6e29\u5ea6\u4e0b\u8fdb\u884c\u5904\u7406\u3002\u8bf7\u52ff\u4e0e\u9521\u57fa\u4ea7\u54c1\u6216\u77ff\u7269\u6cb9\u6df7\u5408\u3002 <\/p>\n","protected":false},"excerpt":{"rendered":"<p>\u65e8\u5728\u652f\u6301\u4f5c\u7269\u5f00\u82b1\u5e76\u4fc3\u8fdb\u82b1\u6735\u5747\u5300\u53d1\u80b2\u7684\u4ea7\u54c1\u3002<\/p>\n","protected":false},"featured_media":5652,"comment_status":"closed","ping_status":"closed","template":"","meta":{"_acf_changed":false},"certificacion":[435],"cultivo":[1150,504,513,506,503,736,1089,512,1151,1152,1202,1193,511,1090,505,1205],"product_brand":[],"product_cat":[399],"product_tag":[],"class_list":{"0":"post-7713","1":"product","2":"type-product","3":"status-publish","4":"has-post-thumbnail","6":"certificacion-435","7":"cultivo-1150","8":"cultivo-504","9":"cultivo-513","10":"cultivo-506","11":"cultivo-503","12":"cultivo-736","13":"cultivo-1089","14":"cultivo-512","15":"cultivo-1151","16":"cultivo-1152","17":"cultivo-1202","18":"cultivo-1193","19":"cultivo-511","20":"cultivo-1090","21":"cultivo-505","22":"cultivo-1205","23":"product_cat-399","25":"first","26":"instock","27":"shipping-taxable","28":"product-type-simple"},"acf":[],"yoast_head":"<!-- This site is optimized with the Yoast SEO plugin v27.2 - https:\/\/yoast.com\/product\/yoast-seo-wordpress\/ -->\n<title>Agrolac\u00ae \u82b1\u671f - Agrolac<\/title>\n<meta name=\"description\" content=\"AGROLAC FLORATION \u662f\u4e00\u79cd\u542b \u03b3-\u805a\u8c37\u6c28\u9178\u548c\u6c28\u57fa\u9178\u7684\u53f6\u9762\u80a5\uff0c\u7528\u4e8e\u82b1\u671f\u548c\u5750\u679c\u521d\u671f\u3002\u8bf7\u7d22\u53d6\u6307\u5357\u3002\" \/>\n<meta name=\"robots\" content=\"index, follow, max-snippet:-1, max-image-preview:large, max-video-preview:-1\" \/>\n<link rel=\"canonical\" href=\"https:\/\/colombia.agrolac.com\/zh-hans\/producto\/agrolac-%e5%bc%80%e8%8a%b1\/\" \/>\n<meta property=\"og:locale\" content=\"zh_CN\" \/>\n<meta property=\"og:type\" content=\"article\" \/>\n<meta property=\"og:title\" content=\"Agrolac\u00ae \u82b1\u671f - Agrolac\" \/>\n<meta property=\"og:description\" content=\"AGROLAC FLORATION \u662f\u4e00\u79cd\u542b \u03b3-\u805a\u8c37\u6c28\u9178\u548c\u6c28\u57fa\u9178\u7684\u53f6\u9762\u80a5\uff0c\u7528\u4e8e\u82b1\u671f\u548c\u5750\u679c\u521d\u671f\u3002\u8bf7\u7d22\u53d6\u6307\u5357\u3002\" \/>\n<meta property=\"og:url\" content=\"https:\/\/colombia.agrolac.com\/zh-hans\/producto\/agrolac-%e5%bc%80%e8%8a%b1\/\" \/>\n<meta property=\"og:site_name\" content=\"Agrolac\" \/>\n<meta property=\"article:modified_time\" content=\"2026-03-02T18:21:33+00:00\" \/>\n<meta property=\"og:image\" content=\"https:\/\/colombia.agrolac.com\/wp-content\/uploads\/2025\/10\/agrolac-floracion-almendros.webp\" \/>\n\t<meta property=\"og:image:width\" content=\"1500\" \/>\n\t<meta property=\"og:image:height\" content=\"1000\" \/>\n\t<meta property=\"og:image:type\" content=\"image\/webp\" \/>\n<meta name=\"twitter:card\" content=\"summary_large_image\" \/>\n<script type=\"application\/ld+json\" class=\"yoast-schema-graph\">{\"@context\":\"https:\/\/schema.org\",\"@graph\":[{\"@type\":\"WebPage\",\"@id\":\"https:\/\/colombia.agrolac.com\/zh-hans\/producto\/agrolac-%e5%bc%80%e8%8a%b1\/\",\"url\":\"https:\/\/colombia.agrolac.com\/zh-hans\/producto\/agrolac-%e5%bc%80%e8%8a%b1\/\",\"name\":\"Agrolac\u00ae \u82b1\u671f - Agrolac\",\"isPartOf\":{\"@id\":\"https:\/\/colombia.agrolac.com\/zh-hans\/#website\"},\"primaryImageOfPage\":{\"@id\":\"https:\/\/colombia.agrolac.com\/zh-hans\/producto\/agrolac-%e5%bc%80%e8%8a%b1\/#primaryimage\"},\"image\":{\"@id\":\"https:\/\/colombia.agrolac.com\/zh-hans\/producto\/agrolac-%e5%bc%80%e8%8a%b1\/#primaryimage\"},\"thumbnailUrl\":\"https:\/\/colombia.agrolac.com\/wp-content\/uploads\/2025\/10\/agrolac-floracion-almendros.webp\",\"datePublished\":\"2026-01-08T21:07:17+00:00\",\"dateModified\":\"2026-03-02T18:21:33+00:00\",\"description\":\"AGROLAC FLORATION \u662f\u4e00\u79cd\u542b \u03b3-\u805a\u8c37\u6c28\u9178\u548c\u6c28\u57fa\u9178\u7684\u53f6\u9762\u80a5\uff0c\u7528\u4e8e\u82b1\u671f\u548c\u5750\u679c\u521d\u671f\u3002\u8bf7\u7d22\u53d6\u6307\u5357\u3002\",\"breadcrumb\":{\"@id\":\"https:\/\/colombia.agrolac.com\/zh-hans\/producto\/agrolac-%e5%bc%80%e8%8a%b1\/#breadcrumb\"},\"inLanguage\":\"zh-Hans\",\"potentialAction\":[{\"@type\":\"ReadAction\",\"target\":[\"https:\/\/colombia.agrolac.com\/zh-hans\/producto\/agrolac-%e5%bc%80%e8%8a%b1\/\"]}]},{\"@type\":\"ImageObject\",\"inLanguage\":\"zh-Hans\",\"@id\":\"https:\/\/colombia.agrolac.com\/zh-hans\/producto\/agrolac-%e5%bc%80%e8%8a%b1\/#primaryimage\",\"url\":\"https:\/\/colombia.agrolac.com\/wp-content\/uploads\/2025\/10\/agrolac-floracion-almendros.webp\",\"contentUrl\":\"https:\/\/colombia.agrolac.com\/wp-content\/uploads\/2025\/10\/agrolac-floracion-almendros.webp\",\"width\":1500,\"height\":1000},{\"@type\":\"BreadcrumbList\",\"@id\":\"https:\/\/colombia.agrolac.com\/zh-hans\/producto\/agrolac-%e5%bc%80%e8%8a%b1\/#breadcrumb\",\"itemListElement\":[{\"@type\":\"ListItem\",\"position\":1,\"name\":\"\u9996\u9875\",\"item\":\"https:\/\/colombia.agrolac.com\/zh-hans\/home\/\"},{\"@type\":\"ListItem\",\"position\":2,\"name\":\"\u4ea7\u54c1\",\"item\":\"https:\/\/colombia.agrolac.com\/zh-hans\/products\/\"},{\"@type\":\"ListItem\",\"position\":3,\"name\":\"\u80a5\u6599\",\"item\":\"https:\/\/colombia.agrolac.com\/zh-hans\/categoria-producto\/%e8%82%a5%e6%96%99\/\"},{\"@type\":\"ListItem\",\"position\":4,\"name\":\"Agrolac\u00ae \u82b1\u671f\"}]},{\"@type\":\"WebSite\",\"@id\":\"https:\/\/colombia.agrolac.com\/zh-hans\/#website\",\"url\":\"https:\/\/colombia.agrolac.com\/zh-hans\/\",\"name\":\"VICORQUIMIA\",\"description\":\"Agrolac \u00e9s una empresa de Barcelona, fundada el 1982, especialitzada en distribuci\u00f3 de productes agroqu\u00edmics per a l&#039;agricultura europea.\",\"publisher\":{\"@id\":\"https:\/\/colombia.agrolac.com\/zh-hans\/#organization\"},\"potentialAction\":[{\"@type\":\"SearchAction\",\"target\":{\"@type\":\"EntryPoint\",\"urlTemplate\":\"https:\/\/colombia.agrolac.com\/zh-hans\/?s={search_term_string}\"},\"query-input\":{\"@type\":\"PropertyValueSpecification\",\"valueRequired\":true,\"valueName\":\"search_term_string\"}}],\"inLanguage\":\"zh-Hans\"},{\"@type\":\"Organization\",\"@id\":\"https:\/\/colombia.agrolac.com\/zh-hans\/#organization\",\"name\":\"VICORQUIMIA\",\"url\":\"https:\/\/colombia.agrolac.com\/zh-hans\/\",\"logo\":{\"@type\":\"ImageObject\",\"inLanguage\":\"zh-Hans\",\"@id\":\"https:\/\/colombia.agrolac.com\/zh-hans\/#\/schema\/logo\/image\/\",\"url\":\"https:\/\/colombia.agrolac.com\/wp-content\/uploads\/2025\/10\/agrolac-logo.svg\",\"contentUrl\":\"https:\/\/colombia.agrolac.com\/wp-content\/uploads\/2025\/10\/agrolac-logo.svg\",\"caption\":\"VICORQUIMIA\"},\"image\":{\"@id\":\"https:\/\/colombia.agrolac.com\/zh-hans\/#\/schema\/logo\/image\/\"},\"sameAs\":[\"https:\/\/www.linkedin.com\/company\/vicorquimia\/\"]}]}<\/script>\n<!-- \/ Yoast SEO plugin. -->","yoast_head_json":{"title":"Agrolac\u00ae \u82b1\u671f - Agrolac","description":"AGROLAC FLORATION \u662f\u4e00\u79cd\u542b \u03b3-\u805a\u8c37\u6c28\u9178\u548c\u6c28\u57fa\u9178\u7684\u53f6\u9762\u80a5\uff0c\u7528\u4e8e\u82b1\u671f\u548c\u5750\u679c\u521d\u671f\u3002\u8bf7\u7d22\u53d6\u6307\u5357\u3002","robots":{"index":"index","follow":"follow","max-snippet":"max-snippet:-1","max-image-preview":"max-image-preview:large","max-video-preview":"max-video-preview:-1"},"canonical":"https:\/\/colombia.agrolac.com\/zh-hans\/producto\/agrolac-%e5%bc%80%e8%8a%b1\/","og_locale":"zh_CN","og_type":"article","og_title":"Agrolac\u00ae \u82b1\u671f - Agrolac","og_description":"AGROLAC FLORATION \u662f\u4e00\u79cd\u542b \u03b3-\u805a\u8c37\u6c28\u9178\u548c\u6c28\u57fa\u9178\u7684\u53f6\u9762\u80a5\uff0c\u7528\u4e8e\u82b1\u671f\u548c\u5750\u679c\u521d\u671f\u3002\u8bf7\u7d22\u53d6\u6307\u5357\u3002","og_url":"https:\/\/colombia.agrolac.com\/zh-hans\/producto\/agrolac-%e5%bc%80%e8%8a%b1\/","og_site_name":"Agrolac","article_modified_time":"2026-03-02T18:21:33+00:00","og_image":[{"width":1500,"height":1000,"url":"https:\/\/colombia.agrolac.com\/wp-content\/uploads\/2025\/10\/agrolac-floracion-almendros.webp","type":"image\/webp"}],"twitter_card":"summary_large_image","schema":{"@context":"https:\/\/schema.org","@graph":[{"@type":"WebPage","@id":"https:\/\/colombia.agrolac.com\/zh-hans\/producto\/agrolac-%e5%bc%80%e8%8a%b1\/","url":"https:\/\/colombia.agrolac.com\/zh-hans\/producto\/agrolac-%e5%bc%80%e8%8a%b1\/","name":"Agrolac\u00ae \u82b1\u671f - Agrolac","isPartOf":{"@id":"https:\/\/colombia.agrolac.com\/zh-hans\/#website"},"primaryImageOfPage":{"@id":"https:\/\/colombia.agrolac.com\/zh-hans\/producto\/agrolac-%e5%bc%80%e8%8a%b1\/#primaryimage"},"image":{"@id":"https:\/\/colombia.agrolac.com\/zh-hans\/producto\/agrolac-%e5%bc%80%e8%8a%b1\/#primaryimage"},"thumbnailUrl":"https:\/\/colombia.agrolac.com\/wp-content\/uploads\/2025\/10\/agrolac-floracion-almendros.webp","datePublished":"2026-01-08T21:07:17+00:00","dateModified":"2026-03-02T18:21:33+00:00","description":"AGROLAC FLORATION \u662f\u4e00\u79cd\u542b \u03b3-\u805a\u8c37\u6c28\u9178\u548c\u6c28\u57fa\u9178\u7684\u53f6\u9762\u80a5\uff0c\u7528\u4e8e\u82b1\u671f\u548c\u5750\u679c\u521d\u671f\u3002\u8bf7\u7d22\u53d6\u6307\u5357\u3002","breadcrumb":{"@id":"https:\/\/colombia.agrolac.com\/zh-hans\/producto\/agrolac-%e5%bc%80%e8%8a%b1\/#breadcrumb"},"inLanguage":"zh-Hans","potentialAction":[{"@type":"ReadAction","target":["https:\/\/colombia.agrolac.com\/zh-hans\/producto\/agrolac-%e5%bc%80%e8%8a%b1\/"]}]},{"@type":"ImageObject","inLanguage":"zh-Hans","@id":"https:\/\/colombia.agrolac.com\/zh-hans\/producto\/agrolac-%e5%bc%80%e8%8a%b1\/#primaryimage","url":"https:\/\/colombia.agrolac.com\/wp-content\/uploads\/2025\/10\/agrolac-floracion-almendros.webp","contentUrl":"https:\/\/colombia.agrolac.com\/wp-content\/uploads\/2025\/10\/agrolac-floracion-almendros.webp","width":1500,"height":1000},{"@type":"BreadcrumbList","@id":"https:\/\/colombia.agrolac.com\/zh-hans\/producto\/agrolac-%e5%bc%80%e8%8a%b1\/#breadcrumb","itemListElement":[{"@type":"ListItem","position":1,"name":"\u9996\u9875","item":"https:\/\/colombia.agrolac.com\/zh-hans\/home\/"},{"@type":"ListItem","position":2,"name":"\u4ea7\u54c1","item":"https:\/\/colombia.agrolac.com\/zh-hans\/products\/"},{"@type":"ListItem","position":3,"name":"\u80a5\u6599","item":"https:\/\/colombia.agrolac.com\/zh-hans\/categoria-producto\/%e8%82%a5%e6%96%99\/"},{"@type":"ListItem","position":4,"name":"Agrolac\u00ae \u82b1\u671f"}]},{"@type":"WebSite","@id":"https:\/\/colombia.agrolac.com\/zh-hans\/#website","url":"https:\/\/colombia.agrolac.com\/zh-hans\/","name":"VICORQUIMIA","description":"Agrolac \u00e9s una empresa de Barcelona, fundada el 1982, especialitzada en distribuci\u00f3 de productes agroqu\u00edmics per a l&#039;agricultura europea.","publisher":{"@id":"https:\/\/colombia.agrolac.com\/zh-hans\/#organization"},"potentialAction":[{"@type":"SearchAction","target":{"@type":"EntryPoint","urlTemplate":"https:\/\/colombia.agrolac.com\/zh-hans\/?s={search_term_string}"},"query-input":{"@type":"PropertyValueSpecification","valueRequired":true,"valueName":"search_term_string"}}],"inLanguage":"zh-Hans"},{"@type":"Organization","@id":"https:\/\/colombia.agrolac.com\/zh-hans\/#organization","name":"VICORQUIMIA","url":"https:\/\/colombia.agrolac.com\/zh-hans\/","logo":{"@type":"ImageObject","inLanguage":"zh-Hans","@id":"https:\/\/colombia.agrolac.com\/zh-hans\/#\/schema\/logo\/image\/","url":"https:\/\/colombia.agrolac.com\/wp-content\/uploads\/2025\/10\/agrolac-logo.svg","contentUrl":"https:\/\/colombia.agrolac.com\/wp-content\/uploads\/2025\/10\/agrolac-logo.svg","caption":"VICORQUIMIA"},"image":{"@id":"https:\/\/colombia.agrolac.com\/zh-hans\/#\/schema\/logo\/image\/"},"sameAs":["https:\/\/www.linkedin.com\/company\/vicorquimia\/"]}]}},"_links":{"self":[{"href":"https:\/\/colombia.agrolac.com\/zh-hans\/wp-json\/wp\/v2\/product\/7713","targetHints":{"allow":["GET"]}}],"collection":[{"href":"https:\/\/colombia.agrolac.com\/zh-hans\/wp-json\/wp\/v2\/product"}],"about":[{"href":"https:\/\/colombia.agrolac.com\/zh-hans\/wp-json\/wp\/v2\/types\/product"}],"replies":[{"embeddable":true,"href":"https:\/\/colombia.agrolac.com\/zh-hans\/wp-json\/wp\/v2\/comments?post=7713"}],"wp:featuredmedia":[{"embeddable":true,"href":"https:\/\/colombia.agrolac.com\/zh-hans\/wp-json\/wp\/v2\/media\/5652"}],"wp:attachment":[{"href":"https:\/\/colombia.agrolac.com\/zh-hans\/wp-json\/wp\/v2\/media?parent=7713"}],"wp:term":[{"taxonomy":"certificacion","embeddable":true,"href":"https:\/\/colombia.agrolac.com\/zh-hans\/wp-json\/wp\/v2\/certificacion?post=7713"},{"taxonomy":"cultivo","embeddable":true,"href":"https:\/\/colombia.agrolac.com\/zh-hans\/wp-json\/wp\/v2\/cultivo?post=7713"},{"taxonomy":"product_brand","embeddable":true,"href":"https:\/\/colombia.agrolac.com\/zh-hans\/wp-json\/wp\/v2\/product_brand?post=7713"},{"taxonomy":"product_cat","embeddable":true,"href":"https:\/\/colombia.agrolac.com\/zh-hans\/wp-json\/wp\/v2\/product_cat?post=7713"},{"taxonomy":"product_tag","embeddable":true,"href":"https:\/\/colombia.agrolac.com\/zh-hans\/wp-json\/wp\/v2\/product_tag?post=7713"}],"curies":[{"name":"wp","href":"https:\/\/api.w.org\/{rel}","templated":true}]}}