{"id":8586,"date":"2026-01-10T21:10:37","date_gmt":"2026-01-10T20:10:37","guid":{"rendered":"https:\/\/colombia.agrolac.com\/producto\/grolac-75-wp\/"},"modified":"2026-01-10T21:10:37","modified_gmt":"2026-01-10T20:10:37","slug":"grolac-75-wp","status":"publish","type":"product","link":"https:\/\/colombia.agrolac.com\/zh-hans\/producto\/grolac-75-wp\/","title":{"rendered":"Grolac 75 WP"},"content":{"rendered":"<p><strong>GROLAC 75 WP<\/strong> \u7528\u4e8e\u9632\u6cbb\u519c\u4e1a\u4f5c\u7269\u4e2d\u7531\u771f\u83cc\u5f15\u8d77\u7684\u75c5\u5bb3\u3002<\/p>\n<p>\u5176\u65bd\u7528\u53ef\u7ba1\u7406\u5f71\u54cd\u53f6\u7247\u548c\u690d\u7269\u7ec4\u7ec7\u7684\u75c5\u539f\u4f53\uff0c\u6709\u52a9\u4e8e\u5728\u4f5c\u7269\u751f\u957f\u8fc7\u7a0b\u4e2d\u4fdd\u6301\u4f5c\u7269\u5065\u5eb7\u3002<\/p>\n<h3>\u5982\u4f55\u8d77\u4f5c\u7528\uff1f<\/h3>\n<ul>\n<li>\u5bf9\u5f71\u54cd\u4f5c\u7269\u7684\u771f\u83cc\u8d77\u4f5c\u7528\u3002<\/li>\n<li>\u6709\u52a9\u4e8e\u9650\u5236\u690d\u7269\u75c5\u5bb3\u7684\u53d1\u5c55\u3002<\/li>\n<li>\u6709\u52a9\u4e8e\u4f7f\u4f5c\u7269\u4fdd\u6301\u66f4\u597d\u7684\u5065\u5eb7\u72b6\u51b5\u3002<\/li>\n<\/ul>\n<h3>\u65bd\u7528<\/h3>\n<p>\u5728\u75c5\u5bb3\u521d\u73b0\u75c7\u72b6\u65f6\u6216\u5728\u6709\u5229\u4e8e\u5176\u53d1\u5c55\u7684\u6761\u4ef6\u4e0b\u65bd\u7528\u3002<\/p>\n<h3>\u4f5c\u7269<\/h3>\n<ul>\n<li>\u73b0\u6709\u4fe1\u606f\u672a\u6ce8\u660e\u3002<\/li>\n<\/ul>\n<h3>\u75c5\u5bb3<\/h3>\n<ul>\n<li>\u73b0\u6709\u4fe1\u606f\u672a\u6ce8\u660e\u3002<\/li>\n<\/ul>\n","protected":false},"excerpt":{"rendered":"<p>\u53ef\u6e7f\u6027\u7c89\u5242\uff08WP\uff09\u6740\u83cc\u5242\uff0c\u7528\u4e8e\u9632\u6cbb\u519c\u4e1a\u4f5c\u7269\u771f\u83cc\u75c5\u5bb3\u3002<\/p>\n","protected":false},"featured_media":6345,"comment_status":"closed","ping_status":"closed","template":"","meta":{"_acf_changed":false},"certificacion":[],"cultivo":[],"product_brand":[],"product_cat":[404],"product_tag":[1559],"class_list":{"0":"post-8586","1":"product","2":"type-product","3":"status-publish","4":"has-post-thumbnail","6":"product_cat-404","7":"product_tag-1559","9":"first","10":"instock","11":"shipping-taxable","12":"product-type-simple"},"acf":[],"yoast_head":"<!-- This site is optimized with the Yoast SEO plugin v27.2 - https:\/\/yoast.com\/product\/yoast-seo-wordpress\/ -->\n<title>Grolac 75 WP - Agrolac<\/title>\n<meta name=\"robots\" content=\"index, follow, max-snippet:-1, max-image-preview:large, max-video-preview:-1\" \/>\n<link rel=\"canonical\" href=\"https:\/\/colombia.agrolac.com\/zh-hans\/producto\/grolac-75-wp\/\" \/>\n<meta property=\"og:locale\" content=\"zh_CN\" \/>\n<meta property=\"og:type\" content=\"article\" \/>\n<meta property=\"og:title\" content=\"Grolac 75 WP - Agrolac\" \/>\n<meta property=\"og:description\" content=\"\u53ef\u6e7f\u6027\u7c89\u5242\uff08WP\uff09\u6740\u83cc\u5242\uff0c\u7528\u4e8e\u9632\u6cbb\u519c\u4e1a\u4f5c\u7269\u771f\u83cc\u75c5\u5bb3\u3002\" \/>\n<meta property=\"og:url\" content=\"https:\/\/colombia.agrolac.com\/zh-hans\/producto\/grolac-75-wp\/\" \/>\n<meta property=\"og:site_name\" content=\"Agrolac\" \/>\n<meta property=\"og:image\" content=\"https:\/\/colombia.agrolac.com\/wp-content\/uploads\/2026\/01\/tomatera-invernadero-01.webp\" \/>\n\t<meta property=\"og:image:width\" content=\"1920\" \/>\n\t<meta property=\"og:image:height\" content=\"1114\" \/>\n\t<meta property=\"og:image:type\" content=\"image\/webp\" \/>\n<meta name=\"twitter:card\" content=\"summary_large_image\" \/>\n<script type=\"application\/ld+json\" class=\"yoast-schema-graph\">{\"@context\":\"https:\/\/schema.org\",\"@graph\":[{\"@type\":\"WebPage\",\"@id\":\"https:\/\/colombia.agrolac.com\/zh-hans\/producto\/grolac-75-wp\/\",\"url\":\"https:\/\/colombia.agrolac.com\/zh-hans\/producto\/grolac-75-wp\/\",\"name\":\"Grolac 75 WP - Agrolac\",\"isPartOf\":{\"@id\":\"https:\/\/colombia.agrolac.com\/zh-hans\/#website\"},\"primaryImageOfPage\":{\"@id\":\"https:\/\/colombia.agrolac.com\/zh-hans\/producto\/grolac-75-wp\/#primaryimage\"},\"image\":{\"@id\":\"https:\/\/colombia.agrolac.com\/zh-hans\/producto\/grolac-75-wp\/#primaryimage\"},\"thumbnailUrl\":\"https:\/\/colombia.agrolac.com\/wp-content\/uploads\/2026\/01\/tomatera-invernadero-01.webp\",\"datePublished\":\"2026-01-10T20:10:37+00:00\",\"breadcrumb\":{\"@id\":\"https:\/\/colombia.agrolac.com\/zh-hans\/producto\/grolac-75-wp\/#breadcrumb\"},\"inLanguage\":\"zh-Hans\",\"potentialAction\":[{\"@type\":\"ReadAction\",\"target\":[\"https:\/\/colombia.agrolac.com\/zh-hans\/producto\/grolac-75-wp\/\"]}]},{\"@type\":\"ImageObject\",\"inLanguage\":\"zh-Hans\",\"@id\":\"https:\/\/colombia.agrolac.com\/zh-hans\/producto\/grolac-75-wp\/#primaryimage\",\"url\":\"https:\/\/colombia.agrolac.com\/wp-content\/uploads\/2026\/01\/tomatera-invernadero-01.webp\",\"contentUrl\":\"https:\/\/colombia.agrolac.com\/wp-content\/uploads\/2026\/01\/tomatera-invernadero-01.webp\",\"width\":1920,\"height\":1114},{\"@type\":\"BreadcrumbList\",\"@id\":\"https:\/\/colombia.agrolac.com\/zh-hans\/producto\/grolac-75-wp\/#breadcrumb\",\"itemListElement\":[{\"@type\":\"ListItem\",\"position\":1,\"name\":\"\u9996\u9875\",\"item\":\"https:\/\/colombia.agrolac.com\/zh-hans\/home\/\"},{\"@type\":\"ListItem\",\"position\":2,\"name\":\"\u4ea7\u54c1\",\"item\":\"https:\/\/colombia.agrolac.com\/zh-hans\/products\/\"},{\"@type\":\"ListItem\",\"position\":3,\"name\":\"Grolac 75 WP\"}]},{\"@type\":\"WebSite\",\"@id\":\"https:\/\/colombia.agrolac.com\/zh-hans\/#website\",\"url\":\"https:\/\/colombia.agrolac.com\/zh-hans\/\",\"name\":\"VICORQUIMIA\",\"description\":\"Agrolac \u00e9s una empresa de Barcelona, fundada el 1982, especialitzada en distribuci\u00f3 de productes agroqu\u00edmics per a l&#039;agricultura europea.\",\"publisher\":{\"@id\":\"https:\/\/colombia.agrolac.com\/zh-hans\/#organization\"},\"potentialAction\":[{\"@type\":\"SearchAction\",\"target\":{\"@type\":\"EntryPoint\",\"urlTemplate\":\"https:\/\/colombia.agrolac.com\/zh-hans\/?s={search_term_string}\"},\"query-input\":{\"@type\":\"PropertyValueSpecification\",\"valueRequired\":true,\"valueName\":\"search_term_string\"}}],\"inLanguage\":\"zh-Hans\"},{\"@type\":\"Organization\",\"@id\":\"https:\/\/colombia.agrolac.com\/zh-hans\/#organization\",\"name\":\"VICORQUIMIA\",\"url\":\"https:\/\/colombia.agrolac.com\/zh-hans\/\",\"logo\":{\"@type\":\"ImageObject\",\"inLanguage\":\"zh-Hans\",\"@id\":\"https:\/\/colombia.agrolac.com\/zh-hans\/#\/schema\/logo\/image\/\",\"url\":\"https:\/\/colombia.agrolac.com\/wp-content\/uploads\/2025\/10\/agrolac-logo.svg\",\"contentUrl\":\"https:\/\/colombia.agrolac.com\/wp-content\/uploads\/2025\/10\/agrolac-logo.svg\",\"caption\":\"VICORQUIMIA\"},\"image\":{\"@id\":\"https:\/\/colombia.agrolac.com\/zh-hans\/#\/schema\/logo\/image\/\"},\"sameAs\":[\"https:\/\/www.linkedin.com\/company\/vicorquimia\/\"]}]}<\/script>\n<!-- \/ Yoast SEO plugin. -->","yoast_head_json":{"title":"Grolac 75 WP - Agrolac","robots":{"index":"index","follow":"follow","max-snippet":"max-snippet:-1","max-image-preview":"max-image-preview:large","max-video-preview":"max-video-preview:-1"},"canonical":"https:\/\/colombia.agrolac.com\/zh-hans\/producto\/grolac-75-wp\/","og_locale":"zh_CN","og_type":"article","og_title":"Grolac 75 WP - Agrolac","og_description":"\u53ef\u6e7f\u6027\u7c89\u5242\uff08WP\uff09\u6740\u83cc\u5242\uff0c\u7528\u4e8e\u9632\u6cbb\u519c\u4e1a\u4f5c\u7269\u771f\u83cc\u75c5\u5bb3\u3002","og_url":"https:\/\/colombia.agrolac.com\/zh-hans\/producto\/grolac-75-wp\/","og_site_name":"Agrolac","og_image":[{"width":1920,"height":1114,"url":"https:\/\/colombia.agrolac.com\/wp-content\/uploads\/2026\/01\/tomatera-invernadero-01.webp","type":"image\/webp"}],"twitter_card":"summary_large_image","schema":{"@context":"https:\/\/schema.org","@graph":[{"@type":"WebPage","@id":"https:\/\/colombia.agrolac.com\/zh-hans\/producto\/grolac-75-wp\/","url":"https:\/\/colombia.agrolac.com\/zh-hans\/producto\/grolac-75-wp\/","name":"Grolac 75 WP - Agrolac","isPartOf":{"@id":"https:\/\/colombia.agrolac.com\/zh-hans\/#website"},"primaryImageOfPage":{"@id":"https:\/\/colombia.agrolac.com\/zh-hans\/producto\/grolac-75-wp\/#primaryimage"},"image":{"@id":"https:\/\/colombia.agrolac.com\/zh-hans\/producto\/grolac-75-wp\/#primaryimage"},"thumbnailUrl":"https:\/\/colombia.agrolac.com\/wp-content\/uploads\/2026\/01\/tomatera-invernadero-01.webp","datePublished":"2026-01-10T20:10:37+00:00","breadcrumb":{"@id":"https:\/\/colombia.agrolac.com\/zh-hans\/producto\/grolac-75-wp\/#breadcrumb"},"inLanguage":"zh-Hans","potentialAction":[{"@type":"ReadAction","target":["https:\/\/colombia.agrolac.com\/zh-hans\/producto\/grolac-75-wp\/"]}]},{"@type":"ImageObject","inLanguage":"zh-Hans","@id":"https:\/\/colombia.agrolac.com\/zh-hans\/producto\/grolac-75-wp\/#primaryimage","url":"https:\/\/colombia.agrolac.com\/wp-content\/uploads\/2026\/01\/tomatera-invernadero-01.webp","contentUrl":"https:\/\/colombia.agrolac.com\/wp-content\/uploads\/2026\/01\/tomatera-invernadero-01.webp","width":1920,"height":1114},{"@type":"BreadcrumbList","@id":"https:\/\/colombia.agrolac.com\/zh-hans\/producto\/grolac-75-wp\/#breadcrumb","itemListElement":[{"@type":"ListItem","position":1,"name":"\u9996\u9875","item":"https:\/\/colombia.agrolac.com\/zh-hans\/home\/"},{"@type":"ListItem","position":2,"name":"\u4ea7\u54c1","item":"https:\/\/colombia.agrolac.com\/zh-hans\/products\/"},{"@type":"ListItem","position":3,"name":"Grolac 75 WP"}]},{"@type":"WebSite","@id":"https:\/\/colombia.agrolac.com\/zh-hans\/#website","url":"https:\/\/colombia.agrolac.com\/zh-hans\/","name":"VICORQUIMIA","description":"Agrolac \u00e9s una empresa de Barcelona, fundada el 1982, especialitzada en distribuci\u00f3 de productes agroqu\u00edmics per a l&#039;agricultura europea.","publisher":{"@id":"https:\/\/colombia.agrolac.com\/zh-hans\/#organization"},"potentialAction":[{"@type":"SearchAction","target":{"@type":"EntryPoint","urlTemplate":"https:\/\/colombia.agrolac.com\/zh-hans\/?s={search_term_string}"},"query-input":{"@type":"PropertyValueSpecification","valueRequired":true,"valueName":"search_term_string"}}],"inLanguage":"zh-Hans"},{"@type":"Organization","@id":"https:\/\/colombia.agrolac.com\/zh-hans\/#organization","name":"VICORQUIMIA","url":"https:\/\/colombia.agrolac.com\/zh-hans\/","logo":{"@type":"ImageObject","inLanguage":"zh-Hans","@id":"https:\/\/colombia.agrolac.com\/zh-hans\/#\/schema\/logo\/image\/","url":"https:\/\/colombia.agrolac.com\/wp-content\/uploads\/2025\/10\/agrolac-logo.svg","contentUrl":"https:\/\/colombia.agrolac.com\/wp-content\/uploads\/2025\/10\/agrolac-logo.svg","caption":"VICORQUIMIA"},"image":{"@id":"https:\/\/colombia.agrolac.com\/zh-hans\/#\/schema\/logo\/image\/"},"sameAs":["https:\/\/www.linkedin.com\/company\/vicorquimia\/"]}]}},"_links":{"self":[{"href":"https:\/\/colombia.agrolac.com\/zh-hans\/wp-json\/wp\/v2\/product\/8586","targetHints":{"allow":["GET"]}}],"collection":[{"href":"https:\/\/colombia.agrolac.com\/zh-hans\/wp-json\/wp\/v2\/product"}],"about":[{"href":"https:\/\/colombia.agrolac.com\/zh-hans\/wp-json\/wp\/v2\/types\/product"}],"replies":[{"embeddable":true,"href":"https:\/\/colombia.agrolac.com\/zh-hans\/wp-json\/wp\/v2\/comments?post=8586"}],"wp:featuredmedia":[{"embeddable":true,"href":"https:\/\/colombia.agrolac.com\/zh-hans\/wp-json\/wp\/v2\/media\/6345"}],"wp:attachment":[{"href":"https:\/\/colombia.agrolac.com\/zh-hans\/wp-json\/wp\/v2\/media?parent=8586"}],"wp:term":[{"taxonomy":"certificacion","embeddable":true,"href":"https:\/\/colombia.agrolac.com\/zh-hans\/wp-json\/wp\/v2\/certificacion?post=8586"},{"taxonomy":"cultivo","embeddable":true,"href":"https:\/\/colombia.agrolac.com\/zh-hans\/wp-json\/wp\/v2\/cultivo?post=8586"},{"taxonomy":"product_brand","embeddable":true,"href":"https:\/\/colombia.agrolac.com\/zh-hans\/wp-json\/wp\/v2\/product_brand?post=8586"},{"taxonomy":"product_cat","embeddable":true,"href":"https:\/\/colombia.agrolac.com\/zh-hans\/wp-json\/wp\/v2\/product_cat?post=8586"},{"taxonomy":"product_tag","embeddable":true,"href":"https:\/\/colombia.agrolac.com\/zh-hans\/wp-json\/wp\/v2\/product_tag?post=8586"}],"curies":[{"name":"wp","href":"https:\/\/api.w.org\/{rel}","templated":true}]}}