{"id":8587,"date":"2026-01-10T00:31:22","date_gmt":"2026-01-09T23:31:22","guid":{"rendered":"https:\/\/colombia.agrolac.com\/producto\/ankor-25-sc\/"},"modified":"2026-01-10T00:31:22","modified_gmt":"2026-01-09T23:31:22","slug":"ankor-25-sc","status":"publish","type":"product","link":"https:\/\/colombia.agrolac.com\/zh-hans\/producto\/ankor-25-sc\/","title":{"rendered":"Ankor 25 SC"},"content":{"rendered":"<p><strong>ANKOR 25 SC<\/strong> \u662f\u4e00\u6b3e\u6740\u83cc\u5242\uff0c\u4e13\u4e3a\u9632\u6cbb\u591a\u79cd\u519c\u4e1a\u4f5c\u7269\u7531\u771f\u83cc\u5f15\u8d77\u7684\u75c5\u5bb3\u800c\u5f00\u53d1\u3002<\/p>\n<p>\u65bd\u7528\u540e\u6709\u52a9\u4e8e\u4fdd\u62a4\u4f5c\u7269\uff0c\u6291\u5236\u5f71\u54cd\u53f6\u7247\u4e0e\u690d\u7269\u7ec4\u7ec7\u7684\u75c5\u539f\u4f53\u53d1\u5c55\uff0c\u5e2e\u52a9\u4f5c\u7269\u5728\u751f\u957f\u8fc7\u7a0b\u4e2d\u4fdd\u6301\u5065\u5eb7\u3002<\/p>\n<h3>\u5982\u4f55\u8d77\u4f5c\u7528\uff1f<\/h3>\n<ul>\n<li>\u4f5c\u7528\u4e8e\u5f71\u54cd\u4f5c\u7269\u7684\u81f4\u75c5\u771f\u83cc\u3002<\/li>\n<li>\u6709\u52a9\u4e8e\u9650\u5236\u690d\u682a\u75c5\u5bb3\u53d1\u5c55\u3002<\/li>\n<li>\u6709\u52a9\u4e8e\u4fdd\u6301\u4f5c\u7269\u957f\u52bf\u3002<\/li>\n<\/ul>\n<h3>\u519c\u827a\u6548\u76ca<\/h3>\n<ul>\n<li>\u9632\u6cbb\u519c\u4e1a\u4f5c\u7269\u771f\u83cc\u6027\u75c5\u5bb3\u3002<\/li>\n<li>\u6709\u52a9\u4e8e\u4fdd\u62a4\u4f5c\u7269\u751f\u957f\u53d1\u80b2\u3002<\/li>\n<li>\u6709\u52a9\u4e8e\u4fdd\u6301\u4ea7\u51fa\u8d28\u91cf\u3002<\/li>\n<\/ul>\n<h3>\u65bd\u7528<\/h3>\n<p>\u8bf7\u6839\u636e\u5404\u4f5c\u7269\u53ca\u690d\u4fdd\u72b6\u51b5\uff0c\u6309\u6280\u672f\u5efa\u8bae\u65bd\u7528\u3002<\/p>\n<ul>\n<li><strong>\u91cd\u65b0\u8fdb\u5165\u671f\uff1a<\/strong>12 \u5c0f\u65f6\u3002<\/li>\n<\/ul>\n<h3>\u4f5c\u7269<\/h3>\n<p>\u9002\u7528\u4e8e<strong>\u6c34\u7a3b<\/strong>\u548c<strong>\u6d0b\u8471<\/strong>\u3002<\/p>\n<h3>\u75c5\u5bb3<\/h3>\n<ul>\n<li>\u7eb9\u67af\u75c5\u6216\u7a3b\u761f\uff08<em>Rhizoctonia solani<\/em>\uff09\u3002<\/li>\n<li>\u7d2b\u6591\u75c5\uff08<em>Alternaria porri<\/em>\uff09\u3002<\/li>\n<\/ul>\n","protected":false},"excerpt":{"rendered":"<p>\u4ee5\u60ac\u6d6e\u6d53\u7f29\u5242\uff08SC\uff09\u914d\u5236\u7684\u6740\u866b\u5242\uff0c\u7528\u4e8e\u5728\u519c\u4e1a\u4f5c\u7269\u4e2d\u9ad8\u6548\u9632\u6cbb\u5bb3\u866b\u3002<\/p>\n","protected":false},"featured_media":8463,"comment_status":"closed","ping_status":"closed","template":"","meta":{"_acf_changed":false},"certificacion":[],"cultivo":[],"product_brand":[],"product_cat":[404],"product_tag":[1559],"class_list":{"0":"post-8587","1":"product","2":"type-product","3":"status-publish","4":"has-post-thumbnail","6":"product_cat-404","7":"product_tag-1559","9":"first","10":"instock","11":"shipping-taxable","12":"product-type-simple"},"acf":[],"yoast_head":"<!-- This site is optimized with the Yoast SEO plugin v27.2 - https:\/\/yoast.com\/product\/yoast-seo-wordpress\/ -->\n<title>Ankor 25 SC - Agrolac<\/title>\n<meta name=\"robots\" content=\"index, follow, max-snippet:-1, max-image-preview:large, max-video-preview:-1\" \/>\n<link rel=\"canonical\" href=\"https:\/\/colombia.agrolac.com\/zh-hans\/producto\/ankor-25-sc\/\" \/>\n<meta property=\"og:locale\" content=\"zh_CN\" \/>\n<meta property=\"og:type\" content=\"article\" \/>\n<meta property=\"og:title\" content=\"Ankor 25 SC - Agrolac\" \/>\n<meta property=\"og:description\" content=\"\u4ee5\u60ac\u6d6e\u6d53\u7f29\u5242\uff08SC\uff09\u914d\u5236\u7684\u6740\u866b\u5242\uff0c\u7528\u4e8e\u5728\u519c\u4e1a\u4f5c\u7269\u4e2d\u9ad8\u6548\u9632\u6cbb\u5bb3\u866b\u3002\" \/>\n<meta property=\"og:url\" content=\"https:\/\/colombia.agrolac.com\/zh-hans\/producto\/ankor-25-sc\/\" \/>\n<meta property=\"og:site_name\" content=\"Agrolac\" \/>\n<meta property=\"og:image\" content=\"https:\/\/colombia.agrolac.com\/wp-content\/uploads\/2026\/01\/campo-arroz-01.webp\" \/>\n\t<meta property=\"og:image:width\" content=\"1919\" \/>\n\t<meta property=\"og:image:height\" content=\"1201\" \/>\n\t<meta property=\"og:image:type\" content=\"image\/webp\" \/>\n<meta name=\"twitter:card\" content=\"summary_large_image\" \/>\n<script type=\"application\/ld+json\" class=\"yoast-schema-graph\">{\"@context\":\"https:\/\/schema.org\",\"@graph\":[{\"@type\":\"WebPage\",\"@id\":\"https:\/\/colombia.agrolac.com\/zh-hans\/producto\/ankor-25-sc\/\",\"url\":\"https:\/\/colombia.agrolac.com\/zh-hans\/producto\/ankor-25-sc\/\",\"name\":\"Ankor 25 SC - Agrolac\",\"isPartOf\":{\"@id\":\"https:\/\/colombia.agrolac.com\/zh-hans\/#website\"},\"primaryImageOfPage\":{\"@id\":\"https:\/\/colombia.agrolac.com\/zh-hans\/producto\/ankor-25-sc\/#primaryimage\"},\"image\":{\"@id\":\"https:\/\/colombia.agrolac.com\/zh-hans\/producto\/ankor-25-sc\/#primaryimage\"},\"thumbnailUrl\":\"https:\/\/colombia.agrolac.com\/wp-content\/uploads\/2026\/01\/campo-arroz-01.webp\",\"datePublished\":\"2026-01-09T23:31:22+00:00\",\"breadcrumb\":{\"@id\":\"https:\/\/colombia.agrolac.com\/zh-hans\/producto\/ankor-25-sc\/#breadcrumb\"},\"inLanguage\":\"zh-Hans\",\"potentialAction\":[{\"@type\":\"ReadAction\",\"target\":[\"https:\/\/colombia.agrolac.com\/zh-hans\/producto\/ankor-25-sc\/\"]}]},{\"@type\":\"ImageObject\",\"inLanguage\":\"zh-Hans\",\"@id\":\"https:\/\/colombia.agrolac.com\/zh-hans\/producto\/ankor-25-sc\/#primaryimage\",\"url\":\"https:\/\/colombia.agrolac.com\/wp-content\/uploads\/2026\/01\/campo-arroz-01.webp\",\"contentUrl\":\"https:\/\/colombia.agrolac.com\/wp-content\/uploads\/2026\/01\/campo-arroz-01.webp\",\"width\":1919,\"height\":1201},{\"@type\":\"BreadcrumbList\",\"@id\":\"https:\/\/colombia.agrolac.com\/zh-hans\/producto\/ankor-25-sc\/#breadcrumb\",\"itemListElement\":[{\"@type\":\"ListItem\",\"position\":1,\"name\":\"\u9996\u9875\",\"item\":\"https:\/\/colombia.agrolac.com\/zh-hans\/home\/\"},{\"@type\":\"ListItem\",\"position\":2,\"name\":\"\u4ea7\u54c1\",\"item\":\"https:\/\/colombia.agrolac.com\/zh-hans\/products\/\"},{\"@type\":\"ListItem\",\"position\":3,\"name\":\"Ankor 25 SC\"}]},{\"@type\":\"WebSite\",\"@id\":\"https:\/\/colombia.agrolac.com\/zh-hans\/#website\",\"url\":\"https:\/\/colombia.agrolac.com\/zh-hans\/\",\"name\":\"VICORQUIMIA\",\"description\":\"Agrolac \u00e9s una empresa de Barcelona, fundada el 1982, especialitzada en distribuci\u00f3 de productes agroqu\u00edmics per a l&#039;agricultura europea.\",\"publisher\":{\"@id\":\"https:\/\/colombia.agrolac.com\/zh-hans\/#organization\"},\"potentialAction\":[{\"@type\":\"SearchAction\",\"target\":{\"@type\":\"EntryPoint\",\"urlTemplate\":\"https:\/\/colombia.agrolac.com\/zh-hans\/?s={search_term_string}\"},\"query-input\":{\"@type\":\"PropertyValueSpecification\",\"valueRequired\":true,\"valueName\":\"search_term_string\"}}],\"inLanguage\":\"zh-Hans\"},{\"@type\":\"Organization\",\"@id\":\"https:\/\/colombia.agrolac.com\/zh-hans\/#organization\",\"name\":\"VICORQUIMIA\",\"url\":\"https:\/\/colombia.agrolac.com\/zh-hans\/\",\"logo\":{\"@type\":\"ImageObject\",\"inLanguage\":\"zh-Hans\",\"@id\":\"https:\/\/colombia.agrolac.com\/zh-hans\/#\/schema\/logo\/image\/\",\"url\":\"https:\/\/colombia.agrolac.com\/wp-content\/uploads\/2025\/10\/agrolac-logo.svg\",\"contentUrl\":\"https:\/\/colombia.agrolac.com\/wp-content\/uploads\/2025\/10\/agrolac-logo.svg\",\"caption\":\"VICORQUIMIA\"},\"image\":{\"@id\":\"https:\/\/colombia.agrolac.com\/zh-hans\/#\/schema\/logo\/image\/\"},\"sameAs\":[\"https:\/\/www.linkedin.com\/company\/vicorquimia\/\"]}]}<\/script>\n<!-- \/ Yoast SEO plugin. -->","yoast_head_json":{"title":"Ankor 25 SC - Agrolac","robots":{"index":"index","follow":"follow","max-snippet":"max-snippet:-1","max-image-preview":"max-image-preview:large","max-video-preview":"max-video-preview:-1"},"canonical":"https:\/\/colombia.agrolac.com\/zh-hans\/producto\/ankor-25-sc\/","og_locale":"zh_CN","og_type":"article","og_title":"Ankor 25 SC - Agrolac","og_description":"\u4ee5\u60ac\u6d6e\u6d53\u7f29\u5242\uff08SC\uff09\u914d\u5236\u7684\u6740\u866b\u5242\uff0c\u7528\u4e8e\u5728\u519c\u4e1a\u4f5c\u7269\u4e2d\u9ad8\u6548\u9632\u6cbb\u5bb3\u866b\u3002","og_url":"https:\/\/colombia.agrolac.com\/zh-hans\/producto\/ankor-25-sc\/","og_site_name":"Agrolac","og_image":[{"width":1919,"height":1201,"url":"https:\/\/colombia.agrolac.com\/wp-content\/uploads\/2026\/01\/campo-arroz-01.webp","type":"image\/webp"}],"twitter_card":"summary_large_image","schema":{"@context":"https:\/\/schema.org","@graph":[{"@type":"WebPage","@id":"https:\/\/colombia.agrolac.com\/zh-hans\/producto\/ankor-25-sc\/","url":"https:\/\/colombia.agrolac.com\/zh-hans\/producto\/ankor-25-sc\/","name":"Ankor 25 SC - Agrolac","isPartOf":{"@id":"https:\/\/colombia.agrolac.com\/zh-hans\/#website"},"primaryImageOfPage":{"@id":"https:\/\/colombia.agrolac.com\/zh-hans\/producto\/ankor-25-sc\/#primaryimage"},"image":{"@id":"https:\/\/colombia.agrolac.com\/zh-hans\/producto\/ankor-25-sc\/#primaryimage"},"thumbnailUrl":"https:\/\/colombia.agrolac.com\/wp-content\/uploads\/2026\/01\/campo-arroz-01.webp","datePublished":"2026-01-09T23:31:22+00:00","breadcrumb":{"@id":"https:\/\/colombia.agrolac.com\/zh-hans\/producto\/ankor-25-sc\/#breadcrumb"},"inLanguage":"zh-Hans","potentialAction":[{"@type":"ReadAction","target":["https:\/\/colombia.agrolac.com\/zh-hans\/producto\/ankor-25-sc\/"]}]},{"@type":"ImageObject","inLanguage":"zh-Hans","@id":"https:\/\/colombia.agrolac.com\/zh-hans\/producto\/ankor-25-sc\/#primaryimage","url":"https:\/\/colombia.agrolac.com\/wp-content\/uploads\/2026\/01\/campo-arroz-01.webp","contentUrl":"https:\/\/colombia.agrolac.com\/wp-content\/uploads\/2026\/01\/campo-arroz-01.webp","width":1919,"height":1201},{"@type":"BreadcrumbList","@id":"https:\/\/colombia.agrolac.com\/zh-hans\/producto\/ankor-25-sc\/#breadcrumb","itemListElement":[{"@type":"ListItem","position":1,"name":"\u9996\u9875","item":"https:\/\/colombia.agrolac.com\/zh-hans\/home\/"},{"@type":"ListItem","position":2,"name":"\u4ea7\u54c1","item":"https:\/\/colombia.agrolac.com\/zh-hans\/products\/"},{"@type":"ListItem","position":3,"name":"Ankor 25 SC"}]},{"@type":"WebSite","@id":"https:\/\/colombia.agrolac.com\/zh-hans\/#website","url":"https:\/\/colombia.agrolac.com\/zh-hans\/","name":"VICORQUIMIA","description":"Agrolac \u00e9s una empresa de Barcelona, fundada el 1982, especialitzada en distribuci\u00f3 de productes agroqu\u00edmics per a l&#039;agricultura europea.","publisher":{"@id":"https:\/\/colombia.agrolac.com\/zh-hans\/#organization"},"potentialAction":[{"@type":"SearchAction","target":{"@type":"EntryPoint","urlTemplate":"https:\/\/colombia.agrolac.com\/zh-hans\/?s={search_term_string}"},"query-input":{"@type":"PropertyValueSpecification","valueRequired":true,"valueName":"search_term_string"}}],"inLanguage":"zh-Hans"},{"@type":"Organization","@id":"https:\/\/colombia.agrolac.com\/zh-hans\/#organization","name":"VICORQUIMIA","url":"https:\/\/colombia.agrolac.com\/zh-hans\/","logo":{"@type":"ImageObject","inLanguage":"zh-Hans","@id":"https:\/\/colombia.agrolac.com\/zh-hans\/#\/schema\/logo\/image\/","url":"https:\/\/colombia.agrolac.com\/wp-content\/uploads\/2025\/10\/agrolac-logo.svg","contentUrl":"https:\/\/colombia.agrolac.com\/wp-content\/uploads\/2025\/10\/agrolac-logo.svg","caption":"VICORQUIMIA"},"image":{"@id":"https:\/\/colombia.agrolac.com\/zh-hans\/#\/schema\/logo\/image\/"},"sameAs":["https:\/\/www.linkedin.com\/company\/vicorquimia\/"]}]}},"_links":{"self":[{"href":"https:\/\/colombia.agrolac.com\/zh-hans\/wp-json\/wp\/v2\/product\/8587","targetHints":{"allow":["GET"]}}],"collection":[{"href":"https:\/\/colombia.agrolac.com\/zh-hans\/wp-json\/wp\/v2\/product"}],"about":[{"href":"https:\/\/colombia.agrolac.com\/zh-hans\/wp-json\/wp\/v2\/types\/product"}],"replies":[{"embeddable":true,"href":"https:\/\/colombia.agrolac.com\/zh-hans\/wp-json\/wp\/v2\/comments?post=8587"}],"wp:featuredmedia":[{"embeddable":true,"href":"https:\/\/colombia.agrolac.com\/zh-hans\/wp-json\/wp\/v2\/media\/8463"}],"wp:attachment":[{"href":"https:\/\/colombia.agrolac.com\/zh-hans\/wp-json\/wp\/v2\/media?parent=8587"}],"wp:term":[{"taxonomy":"certificacion","embeddable":true,"href":"https:\/\/colombia.agrolac.com\/zh-hans\/wp-json\/wp\/v2\/certificacion?post=8587"},{"taxonomy":"cultivo","embeddable":true,"href":"https:\/\/colombia.agrolac.com\/zh-hans\/wp-json\/wp\/v2\/cultivo?post=8587"},{"taxonomy":"product_brand","embeddable":true,"href":"https:\/\/colombia.agrolac.com\/zh-hans\/wp-json\/wp\/v2\/product_brand?post=8587"},{"taxonomy":"product_cat","embeddable":true,"href":"https:\/\/colombia.agrolac.com\/zh-hans\/wp-json\/wp\/v2\/product_cat?post=8587"},{"taxonomy":"product_tag","embeddable":true,"href":"https:\/\/colombia.agrolac.com\/zh-hans\/wp-json\/wp\/v2\/product_tag?post=8587"}],"curies":[{"name":"wp","href":"https:\/\/api.w.org\/{rel}","templated":true}]}}