{"id":8588,"date":"2026-01-10T21:17:58","date_gmt":"2026-01-10T20:17:58","guid":{"rendered":"https:\/\/colombia.agrolac.com\/producto\/nolda-1-8-ec\/"},"modified":"2026-01-10T21:17:58","modified_gmt":"2026-01-10T20:17:58","slug":"nolda-1-8-ec","status":"publish","type":"product","link":"https:\/\/colombia.agrolac.com\/zh-hans\/producto\/nolda-1-8-ec\/","title":{"rendered":"Nolda 1.8 EC"},"content":{"rendered":"<p><strong>NOLDA<\/strong> \u662f\u4e00\u79cd\u7528\u4e8e\u9632\u6cbb\u519c\u4e1a\u4f5c\u7269\u771f\u83cc\u75c5\u5bb3\u7684\u4ea7\u54c1\u3002<\/p>\n<p>\u5176\u5e94\u7528\u53ef\u7ba1\u7406\u5f71\u54cd\u53f6\u7247\u548c\u690d\u7269\u7ec4\u7ec7\u7684\u75c5\u539f\u4f53,\u6709\u52a9\u4e8e\u5728\u4f5c\u7269\u751f\u957f\u671f\u95f4\u7ef4\u62a4\u4f5c\u7269\u5065\u5eb7\u3002<\/p>\n<h3>\u4f5c\u7528\u539f\u7406<\/h3>\n<ul>\n<li>\u9488\u5bf9\u5f71\u54cd\u4f5c\u7269\u7684\u771f\u83cc\u53d1\u6325\u4f5c\u7528\u3002<\/li>\n<li>\u6709\u52a9\u4e8e\u9650\u5236\u690d\u7269\u75c5\u5bb3\u7684\u53d1\u5c55\u3002<\/li>\n<li>\u6709\u52a9\u4e8e\u7ef4\u6301\u4f5c\u7269\u66f4\u597d\u7684\u536b\u751f\u72b6\u51b5\u3002<\/li>\n<\/ul>\n<h3>\u65bd\u7528<\/h3>\n<p>\u5728\u51fa\u73b0\u75c5\u5bb3\u521d\u671f\u75c7\u72b6\u6216\u6761\u4ef6\u6709\u5229\u4e8e\u75c5\u5bb3\u53d1\u5c55\u65f6\u65bd\u7528\u3002<\/p>\n<h3>\u4f5c\u7269<\/h3>\n<ul>\n<li>\u73b0\u6709\u4fe1\u606f\u4e2d\u672a\u6307\u5b9a\u3002<\/li>\n<\/ul>\n<h3>\u75c5\u5bb3<\/h3>\n<ul>\n<li>\u73b0\u6709\u4fe1\u606f\u4e2d\u672a\u6307\u5b9a\u3002<\/li>\n<\/ul>\n","protected":false},"excerpt":{"rendered":"<p>\u4e73\u6cb9 (EC) \u5242\u578b\u6740\u866b\u5242,\u7528\u4e8e\u6709\u6548\u9632\u6cbb\u519c\u4e1a\u4f5c\u7269\u5bb3\u866b\u3002<\/p>\n","protected":false},"featured_media":4278,"comment_status":"closed","ping_status":"closed","template":"","meta":{"_acf_changed":false},"certificacion":[],"cultivo":[],"product_brand":[],"product_cat":[414],"product_tag":[1559],"class_list":{"0":"post-8588","1":"product","2":"type-product","3":"status-publish","4":"has-post-thumbnail","6":"product_cat-414","7":"product_tag-1559","9":"first","10":"instock","11":"shipping-taxable","12":"product-type-simple"},"acf":[],"yoast_head":"<!-- This site is optimized with the Yoast SEO plugin v27.2 - https:\/\/yoast.com\/product\/yoast-seo-wordpress\/ -->\n<title>Nolda 1.8 EC - Agrolac<\/title>\n<meta name=\"robots\" content=\"index, follow, max-snippet:-1, max-image-preview:large, max-video-preview:-1\" \/>\n<link rel=\"canonical\" href=\"https:\/\/colombia.agrolac.com\/zh-hans\/producto\/nolda-1-8-ec\/\" \/>\n<meta property=\"og:locale\" content=\"zh_CN\" \/>\n<meta property=\"og:type\" content=\"article\" \/>\n<meta property=\"og:title\" content=\"Nolda 1.8 EC - Agrolac\" \/>\n<meta property=\"og:description\" content=\"\u4e73\u6cb9 (EC) \u5242\u578b\u6740\u866b\u5242,\u7528\u4e8e\u6709\u6548\u9632\u6cbb\u519c\u4e1a\u4f5c\u7269\u5bb3\u866b\u3002\" \/>\n<meta property=\"og:url\" content=\"https:\/\/colombia.agrolac.com\/zh-hans\/producto\/nolda-1-8-ec\/\" \/>\n<meta property=\"og:site_name\" content=\"Agrolac\" \/>\n<meta property=\"og:image\" content=\"https:\/\/colombia.agrolac.com\/wp-content\/uploads\/2025\/10\/cultivo-tomates.webp\" \/>\n\t<meta property=\"og:image:width\" content=\"1500\" \/>\n\t<meta property=\"og:image:height\" content=\"1000\" \/>\n\t<meta property=\"og:image:type\" content=\"image\/webp\" \/>\n<meta name=\"twitter:card\" content=\"summary_large_image\" \/>\n<script type=\"application\/ld+json\" class=\"yoast-schema-graph\">{\"@context\":\"https:\/\/schema.org\",\"@graph\":[{\"@type\":\"WebPage\",\"@id\":\"https:\/\/colombia.agrolac.com\/zh-hans\/producto\/nolda-1-8-ec\/\",\"url\":\"https:\/\/colombia.agrolac.com\/zh-hans\/producto\/nolda-1-8-ec\/\",\"name\":\"Nolda 1.8 EC - Agrolac\",\"isPartOf\":{\"@id\":\"https:\/\/colombia.agrolac.com\/zh-hans\/#website\"},\"primaryImageOfPage\":{\"@id\":\"https:\/\/colombia.agrolac.com\/zh-hans\/producto\/nolda-1-8-ec\/#primaryimage\"},\"image\":{\"@id\":\"https:\/\/colombia.agrolac.com\/zh-hans\/producto\/nolda-1-8-ec\/#primaryimage\"},\"thumbnailUrl\":\"https:\/\/colombia.agrolac.com\/wp-content\/uploads\/2025\/10\/cultivo-tomates.webp\",\"datePublished\":\"2026-01-10T20:17:58+00:00\",\"breadcrumb\":{\"@id\":\"https:\/\/colombia.agrolac.com\/zh-hans\/producto\/nolda-1-8-ec\/#breadcrumb\"},\"inLanguage\":\"zh-Hans\",\"potentialAction\":[{\"@type\":\"ReadAction\",\"target\":[\"https:\/\/colombia.agrolac.com\/zh-hans\/producto\/nolda-1-8-ec\/\"]}]},{\"@type\":\"ImageObject\",\"inLanguage\":\"zh-Hans\",\"@id\":\"https:\/\/colombia.agrolac.com\/zh-hans\/producto\/nolda-1-8-ec\/#primaryimage\",\"url\":\"https:\/\/colombia.agrolac.com\/wp-content\/uploads\/2025\/10\/cultivo-tomates.webp\",\"contentUrl\":\"https:\/\/colombia.agrolac.com\/wp-content\/uploads\/2025\/10\/cultivo-tomates.webp\",\"width\":1500,\"height\":1000},{\"@type\":\"BreadcrumbList\",\"@id\":\"https:\/\/colombia.agrolac.com\/zh-hans\/producto\/nolda-1-8-ec\/#breadcrumb\",\"itemListElement\":[{\"@type\":\"ListItem\",\"position\":1,\"name\":\"\u9996\u9875\",\"item\":\"https:\/\/colombia.agrolac.com\/zh-hans\/home\/\"},{\"@type\":\"ListItem\",\"position\":2,\"name\":\"\u4ea7\u54c1\",\"item\":\"https:\/\/colombia.agrolac.com\/zh-hans\/products\/\"},{\"@type\":\"ListItem\",\"position\":3,\"name\":\"Nolda 1.8 EC\"}]},{\"@type\":\"WebSite\",\"@id\":\"https:\/\/colombia.agrolac.com\/zh-hans\/#website\",\"url\":\"https:\/\/colombia.agrolac.com\/zh-hans\/\",\"name\":\"VICORQUIMIA\",\"description\":\"Agrolac \u00e9s una empresa de Barcelona, fundada el 1982, especialitzada en distribuci\u00f3 de productes agroqu\u00edmics per a l&#039;agricultura europea.\",\"publisher\":{\"@id\":\"https:\/\/colombia.agrolac.com\/zh-hans\/#organization\"},\"potentialAction\":[{\"@type\":\"SearchAction\",\"target\":{\"@type\":\"EntryPoint\",\"urlTemplate\":\"https:\/\/colombia.agrolac.com\/zh-hans\/?s={search_term_string}\"},\"query-input\":{\"@type\":\"PropertyValueSpecification\",\"valueRequired\":true,\"valueName\":\"search_term_string\"}}],\"inLanguage\":\"zh-Hans\"},{\"@type\":\"Organization\",\"@id\":\"https:\/\/colombia.agrolac.com\/zh-hans\/#organization\",\"name\":\"VICORQUIMIA\",\"url\":\"https:\/\/colombia.agrolac.com\/zh-hans\/\",\"logo\":{\"@type\":\"ImageObject\",\"inLanguage\":\"zh-Hans\",\"@id\":\"https:\/\/colombia.agrolac.com\/zh-hans\/#\/schema\/logo\/image\/\",\"url\":\"https:\/\/colombia.agrolac.com\/wp-content\/uploads\/2025\/10\/agrolac-logo.svg\",\"contentUrl\":\"https:\/\/colombia.agrolac.com\/wp-content\/uploads\/2025\/10\/agrolac-logo.svg\",\"caption\":\"VICORQUIMIA\"},\"image\":{\"@id\":\"https:\/\/colombia.agrolac.com\/zh-hans\/#\/schema\/logo\/image\/\"},\"sameAs\":[\"https:\/\/www.linkedin.com\/company\/vicorquimia\/\"]}]}<\/script>\n<!-- \/ Yoast SEO plugin. -->","yoast_head_json":{"title":"Nolda 1.8 EC - Agrolac","robots":{"index":"index","follow":"follow","max-snippet":"max-snippet:-1","max-image-preview":"max-image-preview:large","max-video-preview":"max-video-preview:-1"},"canonical":"https:\/\/colombia.agrolac.com\/zh-hans\/producto\/nolda-1-8-ec\/","og_locale":"zh_CN","og_type":"article","og_title":"Nolda 1.8 EC - Agrolac","og_description":"\u4e73\u6cb9 (EC) \u5242\u578b\u6740\u866b\u5242,\u7528\u4e8e\u6709\u6548\u9632\u6cbb\u519c\u4e1a\u4f5c\u7269\u5bb3\u866b\u3002","og_url":"https:\/\/colombia.agrolac.com\/zh-hans\/producto\/nolda-1-8-ec\/","og_site_name":"Agrolac","og_image":[{"width":1500,"height":1000,"url":"https:\/\/colombia.agrolac.com\/wp-content\/uploads\/2025\/10\/cultivo-tomates.webp","type":"image\/webp"}],"twitter_card":"summary_large_image","schema":{"@context":"https:\/\/schema.org","@graph":[{"@type":"WebPage","@id":"https:\/\/colombia.agrolac.com\/zh-hans\/producto\/nolda-1-8-ec\/","url":"https:\/\/colombia.agrolac.com\/zh-hans\/producto\/nolda-1-8-ec\/","name":"Nolda 1.8 EC - Agrolac","isPartOf":{"@id":"https:\/\/colombia.agrolac.com\/zh-hans\/#website"},"primaryImageOfPage":{"@id":"https:\/\/colombia.agrolac.com\/zh-hans\/producto\/nolda-1-8-ec\/#primaryimage"},"image":{"@id":"https:\/\/colombia.agrolac.com\/zh-hans\/producto\/nolda-1-8-ec\/#primaryimage"},"thumbnailUrl":"https:\/\/colombia.agrolac.com\/wp-content\/uploads\/2025\/10\/cultivo-tomates.webp","datePublished":"2026-01-10T20:17:58+00:00","breadcrumb":{"@id":"https:\/\/colombia.agrolac.com\/zh-hans\/producto\/nolda-1-8-ec\/#breadcrumb"},"inLanguage":"zh-Hans","potentialAction":[{"@type":"ReadAction","target":["https:\/\/colombia.agrolac.com\/zh-hans\/producto\/nolda-1-8-ec\/"]}]},{"@type":"ImageObject","inLanguage":"zh-Hans","@id":"https:\/\/colombia.agrolac.com\/zh-hans\/producto\/nolda-1-8-ec\/#primaryimage","url":"https:\/\/colombia.agrolac.com\/wp-content\/uploads\/2025\/10\/cultivo-tomates.webp","contentUrl":"https:\/\/colombia.agrolac.com\/wp-content\/uploads\/2025\/10\/cultivo-tomates.webp","width":1500,"height":1000},{"@type":"BreadcrumbList","@id":"https:\/\/colombia.agrolac.com\/zh-hans\/producto\/nolda-1-8-ec\/#breadcrumb","itemListElement":[{"@type":"ListItem","position":1,"name":"\u9996\u9875","item":"https:\/\/colombia.agrolac.com\/zh-hans\/home\/"},{"@type":"ListItem","position":2,"name":"\u4ea7\u54c1","item":"https:\/\/colombia.agrolac.com\/zh-hans\/products\/"},{"@type":"ListItem","position":3,"name":"Nolda 1.8 EC"}]},{"@type":"WebSite","@id":"https:\/\/colombia.agrolac.com\/zh-hans\/#website","url":"https:\/\/colombia.agrolac.com\/zh-hans\/","name":"VICORQUIMIA","description":"Agrolac \u00e9s una empresa de Barcelona, fundada el 1982, especialitzada en distribuci\u00f3 de productes agroqu\u00edmics per a l&#039;agricultura europea.","publisher":{"@id":"https:\/\/colombia.agrolac.com\/zh-hans\/#organization"},"potentialAction":[{"@type":"SearchAction","target":{"@type":"EntryPoint","urlTemplate":"https:\/\/colombia.agrolac.com\/zh-hans\/?s={search_term_string}"},"query-input":{"@type":"PropertyValueSpecification","valueRequired":true,"valueName":"search_term_string"}}],"inLanguage":"zh-Hans"},{"@type":"Organization","@id":"https:\/\/colombia.agrolac.com\/zh-hans\/#organization","name":"VICORQUIMIA","url":"https:\/\/colombia.agrolac.com\/zh-hans\/","logo":{"@type":"ImageObject","inLanguage":"zh-Hans","@id":"https:\/\/colombia.agrolac.com\/zh-hans\/#\/schema\/logo\/image\/","url":"https:\/\/colombia.agrolac.com\/wp-content\/uploads\/2025\/10\/agrolac-logo.svg","contentUrl":"https:\/\/colombia.agrolac.com\/wp-content\/uploads\/2025\/10\/agrolac-logo.svg","caption":"VICORQUIMIA"},"image":{"@id":"https:\/\/colombia.agrolac.com\/zh-hans\/#\/schema\/logo\/image\/"},"sameAs":["https:\/\/www.linkedin.com\/company\/vicorquimia\/"]}]}},"_links":{"self":[{"href":"https:\/\/colombia.agrolac.com\/zh-hans\/wp-json\/wp\/v2\/product\/8588","targetHints":{"allow":["GET"]}}],"collection":[{"href":"https:\/\/colombia.agrolac.com\/zh-hans\/wp-json\/wp\/v2\/product"}],"about":[{"href":"https:\/\/colombia.agrolac.com\/zh-hans\/wp-json\/wp\/v2\/types\/product"}],"replies":[{"embeddable":true,"href":"https:\/\/colombia.agrolac.com\/zh-hans\/wp-json\/wp\/v2\/comments?post=8588"}],"wp:featuredmedia":[{"embeddable":true,"href":"https:\/\/colombia.agrolac.com\/zh-hans\/wp-json\/wp\/v2\/media\/4278"}],"wp:attachment":[{"href":"https:\/\/colombia.agrolac.com\/zh-hans\/wp-json\/wp\/v2\/media?parent=8588"}],"wp:term":[{"taxonomy":"certificacion","embeddable":true,"href":"https:\/\/colombia.agrolac.com\/zh-hans\/wp-json\/wp\/v2\/certificacion?post=8588"},{"taxonomy":"cultivo","embeddable":true,"href":"https:\/\/colombia.agrolac.com\/zh-hans\/wp-json\/wp\/v2\/cultivo?post=8588"},{"taxonomy":"product_brand","embeddable":true,"href":"https:\/\/colombia.agrolac.com\/zh-hans\/wp-json\/wp\/v2\/product_brand?post=8588"},{"taxonomy":"product_cat","embeddable":true,"href":"https:\/\/colombia.agrolac.com\/zh-hans\/wp-json\/wp\/v2\/product_cat?post=8588"},{"taxonomy":"product_tag","embeddable":true,"href":"https:\/\/colombia.agrolac.com\/zh-hans\/wp-json\/wp\/v2\/product_tag?post=8588"}],"curies":[{"name":"wp","href":"https:\/\/api.w.org\/{rel}","templated":true}]}}