{"id":8589,"date":"2026-01-10T21:13:53","date_gmt":"2026-01-10T20:13:53","guid":{"rendered":"https:\/\/colombia.agrolac.com\/producto\/%e5%85%b0%e5%a7%86%e8%be%be%e6%a0%bc%e7%bd%97-25-cs\/"},"modified":"2026-01-10T21:13:53","modified_gmt":"2026-01-10T20:13:53","slug":"%e5%85%b0%e5%a7%86%e8%be%be%e6%a0%bc%e7%bd%97-25-cs","status":"publish","type":"product","link":"https:\/\/colombia.agrolac.com\/zh-hans\/producto\/%e5%85%b0%e5%a7%86%e8%be%be%e6%a0%bc%e7%bd%97-25-cs\/","title":{"rendered":"\u5170\u59c6\u8fbe\u683c\u7f57 25 CS"},"content":{"rendered":"<p><strong>\u5170\u59c6\u8fbe\u683c\u7f57<\/strong> \u662f\u4e00\u79cd\u7528\u4e8e\u9632\u6cbb\u519c\u4f5c\u7269\u5bb3\u866b\u7684\u4ea7\u54c1\u3002<\/p>\n<p>\u5176\u65bd\u7528\u6709\u52a9\u4e8e\u63a7\u5236\u5f71\u54cd\u53f6\u7247\u548c\u690d\u7269\u7ec4\u7ec7\u7684\u5bb3\u866b\uff0c\u4ece\u800c\u5728\u4f5c\u7269\u751f\u957f\u671f\u95f4\u4fdd\u6301\u5176\u826f\u597d\u72b6\u6001\u3002<\/p>\n<h3>\u4f5c\u7528\u539f\u7406<\/h3>\n<ul>\n<li>\u9632\u6cbb\u5f71\u54cd\u4f5c\u7269\u7684\u5bb3\u866b\u3002<\/li>\n<li>\u6709\u52a9\u4e8e\u9650\u5236\u5bb3\u866b\u5bf9\u690d\u7269\u9020\u6210\u7684\u635f\u5bb3\u3002<\/li>\n<li>\u6709\u52a9\u4e8e\u4fdd\u6301\u4f5c\u7269\u5904\u4e8e\u826f\u597d\u72b6\u6001\u3002<\/li>\n<\/ul>\n<h3>\u65bd\u7528<\/h3>\n<p>\u5728\u53d1\u73b0\u5bb3\u866b\u6216\u5b58\u5728\u6709\u5229\u4e8e\u5176\u53d1\u5c55\u7684\u6761\u4ef6\u65f6\u65bd\u7528\u3002<\/p>\n<h3>\u4f5c\u7269<\/h3>\n<ul>\n<li>\u73b0\u6709\u4fe1\u606f\u4e2d\u672a\u6307\u5b9a\u3002<\/li>\n<\/ul>\n<h3>\u5bb3\u866b<\/h3>\n<ul>\n<li>\u73b0\u6709\u4fe1\u606f\u4e2d\u672a\u6307\u5b9a\u3002<\/li>\n<\/ul>\n","protected":false},"excerpt":{"rendered":"<p>\u5fae\u56ca\u60ac\u6d6e\u5242 (CS) \u6740\u866b\u5242\uff0c\u7528\u4e8e\u6709\u6548\u9632\u6cbb\u519c\u4f5c\u7269\u5bb3\u866b\u3002<\/p>\n","protected":false},"featured_media":8525,"comment_status":"closed","ping_status":"closed","template":"","meta":{"_acf_changed":false},"certificacion":[],"cultivo":[],"product_brand":[],"product_cat":[414],"product_tag":[1559],"class_list":{"0":"post-8589","1":"product","2":"type-product","3":"status-publish","4":"has-post-thumbnail","6":"product_cat-414","7":"product_tag-1559","9":"first","10":"instock","11":"shipping-taxable","12":"product-type-simple"},"acf":[],"yoast_head":"<!-- This site is optimized with the Yoast SEO plugin v27.2 - https:\/\/yoast.com\/product\/yoast-seo-wordpress\/ -->\n<title>\u5170\u59c6\u8fbe\u683c\u7f57 25 CS - Agrolac<\/title>\n<meta name=\"robots\" content=\"index, follow, max-snippet:-1, max-image-preview:large, max-video-preview:-1\" \/>\n<link rel=\"canonical\" href=\"https:\/\/colombia.agrolac.com\/zh-hans\/producto\/%e5%85%b0%e5%a7%86%e8%be%be%e6%a0%bc%e7%bd%97-25-cs\/\" \/>\n<meta property=\"og:locale\" content=\"zh_CN\" \/>\n<meta property=\"og:type\" content=\"article\" \/>\n<meta property=\"og:title\" content=\"\u5170\u59c6\u8fbe\u683c\u7f57 25 CS - Agrolac\" \/>\n<meta property=\"og:description\" content=\"\u5fae\u56ca\u60ac\u6d6e\u5242 (CS) \u6740\u866b\u5242\uff0c\u7528\u4e8e\u6709\u6548\u9632\u6cbb\u519c\u4f5c\u7269\u5bb3\u866b\u3002\" \/>\n<meta property=\"og:url\" content=\"https:\/\/colombia.agrolac.com\/zh-hans\/producto\/%e5%85%b0%e5%a7%86%e8%be%be%e6%a0%bc%e7%bd%97-25-cs\/\" \/>\n<meta property=\"og:site_name\" content=\"Agrolac\" \/>\n<meta property=\"og:image\" content=\"https:\/\/colombia.agrolac.com\/wp-content\/uploads\/2026\/01\/soja.webp\" \/>\n\t<meta property=\"og:image:width\" content=\"1918\" \/>\n\t<meta property=\"og:image:height\" content=\"1279\" \/>\n\t<meta property=\"og:image:type\" content=\"image\/webp\" \/>\n<meta name=\"twitter:card\" content=\"summary_large_image\" \/>\n<script type=\"application\/ld+json\" class=\"yoast-schema-graph\">{\"@context\":\"https:\/\/schema.org\",\"@graph\":[{\"@type\":\"WebPage\",\"@id\":\"https:\/\/colombia.agrolac.com\/zh-hans\/producto\/%e5%85%b0%e5%a7%86%e8%be%be%e6%a0%bc%e7%bd%97-25-cs\/\",\"url\":\"https:\/\/colombia.agrolac.com\/zh-hans\/producto\/%e5%85%b0%e5%a7%86%e8%be%be%e6%a0%bc%e7%bd%97-25-cs\/\",\"name\":\"\u5170\u59c6\u8fbe\u683c\u7f57 25 CS - Agrolac\",\"isPartOf\":{\"@id\":\"https:\/\/colombia.agrolac.com\/zh-hans\/#website\"},\"primaryImageOfPage\":{\"@id\":\"https:\/\/colombia.agrolac.com\/zh-hans\/producto\/%e5%85%b0%e5%a7%86%e8%be%be%e6%a0%bc%e7%bd%97-25-cs\/#primaryimage\"},\"image\":{\"@id\":\"https:\/\/colombia.agrolac.com\/zh-hans\/producto\/%e5%85%b0%e5%a7%86%e8%be%be%e6%a0%bc%e7%bd%97-25-cs\/#primaryimage\"},\"thumbnailUrl\":\"https:\/\/colombia.agrolac.com\/wp-content\/uploads\/2026\/01\/soja.webp\",\"datePublished\":\"2026-01-10T20:13:53+00:00\",\"breadcrumb\":{\"@id\":\"https:\/\/colombia.agrolac.com\/zh-hans\/producto\/%e5%85%b0%e5%a7%86%e8%be%be%e6%a0%bc%e7%bd%97-25-cs\/#breadcrumb\"},\"inLanguage\":\"zh-Hans\",\"potentialAction\":[{\"@type\":\"ReadAction\",\"target\":[\"https:\/\/colombia.agrolac.com\/zh-hans\/producto\/%e5%85%b0%e5%a7%86%e8%be%be%e6%a0%bc%e7%bd%97-25-cs\/\"]}]},{\"@type\":\"ImageObject\",\"inLanguage\":\"zh-Hans\",\"@id\":\"https:\/\/colombia.agrolac.com\/zh-hans\/producto\/%e5%85%b0%e5%a7%86%e8%be%be%e6%a0%bc%e7%bd%97-25-cs\/#primaryimage\",\"url\":\"https:\/\/colombia.agrolac.com\/wp-content\/uploads\/2026\/01\/soja.webp\",\"contentUrl\":\"https:\/\/colombia.agrolac.com\/wp-content\/uploads\/2026\/01\/soja.webp\",\"width\":1918,\"height\":1279},{\"@type\":\"BreadcrumbList\",\"@id\":\"https:\/\/colombia.agrolac.com\/zh-hans\/producto\/%e5%85%b0%e5%a7%86%e8%be%be%e6%a0%bc%e7%bd%97-25-cs\/#breadcrumb\",\"itemListElement\":[{\"@type\":\"ListItem\",\"position\":1,\"name\":\"\u9996\u9875\",\"item\":\"https:\/\/colombia.agrolac.com\/zh-hans\/home\/\"},{\"@type\":\"ListItem\",\"position\":2,\"name\":\"\u4ea7\u54c1\",\"item\":\"https:\/\/colombia.agrolac.com\/zh-hans\/products\/\"},{\"@type\":\"ListItem\",\"position\":3,\"name\":\"\u5170\u59c6\u8fbe\u683c\u7f57 25 CS\"}]},{\"@type\":\"WebSite\",\"@id\":\"https:\/\/colombia.agrolac.com\/zh-hans\/#website\",\"url\":\"https:\/\/colombia.agrolac.com\/zh-hans\/\",\"name\":\"VICORQUIMIA\",\"description\":\"Agrolac \u00e9s una empresa de Barcelona, fundada el 1982, especialitzada en distribuci\u00f3 de productes agroqu\u00edmics per a l&#039;agricultura europea.\",\"publisher\":{\"@id\":\"https:\/\/colombia.agrolac.com\/zh-hans\/#organization\"},\"potentialAction\":[{\"@type\":\"SearchAction\",\"target\":{\"@type\":\"EntryPoint\",\"urlTemplate\":\"https:\/\/colombia.agrolac.com\/zh-hans\/?s={search_term_string}\"},\"query-input\":{\"@type\":\"PropertyValueSpecification\",\"valueRequired\":true,\"valueName\":\"search_term_string\"}}],\"inLanguage\":\"zh-Hans\"},{\"@type\":\"Organization\",\"@id\":\"https:\/\/colombia.agrolac.com\/zh-hans\/#organization\",\"name\":\"VICORQUIMIA\",\"url\":\"https:\/\/colombia.agrolac.com\/zh-hans\/\",\"logo\":{\"@type\":\"ImageObject\",\"inLanguage\":\"zh-Hans\",\"@id\":\"https:\/\/colombia.agrolac.com\/zh-hans\/#\/schema\/logo\/image\/\",\"url\":\"https:\/\/colombia.agrolac.com\/wp-content\/uploads\/2025\/10\/agrolac-logo.svg\",\"contentUrl\":\"https:\/\/colombia.agrolac.com\/wp-content\/uploads\/2025\/10\/agrolac-logo.svg\",\"caption\":\"VICORQUIMIA\"},\"image\":{\"@id\":\"https:\/\/colombia.agrolac.com\/zh-hans\/#\/schema\/logo\/image\/\"},\"sameAs\":[\"https:\/\/www.linkedin.com\/company\/vicorquimia\/\"]}]}<\/script>\n<!-- \/ Yoast SEO plugin. -->","yoast_head_json":{"title":"\u5170\u59c6\u8fbe\u683c\u7f57 25 CS - Agrolac","robots":{"index":"index","follow":"follow","max-snippet":"max-snippet:-1","max-image-preview":"max-image-preview:large","max-video-preview":"max-video-preview:-1"},"canonical":"https:\/\/colombia.agrolac.com\/zh-hans\/producto\/%e5%85%b0%e5%a7%86%e8%be%be%e6%a0%bc%e7%bd%97-25-cs\/","og_locale":"zh_CN","og_type":"article","og_title":"\u5170\u59c6\u8fbe\u683c\u7f57 25 CS - Agrolac","og_description":"\u5fae\u56ca\u60ac\u6d6e\u5242 (CS) \u6740\u866b\u5242\uff0c\u7528\u4e8e\u6709\u6548\u9632\u6cbb\u519c\u4f5c\u7269\u5bb3\u866b\u3002","og_url":"https:\/\/colombia.agrolac.com\/zh-hans\/producto\/%e5%85%b0%e5%a7%86%e8%be%be%e6%a0%bc%e7%bd%97-25-cs\/","og_site_name":"Agrolac","og_image":[{"width":1918,"height":1279,"url":"https:\/\/colombia.agrolac.com\/wp-content\/uploads\/2026\/01\/soja.webp","type":"image\/webp"}],"twitter_card":"summary_large_image","schema":{"@context":"https:\/\/schema.org","@graph":[{"@type":"WebPage","@id":"https:\/\/colombia.agrolac.com\/zh-hans\/producto\/%e5%85%b0%e5%a7%86%e8%be%be%e6%a0%bc%e7%bd%97-25-cs\/","url":"https:\/\/colombia.agrolac.com\/zh-hans\/producto\/%e5%85%b0%e5%a7%86%e8%be%be%e6%a0%bc%e7%bd%97-25-cs\/","name":"\u5170\u59c6\u8fbe\u683c\u7f57 25 CS - Agrolac","isPartOf":{"@id":"https:\/\/colombia.agrolac.com\/zh-hans\/#website"},"primaryImageOfPage":{"@id":"https:\/\/colombia.agrolac.com\/zh-hans\/producto\/%e5%85%b0%e5%a7%86%e8%be%be%e6%a0%bc%e7%bd%97-25-cs\/#primaryimage"},"image":{"@id":"https:\/\/colombia.agrolac.com\/zh-hans\/producto\/%e5%85%b0%e5%a7%86%e8%be%be%e6%a0%bc%e7%bd%97-25-cs\/#primaryimage"},"thumbnailUrl":"https:\/\/colombia.agrolac.com\/wp-content\/uploads\/2026\/01\/soja.webp","datePublished":"2026-01-10T20:13:53+00:00","breadcrumb":{"@id":"https:\/\/colombia.agrolac.com\/zh-hans\/producto\/%e5%85%b0%e5%a7%86%e8%be%be%e6%a0%bc%e7%bd%97-25-cs\/#breadcrumb"},"inLanguage":"zh-Hans","potentialAction":[{"@type":"ReadAction","target":["https:\/\/colombia.agrolac.com\/zh-hans\/producto\/%e5%85%b0%e5%a7%86%e8%be%be%e6%a0%bc%e7%bd%97-25-cs\/"]}]},{"@type":"ImageObject","inLanguage":"zh-Hans","@id":"https:\/\/colombia.agrolac.com\/zh-hans\/producto\/%e5%85%b0%e5%a7%86%e8%be%be%e6%a0%bc%e7%bd%97-25-cs\/#primaryimage","url":"https:\/\/colombia.agrolac.com\/wp-content\/uploads\/2026\/01\/soja.webp","contentUrl":"https:\/\/colombia.agrolac.com\/wp-content\/uploads\/2026\/01\/soja.webp","width":1918,"height":1279},{"@type":"BreadcrumbList","@id":"https:\/\/colombia.agrolac.com\/zh-hans\/producto\/%e5%85%b0%e5%a7%86%e8%be%be%e6%a0%bc%e7%bd%97-25-cs\/#breadcrumb","itemListElement":[{"@type":"ListItem","position":1,"name":"\u9996\u9875","item":"https:\/\/colombia.agrolac.com\/zh-hans\/home\/"},{"@type":"ListItem","position":2,"name":"\u4ea7\u54c1","item":"https:\/\/colombia.agrolac.com\/zh-hans\/products\/"},{"@type":"ListItem","position":3,"name":"\u5170\u59c6\u8fbe\u683c\u7f57 25 CS"}]},{"@type":"WebSite","@id":"https:\/\/colombia.agrolac.com\/zh-hans\/#website","url":"https:\/\/colombia.agrolac.com\/zh-hans\/","name":"VICORQUIMIA","description":"Agrolac \u00e9s una empresa de Barcelona, fundada el 1982, especialitzada en distribuci\u00f3 de productes agroqu\u00edmics per a l&#039;agricultura europea.","publisher":{"@id":"https:\/\/colombia.agrolac.com\/zh-hans\/#organization"},"potentialAction":[{"@type":"SearchAction","target":{"@type":"EntryPoint","urlTemplate":"https:\/\/colombia.agrolac.com\/zh-hans\/?s={search_term_string}"},"query-input":{"@type":"PropertyValueSpecification","valueRequired":true,"valueName":"search_term_string"}}],"inLanguage":"zh-Hans"},{"@type":"Organization","@id":"https:\/\/colombia.agrolac.com\/zh-hans\/#organization","name":"VICORQUIMIA","url":"https:\/\/colombia.agrolac.com\/zh-hans\/","logo":{"@type":"ImageObject","inLanguage":"zh-Hans","@id":"https:\/\/colombia.agrolac.com\/zh-hans\/#\/schema\/logo\/image\/","url":"https:\/\/colombia.agrolac.com\/wp-content\/uploads\/2025\/10\/agrolac-logo.svg","contentUrl":"https:\/\/colombia.agrolac.com\/wp-content\/uploads\/2025\/10\/agrolac-logo.svg","caption":"VICORQUIMIA"},"image":{"@id":"https:\/\/colombia.agrolac.com\/zh-hans\/#\/schema\/logo\/image\/"},"sameAs":["https:\/\/www.linkedin.com\/company\/vicorquimia\/"]}]}},"_links":{"self":[{"href":"https:\/\/colombia.agrolac.com\/zh-hans\/wp-json\/wp\/v2\/product\/8589","targetHints":{"allow":["GET"]}}],"collection":[{"href":"https:\/\/colombia.agrolac.com\/zh-hans\/wp-json\/wp\/v2\/product"}],"about":[{"href":"https:\/\/colombia.agrolac.com\/zh-hans\/wp-json\/wp\/v2\/types\/product"}],"replies":[{"embeddable":true,"href":"https:\/\/colombia.agrolac.com\/zh-hans\/wp-json\/wp\/v2\/comments?post=8589"}],"wp:featuredmedia":[{"embeddable":true,"href":"https:\/\/colombia.agrolac.com\/zh-hans\/wp-json\/wp\/v2\/media\/8525"}],"wp:attachment":[{"href":"https:\/\/colombia.agrolac.com\/zh-hans\/wp-json\/wp\/v2\/media?parent=8589"}],"wp:term":[{"taxonomy":"certificacion","embeddable":true,"href":"https:\/\/colombia.agrolac.com\/zh-hans\/wp-json\/wp\/v2\/certificacion?post=8589"},{"taxonomy":"cultivo","embeddable":true,"href":"https:\/\/colombia.agrolac.com\/zh-hans\/wp-json\/wp\/v2\/cultivo?post=8589"},{"taxonomy":"product_brand","embeddable":true,"href":"https:\/\/colombia.agrolac.com\/zh-hans\/wp-json\/wp\/v2\/product_brand?post=8589"},{"taxonomy":"product_cat","embeddable":true,"href":"https:\/\/colombia.agrolac.com\/zh-hans\/wp-json\/wp\/v2\/product_cat?post=8589"},{"taxonomy":"product_tag","embeddable":true,"href":"https:\/\/colombia.agrolac.com\/zh-hans\/wp-json\/wp\/v2\/product_tag?post=8589"}],"curies":[{"name":"wp","href":"https:\/\/api.w.org\/{rel}","templated":true}]}}