{"id":8592,"date":"2026-01-11T00:00:33","date_gmt":"2026-01-10T23:00:33","guid":{"rendered":"https:\/\/colombia.agrolac.com\/producto\/fluibenzulac-25-wp\/"},"modified":"2026-01-11T00:00:33","modified_gmt":"2026-01-10T23:00:33","slug":"fluibenzulac-25-wp","status":"publish","type":"product","link":"https:\/\/colombia.agrolac.com\/zh-hans\/producto\/fluibenzulac-25-wp\/","title":{"rendered":"Fluibenzulac 25 WP"},"content":{"rendered":"<h2>\u6709\u6548\u9884\u9632\u4f5c\u7269\u771f\u83cc\u75c5\u5bb3<\/h2>\n<p><strong>Fluibenzulac 25 WP<\/strong> \u662f\u4e00\u79cd\u53ef\u6e7f\u6027\u7c89\u5242 (WP) \u6740\u83cc\u5242\uff0c\u9002\u7528\u4e8e\u9632\u6cbb\u519c\u4f5c\u7269\u7684\u771f\u83cc\u75c5\u5bb3\u3002<\/p>\n<p>\u5176\u914d\u65b9\u53ef\u786e\u4fdd\u5728\u6c34\u4e2d\u826f\u597d\u5206\u6563\u5e76\u5747\u5300\u55b7\u65bd\u4e8e\u53f6\u9762\uff0c\u6709\u52a9\u4e8e\u6709\u6548\u4fdd\u62a4\u4f5c\u7269\u5e76\u7ef4\u6301\u5176\u589e\u4ea7\u6f5c\u529b\u3002<\/p>\n<h3>\u4ea7\u54c1\u4f18\u52bf<\/h3>\n<ul>\n<li>\u53ef\u6e7f\u6027\u7c89\u5242 (WP) \u914d\u65b9\u3002<\/li>\n<li>\u5728\u4f5c\u7269\u4e0a\u5177\u6709\u826f\u597d\u7684\u8986\u76d6\u7387\u548c\u5206\u5e03\u6027\u3002<\/li>\n<li>\u5bf9\u771f\u83cc\u75c5\u5bb3\u5177\u6709\u9ad8\u6548\u9632\u6cbb\u4f5c\u7528\u3002<\/li>\n<li>\u9002\u7528\u4e8e\u7efc\u5408\u6cbb\u7406\u8ba1\u5212\u3002<\/li>\n<\/ul>\n<h3>\u4f7f\u7528\u65b9\u6cd5<\/h3>\n<p>\u901a\u8fc7\u53f6\u9762\u55b7\u96fe\u65bd\u7528\uff0c\u786e\u4fdd\u4f5c\u7269\u8986\u76d6\u826f\u597d\uff0c\u5e76\u9075\u5faa\u9488\u5bf9\u4e0d\u540c\u4f5c\u7269\u7684\u6280\u672f\u5efa\u8bae\u3002<\/p>\n<h3>\u6ce8\u610f\u4e8b\u9879<\/h3>\n<p>\u519c\u4e1a\u7528\u9014\u4ea7\u54c1\u3002\u8bf7\u52a1\u5fc5\u6309\u7167\u6807\u7b7e\u8bf4\u660e\u53ca\u79d8\u9c81\u73b0\u884c\u6cd5\u89c4\u4f7f\u7528\u3002 <\/p>\n","protected":false},"excerpt":{"rendered":"<p>\u53ef\u6e7f\u6027\u7c89\u5242 (WP) \u6740\u83cc\u5242\uff0c\u7528\u4e8e\u6709\u6548\u9632\u6cbb\u519c\u4f5c\u7269\u771f\u83cc\u75c5\u5bb3\u3002<\/p>\n","protected":false},"featured_media":8525,"comment_status":"closed","ping_status":"closed","template":"","meta":{"_acf_changed":false},"certificacion":[],"cultivo":[],"product_brand":[],"product_cat":[404],"product_tag":[1559],"class_list":{"0":"post-8592","1":"product","2":"type-product","3":"status-publish","4":"has-post-thumbnail","6":"product_cat-404","7":"product_tag-1559","9":"first","10":"instock","11":"shipping-taxable","12":"product-type-simple"},"acf":[],"yoast_head":"<!-- This site is optimized with the Yoast SEO plugin v27.2 - https:\/\/yoast.com\/product\/yoast-seo-wordpress\/ -->\n<title>Fluibenzulac 25 WP - Agrolac<\/title>\n<meta name=\"robots\" content=\"index, follow, max-snippet:-1, max-image-preview:large, max-video-preview:-1\" \/>\n<link rel=\"canonical\" href=\"https:\/\/colombia.agrolac.com\/zh-hans\/producto\/fluibenzulac-25-wp\/\" \/>\n<meta property=\"og:locale\" content=\"zh_CN\" \/>\n<meta property=\"og:type\" content=\"article\" \/>\n<meta property=\"og:title\" content=\"Fluibenzulac 25 WP - Agrolac\" \/>\n<meta property=\"og:description\" content=\"\u53ef\u6e7f\u6027\u7c89\u5242 (WP) \u6740\u83cc\u5242\uff0c\u7528\u4e8e\u6709\u6548\u9632\u6cbb\u519c\u4f5c\u7269\u771f\u83cc\u75c5\u5bb3\u3002\" \/>\n<meta property=\"og:url\" content=\"https:\/\/colombia.agrolac.com\/zh-hans\/producto\/fluibenzulac-25-wp\/\" \/>\n<meta property=\"og:site_name\" content=\"Agrolac\" \/>\n<meta property=\"og:image\" content=\"https:\/\/colombia.agrolac.com\/wp-content\/uploads\/2026\/01\/soja.webp\" \/>\n\t<meta property=\"og:image:width\" content=\"1918\" \/>\n\t<meta property=\"og:image:height\" content=\"1279\" \/>\n\t<meta property=\"og:image:type\" content=\"image\/webp\" \/>\n<meta name=\"twitter:card\" content=\"summary_large_image\" \/>\n<script type=\"application\/ld+json\" class=\"yoast-schema-graph\">{\"@context\":\"https:\/\/schema.org\",\"@graph\":[{\"@type\":\"WebPage\",\"@id\":\"https:\/\/colombia.agrolac.com\/zh-hans\/producto\/fluibenzulac-25-wp\/\",\"url\":\"https:\/\/colombia.agrolac.com\/zh-hans\/producto\/fluibenzulac-25-wp\/\",\"name\":\"Fluibenzulac 25 WP - Agrolac\",\"isPartOf\":{\"@id\":\"https:\/\/colombia.agrolac.com\/zh-hans\/#website\"},\"primaryImageOfPage\":{\"@id\":\"https:\/\/colombia.agrolac.com\/zh-hans\/producto\/fluibenzulac-25-wp\/#primaryimage\"},\"image\":{\"@id\":\"https:\/\/colombia.agrolac.com\/zh-hans\/producto\/fluibenzulac-25-wp\/#primaryimage\"},\"thumbnailUrl\":\"https:\/\/colombia.agrolac.com\/wp-content\/uploads\/2026\/01\/soja.webp\",\"datePublished\":\"2026-01-10T23:00:33+00:00\",\"breadcrumb\":{\"@id\":\"https:\/\/colombia.agrolac.com\/zh-hans\/producto\/fluibenzulac-25-wp\/#breadcrumb\"},\"inLanguage\":\"zh-Hans\",\"potentialAction\":[{\"@type\":\"ReadAction\",\"target\":[\"https:\/\/colombia.agrolac.com\/zh-hans\/producto\/fluibenzulac-25-wp\/\"]}]},{\"@type\":\"ImageObject\",\"inLanguage\":\"zh-Hans\",\"@id\":\"https:\/\/colombia.agrolac.com\/zh-hans\/producto\/fluibenzulac-25-wp\/#primaryimage\",\"url\":\"https:\/\/colombia.agrolac.com\/wp-content\/uploads\/2026\/01\/soja.webp\",\"contentUrl\":\"https:\/\/colombia.agrolac.com\/wp-content\/uploads\/2026\/01\/soja.webp\",\"width\":1918,\"height\":1279},{\"@type\":\"BreadcrumbList\",\"@id\":\"https:\/\/colombia.agrolac.com\/zh-hans\/producto\/fluibenzulac-25-wp\/#breadcrumb\",\"itemListElement\":[{\"@type\":\"ListItem\",\"position\":1,\"name\":\"\u9996\u9875\",\"item\":\"https:\/\/colombia.agrolac.com\/zh-hans\/home\/\"},{\"@type\":\"ListItem\",\"position\":2,\"name\":\"\u4ea7\u54c1\",\"item\":\"https:\/\/colombia.agrolac.com\/zh-hans\/products\/\"},{\"@type\":\"ListItem\",\"position\":3,\"name\":\"Fluibenzulac 25 WP\"}]},{\"@type\":\"WebSite\",\"@id\":\"https:\/\/colombia.agrolac.com\/zh-hans\/#website\",\"url\":\"https:\/\/colombia.agrolac.com\/zh-hans\/\",\"name\":\"VICORQUIMIA\",\"description\":\"Agrolac \u00e9s una empresa de Barcelona, fundada el 1982, especialitzada en distribuci\u00f3 de productes agroqu\u00edmics per a l&#039;agricultura europea.\",\"publisher\":{\"@id\":\"https:\/\/colombia.agrolac.com\/zh-hans\/#organization\"},\"potentialAction\":[{\"@type\":\"SearchAction\",\"target\":{\"@type\":\"EntryPoint\",\"urlTemplate\":\"https:\/\/colombia.agrolac.com\/zh-hans\/?s={search_term_string}\"},\"query-input\":{\"@type\":\"PropertyValueSpecification\",\"valueRequired\":true,\"valueName\":\"search_term_string\"}}],\"inLanguage\":\"zh-Hans\"},{\"@type\":\"Organization\",\"@id\":\"https:\/\/colombia.agrolac.com\/zh-hans\/#organization\",\"name\":\"VICORQUIMIA\",\"url\":\"https:\/\/colombia.agrolac.com\/zh-hans\/\",\"logo\":{\"@type\":\"ImageObject\",\"inLanguage\":\"zh-Hans\",\"@id\":\"https:\/\/colombia.agrolac.com\/zh-hans\/#\/schema\/logo\/image\/\",\"url\":\"https:\/\/colombia.agrolac.com\/wp-content\/uploads\/2025\/10\/agrolac-logo.svg\",\"contentUrl\":\"https:\/\/colombia.agrolac.com\/wp-content\/uploads\/2025\/10\/agrolac-logo.svg\",\"caption\":\"VICORQUIMIA\"},\"image\":{\"@id\":\"https:\/\/colombia.agrolac.com\/zh-hans\/#\/schema\/logo\/image\/\"},\"sameAs\":[\"https:\/\/www.linkedin.com\/company\/vicorquimia\/\"]}]}<\/script>\n<!-- \/ Yoast SEO plugin. -->","yoast_head_json":{"title":"Fluibenzulac 25 WP - Agrolac","robots":{"index":"index","follow":"follow","max-snippet":"max-snippet:-1","max-image-preview":"max-image-preview:large","max-video-preview":"max-video-preview:-1"},"canonical":"https:\/\/colombia.agrolac.com\/zh-hans\/producto\/fluibenzulac-25-wp\/","og_locale":"zh_CN","og_type":"article","og_title":"Fluibenzulac 25 WP - Agrolac","og_description":"\u53ef\u6e7f\u6027\u7c89\u5242 (WP) \u6740\u83cc\u5242\uff0c\u7528\u4e8e\u6709\u6548\u9632\u6cbb\u519c\u4f5c\u7269\u771f\u83cc\u75c5\u5bb3\u3002","og_url":"https:\/\/colombia.agrolac.com\/zh-hans\/producto\/fluibenzulac-25-wp\/","og_site_name":"Agrolac","og_image":[{"width":1918,"height":1279,"url":"https:\/\/colombia.agrolac.com\/wp-content\/uploads\/2026\/01\/soja.webp","type":"image\/webp"}],"twitter_card":"summary_large_image","schema":{"@context":"https:\/\/schema.org","@graph":[{"@type":"WebPage","@id":"https:\/\/colombia.agrolac.com\/zh-hans\/producto\/fluibenzulac-25-wp\/","url":"https:\/\/colombia.agrolac.com\/zh-hans\/producto\/fluibenzulac-25-wp\/","name":"Fluibenzulac 25 WP - Agrolac","isPartOf":{"@id":"https:\/\/colombia.agrolac.com\/zh-hans\/#website"},"primaryImageOfPage":{"@id":"https:\/\/colombia.agrolac.com\/zh-hans\/producto\/fluibenzulac-25-wp\/#primaryimage"},"image":{"@id":"https:\/\/colombia.agrolac.com\/zh-hans\/producto\/fluibenzulac-25-wp\/#primaryimage"},"thumbnailUrl":"https:\/\/colombia.agrolac.com\/wp-content\/uploads\/2026\/01\/soja.webp","datePublished":"2026-01-10T23:00:33+00:00","breadcrumb":{"@id":"https:\/\/colombia.agrolac.com\/zh-hans\/producto\/fluibenzulac-25-wp\/#breadcrumb"},"inLanguage":"zh-Hans","potentialAction":[{"@type":"ReadAction","target":["https:\/\/colombia.agrolac.com\/zh-hans\/producto\/fluibenzulac-25-wp\/"]}]},{"@type":"ImageObject","inLanguage":"zh-Hans","@id":"https:\/\/colombia.agrolac.com\/zh-hans\/producto\/fluibenzulac-25-wp\/#primaryimage","url":"https:\/\/colombia.agrolac.com\/wp-content\/uploads\/2026\/01\/soja.webp","contentUrl":"https:\/\/colombia.agrolac.com\/wp-content\/uploads\/2026\/01\/soja.webp","width":1918,"height":1279},{"@type":"BreadcrumbList","@id":"https:\/\/colombia.agrolac.com\/zh-hans\/producto\/fluibenzulac-25-wp\/#breadcrumb","itemListElement":[{"@type":"ListItem","position":1,"name":"\u9996\u9875","item":"https:\/\/colombia.agrolac.com\/zh-hans\/home\/"},{"@type":"ListItem","position":2,"name":"\u4ea7\u54c1","item":"https:\/\/colombia.agrolac.com\/zh-hans\/products\/"},{"@type":"ListItem","position":3,"name":"Fluibenzulac 25 WP"}]},{"@type":"WebSite","@id":"https:\/\/colombia.agrolac.com\/zh-hans\/#website","url":"https:\/\/colombia.agrolac.com\/zh-hans\/","name":"VICORQUIMIA","description":"Agrolac \u00e9s una empresa de Barcelona, fundada el 1982, especialitzada en distribuci\u00f3 de productes agroqu\u00edmics per a l&#039;agricultura europea.","publisher":{"@id":"https:\/\/colombia.agrolac.com\/zh-hans\/#organization"},"potentialAction":[{"@type":"SearchAction","target":{"@type":"EntryPoint","urlTemplate":"https:\/\/colombia.agrolac.com\/zh-hans\/?s={search_term_string}"},"query-input":{"@type":"PropertyValueSpecification","valueRequired":true,"valueName":"search_term_string"}}],"inLanguage":"zh-Hans"},{"@type":"Organization","@id":"https:\/\/colombia.agrolac.com\/zh-hans\/#organization","name":"VICORQUIMIA","url":"https:\/\/colombia.agrolac.com\/zh-hans\/","logo":{"@type":"ImageObject","inLanguage":"zh-Hans","@id":"https:\/\/colombia.agrolac.com\/zh-hans\/#\/schema\/logo\/image\/","url":"https:\/\/colombia.agrolac.com\/wp-content\/uploads\/2025\/10\/agrolac-logo.svg","contentUrl":"https:\/\/colombia.agrolac.com\/wp-content\/uploads\/2025\/10\/agrolac-logo.svg","caption":"VICORQUIMIA"},"image":{"@id":"https:\/\/colombia.agrolac.com\/zh-hans\/#\/schema\/logo\/image\/"},"sameAs":["https:\/\/www.linkedin.com\/company\/vicorquimia\/"]}]}},"_links":{"self":[{"href":"https:\/\/colombia.agrolac.com\/zh-hans\/wp-json\/wp\/v2\/product\/8592","targetHints":{"allow":["GET"]}}],"collection":[{"href":"https:\/\/colombia.agrolac.com\/zh-hans\/wp-json\/wp\/v2\/product"}],"about":[{"href":"https:\/\/colombia.agrolac.com\/zh-hans\/wp-json\/wp\/v2\/types\/product"}],"replies":[{"embeddable":true,"href":"https:\/\/colombia.agrolac.com\/zh-hans\/wp-json\/wp\/v2\/comments?post=8592"}],"wp:featuredmedia":[{"embeddable":true,"href":"https:\/\/colombia.agrolac.com\/zh-hans\/wp-json\/wp\/v2\/media\/8525"}],"wp:attachment":[{"href":"https:\/\/colombia.agrolac.com\/zh-hans\/wp-json\/wp\/v2\/media?parent=8592"}],"wp:term":[{"taxonomy":"certificacion","embeddable":true,"href":"https:\/\/colombia.agrolac.com\/zh-hans\/wp-json\/wp\/v2\/certificacion?post=8592"},{"taxonomy":"cultivo","embeddable":true,"href":"https:\/\/colombia.agrolac.com\/zh-hans\/wp-json\/wp\/v2\/cultivo?post=8592"},{"taxonomy":"product_brand","embeddable":true,"href":"https:\/\/colombia.agrolac.com\/zh-hans\/wp-json\/wp\/v2\/product_brand?post=8592"},{"taxonomy":"product_cat","embeddable":true,"href":"https:\/\/colombia.agrolac.com\/zh-hans\/wp-json\/wp\/v2\/product_cat?post=8592"},{"taxonomy":"product_tag","embeddable":true,"href":"https:\/\/colombia.agrolac.com\/zh-hans\/wp-json\/wp\/v2\/product_tag?post=8592"}],"curies":[{"name":"wp","href":"https:\/\/api.w.org\/{rel}","templated":true}]}}